{"id":2868,"date":"2015-07-24T11:22:24","date_gmt":"2015-07-24T10:22:24","guid":{"rendered":"https:\/\/secc-oilandgas.com\/about-us\/"},"modified":"2025-05-14T11:17:57","modified_gmt":"2025-05-14T10:17:57","slug":"sobre-secc","status":"publish","type":"page","link":"https:\/\/secc-oilandgas.com\/es\/sobre-secc\/","title":{"rendered":"Sobre Secc"},"content":{"rendered":"<p><span style=\"font-weight: 400;\">Secc sirve a la industria energ\u00e9tica global con soluciones inteligentes para desaf\u00edos de conexi\u00f3n en entornos submarinos, mar\u00edtimos e hidr\u00e1ulicos, centr\u00e1ndose en la seguridad, fiabilidad y rendimiento. Nuestro talentoso equipo de ingenieros y especialistas comerciales est\u00e1 dedicado a ofrecer tecnolog\u00edas de acoplamiento y conexi\u00f3n enfocadas en el cliente para una amplia gama de aplicaciones a la vez que realiza avances significativos en este importante campo.<\/span><\/p>\n<p><span style=\"font-weight: 400;\">Como organizaci\u00f3n, nos apasiona mantener nuestra posici\u00f3n a la vanguardia del mercado de conectores y de acoplamientos submarinos y de superficie, entregando las soluciones m\u00e1s eficientes e innovadoras disponibles. Para lograr esto, realizamos considerables inversiones en el desarrollo de nuevas tecnolog\u00edas y trabajamos proactivamente para identificar continuamente los desaf\u00edos dentro del mercado que nuestras tecnolog\u00edas pueden abordar.<\/span><\/p>\n<p><span style=\"font-weight: 400;\"> Empoderamos a nuestros equipos de ingenier\u00eda para ser inventivos, libres de pensamiento e innovadores en su trabajo, dentro de una cultura de propiedad y responsabilidad que creemos es central para generar los mejores resultados para nuestros clientes.<\/span><\/p>\n<h2>Liderando a trav\u00e9s de la innovaci\u00f3n<\/h2>\n<p><span style=\"font-weight: 400;\">Secc es una empresa de ingenier\u00eda avanzada basada en su propiedad intelectual, con una de cartera de tecnolog\u00edas de conexi\u00f3n patentadas que ofrecen puntos de conexi\u00f3n seguros, confiables y eficientes para la transferencia de fluidos y gases. En asociaci\u00f3n con nuestros clientes, nuestros revolucionarios acoplamientos est\u00e1n siendo implementados como tecnolog\u00edas habilitadoras en una amplia variedad de proyectos, desde exploraci\u00f3n y perforaci\u00f3n petrolera hasta transferencia en superficie y control hidr\u00e1ulico.<\/span><\/p>\n<h2>Tecnolog\u00eda revolucionaria<\/h2>\n<p><span style=\"font-weight: 400;\">Los acoplamientos de Secc combinan importantes caracter\u00edsticas de seguridad con beneficios comerciales que est\u00e1n transformando fundamentalmente la forma en que nuestros clientes llevan a cabo programas de transferencia de fluidos y gases. Estos incluyen nuestros sistemas de desconexi\u00f3n de emergencia de paso completo, de presi\u00f3n balanceada y de conexi\u00f3n y desconexi\u00f3n seca, que no solo eliminan la p\u00e9rdida de fluidos y protegen equipos y al personal en caso de una emergencia, sino que tambi\u00e9n permiten una transferencia de fluidos de alto caudal y presi\u00f3n.<\/span><\/p>\n<p><span style=\"font-weight: 400;\">Las tecnolog\u00edas de Secc son las \u00fanicas con la\u00a0 capacidad de \u201cplug-and-play\u201d y son f\u00e1cilmente operadas por personal, vehiculos de operaci\u00f3n remotoa (ROV) y equipos de trabajo no especializados y sin necesidad de maquinaria dedicada. Como resultado, los acoplamientos Secc pueden desplegarse desde una variedad de embarcaciones, incluidas las embarcaciones de oportunidad, lo que lleva a ahorros significativos en costes de la intervenci\u00f3n y su r\u00e1pida mavilizaci\u00f3n.<\/span><\/p>\n<h2>Ingenier\u00eda de clase mundial<\/h2>\n<p><span style=\"font-weight: 400;\">Secc dispone de ingenier\u00eda propia y est\u00e1 comprometida a garantizar que sus tecnolog\u00edas superen cualquier otra en el mercado. Nuestro talentoso equipo de ingenieros de dise\u00f1o y producto opera un programa continuo de Investigaci\u00f3n y Desarrollo desde nuestra sede en Cheshire, Reino Unido. Aqu\u00ed contamos con una instalaci\u00f3n dise\u00f1ada espec\u00edficamente de producci\u00f3n e I+D, donde nuestros conectores pasan por un extenso programa de pruebas de presi\u00f3n (gas e hidrost\u00e1tica), pruebas de activaci\u00f3n din\u00e1mica, pruebas de temperatura (altas y bajas) y pruebas hiperb\u00e1ricas.<\/span><\/p>\n<h2>Soluciones centradas en el cliente<\/h2>\n<p><span style=\"font-weight: 400;\">El trabajo de Secc se centra en las necesidades de nuestros clientes, que incluyen a muchos de los operadores m\u00e1s exitosos de la industria energ\u00e9tica y empresas de servicios de primer nivel. Secc adopta un enfoque extremadamente proactivo para resolver sus desaf\u00edos de conexi\u00f3n, identificando debilidades en los m\u00e9todos convencionales y dise\u00f1ando soluciones \u00f3ptimas para superarlas en t\u00e9rminos de seguridad y rendimiento.<\/span><\/p>\n<p><span style=\"font-weight: 400;\">Secc est\u00e1 comprometida con un enfoque colaborativo cercano en sus relaciones con los clientes para garantizar el \u00e9xito de cada instalaci\u00f3n, incluyendo soporte experto de dise\u00f1o y t\u00e9cnico a lo largo de todo el proceso.<\/span><\/p>\n","protected":false},"excerpt":{"rendered":"<p>Secc sirve a la industria energ\u00e9tica global con soluciones inteligentes para desaf\u00edos de conexi\u00f3n en entornos submarinos, mar\u00edtimos e hidr\u00e1ulicos, centr\u00e1ndose en la seguridad, fiabilidad <\/p>\n<a href=\"https:\/\/secc-oilandgas.com\/es\/sobre-secc\/\" class=\"readmore\">Read More<\/a>","protected":false},"author":1,"featured_media":2094,"parent":0,"menu_order":4,"comment_status":"closed","ping_status":"closed","template":"","meta":{"_acf_changed":false,"inline_featured_image":false,"_uag_custom_page_level_css":"","footnotes":""},"class_list":["post-2868","page","type-page","status-publish","has-post-thumbnail","hentry"],"acf":[],"yoast_head":"<!-- This site is optimized with the Yoast SEO plugin v26.0 - https:\/\/yoast.com\/wordpress\/plugins\/seo\/ -->\n<title>Sobre Secc &#8226; Secc Oil &amp; Gas Ltd<\/title>\n<meta name=\"description\" content=\"Secc sirve a la industria energ\u00e9tica global con soluciones inteligentes para desaf\u00edos de conexi\u00f3n en entornos submarinos, mar\u00edtimos e hidr\u00e1ulicos, centr\u00e1ndose en la seguridad, fiabilidad y rendimiento. Nuestro talentoso equipo de ingenieros y especialistas comerciales est\u00e1 dedicado a ofrecer tecnolog\u00edas de acoplamiento y conexi\u00f3n enfocadas en el cliente para una amplia gama de aplicaciones a la vez que realiza avances significativos en este importante campo.\" \/>\n<meta name=\"robots\" content=\"index, follow, max-snippet:-1, max-image-preview:large, max-video-preview:-1\" \/>\n<link rel=\"canonical\" href=\"https:\/\/secc-oilandgas.com\/es\/sobre-secc\/\" \/>\n<meta property=\"og:locale\" content=\"es_ES\" \/>\n<meta property=\"og:type\" content=\"article\" \/>\n<meta property=\"og:title\" content=\"Sobre Secc &#8226; Secc Oil &amp; Gas Ltd\" \/>\n<meta property=\"og:description\" content=\"Secc sirve a la industria energ\u00e9tica global con soluciones inteligentes para desaf\u00edos de conexi\u00f3n en entornos submarinos, mar\u00edtimos e hidr\u00e1ulicos, centr\u00e1ndose en la seguridad, fiabilidad y rendimiento. Nuestro talentoso equipo de ingenieros y especialistas comerciales est\u00e1 dedicado a ofrecer tecnolog\u00edas de acoplamiento y conexi\u00f3n enfocadas en el cliente para una amplia gama de aplicaciones a la vez que realiza avances significativos en este importante campo.\" \/>\n<meta property=\"og:url\" content=\"https:\/\/secc-oilandgas.com\/es\/sobre-secc\/\" \/>\n<meta property=\"og:site_name\" content=\"Secc Oil &amp; Gas Ltd\" \/>\n<meta property=\"article:publisher\" content=\"http:\/\/www.facebook.com\/seccoilgas\/\" \/>\n<meta property=\"article:modified_time\" content=\"2025-05-14T10:17:57+00:00\" \/>\n<meta property=\"og:image\" content=\"https:\/\/secc-oilandgas.com\/wp-content\/uploads\/2015\/07\/Factory-2.jpg\" \/>\n\t<meta property=\"og:image:width\" content=\"2000\" \/>\n\t<meta property=\"og:image:height\" content=\"527\" \/>\n\t<meta property=\"og:image:type\" content=\"image\/jpeg\" \/>\n<meta name=\"twitter:card\" content=\"summary_large_image\" \/>\n<meta name=\"twitter:site\" content=\"@seccoilandgas\" \/>\n<meta name=\"twitter:label1\" content=\"Est. reading time\" \/>\n\t<meta name=\"twitter:data1\" content=\"3 minutes\" \/>\n<script type=\"application\/ld+json\" class=\"yoast-schema-graph\">{\"@context\":\"https:\/\/schema.org\",\"@graph\":[{\"@type\":\"WebPage\",\"@id\":\"https:\/\/secc-oilandgas.com\/es\/sobre-secc\/\",\"url\":\"https:\/\/secc-oilandgas.com\/es\/sobre-secc\/\",\"name\":\"Sobre Secc &#8226; Secc Oil &amp; Gas Ltd\",\"isPartOf\":{\"@id\":\"https:\/\/secc-oilandgas.com\/es\/#website\"},\"primaryImageOfPage\":{\"@id\":\"https:\/\/secc-oilandgas.com\/es\/sobre-secc\/#primaryimage\"},\"image\":{\"@id\":\"https:\/\/secc-oilandgas.com\/es\/sobre-secc\/#primaryimage\"},\"thumbnailUrl\":\"https:\/\/secc-oilandgas.com\/wp-content\/uploads\/2015\/07\/Factory-2.jpg\",\"datePublished\":\"2015-07-24T10:22:24+00:00\",\"dateModified\":\"2025-05-14T10:17:57+00:00\",\"description\":\"Secc sirve a la industria energ\u00e9tica global con soluciones inteligentes para desaf\u00edos de conexi\u00f3n en entornos submarinos, mar\u00edtimos e hidr\u00e1ulicos, centr\u00e1ndose en la seguridad, fiabilidad y rendimiento. Nuestro talentoso equipo de ingenieros y especialistas comerciales est\u00e1 dedicado a ofrecer tecnolog\u00edas de acoplamiento y conexi\u00f3n enfocadas en el cliente para una amplia gama de aplicaciones a la vez que realiza avances significativos en este importante campo.\",\"breadcrumb\":{\"@id\":\"https:\/\/secc-oilandgas.com\/es\/sobre-secc\/#breadcrumb\"},\"inLanguage\":\"es\",\"potentialAction\":[{\"@type\":\"ReadAction\",\"target\":[\"https:\/\/secc-oilandgas.com\/es\/sobre-secc\/\"]}]},{\"@type\":\"ImageObject\",\"inLanguage\":\"es\",\"@id\":\"https:\/\/secc-oilandgas.com\/es\/sobre-secc\/#primaryimage\",\"url\":\"https:\/\/secc-oilandgas.com\/wp-content\/uploads\/2015\/07\/Factory-2.jpg\",\"contentUrl\":\"https:\/\/secc-oilandgas.com\/wp-content\/uploads\/2015\/07\/Factory-2.jpg\",\"width\":2000,\"height\":527},{\"@type\":\"BreadcrumbList\",\"@id\":\"https:\/\/secc-oilandgas.com\/es\/sobre-secc\/#breadcrumb\",\"itemListElement\":[{\"@type\":\"ListItem\",\"position\":1,\"name\":\"Home\",\"item\":\"https:\/\/secc-oilandgas.com\/es\/\"},{\"@type\":\"ListItem\",\"position\":2,\"name\":\"Sobre Secc\"}]},{\"@type\":\"WebSite\",\"@id\":\"https:\/\/secc-oilandgas.com\/es\/#website\",\"url\":\"https:\/\/secc-oilandgas.com\/es\/\",\"name\":\"Secc Oil &amp; Gas Ltd\",\"description\":\"\",\"publisher\":{\"@id\":\"https:\/\/secc-oilandgas.com\/es\/#organization\"},\"potentialAction\":[{\"@type\":\"SearchAction\",\"target\":{\"@type\":\"EntryPoint\",\"urlTemplate\":\"https:\/\/secc-oilandgas.com\/es\/?s={search_term_string}\"},\"query-input\":{\"@type\":\"PropertyValueSpecification\",\"valueRequired\":true,\"valueName\":\"search_term_string\"}}],\"inLanguage\":\"es\"},{\"@type\":\"Organization\",\"@id\":\"https:\/\/secc-oilandgas.com\/es\/#organization\",\"name\":\"Secc Oil & Gas Ltd\",\"url\":\"https:\/\/secc-oilandgas.com\/es\/\",\"logo\":{\"@type\":\"ImageObject\",\"inLanguage\":\"es\",\"@id\":\"https:\/\/secc-oilandgas.com\/es\/#\/schema\/logo\/image\/\",\"url\":\"https:\/\/secc-oilandgas.com\/wp-content\/uploads\/2018\/03\/SECC_logo_CMYK-grey-2018-JPEG-BORDER.jpg\",\"contentUrl\":\"https:\/\/secc-oilandgas.com\/wp-content\/uploads\/2018\/03\/SECC_logo_CMYK-grey-2018-JPEG-BORDER.jpg\",\"width\":1735,\"height\":1108,\"caption\":\"Secc Oil & Gas Ltd\"},\"image\":{\"@id\":\"https:\/\/secc-oilandgas.com\/es\/#\/schema\/logo\/image\/\"},\"sameAs\":[\"http:\/\/www.facebook.com\/seccoilgas\/\",\"https:\/\/x.com\/seccoilandgas\",\"https:\/\/www.linkedin.com\/company\/secc-oilandgas\/\"]}]}<\/script>\n<!-- \/ Yoast SEO plugin. -->","yoast_head_json":{"title":"Sobre Secc &#8226; Secc Oil &amp; Gas Ltd","description":"Secc sirve a la industria energ\u00e9tica global con soluciones inteligentes para desaf\u00edos de conexi\u00f3n en entornos submarinos, mar\u00edtimos e hidr\u00e1ulicos, centr\u00e1ndose en la seguridad, fiabilidad y rendimiento. Nuestro talentoso equipo de ingenieros y especialistas comerciales est\u00e1 dedicado a ofrecer tecnolog\u00edas de acoplamiento y conexi\u00f3n enfocadas en el cliente para una amplia gama de aplicaciones a la vez que realiza avances significativos en este importante campo.","robots":{"index":"index","follow":"follow","max-snippet":"max-snippet:-1","max-image-preview":"max-image-preview:large","max-video-preview":"max-video-preview:-1"},"canonical":"https:\/\/secc-oilandgas.com\/es\/sobre-secc\/","og_locale":"es_ES","og_type":"article","og_title":"Sobre Secc &#8226; Secc Oil &amp; Gas Ltd","og_description":"Secc sirve a la industria energ\u00e9tica global con soluciones inteligentes para desaf\u00edos de conexi\u00f3n en entornos submarinos, mar\u00edtimos e hidr\u00e1ulicos, centr\u00e1ndose en la seguridad, fiabilidad y rendimiento. Nuestro talentoso equipo de ingenieros y especialistas comerciales est\u00e1 dedicado a ofrecer tecnolog\u00edas de acoplamiento y conexi\u00f3n enfocadas en el cliente para una amplia gama de aplicaciones a la vez que realiza avances significativos en este importante campo.","og_url":"https:\/\/secc-oilandgas.com\/es\/sobre-secc\/","og_site_name":"Secc Oil &amp; Gas Ltd","article_publisher":"http:\/\/www.facebook.com\/seccoilgas\/","article_modified_time":"2025-05-14T10:17:57+00:00","og_image":[{"width":2000,"height":527,"url":"https:\/\/secc-oilandgas.com\/wp-content\/uploads\/2015\/07\/Factory-2.jpg","type":"image\/jpeg"}],"twitter_card":"summary_large_image","twitter_site":"@seccoilandgas","twitter_misc":{"Est. reading time":"3 minutes"},"schema":{"@context":"https:\/\/schema.org","@graph":[{"@type":"WebPage","@id":"https:\/\/secc-oilandgas.com\/es\/sobre-secc\/","url":"https:\/\/secc-oilandgas.com\/es\/sobre-secc\/","name":"Sobre Secc &#8226; Secc Oil &amp; Gas Ltd","isPartOf":{"@id":"https:\/\/secc-oilandgas.com\/es\/#website"},"primaryImageOfPage":{"@id":"https:\/\/secc-oilandgas.com\/es\/sobre-secc\/#primaryimage"},"image":{"@id":"https:\/\/secc-oilandgas.com\/es\/sobre-secc\/#primaryimage"},"thumbnailUrl":"https:\/\/secc-oilandgas.com\/wp-content\/uploads\/2015\/07\/Factory-2.jpg","datePublished":"2015-07-24T10:22:24+00:00","dateModified":"2025-05-14T10:17:57+00:00","description":"Secc sirve a la industria energ\u00e9tica global con soluciones inteligentes para desaf\u00edos de conexi\u00f3n en entornos submarinos, mar\u00edtimos e hidr\u00e1ulicos, centr\u00e1ndose en la seguridad, fiabilidad y rendimiento. Nuestro talentoso equipo de ingenieros y especialistas comerciales est\u00e1 dedicado a ofrecer tecnolog\u00edas de acoplamiento y conexi\u00f3n enfocadas en el cliente para una amplia gama de aplicaciones a la vez que realiza avances significativos en este importante campo.","breadcrumb":{"@id":"https:\/\/secc-oilandgas.com\/es\/sobre-secc\/#breadcrumb"},"inLanguage":"es","potentialAction":[{"@type":"ReadAction","target":["https:\/\/secc-oilandgas.com\/es\/sobre-secc\/"]}]},{"@type":"ImageObject","inLanguage":"es","@id":"https:\/\/secc-oilandgas.com\/es\/sobre-secc\/#primaryimage","url":"https:\/\/secc-oilandgas.com\/wp-content\/uploads\/2015\/07\/Factory-2.jpg","contentUrl":"https:\/\/secc-oilandgas.com\/wp-content\/uploads\/2015\/07\/Factory-2.jpg","width":2000,"height":527},{"@type":"BreadcrumbList","@id":"https:\/\/secc-oilandgas.com\/es\/sobre-secc\/#breadcrumb","itemListElement":[{"@type":"ListItem","position":1,"name":"Home","item":"https:\/\/secc-oilandgas.com\/es\/"},{"@type":"ListItem","position":2,"name":"Sobre Secc"}]},{"@type":"WebSite","@id":"https:\/\/secc-oilandgas.com\/es\/#website","url":"https:\/\/secc-oilandgas.com\/es\/","name":"Secc Oil &amp; Gas Ltd","description":"","publisher":{"@id":"https:\/\/secc-oilandgas.com\/es\/#organization"},"potentialAction":[{"@type":"SearchAction","target":{"@type":"EntryPoint","urlTemplate":"https:\/\/secc-oilandgas.com\/es\/?s={search_term_string}"},"query-input":{"@type":"PropertyValueSpecification","valueRequired":true,"valueName":"search_term_string"}}],"inLanguage":"es"},{"@type":"Organization","@id":"https:\/\/secc-oilandgas.com\/es\/#organization","name":"Secc Oil & Gas Ltd","url":"https:\/\/secc-oilandgas.com\/es\/","logo":{"@type":"ImageObject","inLanguage":"es","@id":"https:\/\/secc-oilandgas.com\/es\/#\/schema\/logo\/image\/","url":"https:\/\/secc-oilandgas.com\/wp-content\/uploads\/2018\/03\/SECC_logo_CMYK-grey-2018-JPEG-BORDER.jpg","contentUrl":"https:\/\/secc-oilandgas.com\/wp-content\/uploads\/2018\/03\/SECC_logo_CMYK-grey-2018-JPEG-BORDER.jpg","width":1735,"height":1108,"caption":"Secc Oil & Gas Ltd"},"image":{"@id":"https:\/\/secc-oilandgas.com\/es\/#\/schema\/logo\/image\/"},"sameAs":["http:\/\/www.facebook.com\/seccoilgas\/","https:\/\/x.com\/seccoilandgas","https:\/\/www.linkedin.com\/company\/secc-oilandgas\/"]}]}},"uagb_featured_image_src":{"full":["https:\/\/secc-oilandgas.com\/wp-content\/uploads\/2015\/07\/Factory-2.jpg",2000,527,false],"thumbnail":["https:\/\/secc-oilandgas.com\/wp-content\/uploads\/2015\/07\/Factory-2-150x150.jpg",150,150,true],"medium":["https:\/\/secc-oilandgas.com\/wp-content\/uploads\/2015\/07\/Factory-2-300x79.jpg",300,79,true],"medium_large":["https:\/\/secc-oilandgas.com\/wp-content\/uploads\/2015\/07\/Factory-2.jpg",670,177,false],"large":["https:\/\/secc-oilandgas.com\/wp-content\/uploads\/2015\/07\/Factory-2-1024x270.jpg",670,177,true],"1536x1536":["https:\/\/secc-oilandgas.com\/wp-content\/uploads\/2015\/07\/Factory-2.jpg",1536,405,false],"2048x2048":["https:\/\/secc-oilandgas.com\/wp-content\/uploads\/2015\/07\/Factory-2.jpg",2000,527,false],"post-thumbnail":["https:\/\/secc-oilandgas.com\/wp-content\/uploads\/2015\/07\/Factory-2-1500x500.jpg",1500,500,true],"gallery-img":["https:\/\/secc-oilandgas.com\/wp-content\/uploads\/2015\/07\/Factory-2-450x300.jpg",450,300,true]},"uagb_author_info":{"display_name":"SECC","author_link":"https:\/\/secc-oilandgas.com\/es\/author\/teamvalleyweb\/"},"uagb_comment_info":0,"uagb_excerpt":"Secc sirve a la industria energ\u00e9tica global con soluciones inteligentes para desaf\u00edos de conexi\u00f3n en entornos submarinos, mar\u00edtimos e hidr\u00e1ulicos, centr\u00e1ndose en la seguridad, fiabilidad","_links":{"self":[{"href":"https:\/\/secc-oilandgas.com\/es\/wp-json\/wp\/v2\/pages\/2868","targetHints":{"allow":["GET"]}}],"collection":[{"href":"https:\/\/secc-oilandgas.com\/es\/wp-json\/wp\/v2\/pages"}],"about":[{"href":"https:\/\/secc-oilandgas.com\/es\/wp-json\/wp\/v2\/types\/page"}],"author":[{"embeddable":true,"href":"https:\/\/secc-oilandgas.com\/es\/wp-json\/wp\/v2\/users\/1"}],"replies":[{"embeddable":true,"href":"https:\/\/secc-oilandgas.com\/es\/wp-json\/wp\/v2\/comments?post=2868"}],"version-history":[{"count":3,"href":"https:\/\/secc-oilandgas.com\/es\/wp-json\/wp\/v2\/pages\/2868\/revisions"}],"predecessor-version":[{"id":3457,"href":"https:\/\/secc-oilandgas.com\/es\/wp-json\/wp\/v2\/pages\/2868\/revisions\/3457"}],"wp:featuredmedia":[{"embeddable":true,"href":"https:\/\/secc-oilandgas.com\/es\/wp-json\/wp\/v2\/media\/2094"}],"wp:attachment":[{"href":"https:\/\/secc-oilandgas.com\/es\/wp-json\/wp\/v2\/media?parent=2868"}],"curies":[{"name":"wp","href":"https:\/\/api.w.org\/{rel}","templated":true}]}}