{"id":2875,"date":"2015-07-24T11:36:28","date_gmt":"2015-07-24T10:36:28","guid":{"rendered":"https:\/\/secc-oilandgas.com\/estimulacion-acida-de-pozos\/"},"modified":"2025-04-28T12:41:23","modified_gmt":"2025-04-28T11:41:23","slug":"estimulacion-acida-de-pozos","status":"publish","type":"page","link":"https:\/\/secc-oilandgas.com\/es\/aplicaciones\/intervencion-en-pozos-submarinos\/estimulacion-acida-de-pozos\/","title":{"rendered":"Estimulaci\u00f3n \u00e1cida de pozos"},"content":{"rendered":"<p>Con el tiempo, el flujo en la zona cercana al pozo de un yacimiento puede verse restringido debido a la acumulaci\u00f3n de incrustaciones de carbonato, part\u00edculas finas y otros materiales. Estos materiales suelen ser solubles en soluciones \u00e1cidas. La estimulaci\u00f3n \u00e1cida de la zona cercana al pozo se ha convertido en la forma m\u00e1s rentable de eliminar estas obstrucciones y restablecer los caudales a niveles previos a la restricci\u00f3n. En muchos casos, incluso se observan tasas de producci\u00f3n superiores a las originales. Por ello, la estimulaci\u00f3n \u00e1cida forma parte de la estrategia de maximizaci\u00f3n de producci\u00f3n de los operadores, quienes buscan optimizar el rendimiento de cada pozo.<\/p>\n<p><span style=\"font-weight: 400;\">Las soluciones de acoplamientos de Secc han revolucionado las operaciones de estimulaci\u00f3n con \u00e1cido al introducir un enfoque innovador para la intervenci\u00f3n en pozos. Con capacidades de intervenci\u00f3n directa e inmediata, estos acoplamientos avanzados eliminan la dependencia de m\u00e9todos tradicionales como plataformas de intervenci\u00f3n, embarcaciones y tecnolog\u00edas basadas en tubos ascendentes o sin tubos ascendentes. El resultado es una reducci\u00f3n significativa en tiempo, costos y complejidad operativa, proporcionando a los operadores una alternativa eficiente y simplificada para mejorar el rendimiento de los pozos.<\/span><\/p>\n<p><span style=\"font-weight: 400;\">Una innovaci\u00f3n destacada es el acoplamiento <strong>Hot Make Hot Break<\/strong> de Secc, que ofrece una versatilidad excepcional en proyectos de estimulaci\u00f3n\u00a0 \u00e1cida. Puede funcionar como un punto de conexi\u00f3n para la intervenci\u00f3n submarina mediante un colector de intervenci\u00f3n independiente o integrandolo directamente en un colector m\u00faltiple de producci\u00f3n o \u00e1rbol de producci\u00f3n. Adem\u00e1s, este acoplamiento puede actuar como un sistema de desconexi\u00f3n r\u00e1pida de emergencia (EQD, por sus siglas en ingl\u00e9s), garantizando seguridad operativa y flexibilidad cuando se utiliza desde un buque de posicionamiento din\u00e1mico. Esta doble funcionalidad mejora la adaptabilidad y asegura la continuidad operativa incluso en escenarios desafiantes.<\/span><\/p>\n<p><span style=\"font-weight: 400;\">La flexibilidad de la tecnolog\u00eda de Secc permite a los operadores responder r\u00e1pidamente a disminuciones en la producci\u00f3n al llevar a cabo programas de estimulaci\u00f3n con \u00e1cido desde una embarcaci\u00f3n. Esta capacidad de intervenci\u00f3n inmediata, ya sea regular u ocasional, ayuda a minimizar los tiempos de inactividad en la producci\u00f3n, reduce significativamente los ingresos diferidos y genera ahorros considerables en la movilizaci\u00f3n y uso de embarcaciones. Estas ventajas permiten a los operadores mantener los objetivos de producci\u00f3n y mejorar la rentabilidad de sus operaciones.<\/span><\/p>\n<p><span style=\"font-weight: 400;\">Con m\u00e1s de dos d\u00e9cadas de experiencia apoyando campa\u00f1as de intervenci\u00f3n en pozos submarinos a nivel mundial, Secc se ha ganado una gran reputaci\u00f3n por ofrecer acoplamientos de conexi\u00f3n y desconexi\u00f3n r\u00e1pida (QCDCs) confiables y siempre listos para su uso. Dise\u00f1ados para resistir las condiciones m\u00e1s adversas en alta mar, estas soluciones garantizan un rendimiento inigualable y una integridad operativa en los entornos m\u00e1s exigentes, consolidando a Secc como un socio de confianza en la estimulaci\u00f3n \u00e1cida y las intervenciones en pozos submarinos.<\/span><\/p>\n","protected":false},"excerpt":{"rendered":"<p>Con el tiempo, el flujo en la zona cercana al pozo de un yacimiento puede verse restringido debido a la acumulaci\u00f3n de incrustaciones de carbonato, <\/p>\n<a href=\"https:\/\/secc-oilandgas.com\/es\/aplicaciones\/intervencion-en-pozos-submarinos\/estimulacion-acida-de-pozos\/\" class=\"readmore\">Read More<\/a>","protected":false},"author":1,"featured_media":2818,"parent":3047,"menu_order":1,"comment_status":"closed","ping_status":"closed","template":"","meta":{"_acf_changed":false,"inline_featured_image":false,"_uag_custom_page_level_css":"","footnotes":""},"class_list":["post-2875","page","type-page","status-publish","has-post-thumbnail","hentry"],"acf":[],"yoast_head":"<!-- This site is optimized with the Yoast SEO plugin v26.0 - https:\/\/yoast.com\/wordpress\/plugins\/seo\/ -->\n<title>Estimulaci\u00f3n \u00e1cida de pozos &#8226; Secc Oil &amp; Gas Ltd<\/title>\n<meta name=\"description\" content=\"Las soluciones de acoplamientos de Secc han revolucionado las operaciones de estimulaci\u00f3n con \u00e1cido al introducir un enfoque innovador para la intervenci\u00f3n en pozos. Con capacidades de intervenci\u00f3n directa e inmediata, estos acoplamientos avanzados eliminan la dependencia de m\u00e9todos tradicionales como plataformas de intervenci\u00f3n, embarcaciones y tecnolog\u00edas basadas en tubos ascendentes o sin tubos ascendentes. El resultado es una reducci\u00f3n significativa en tiempo, costos y complejidad operativa, proporcionando a los operadores una alternativa eficiente y simplificada para mejorar el rendimiento de los pozos.\" \/>\n<meta name=\"robots\" content=\"index, follow, max-snippet:-1, max-image-preview:large, max-video-preview:-1\" \/>\n<link rel=\"canonical\" href=\"https:\/\/secc-oilandgas.com\/es\/aplicaciones\/intervencion-en-pozos-submarinos\/estimulacion-acida-de-pozos\/\" \/>\n<meta property=\"og:locale\" content=\"es_ES\" \/>\n<meta property=\"og:type\" content=\"article\" \/>\n<meta property=\"og:title\" content=\"Estimulaci\u00f3n \u00e1cida de pozos &#8226; Secc Oil &amp; Gas Ltd\" \/>\n<meta property=\"og:description\" content=\"Las soluciones de acoplamientos de Secc han revolucionado las operaciones de estimulaci\u00f3n con \u00e1cido al introducir un enfoque innovador para la intervenci\u00f3n en pozos. Con capacidades de intervenci\u00f3n directa e inmediata, estos acoplamientos avanzados eliminan la dependencia de m\u00e9todos tradicionales como plataformas de intervenci\u00f3n, embarcaciones y tecnolog\u00edas basadas en tubos ascendentes o sin tubos ascendentes. El resultado es una reducci\u00f3n significativa en tiempo, costos y complejidad operativa, proporcionando a los operadores una alternativa eficiente y simplificada para mejorar el rendimiento de los pozos.\" \/>\n<meta property=\"og:url\" content=\"https:\/\/secc-oilandgas.com\/es\/aplicaciones\/intervencion-en-pozos-submarinos\/estimulacion-acida-de-pozos\/\" \/>\n<meta property=\"og:site_name\" content=\"Secc Oil &amp; Gas Ltd\" \/>\n<meta property=\"article:publisher\" content=\"http:\/\/www.facebook.com\/seccoilgas\/\" \/>\n<meta property=\"article:modified_time\" content=\"2025-04-28T11:41:23+00:00\" \/>\n<meta property=\"og:image\" content=\"https:\/\/secc-oilandgas.com\/wp-content\/uploads\/2024\/11\/SECC_Subsea-Intervention_REVISED.png\" \/>\n\t<meta property=\"og:image:width\" content=\"5771\" \/>\n\t<meta property=\"og:image:height\" content=\"1523\" \/>\n\t<meta property=\"og:image:type\" content=\"image\/png\" \/>\n<meta name=\"twitter:card\" content=\"summary_large_image\" \/>\n<meta name=\"twitter:site\" content=\"@seccoilandgas\" \/>\n<meta name=\"twitter:label1\" content=\"Est. reading time\" \/>\n\t<meta name=\"twitter:data1\" content=\"3 minutes\" \/>\n<script type=\"application\/ld+json\" class=\"yoast-schema-graph\">{\"@context\":\"https:\/\/schema.org\",\"@graph\":[{\"@type\":\"WebPage\",\"@id\":\"https:\/\/secc-oilandgas.com\/es\/aplicaciones\/intervencion-en-pozos-submarinos\/estimulacion-acida-de-pozos\/\",\"url\":\"https:\/\/secc-oilandgas.com\/es\/aplicaciones\/intervencion-en-pozos-submarinos\/estimulacion-acida-de-pozos\/\",\"name\":\"Estimulaci\u00f3n \u00e1cida de pozos &#8226; Secc Oil &amp; Gas Ltd\",\"isPartOf\":{\"@id\":\"https:\/\/secc-oilandgas.com\/es\/#website\"},\"primaryImageOfPage\":{\"@id\":\"https:\/\/secc-oilandgas.com\/es\/aplicaciones\/intervencion-en-pozos-submarinos\/estimulacion-acida-de-pozos\/#primaryimage\"},\"image\":{\"@id\":\"https:\/\/secc-oilandgas.com\/es\/aplicaciones\/intervencion-en-pozos-submarinos\/estimulacion-acida-de-pozos\/#primaryimage\"},\"thumbnailUrl\":\"https:\/\/secc-oilandgas.com\/wp-content\/uploads\/2024\/11\/SECC_Subsea-Intervention_REVISED.png\",\"datePublished\":\"2015-07-24T10:36:28+00:00\",\"dateModified\":\"2025-04-28T11:41:23+00:00\",\"description\":\"Las soluciones de acoplamientos de Secc han revolucionado las operaciones de estimulaci\u00f3n con \u00e1cido al introducir un enfoque innovador para la intervenci\u00f3n en pozos. Con capacidades de intervenci\u00f3n directa e inmediata, estos acoplamientos avanzados eliminan la dependencia de m\u00e9todos tradicionales como plataformas de intervenci\u00f3n, embarcaciones y tecnolog\u00edas basadas en tubos ascendentes o sin tubos ascendentes. El resultado es una reducci\u00f3n significativa en tiempo, costos y complejidad operativa, proporcionando a los operadores una alternativa eficiente y simplificada para mejorar el rendimiento de los pozos.\",\"breadcrumb\":{\"@id\":\"https:\/\/secc-oilandgas.com\/es\/aplicaciones\/intervencion-en-pozos-submarinos\/estimulacion-acida-de-pozos\/#breadcrumb\"},\"inLanguage\":\"es\",\"potentialAction\":[{\"@type\":\"ReadAction\",\"target\":[\"https:\/\/secc-oilandgas.com\/es\/aplicaciones\/intervencion-en-pozos-submarinos\/estimulacion-acida-de-pozos\/\"]}]},{\"@type\":\"ImageObject\",\"inLanguage\":\"es\",\"@id\":\"https:\/\/secc-oilandgas.com\/es\/aplicaciones\/intervencion-en-pozos-submarinos\/estimulacion-acida-de-pozos\/#primaryimage\",\"url\":\"https:\/\/secc-oilandgas.com\/wp-content\/uploads\/2024\/11\/SECC_Subsea-Intervention_REVISED.png\",\"contentUrl\":\"https:\/\/secc-oilandgas.com\/wp-content\/uploads\/2024\/11\/SECC_Subsea-Intervention_REVISED.png\",\"width\":5771,\"height\":1523},{\"@type\":\"BreadcrumbList\",\"@id\":\"https:\/\/secc-oilandgas.com\/es\/aplicaciones\/intervencion-en-pozos-submarinos\/estimulacion-acida-de-pozos\/#breadcrumb\",\"itemListElement\":[{\"@type\":\"ListItem\",\"position\":1,\"name\":\"Home\",\"item\":\"https:\/\/secc-oilandgas.com\/es\/\"},{\"@type\":\"ListItem\",\"position\":2,\"name\":\"Aplicaciones\",\"item\":\"https:\/\/secc-oilandgas.com\/es\/aplicaciones\/\"},{\"@type\":\"ListItem\",\"position\":3,\"name\":\"Intervenci\u00f3n en pozos submarinos\",\"item\":\"https:\/\/secc-oilandgas.com\/es\/aplicaciones\/intervencion-en-pozos-submarinos\/\"},{\"@type\":\"ListItem\",\"position\":4,\"name\":\"Estimulaci\u00f3n \u00e1cida de pozos\"}]},{\"@type\":\"WebSite\",\"@id\":\"https:\/\/secc-oilandgas.com\/es\/#website\",\"url\":\"https:\/\/secc-oilandgas.com\/es\/\",\"name\":\"Secc Oil &amp; Gas Ltd\",\"description\":\"\",\"publisher\":{\"@id\":\"https:\/\/secc-oilandgas.com\/es\/#organization\"},\"potentialAction\":[{\"@type\":\"SearchAction\",\"target\":{\"@type\":\"EntryPoint\",\"urlTemplate\":\"https:\/\/secc-oilandgas.com\/es\/?s={search_term_string}\"},\"query-input\":{\"@type\":\"PropertyValueSpecification\",\"valueRequired\":true,\"valueName\":\"search_term_string\"}}],\"inLanguage\":\"es\"},{\"@type\":\"Organization\",\"@id\":\"https:\/\/secc-oilandgas.com\/es\/#organization\",\"name\":\"Secc Oil & Gas Ltd\",\"url\":\"https:\/\/secc-oilandgas.com\/es\/\",\"logo\":{\"@type\":\"ImageObject\",\"inLanguage\":\"es\",\"@id\":\"https:\/\/secc-oilandgas.com\/es\/#\/schema\/logo\/image\/\",\"url\":\"https:\/\/secc-oilandgas.com\/wp-content\/uploads\/2018\/03\/SECC_logo_CMYK-grey-2018-JPEG-BORDER.jpg\",\"contentUrl\":\"https:\/\/secc-oilandgas.com\/wp-content\/uploads\/2018\/03\/SECC_logo_CMYK-grey-2018-JPEG-BORDER.jpg\",\"width\":1735,\"height\":1108,\"caption\":\"Secc Oil & Gas Ltd\"},\"image\":{\"@id\":\"https:\/\/secc-oilandgas.com\/es\/#\/schema\/logo\/image\/\"},\"sameAs\":[\"http:\/\/www.facebook.com\/seccoilgas\/\",\"https:\/\/x.com\/seccoilandgas\",\"https:\/\/www.linkedin.com\/company\/secc-oilandgas\/\"]}]}<\/script>\n<!-- \/ Yoast SEO plugin. -->","yoast_head_json":{"title":"Estimulaci\u00f3n \u00e1cida de pozos &#8226; Secc Oil &amp; Gas Ltd","description":"Las soluciones de acoplamientos de Secc han revolucionado las operaciones de estimulaci\u00f3n con \u00e1cido al introducir un enfoque innovador para la intervenci\u00f3n en pozos. Con capacidades de intervenci\u00f3n directa e inmediata, estos acoplamientos avanzados eliminan la dependencia de m\u00e9todos tradicionales como plataformas de intervenci\u00f3n, embarcaciones y tecnolog\u00edas basadas en tubos ascendentes o sin tubos ascendentes. El resultado es una reducci\u00f3n significativa en tiempo, costos y complejidad operativa, proporcionando a los operadores una alternativa eficiente y simplificada para mejorar el rendimiento de los pozos.","robots":{"index":"index","follow":"follow","max-snippet":"max-snippet:-1","max-image-preview":"max-image-preview:large","max-video-preview":"max-video-preview:-1"},"canonical":"https:\/\/secc-oilandgas.com\/es\/aplicaciones\/intervencion-en-pozos-submarinos\/estimulacion-acida-de-pozos\/","og_locale":"es_ES","og_type":"article","og_title":"Estimulaci\u00f3n \u00e1cida de pozos &#8226; Secc Oil &amp; Gas Ltd","og_description":"Las soluciones de acoplamientos de Secc han revolucionado las operaciones de estimulaci\u00f3n con \u00e1cido al introducir un enfoque innovador para la intervenci\u00f3n en pozos. Con capacidades de intervenci\u00f3n directa e inmediata, estos acoplamientos avanzados eliminan la dependencia de m\u00e9todos tradicionales como plataformas de intervenci\u00f3n, embarcaciones y tecnolog\u00edas basadas en tubos ascendentes o sin tubos ascendentes. El resultado es una reducci\u00f3n significativa en tiempo, costos y complejidad operativa, proporcionando a los operadores una alternativa eficiente y simplificada para mejorar el rendimiento de los pozos.","og_url":"https:\/\/secc-oilandgas.com\/es\/aplicaciones\/intervencion-en-pozos-submarinos\/estimulacion-acida-de-pozos\/","og_site_name":"Secc Oil &amp; Gas Ltd","article_publisher":"http:\/\/www.facebook.com\/seccoilgas\/","article_modified_time":"2025-04-28T11:41:23+00:00","og_image":[{"width":5771,"height":1523,"url":"https:\/\/secc-oilandgas.com\/wp-content\/uploads\/2024\/11\/SECC_Subsea-Intervention_REVISED.png","type":"image\/png"}],"twitter_card":"summary_large_image","twitter_site":"@seccoilandgas","twitter_misc":{"Est. reading time":"3 minutes"},"schema":{"@context":"https:\/\/schema.org","@graph":[{"@type":"WebPage","@id":"https:\/\/secc-oilandgas.com\/es\/aplicaciones\/intervencion-en-pozos-submarinos\/estimulacion-acida-de-pozos\/","url":"https:\/\/secc-oilandgas.com\/es\/aplicaciones\/intervencion-en-pozos-submarinos\/estimulacion-acida-de-pozos\/","name":"Estimulaci\u00f3n \u00e1cida de pozos &#8226; Secc Oil &amp; Gas Ltd","isPartOf":{"@id":"https:\/\/secc-oilandgas.com\/es\/#website"},"primaryImageOfPage":{"@id":"https:\/\/secc-oilandgas.com\/es\/aplicaciones\/intervencion-en-pozos-submarinos\/estimulacion-acida-de-pozos\/#primaryimage"},"image":{"@id":"https:\/\/secc-oilandgas.com\/es\/aplicaciones\/intervencion-en-pozos-submarinos\/estimulacion-acida-de-pozos\/#primaryimage"},"thumbnailUrl":"https:\/\/secc-oilandgas.com\/wp-content\/uploads\/2024\/11\/SECC_Subsea-Intervention_REVISED.png","datePublished":"2015-07-24T10:36:28+00:00","dateModified":"2025-04-28T11:41:23+00:00","description":"Las soluciones de acoplamientos de Secc han revolucionado las operaciones de estimulaci\u00f3n con \u00e1cido al introducir un enfoque innovador para la intervenci\u00f3n en pozos. Con capacidades de intervenci\u00f3n directa e inmediata, estos acoplamientos avanzados eliminan la dependencia de m\u00e9todos tradicionales como plataformas de intervenci\u00f3n, embarcaciones y tecnolog\u00edas basadas en tubos ascendentes o sin tubos ascendentes. El resultado es una reducci\u00f3n significativa en tiempo, costos y complejidad operativa, proporcionando a los operadores una alternativa eficiente y simplificada para mejorar el rendimiento de los pozos.","breadcrumb":{"@id":"https:\/\/secc-oilandgas.com\/es\/aplicaciones\/intervencion-en-pozos-submarinos\/estimulacion-acida-de-pozos\/#breadcrumb"},"inLanguage":"es","potentialAction":[{"@type":"ReadAction","target":["https:\/\/secc-oilandgas.com\/es\/aplicaciones\/intervencion-en-pozos-submarinos\/estimulacion-acida-de-pozos\/"]}]},{"@type":"ImageObject","inLanguage":"es","@id":"https:\/\/secc-oilandgas.com\/es\/aplicaciones\/intervencion-en-pozos-submarinos\/estimulacion-acida-de-pozos\/#primaryimage","url":"https:\/\/secc-oilandgas.com\/wp-content\/uploads\/2024\/11\/SECC_Subsea-Intervention_REVISED.png","contentUrl":"https:\/\/secc-oilandgas.com\/wp-content\/uploads\/2024\/11\/SECC_Subsea-Intervention_REVISED.png","width":5771,"height":1523},{"@type":"BreadcrumbList","@id":"https:\/\/secc-oilandgas.com\/es\/aplicaciones\/intervencion-en-pozos-submarinos\/estimulacion-acida-de-pozos\/#breadcrumb","itemListElement":[{"@type":"ListItem","position":1,"name":"Home","item":"https:\/\/secc-oilandgas.com\/es\/"},{"@type":"ListItem","position":2,"name":"Aplicaciones","item":"https:\/\/secc-oilandgas.com\/es\/aplicaciones\/"},{"@type":"ListItem","position":3,"name":"Intervenci\u00f3n en pozos submarinos","item":"https:\/\/secc-oilandgas.com\/es\/aplicaciones\/intervencion-en-pozos-submarinos\/"},{"@type":"ListItem","position":4,"name":"Estimulaci\u00f3n \u00e1cida de pozos"}]},{"@type":"WebSite","@id":"https:\/\/secc-oilandgas.com\/es\/#website","url":"https:\/\/secc-oilandgas.com\/es\/","name":"Secc Oil &amp; Gas Ltd","description":"","publisher":{"@id":"https:\/\/secc-oilandgas.com\/es\/#organization"},"potentialAction":[{"@type":"SearchAction","target":{"@type":"EntryPoint","urlTemplate":"https:\/\/secc-oilandgas.com\/es\/?s={search_term_string}"},"query-input":{"@type":"PropertyValueSpecification","valueRequired":true,"valueName":"search_term_string"}}],"inLanguage":"es"},{"@type":"Organization","@id":"https:\/\/secc-oilandgas.com\/es\/#organization","name":"Secc Oil & Gas Ltd","url":"https:\/\/secc-oilandgas.com\/es\/","logo":{"@type":"ImageObject","inLanguage":"es","@id":"https:\/\/secc-oilandgas.com\/es\/#\/schema\/logo\/image\/","url":"https:\/\/secc-oilandgas.com\/wp-content\/uploads\/2018\/03\/SECC_logo_CMYK-grey-2018-JPEG-BORDER.jpg","contentUrl":"https:\/\/secc-oilandgas.com\/wp-content\/uploads\/2018\/03\/SECC_logo_CMYK-grey-2018-JPEG-BORDER.jpg","width":1735,"height":1108,"caption":"Secc Oil & Gas Ltd"},"image":{"@id":"https:\/\/secc-oilandgas.com\/es\/#\/schema\/logo\/image\/"},"sameAs":["http:\/\/www.facebook.com\/seccoilgas\/","https:\/\/x.com\/seccoilandgas","https:\/\/www.linkedin.com\/company\/secc-oilandgas\/"]}]}},"uagb_featured_image_src":{"full":["https:\/\/secc-oilandgas.com\/wp-content\/uploads\/2024\/11\/SECC_Subsea-Intervention_REVISED.png",5771,1523,false],"thumbnail":["https:\/\/secc-oilandgas.com\/wp-content\/uploads\/2024\/11\/SECC_Subsea-Intervention_REVISED-150x150.png",150,150,true],"medium":["https:\/\/secc-oilandgas.com\/wp-content\/uploads\/2024\/11\/SECC_Subsea-Intervention_REVISED-300x79.png",300,79,true],"medium_large":["https:\/\/secc-oilandgas.com\/wp-content\/uploads\/2024\/11\/SECC_Subsea-Intervention_REVISED-768x203.png",670,177,true],"large":["https:\/\/secc-oilandgas.com\/wp-content\/uploads\/2024\/11\/SECC_Subsea-Intervention_REVISED-1024x270.png",670,177,true],"1536x1536":["https:\/\/secc-oilandgas.com\/wp-content\/uploads\/2024\/11\/SECC_Subsea-Intervention_REVISED-1536x405.png",1536,405,true],"2048x2048":["https:\/\/secc-oilandgas.com\/wp-content\/uploads\/2024\/11\/SECC_Subsea-Intervention_REVISED-2048x540.png",2048,540,true],"post-thumbnail":["https:\/\/secc-oilandgas.com\/wp-content\/uploads\/2024\/11\/SECC_Subsea-Intervention_REVISED-1500x500.png",1500,500,true],"gallery-img":["https:\/\/secc-oilandgas.com\/wp-content\/uploads\/2024\/11\/SECC_Subsea-Intervention_REVISED-450x300.png",450,300,true]},"uagb_author_info":{"display_name":"SECC","author_link":"https:\/\/secc-oilandgas.com\/es\/author\/teamvalleyweb\/"},"uagb_comment_info":0,"uagb_excerpt":"Con el tiempo, el flujo en la zona cercana al pozo de un yacimiento puede verse restringido debido a la acumulaci\u00f3n de incrustaciones de carbonato,","_links":{"self":[{"href":"https:\/\/secc-oilandgas.com\/es\/wp-json\/wp\/v2\/pages\/2875","targetHints":{"allow":["GET"]}}],"collection":[{"href":"https:\/\/secc-oilandgas.com\/es\/wp-json\/wp\/v2\/pages"}],"about":[{"href":"https:\/\/secc-oilandgas.com\/es\/wp-json\/wp\/v2\/types\/page"}],"author":[{"embeddable":true,"href":"https:\/\/secc-oilandgas.com\/es\/wp-json\/wp\/v2\/users\/1"}],"replies":[{"embeddable":true,"href":"https:\/\/secc-oilandgas.com\/es\/wp-json\/wp\/v2\/comments?post=2875"}],"version-history":[{"count":3,"href":"https:\/\/secc-oilandgas.com\/es\/wp-json\/wp\/v2\/pages\/2875\/revisions"}],"predecessor-version":[{"id":3437,"href":"https:\/\/secc-oilandgas.com\/es\/wp-json\/wp\/v2\/pages\/2875\/revisions\/3437"}],"up":[{"embeddable":true,"href":"https:\/\/secc-oilandgas.com\/es\/wp-json\/wp\/v2\/pages\/3047"}],"wp:featuredmedia":[{"embeddable":true,"href":"https:\/\/secc-oilandgas.com\/es\/wp-json\/wp\/v2\/media\/2818"}],"wp:attachment":[{"href":"https:\/\/secc-oilandgas.com\/es\/wp-json\/wp\/v2\/media?parent=2875"}],"curies":[{"name":"wp","href":"https:\/\/api.w.org\/{rel}","templated":true}]}}