{"id":2876,"date":"2015-07-24T11:36:51","date_gmt":"2015-07-24T10:36:51","guid":{"rendered":"https:\/\/secc-oilandgas.com\/recuperacion-mejorada-de-petroleo-eor\/"},"modified":"2025-10-02T17:13:40","modified_gmt":"2025-10-02T16:13:40","slug":"recuperacion-mejorada-de-petroleo-eor","status":"publish","type":"page","link":"https:\/\/secc-oilandgas.com\/es\/aplicaciones\/intervencion-en-pozos-submarinos\/recuperacion-mejorada-de-petroleo-eor\/","title":{"rendered":"Recuperaci\u00f3n secundaria y mejorada de petr\u00f3leo (EOR)"},"content":{"rendered":"<p class=\"\" data-start=\"72\" data-end=\"324\">La producci\u00f3n de crudo generalmente incluye tres fases distintas: recuperaci\u00f3n primaria, secundaria y terciaria (o mejorada). Durante la recuperaci\u00f3n primaria, la presi\u00f3n natural del yacimiento o la fuerza de gravedad impulsa el petr\u00f3leo hacia el pozo.<\/p>\n<p class=\"\" data-start=\"326\" data-end=\"713\">En esta fase, normalmente solo se recupera alrededor del 10\u202f% del petr\u00f3leo original presente en el yacimiento. Las t\u00e9cnicas de recuperaci\u00f3n secundaria prolongan la vida productiva del campo, generalmente mediante la inyecci\u00f3n de agua o gas para desplazar el petr\u00f3leo y llevarlo hacia el pozo de producci\u00f3n, lo que permite recuperar entre el 20\u202f% y el 40\u202f% del petr\u00f3leo original en sitio.<\/p>\n<p class=\"\" data-start=\"77\" data-end=\"368\">Maximizar la producci\u00f3n de los activos existentes es m\u00e1s crucial que nunca en el competitivo panorama energ\u00e9tico actual. Las t\u00e9cnicas de recuperaci\u00f3n secundaria y recuperaci\u00f3n mejorada de petr\u00f3leo (EOR, por sus siglas en ingl\u00e9s) ofrecen importantes oportunidades para aumentar la producci\u00f3n.<\/p>\n<p class=\"\" data-start=\"370\" data-end=\"706\">Existen cuatro t\u00e9cnicas principales de recuperaci\u00f3n mejorada (EOR): inyecci\u00f3n de di\u00f3xido de carbono (CO\u2082), inyecci\u00f3n de otros gases, m\u00e9todos t\u00e9rmicos y m\u00e9todos qu\u00edmicos. La inyecci\u00f3n de di\u00f3xido de carbono, conocida como CO\u2082-EOR, es el m\u00e9todo m\u00e1s com\u00fan. En este proceso, se inyecta CO\u2082 en un yacimiento agotado, el cual en su mayor\u00eda permanecer\u00e1 almacenado bajo tierra.<\/p>\n<p>Secc colabora con l\u00edderes de la industria para optimizar las operaciones de recuperaci\u00f3 secundarias y mejoradas al brindar soluciones innovadoras que mejoran la accesibilidad, la eficiencia y, en \u00faltima instancia, permiten que estas\u00a0 operaciones se realicen desde embarcaciones en vez de desde instalaciones anfitrionas (plataformas); consulte el estudio de caso del Siri Knutsen para obtener m\u00e1s informaci\u00f3n.<\/p>\n<p>El acoplamiento <strong data-start=\"91\" data-end=\"113\">Hot Make Hot Break<\/strong> ofrece una eficiencia inigualable en terminos de tiempo de conexi\u00f3n y costos, al permitir conexiones r\u00e1pidas, seguras y flexibles sin necesidad de una infraestructura de intervenci\u00f3n extensa. Esto permite a los operadores realizar inyecciones esenciales de gas o fluido, ya sean secundarias o terciarias, de forma regular, asegurando as\u00ed la optimizaci\u00f3n de la producci\u00f3n del yacimiento.<\/p>\n<p>La tecnolog\u00eda de acoplamientos tipo de desconexi\u00f3n r\u00e1pida de emergencia (EQD) de Secc no solo reduce el tiempo de inactividad operativo y los costos, sino que tambi\u00e9n minimiza los riesgos asociados con los m\u00e9todos tradicionales de recuperaci\u00f3n. Al aprovechar nuestras soluciones, los operadores pueden lograr mayores tasas de recuperaci\u00f3n, extender la vida productiva de sus pozos y mejorar la rentabilidad general de sus proyectos de recuperaci\u00f3n secundaria y terciaria. Con un enfoque en la innovaci\u00f3n y la colaboraci\u00f3n, Secc est\u00e1 contribuyendo a redefinir la forma en que la industria aborda la recuperaci\u00f3n mejorada de petr\u00f3leo.<\/p>\n\n\n<p><\/p>\n","protected":false},"excerpt":{"rendered":"<p>La producci\u00f3n de crudo generalmente incluye tres fases distintas: recuperaci\u00f3n primaria, secundaria y terciaria (o mejorada). Durante la recuperaci\u00f3n primaria, la presi\u00f3n natural del yacimiento <\/p>\n<a href=\"https:\/\/secc-oilandgas.com\/es\/aplicaciones\/intervencion-en-pozos-submarinos\/recuperacion-mejorada-de-petroleo-eor\/\" class=\"readmore\">Read More<\/a>","protected":false},"author":1,"featured_media":2818,"parent":3047,"menu_order":2,"comment_status":"closed","ping_status":"closed","template":"","meta":{"_acf_changed":false,"inline_featured_image":false,"_uag_custom_page_level_css":"","footnotes":""},"class_list":["post-2876","page","type-page","status-publish","has-post-thumbnail","hentry"],"acf":[],"yoast_head":"<!-- This site is optimized with the Yoast SEO plugin v26.0 - https:\/\/yoast.com\/wordpress\/plugins\/seo\/ -->\n<title>Recuperaci\u00f3n secundaria y mejorada de petr\u00f3leo (EOR) &#8226; Secc Oil &amp; Gas Ltd<\/title>\n<meta name=\"description\" content=\"La tecnolog\u00eda de acoplamientos tipo EQD de Secc no solo reduce el tiempo de inactividad operativo y los costos, sino que tambi\u00e9n minimiza los riesgos asociados con los m\u00e9todos tradicionales de recuperaci\u00f3n. Al aprovechar estas soluciones, los operadores pueden lograr mayores tasas de recuperaci\u00f3n, extender la vida productiva de sus pozos y mejorar la rentabilidad general de sus proyectos de recuperaci\u00f3n secundaria y terciaria. Con un enfoque en la innovaci\u00f3n y la colaboraci\u00f3n, Secc est\u00e1 contribuyendo a redefinir la forma en que la industria aborda la recuperaci\u00f3n mejorada de petr\u00f3leo.\" \/>\n<meta name=\"robots\" content=\"index, follow, max-snippet:-1, max-image-preview:large, max-video-preview:-1\" \/>\n<link rel=\"canonical\" href=\"https:\/\/secc-oilandgas.com\/es\/aplicaciones\/intervencion-en-pozos-submarinos\/recuperacion-mejorada-de-petroleo-eor\/\" \/>\n<meta property=\"og:locale\" content=\"es_ES\" \/>\n<meta property=\"og:type\" content=\"article\" \/>\n<meta property=\"og:title\" content=\"Recuperaci\u00f3n secundaria y mejorada de petr\u00f3leo (EOR) &#8226; Secc Oil &amp; Gas Ltd\" \/>\n<meta property=\"og:description\" content=\"La tecnolog\u00eda de acoplamientos tipo EQD de Secc no solo reduce el tiempo de inactividad operativo y los costos, sino que tambi\u00e9n minimiza los riesgos asociados con los m\u00e9todos tradicionales de recuperaci\u00f3n. Al aprovechar estas soluciones, los operadores pueden lograr mayores tasas de recuperaci\u00f3n, extender la vida productiva de sus pozos y mejorar la rentabilidad general de sus proyectos de recuperaci\u00f3n secundaria y terciaria. Con un enfoque en la innovaci\u00f3n y la colaboraci\u00f3n, Secc est\u00e1 contribuyendo a redefinir la forma en que la industria aborda la recuperaci\u00f3n mejorada de petr\u00f3leo.\" \/>\n<meta property=\"og:url\" content=\"https:\/\/secc-oilandgas.com\/es\/aplicaciones\/intervencion-en-pozos-submarinos\/recuperacion-mejorada-de-petroleo-eor\/\" \/>\n<meta property=\"og:site_name\" content=\"Secc Oil &amp; Gas Ltd\" \/>\n<meta property=\"article:publisher\" content=\"http:\/\/www.facebook.com\/seccoilgas\/\" \/>\n<meta property=\"article:modified_time\" content=\"2025-10-02T16:13:40+00:00\" \/>\n<meta property=\"og:image\" content=\"https:\/\/secc-oilandgas.com\/wp-content\/uploads\/2024\/11\/SECC_Subsea-Intervention_REVISED.png\" \/>\n\t<meta property=\"og:image:width\" content=\"5771\" \/>\n\t<meta property=\"og:image:height\" content=\"1523\" \/>\n\t<meta property=\"og:image:type\" content=\"image\/png\" \/>\n<meta name=\"twitter:card\" content=\"summary_large_image\" \/>\n<meta name=\"twitter:site\" content=\"@seccoilandgas\" \/>\n<meta name=\"twitter:label1\" content=\"Est. reading time\" \/>\n\t<meta name=\"twitter:data1\" content=\"3 minutes\" \/>\n<script type=\"application\/ld+json\" class=\"yoast-schema-graph\">{\"@context\":\"https:\/\/schema.org\",\"@graph\":[{\"@type\":\"WebPage\",\"@id\":\"https:\/\/secc-oilandgas.com\/es\/aplicaciones\/intervencion-en-pozos-submarinos\/recuperacion-mejorada-de-petroleo-eor\/\",\"url\":\"https:\/\/secc-oilandgas.com\/es\/aplicaciones\/intervencion-en-pozos-submarinos\/recuperacion-mejorada-de-petroleo-eor\/\",\"name\":\"Recuperaci\u00f3n secundaria y mejorada de petr\u00f3leo (EOR) &#8226; Secc Oil &amp; Gas Ltd\",\"isPartOf\":{\"@id\":\"https:\/\/secc-oilandgas.com\/es\/#website\"},\"primaryImageOfPage\":{\"@id\":\"https:\/\/secc-oilandgas.com\/es\/aplicaciones\/intervencion-en-pozos-submarinos\/recuperacion-mejorada-de-petroleo-eor\/#primaryimage\"},\"image\":{\"@id\":\"https:\/\/secc-oilandgas.com\/es\/aplicaciones\/intervencion-en-pozos-submarinos\/recuperacion-mejorada-de-petroleo-eor\/#primaryimage\"},\"thumbnailUrl\":\"https:\/\/secc-oilandgas.com\/wp-content\/uploads\/2024\/11\/SECC_Subsea-Intervention_REVISED.png\",\"datePublished\":\"2015-07-24T10:36:51+00:00\",\"dateModified\":\"2025-10-02T16:13:40+00:00\",\"description\":\"La tecnolog\u00eda de acoplamientos tipo EQD de Secc no solo reduce el tiempo de inactividad operativo y los costos, sino que tambi\u00e9n minimiza los riesgos asociados con los m\u00e9todos tradicionales de recuperaci\u00f3n. Al aprovechar estas soluciones, los operadores pueden lograr mayores tasas de recuperaci\u00f3n, extender la vida productiva de sus pozos y mejorar la rentabilidad general de sus proyectos de recuperaci\u00f3n secundaria y terciaria. Con un enfoque en la innovaci\u00f3n y la colaboraci\u00f3n, Secc est\u00e1 contribuyendo a redefinir la forma en que la industria aborda la recuperaci\u00f3n mejorada de petr\u00f3leo.\",\"breadcrumb\":{\"@id\":\"https:\/\/secc-oilandgas.com\/es\/aplicaciones\/intervencion-en-pozos-submarinos\/recuperacion-mejorada-de-petroleo-eor\/#breadcrumb\"},\"inLanguage\":\"es\",\"potentialAction\":[{\"@type\":\"ReadAction\",\"target\":[\"https:\/\/secc-oilandgas.com\/es\/aplicaciones\/intervencion-en-pozos-submarinos\/recuperacion-mejorada-de-petroleo-eor\/\"]}]},{\"@type\":\"ImageObject\",\"inLanguage\":\"es\",\"@id\":\"https:\/\/secc-oilandgas.com\/es\/aplicaciones\/intervencion-en-pozos-submarinos\/recuperacion-mejorada-de-petroleo-eor\/#primaryimage\",\"url\":\"https:\/\/secc-oilandgas.com\/wp-content\/uploads\/2024\/11\/SECC_Subsea-Intervention_REVISED.png\",\"contentUrl\":\"https:\/\/secc-oilandgas.com\/wp-content\/uploads\/2024\/11\/SECC_Subsea-Intervention_REVISED.png\",\"width\":5771,\"height\":1523},{\"@type\":\"BreadcrumbList\",\"@id\":\"https:\/\/secc-oilandgas.com\/es\/aplicaciones\/intervencion-en-pozos-submarinos\/recuperacion-mejorada-de-petroleo-eor\/#breadcrumb\",\"itemListElement\":[{\"@type\":\"ListItem\",\"position\":1,\"name\":\"Home\",\"item\":\"https:\/\/secc-oilandgas.com\/es\/\"},{\"@type\":\"ListItem\",\"position\":2,\"name\":\"Aplicaciones\",\"item\":\"https:\/\/secc-oilandgas.com\/es\/aplicaciones\/\"},{\"@type\":\"ListItem\",\"position\":3,\"name\":\"Intervenci\u00f3n en pozos submarinos\",\"item\":\"https:\/\/secc-oilandgas.com\/es\/aplicaciones\/intervencion-en-pozos-submarinos\/\"},{\"@type\":\"ListItem\",\"position\":4,\"name\":\"Recuperaci\u00f3n secundaria y mejorada de petr\u00f3leo (EOR)\"}]},{\"@type\":\"WebSite\",\"@id\":\"https:\/\/secc-oilandgas.com\/es\/#website\",\"url\":\"https:\/\/secc-oilandgas.com\/es\/\",\"name\":\"Secc Oil &amp; Gas Ltd\",\"description\":\"\",\"publisher\":{\"@id\":\"https:\/\/secc-oilandgas.com\/es\/#organization\"},\"potentialAction\":[{\"@type\":\"SearchAction\",\"target\":{\"@type\":\"EntryPoint\",\"urlTemplate\":\"https:\/\/secc-oilandgas.com\/es\/?s={search_term_string}\"},\"query-input\":{\"@type\":\"PropertyValueSpecification\",\"valueRequired\":true,\"valueName\":\"search_term_string\"}}],\"inLanguage\":\"es\"},{\"@type\":\"Organization\",\"@id\":\"https:\/\/secc-oilandgas.com\/es\/#organization\",\"name\":\"Secc Oil & Gas Ltd\",\"url\":\"https:\/\/secc-oilandgas.com\/es\/\",\"logo\":{\"@type\":\"ImageObject\",\"inLanguage\":\"es\",\"@id\":\"https:\/\/secc-oilandgas.com\/es\/#\/schema\/logo\/image\/\",\"url\":\"https:\/\/secc-oilandgas.com\/wp-content\/uploads\/2018\/03\/SECC_logo_CMYK-grey-2018-JPEG-BORDER.jpg\",\"contentUrl\":\"https:\/\/secc-oilandgas.com\/wp-content\/uploads\/2018\/03\/SECC_logo_CMYK-grey-2018-JPEG-BORDER.jpg\",\"width\":1735,\"height\":1108,\"caption\":\"Secc Oil & Gas Ltd\"},\"image\":{\"@id\":\"https:\/\/secc-oilandgas.com\/es\/#\/schema\/logo\/image\/\"},\"sameAs\":[\"http:\/\/www.facebook.com\/seccoilgas\/\",\"https:\/\/x.com\/seccoilandgas\",\"https:\/\/www.linkedin.com\/company\/secc-oilandgas\/\"]}]}<\/script>\n<!-- \/ Yoast SEO plugin. -->","yoast_head_json":{"title":"Recuperaci\u00f3n secundaria y mejorada de petr\u00f3leo (EOR) &#8226; Secc Oil &amp; Gas Ltd","description":"La tecnolog\u00eda de acoplamientos tipo EQD de Secc no solo reduce el tiempo de inactividad operativo y los costos, sino que tambi\u00e9n minimiza los riesgos asociados con los m\u00e9todos tradicionales de recuperaci\u00f3n. Al aprovechar estas soluciones, los operadores pueden lograr mayores tasas de recuperaci\u00f3n, extender la vida productiva de sus pozos y mejorar la rentabilidad general de sus proyectos de recuperaci\u00f3n secundaria y terciaria. Con un enfoque en la innovaci\u00f3n y la colaboraci\u00f3n, Secc est\u00e1 contribuyendo a redefinir la forma en que la industria aborda la recuperaci\u00f3n mejorada de petr\u00f3leo.","robots":{"index":"index","follow":"follow","max-snippet":"max-snippet:-1","max-image-preview":"max-image-preview:large","max-video-preview":"max-video-preview:-1"},"canonical":"https:\/\/secc-oilandgas.com\/es\/aplicaciones\/intervencion-en-pozos-submarinos\/recuperacion-mejorada-de-petroleo-eor\/","og_locale":"es_ES","og_type":"article","og_title":"Recuperaci\u00f3n secundaria y mejorada de petr\u00f3leo (EOR) &#8226; Secc Oil &amp; Gas Ltd","og_description":"La tecnolog\u00eda de acoplamientos tipo EQD de Secc no solo reduce el tiempo de inactividad operativo y los costos, sino que tambi\u00e9n minimiza los riesgos asociados con los m\u00e9todos tradicionales de recuperaci\u00f3n. Al aprovechar estas soluciones, los operadores pueden lograr mayores tasas de recuperaci\u00f3n, extender la vida productiva de sus pozos y mejorar la rentabilidad general de sus proyectos de recuperaci\u00f3n secundaria y terciaria. Con un enfoque en la innovaci\u00f3n y la colaboraci\u00f3n, Secc est\u00e1 contribuyendo a redefinir la forma en que la industria aborda la recuperaci\u00f3n mejorada de petr\u00f3leo.","og_url":"https:\/\/secc-oilandgas.com\/es\/aplicaciones\/intervencion-en-pozos-submarinos\/recuperacion-mejorada-de-petroleo-eor\/","og_site_name":"Secc Oil &amp; Gas Ltd","article_publisher":"http:\/\/www.facebook.com\/seccoilgas\/","article_modified_time":"2025-10-02T16:13:40+00:00","og_image":[{"width":5771,"height":1523,"url":"https:\/\/secc-oilandgas.com\/wp-content\/uploads\/2024\/11\/SECC_Subsea-Intervention_REVISED.png","type":"image\/png"}],"twitter_card":"summary_large_image","twitter_site":"@seccoilandgas","twitter_misc":{"Est. reading time":"3 minutes"},"schema":{"@context":"https:\/\/schema.org","@graph":[{"@type":"WebPage","@id":"https:\/\/secc-oilandgas.com\/es\/aplicaciones\/intervencion-en-pozos-submarinos\/recuperacion-mejorada-de-petroleo-eor\/","url":"https:\/\/secc-oilandgas.com\/es\/aplicaciones\/intervencion-en-pozos-submarinos\/recuperacion-mejorada-de-petroleo-eor\/","name":"Recuperaci\u00f3n secundaria y mejorada de petr\u00f3leo (EOR) &#8226; Secc Oil &amp; Gas Ltd","isPartOf":{"@id":"https:\/\/secc-oilandgas.com\/es\/#website"},"primaryImageOfPage":{"@id":"https:\/\/secc-oilandgas.com\/es\/aplicaciones\/intervencion-en-pozos-submarinos\/recuperacion-mejorada-de-petroleo-eor\/#primaryimage"},"image":{"@id":"https:\/\/secc-oilandgas.com\/es\/aplicaciones\/intervencion-en-pozos-submarinos\/recuperacion-mejorada-de-petroleo-eor\/#primaryimage"},"thumbnailUrl":"https:\/\/secc-oilandgas.com\/wp-content\/uploads\/2024\/11\/SECC_Subsea-Intervention_REVISED.png","datePublished":"2015-07-24T10:36:51+00:00","dateModified":"2025-10-02T16:13:40+00:00","description":"La tecnolog\u00eda de acoplamientos tipo EQD de Secc no solo reduce el tiempo de inactividad operativo y los costos, sino que tambi\u00e9n minimiza los riesgos asociados con los m\u00e9todos tradicionales de recuperaci\u00f3n. Al aprovechar estas soluciones, los operadores pueden lograr mayores tasas de recuperaci\u00f3n, extender la vida productiva de sus pozos y mejorar la rentabilidad general de sus proyectos de recuperaci\u00f3n secundaria y terciaria. Con un enfoque en la innovaci\u00f3n y la colaboraci\u00f3n, Secc est\u00e1 contribuyendo a redefinir la forma en que la industria aborda la recuperaci\u00f3n mejorada de petr\u00f3leo.","breadcrumb":{"@id":"https:\/\/secc-oilandgas.com\/es\/aplicaciones\/intervencion-en-pozos-submarinos\/recuperacion-mejorada-de-petroleo-eor\/#breadcrumb"},"inLanguage":"es","potentialAction":[{"@type":"ReadAction","target":["https:\/\/secc-oilandgas.com\/es\/aplicaciones\/intervencion-en-pozos-submarinos\/recuperacion-mejorada-de-petroleo-eor\/"]}]},{"@type":"ImageObject","inLanguage":"es","@id":"https:\/\/secc-oilandgas.com\/es\/aplicaciones\/intervencion-en-pozos-submarinos\/recuperacion-mejorada-de-petroleo-eor\/#primaryimage","url":"https:\/\/secc-oilandgas.com\/wp-content\/uploads\/2024\/11\/SECC_Subsea-Intervention_REVISED.png","contentUrl":"https:\/\/secc-oilandgas.com\/wp-content\/uploads\/2024\/11\/SECC_Subsea-Intervention_REVISED.png","width":5771,"height":1523},{"@type":"BreadcrumbList","@id":"https:\/\/secc-oilandgas.com\/es\/aplicaciones\/intervencion-en-pozos-submarinos\/recuperacion-mejorada-de-petroleo-eor\/#breadcrumb","itemListElement":[{"@type":"ListItem","position":1,"name":"Home","item":"https:\/\/secc-oilandgas.com\/es\/"},{"@type":"ListItem","position":2,"name":"Aplicaciones","item":"https:\/\/secc-oilandgas.com\/es\/aplicaciones\/"},{"@type":"ListItem","position":3,"name":"Intervenci\u00f3n en pozos submarinos","item":"https:\/\/secc-oilandgas.com\/es\/aplicaciones\/intervencion-en-pozos-submarinos\/"},{"@type":"ListItem","position":4,"name":"Recuperaci\u00f3n secundaria y mejorada de petr\u00f3leo (EOR)"}]},{"@type":"WebSite","@id":"https:\/\/secc-oilandgas.com\/es\/#website","url":"https:\/\/secc-oilandgas.com\/es\/","name":"Secc Oil &amp; Gas Ltd","description":"","publisher":{"@id":"https:\/\/secc-oilandgas.com\/es\/#organization"},"potentialAction":[{"@type":"SearchAction","target":{"@type":"EntryPoint","urlTemplate":"https:\/\/secc-oilandgas.com\/es\/?s={search_term_string}"},"query-input":{"@type":"PropertyValueSpecification","valueRequired":true,"valueName":"search_term_string"}}],"inLanguage":"es"},{"@type":"Organization","@id":"https:\/\/secc-oilandgas.com\/es\/#organization","name":"Secc Oil & Gas Ltd","url":"https:\/\/secc-oilandgas.com\/es\/","logo":{"@type":"ImageObject","inLanguage":"es","@id":"https:\/\/secc-oilandgas.com\/es\/#\/schema\/logo\/image\/","url":"https:\/\/secc-oilandgas.com\/wp-content\/uploads\/2018\/03\/SECC_logo_CMYK-grey-2018-JPEG-BORDER.jpg","contentUrl":"https:\/\/secc-oilandgas.com\/wp-content\/uploads\/2018\/03\/SECC_logo_CMYK-grey-2018-JPEG-BORDER.jpg","width":1735,"height":1108,"caption":"Secc Oil & Gas Ltd"},"image":{"@id":"https:\/\/secc-oilandgas.com\/es\/#\/schema\/logo\/image\/"},"sameAs":["http:\/\/www.facebook.com\/seccoilgas\/","https:\/\/x.com\/seccoilandgas","https:\/\/www.linkedin.com\/company\/secc-oilandgas\/"]}]}},"uagb_featured_image_src":{"full":["https:\/\/secc-oilandgas.com\/wp-content\/uploads\/2024\/11\/SECC_Subsea-Intervention_REVISED.png",5771,1523,false],"thumbnail":["https:\/\/secc-oilandgas.com\/wp-content\/uploads\/2024\/11\/SECC_Subsea-Intervention_REVISED-150x150.png",150,150,true],"medium":["https:\/\/secc-oilandgas.com\/wp-content\/uploads\/2024\/11\/SECC_Subsea-Intervention_REVISED-300x79.png",300,79,true],"medium_large":["https:\/\/secc-oilandgas.com\/wp-content\/uploads\/2024\/11\/SECC_Subsea-Intervention_REVISED-768x203.png",670,177,true],"large":["https:\/\/secc-oilandgas.com\/wp-content\/uploads\/2024\/11\/SECC_Subsea-Intervention_REVISED-1024x270.png",670,177,true],"1536x1536":["https:\/\/secc-oilandgas.com\/wp-content\/uploads\/2024\/11\/SECC_Subsea-Intervention_REVISED-1536x405.png",1536,405,true],"2048x2048":["https:\/\/secc-oilandgas.com\/wp-content\/uploads\/2024\/11\/SECC_Subsea-Intervention_REVISED-2048x540.png",2048,540,true],"post-thumbnail":["https:\/\/secc-oilandgas.com\/wp-content\/uploads\/2024\/11\/SECC_Subsea-Intervention_REVISED-1500x500.png",1500,500,true],"gallery-img":["https:\/\/secc-oilandgas.com\/wp-content\/uploads\/2024\/11\/SECC_Subsea-Intervention_REVISED-450x300.png",450,300,true]},"uagb_author_info":{"display_name":"SECC","author_link":"https:\/\/secc-oilandgas.com\/es\/author\/teamvalleyweb\/"},"uagb_comment_info":0,"uagb_excerpt":"La producci\u00f3n de crudo generalmente incluye tres fases distintas: recuperaci\u00f3n primaria, secundaria y terciaria (o mejorada). Durante la recuperaci\u00f3n primaria, la presi\u00f3n natural del yacimiento","_links":{"self":[{"href":"https:\/\/secc-oilandgas.com\/es\/wp-json\/wp\/v2\/pages\/2876","targetHints":{"allow":["GET"]}}],"collection":[{"href":"https:\/\/secc-oilandgas.com\/es\/wp-json\/wp\/v2\/pages"}],"about":[{"href":"https:\/\/secc-oilandgas.com\/es\/wp-json\/wp\/v2\/types\/page"}],"author":[{"embeddable":true,"href":"https:\/\/secc-oilandgas.com\/es\/wp-json\/wp\/v2\/users\/1"}],"replies":[{"embeddable":true,"href":"https:\/\/secc-oilandgas.com\/es\/wp-json\/wp\/v2\/comments?post=2876"}],"version-history":[{"count":6,"href":"https:\/\/secc-oilandgas.com\/es\/wp-json\/wp\/v2\/pages\/2876\/revisions"}],"predecessor-version":[{"id":3962,"href":"https:\/\/secc-oilandgas.com\/es\/wp-json\/wp\/v2\/pages\/2876\/revisions\/3962"}],"up":[{"embeddable":true,"href":"https:\/\/secc-oilandgas.com\/es\/wp-json\/wp\/v2\/pages\/3047"}],"wp:featuredmedia":[{"embeddable":true,"href":"https:\/\/secc-oilandgas.com\/es\/wp-json\/wp\/v2\/media\/2818"}],"wp:attachment":[{"href":"https:\/\/secc-oilandgas.com\/es\/wp-json\/wp\/v2\/media?parent=2876"}],"curies":[{"name":"wp","href":"https:\/\/api.w.org\/{rel}","templated":true}]}}