{"id":2877,"date":"2015-07-24T11:37:37","date_gmt":"2015-07-24T10:37:37","guid":{"rendered":"https:\/\/secc-oilandgas.com\/sellado-y-abandono-pa\/"},"modified":"2025-04-28T12:17:13","modified_gmt":"2025-04-28T11:17:13","slug":"sellado-y-abandono-pa","status":"publish","type":"page","link":"https:\/\/secc-oilandgas.com\/es\/aplicaciones\/intervencion-en-pozos-submarinos\/sellado-y-abandono-pa\/","title":{"rendered":"Sellado y Abandono (P&#038;A)"},"content":{"rendered":"\n<p><span style=\"font-weight: 400;\">Las operaciones de sellado y abandono (P&amp;A, por sus siglas en ingl\u00e9s) son tareas cr\u00edticas en el ciclo de vida de los pozos submarinos. Estas operaciones requieren precisi\u00f3n, confiabilidad y soluciones robustas para sellar y abandonar pozos de manera permanente, protegiendo el medio ambiente y la infraestructura proxima. Los acoplamientos Hot Make Hot Break y Midline Weak Link de Secc est\u00e1n dise\u00f1ados para optimizar las campa\u00f1as de sellado y abandono (P&amp;A) al ofrecer soluciones confiables y de alto rendimiento que permiten realizar m\u00faltiples operaciones de manera eficicaz y sin problemas.<\/span><\/p>\n\n\n\n<h2 class=\"wp-block-heading\">Operaciones Eficientes para Campa\u00f1as de P&amp;A<\/h2>\n\n\n\n<p>Las soluciones de acoplamiento de Secc est\u00e1n dise\u00f1adas espec\u00edficamente para respaldar una amplia gama de actividades de abandono de pozos. Estos acoplamientos permiten a los operadores realizar sucesivamente m\u00faltiples operaciones, como cementaci\u00f3n, corte y aislamiento del pozo, sin necesidad de movilizar equipos o sistemas adicionales. Esta multifuncionalidad reduce la complejidad operativa, acelera los plazos y minimiza los costos, convirti\u00e9ndolos en una opci\u00f3n ideal para proyectos de P&amp;A a corto y largo plazo.<\/p>\n\n\n\n<h2 class=\"wp-block-heading\">Gesti\u00f3n de fluidos y presi\u00f3n<\/h2>\n\n\n\n<p>Los acoplamientos de Secc est\u00e1n dise\u00f1ados para manejar una amplia variedad de fluidos bajo presi\u00f3n, incluidos materiales desafiantes como cemento y recortes de perforaci\u00f3n, t\u00edpicos en estas operaciones de P&amp;A. Su dise\u00f1o de paso completo y de presi\u00f3n balanceada garantiza una transferencia de fluidos eficiente y sin interrupciones, incluso en condiciones exigentes. Esta capacidad es esencial para ejecutar con \u00e9xito los procesos de abandono, donde la cementaci\u00f3n y el sellado precisos son fundamentales para aislar el pozo de manera permanente.<\/p>\n\n\n\n<h2 class=\"wp-block-heading\">Seguridad ante fallos del Posicionamiento Din\u00e1mico<\/h2>\n\n\n\n<p>Un riesgo significativo en las operaciones de sellado y aboandono (P&amp;A) submarino es el fallo del sistema de posicionamiento din\u00e1mico en las embarcaciones, que puede ocurrir debido a condiciones clim\u00e1ticas adversas, fallas de equipo u otros factores. Las soluciones de acoplamiento de Secc cuentan con un mecanismo de desconexi\u00f3n mec\u00e1nica que se activa cuando se alcanza una carga de ruptura predeterminada. En estos casos, los acoplamientos sellan autom\u00e1ticamente ambos extremos de forma seca, evitando la p\u00e9rdida de fluidos y protegiendo el pozo contra fugas incontroladas. Este mecanismo de seguridad protege la infraestructura submarina, al personal y al medio ambiente durante operaciones cr\u00edticas.<\/p>\n\n\n\n<h2 class=\"wp-block-heading\">Dise\u00f1o patentado y de presi\u00f3n balanceada<\/h2>\n\n\n\n<p><span style=\"font-weight: 400;\">El dise\u00f1o patentado de Secc, de presion balanceada, elimina las fuerzas de separaci\u00f3n durante la desconexi\u00f3n, permitiendo que el acoplamiento Midline Weak Link opere con cargas de rotura relativamente bajas. Esta caracter\u00edstica brinda un nivel adicional de protecci\u00f3n para las l\u00edneas de flujo m\u00e1s sensibles, la infraestructura submarina y los equipos cr\u00edticos. Al usar un acoplamiento pasivo, los operadores pueden proteger sistemas delicados mientras logran desconexiones de alto rendimiento cuando sea necesario. Este dise\u00f1o asegura que el sistema opere de manera eficiente incluso en los entornos m\u00e1s exigentes, sin causar tensiones indebidas o da\u00f1os a la infraestructura submarina.<\/span><\/p>\n\n\n\n<h2 class=\"wp-block-heading\">Compatibilidad con ROV y flexibilidad<\/h2>\n\n\n\n<p><span style=\"font-weight: 400;\">Para complementar su gama de soluciones para proyectos de sellado, abandono y desmantelamiento, Secc tambi\u00e9n ofrece una l\u00ednea completa de Hot Stabs y recept\u00e1culos tipo API 17H y ECOFLOW compatibles con Veh\u00edculos Operados a Distancia (ROV). Estos componentes facilitan las operaciones de intervenci\u00f3n remota, permitiendo a los operadores realizar tareas de abandono sin la intervenci\u00f3n de buzos. Los sistemas compatibles con ROV ofrecen flexibilidad adicional y garantizan que las operaciones de sellado, abandono y desmantelamiento se puedan realizar de manera efectiva independientemente de las condiciones ambientales o las profundidades de operaci\u00f3n.<\/span><\/p>\n\n\n\n<h2 class=\"wp-block-heading\">Soluciones integrales para sellado y abandono (P&amp;A)<\/h2>\n\n\n\n<p>Las soluciones de Secc  incluyen:<\/p>\n\n\n\n<ul class=\"wp-block-list\">\n<li><b>Acoplamientos Hot Make Hot Break<\/b><span style=\"font-weight: 400;\">: Dise\u00f1ados para conexiones y desconexiones r\u00e1pidas y de emergencia, durante las tareas de abandono y sellado, facilitando operaciones continuas, fiables y sin complaciones.<\/span><\/li>\n\n\n\n<li><b>Acoplamiento Midline Weak Link:<\/b><span style=\"font-weight: 400;\"> Ofrecen protecci\u00f3n pasiva y de presi\u00f3n balanceada con cargas de rotura bajas&nbsp; garantizando la seguridad de la infraestructura submarina durante el abandono de pozos.<\/span><\/li>\n\n\n\n<li><b>ECOFLOW Hot Stabs<\/b><span style=\"font-weight: 400;\">: Sistemas compatibles con ROV que permiten conexiones remotas seguras y precisas para diversas tareas de desmantelamiento.<\/span><\/li>\n<\/ul>\n\n\n\n<h2 class=\"wp-block-heading\">Beneficios destacados<\/h2>\n\n\n\n<ul class=\"wp-block-list\">\n<li><b>Eficiencia operativa:<\/b><span style=\"font-weight: 400;\"> Permite realizar m\u00faltiples operaciones en secuencia sin necesidad de cambiar equipos, reduciendo los tiempos de inactividad y mejorando la rentabilidad operativa.<\/span><\/li>\n\n\n\n<li><b>Seguridad y protecci\u00f3n ambiental<\/b><span style=\"font-weight: 400;\">: El dise\u00f1o de sellado seco de paso completo asegura que no haya p\u00e9rdida de fluidos, incluso en caso de fallo de los sitemas de posicionamiento di\u00e1mico, protegiendo los equipos submarinos y minimizando los riesgos ambientales.<\/span><\/li>\n\n\n\n<li><b>Configuraciones con baja carga de ruptura<\/b><span style=\"font-weight: 400;\">: Protege las l\u00edneas de flujo cr\u00edticas y los equipos sensibles durante los procedimientos de abandono de pozos.<\/span><\/li>\n\n\n\n<li><b>Versatilidad:<\/b><span style=\"font-weight: 400;\"> Adaptable tanto para colocaci\u00f3n submarina en colectores m\u00faltiples o \u00e1rboles de producci\u00f3n como para configuraciones de intervenci\u00f3n temporal utilizando embarcaciones disponibles.<\/span><\/li>\n\n\n\n<li><b>Compatibilidad con ROV:<\/b><span style=\"font-weight: 400;\"> Habilita operaciones remotas y automatizadas, eliminando la necesidad de buzos y mejorando la seguridad y la eficiencia.<\/span><\/li>\n<\/ul>\n\n\n\n<p>Las soluciones de acoplamiento de Secc <span style=\"font-weight: 400;\">son fundamentales para el \u00e9xito de las campa\u00f1as  de sellado y abandono en pozos submarinos. Al proporcionar una combinaci\u00f3n de gesti\u00f3n de fluidos confiables, mecanismos de desconexi\u00f3n seguros y protecci\u00f3n robusta para la infraestructura submarina, Secc asegura que las operaciones de selllado, abandono y demantelamiento se realicen con la m\u00e1xima seguridad, eficiencia y m\u00ednimo impacto ambiental. Estas soluciones ofrecen la flexibilidad y el rendimiento necesarios para el desmantelamiento y abandono de pozos en los entornos marinos m\u00e1s desafiantes.<\/span><\/p>\n\n\n\n<p>&nbsp;<\/p>\n\n\n\n<p>&nbsp;<\/p>\n\n\n\n<p>&nbsp;<\/p>\n\n\n\n<p>&nbsp;<\/p>\n\n\n\n<p>&nbsp;<\/p>\n\n\n\n<p>&nbsp;<\/p>\n","protected":false},"excerpt":{"rendered":"<p>Las operaciones de sellado y abandono (P&amp;A, por sus siglas en ingl\u00e9s) son tareas cr\u00edticas en el ciclo de vida de los pozos submarinos. Estas <\/p>\n<a href=\"https:\/\/secc-oilandgas.com\/es\/aplicaciones\/intervencion-en-pozos-submarinos\/sellado-y-abandono-pa\/\" class=\"readmore\">Read More<\/a>","protected":false},"author":1,"featured_media":2786,"parent":3047,"menu_order":6,"comment_status":"closed","ping_status":"closed","template":"","meta":{"_acf_changed":false,"inline_featured_image":false,"_uag_custom_page_level_css":"","footnotes":""},"class_list":["post-2877","page","type-page","status-publish","has-post-thumbnail","hentry"],"acf":[],"yoast_head":"<!-- This site is optimized with the Yoast SEO plugin v26.0 - https:\/\/yoast.com\/wordpress\/plugins\/seo\/ -->\n<title>Sellado y Abandono (P&amp;A) &#8226; Secc Oil &amp; Gas Ltd<\/title>\n<meta name=\"description\" content=\"Las operaciones de sellado y abandono (P&amp;A por sus siglas en ingl\u00e9s) son tareas cr\u00edticas en el ciclo de vida de los pozos offshore.Las operaciones de sellado y abandono (P&amp;A, por sus siglas en ingl\u00e9s) son tareas cr\u00edticas en el ciclo de vida de los pozos submarinos. Estas operaciones requieren precisi\u00f3n, confiabilidad y soluciones robustas para sellar y abandonar pozos de manera permanente, protegiendo el medio ambiente y la infraestructura proxima. Los acoplamientos Hot Make Hot Break y Midline Weak Link de Secc est\u00e1n dise\u00f1ados para optimizar las campa\u00f1as de sellado y abandono (P&amp;A) al ofrecer soluciones confiables y de alto rendimiento que permiten realizar m\u00faltiples operaciones de manera eficicaz y sin problemas.\" \/>\n<meta name=\"robots\" content=\"index, follow, max-snippet:-1, max-image-preview:large, max-video-preview:-1\" \/>\n<link rel=\"canonical\" href=\"https:\/\/secc-oilandgas.com\/es\/aplicaciones\/intervencion-en-pozos-submarinos\/sellado-y-abandono-pa\/\" \/>\n<meta property=\"og:locale\" content=\"es_ES\" \/>\n<meta property=\"og:type\" content=\"article\" \/>\n<meta property=\"og:title\" content=\"Sellado y Abandono (P&amp;A) &#8226; Secc Oil &amp; Gas Ltd\" \/>\n<meta property=\"og:description\" content=\"Las operaciones de sellado y abandono (P&amp;A por sus siglas en ingl\u00e9s) son tareas cr\u00edticas en el ciclo de vida de los pozos offshore.Las operaciones de sellado y abandono (P&amp;A, por sus siglas en ingl\u00e9s) son tareas cr\u00edticas en el ciclo de vida de los pozos submarinos. Estas operaciones requieren precisi\u00f3n, confiabilidad y soluciones robustas para sellar y abandonar pozos de manera permanente, protegiendo el medio ambiente y la infraestructura proxima. Los acoplamientos Hot Make Hot Break y Midline Weak Link de Secc est\u00e1n dise\u00f1ados para optimizar las campa\u00f1as de sellado y abandono (P&amp;A) al ofrecer soluciones confiables y de alto rendimiento que permiten realizar m\u00faltiples operaciones de manera eficicaz y sin problemas.\" \/>\n<meta property=\"og:url\" content=\"https:\/\/secc-oilandgas.com\/es\/aplicaciones\/intervencion-en-pozos-submarinos\/sellado-y-abandono-pa\/\" \/>\n<meta property=\"og:site_name\" content=\"Secc Oil &amp; Gas Ltd\" \/>\n<meta property=\"article:publisher\" content=\"http:\/\/www.facebook.com\/seccoilgas\/\" \/>\n<meta property=\"article:modified_time\" content=\"2025-04-28T11:17:13+00:00\" \/>\n<meta property=\"og:image\" content=\"https:\/\/secc-oilandgas.com\/wp-content\/uploads\/2024\/10\/Decommissioning_wide_hero.png\" \/>\n\t<meta property=\"og:image:width\" content=\"5771\" \/>\n\t<meta property=\"og:image:height\" content=\"1523\" \/>\n\t<meta property=\"og:image:type\" content=\"image\/png\" \/>\n<meta name=\"twitter:card\" content=\"summary_large_image\" \/>\n<meta name=\"twitter:site\" content=\"@seccoilandgas\" \/>\n<meta name=\"twitter:label1\" content=\"Est. reading time\" \/>\n\t<meta name=\"twitter:data1\" content=\"4 minutes\" \/>\n<script type=\"application\/ld+json\" class=\"yoast-schema-graph\">{\"@context\":\"https:\/\/schema.org\",\"@graph\":[{\"@type\":\"WebPage\",\"@id\":\"https:\/\/secc-oilandgas.com\/es\/aplicaciones\/intervencion-en-pozos-submarinos\/sellado-y-abandono-pa\/\",\"url\":\"https:\/\/secc-oilandgas.com\/es\/aplicaciones\/intervencion-en-pozos-submarinos\/sellado-y-abandono-pa\/\",\"name\":\"Sellado y Abandono (P&A) &#8226; Secc Oil &amp; Gas Ltd\",\"isPartOf\":{\"@id\":\"https:\/\/secc-oilandgas.com\/es\/#website\"},\"primaryImageOfPage\":{\"@id\":\"https:\/\/secc-oilandgas.com\/es\/aplicaciones\/intervencion-en-pozos-submarinos\/sellado-y-abandono-pa\/#primaryimage\"},\"image\":{\"@id\":\"https:\/\/secc-oilandgas.com\/es\/aplicaciones\/intervencion-en-pozos-submarinos\/sellado-y-abandono-pa\/#primaryimage\"},\"thumbnailUrl\":\"https:\/\/secc-oilandgas.com\/wp-content\/uploads\/2024\/10\/Decommissioning_wide_hero.png\",\"datePublished\":\"2015-07-24T10:37:37+00:00\",\"dateModified\":\"2025-04-28T11:17:13+00:00\",\"description\":\"Las operaciones de sellado y abandono (P&A por sus siglas en ingl\u00e9s) son tareas cr\u00edticas en el ciclo de vida de los pozos offshore.Las operaciones de sellado y abandono (P&A, por sus siglas en ingl\u00e9s) son tareas cr\u00edticas en el ciclo de vida de los pozos submarinos. Estas operaciones requieren precisi\u00f3n, confiabilidad y soluciones robustas para sellar y abandonar pozos de manera permanente, protegiendo el medio ambiente y la infraestructura proxima. Los acoplamientos Hot Make Hot Break y Midline Weak Link de Secc est\u00e1n dise\u00f1ados para optimizar las campa\u00f1as de sellado y abandono (P&A) al ofrecer soluciones confiables y de alto rendimiento que permiten realizar m\u00faltiples operaciones de manera eficicaz y sin problemas.\",\"breadcrumb\":{\"@id\":\"https:\/\/secc-oilandgas.com\/es\/aplicaciones\/intervencion-en-pozos-submarinos\/sellado-y-abandono-pa\/#breadcrumb\"},\"inLanguage\":\"es\",\"potentialAction\":[{\"@type\":\"ReadAction\",\"target\":[\"https:\/\/secc-oilandgas.com\/es\/aplicaciones\/intervencion-en-pozos-submarinos\/sellado-y-abandono-pa\/\"]}]},{\"@type\":\"ImageObject\",\"inLanguage\":\"es\",\"@id\":\"https:\/\/secc-oilandgas.com\/es\/aplicaciones\/intervencion-en-pozos-submarinos\/sellado-y-abandono-pa\/#primaryimage\",\"url\":\"https:\/\/secc-oilandgas.com\/wp-content\/uploads\/2024\/10\/Decommissioning_wide_hero.png\",\"contentUrl\":\"https:\/\/secc-oilandgas.com\/wp-content\/uploads\/2024\/10\/Decommissioning_wide_hero.png\",\"width\":5771,\"height\":1523},{\"@type\":\"BreadcrumbList\",\"@id\":\"https:\/\/secc-oilandgas.com\/es\/aplicaciones\/intervencion-en-pozos-submarinos\/sellado-y-abandono-pa\/#breadcrumb\",\"itemListElement\":[{\"@type\":\"ListItem\",\"position\":1,\"name\":\"Home\",\"item\":\"https:\/\/secc-oilandgas.com\/es\/\"},{\"@type\":\"ListItem\",\"position\":2,\"name\":\"Aplicaciones\",\"item\":\"https:\/\/secc-oilandgas.com\/es\/aplicaciones\/\"},{\"@type\":\"ListItem\",\"position\":3,\"name\":\"Intervenci\u00f3n en pozos submarinos\",\"item\":\"https:\/\/secc-oilandgas.com\/es\/aplicaciones\/intervencion-en-pozos-submarinos\/\"},{\"@type\":\"ListItem\",\"position\":4,\"name\":\"Sellado y Abandono (P&#038;A)\"}]},{\"@type\":\"WebSite\",\"@id\":\"https:\/\/secc-oilandgas.com\/es\/#website\",\"url\":\"https:\/\/secc-oilandgas.com\/es\/\",\"name\":\"Secc Oil &amp; Gas Ltd\",\"description\":\"\",\"publisher\":{\"@id\":\"https:\/\/secc-oilandgas.com\/es\/#organization\"},\"potentialAction\":[{\"@type\":\"SearchAction\",\"target\":{\"@type\":\"EntryPoint\",\"urlTemplate\":\"https:\/\/secc-oilandgas.com\/es\/?s={search_term_string}\"},\"query-input\":{\"@type\":\"PropertyValueSpecification\",\"valueRequired\":true,\"valueName\":\"search_term_string\"}}],\"inLanguage\":\"es\"},{\"@type\":\"Organization\",\"@id\":\"https:\/\/secc-oilandgas.com\/es\/#organization\",\"name\":\"Secc Oil & Gas Ltd\",\"url\":\"https:\/\/secc-oilandgas.com\/es\/\",\"logo\":{\"@type\":\"ImageObject\",\"inLanguage\":\"es\",\"@id\":\"https:\/\/secc-oilandgas.com\/es\/#\/schema\/logo\/image\/\",\"url\":\"https:\/\/secc-oilandgas.com\/wp-content\/uploads\/2018\/03\/SECC_logo_CMYK-grey-2018-JPEG-BORDER.jpg\",\"contentUrl\":\"https:\/\/secc-oilandgas.com\/wp-content\/uploads\/2018\/03\/SECC_logo_CMYK-grey-2018-JPEG-BORDER.jpg\",\"width\":1735,\"height\":1108,\"caption\":\"Secc Oil & Gas Ltd\"},\"image\":{\"@id\":\"https:\/\/secc-oilandgas.com\/es\/#\/schema\/logo\/image\/\"},\"sameAs\":[\"http:\/\/www.facebook.com\/seccoilgas\/\",\"https:\/\/x.com\/seccoilandgas\",\"https:\/\/www.linkedin.com\/company\/secc-oilandgas\/\"]}]}<\/script>\n<!-- \/ Yoast SEO plugin. -->","yoast_head_json":{"title":"Sellado y Abandono (P&A) &#8226; Secc Oil &amp; Gas Ltd","description":"Las operaciones de sellado y abandono (P&A por sus siglas en ingl\u00e9s) son tareas cr\u00edticas en el ciclo de vida de los pozos offshore.Las operaciones de sellado y abandono (P&A, por sus siglas en ingl\u00e9s) son tareas cr\u00edticas en el ciclo de vida de los pozos submarinos. Estas operaciones requieren precisi\u00f3n, confiabilidad y soluciones robustas para sellar y abandonar pozos de manera permanente, protegiendo el medio ambiente y la infraestructura proxima. Los acoplamientos Hot Make Hot Break y Midline Weak Link de Secc est\u00e1n dise\u00f1ados para optimizar las campa\u00f1as de sellado y abandono (P&A) al ofrecer soluciones confiables y de alto rendimiento que permiten realizar m\u00faltiples operaciones de manera eficicaz y sin problemas.","robots":{"index":"index","follow":"follow","max-snippet":"max-snippet:-1","max-image-preview":"max-image-preview:large","max-video-preview":"max-video-preview:-1"},"canonical":"https:\/\/secc-oilandgas.com\/es\/aplicaciones\/intervencion-en-pozos-submarinos\/sellado-y-abandono-pa\/","og_locale":"es_ES","og_type":"article","og_title":"Sellado y Abandono (P&A) &#8226; Secc Oil &amp; Gas Ltd","og_description":"Las operaciones de sellado y abandono (P&A por sus siglas en ingl\u00e9s) son tareas cr\u00edticas en el ciclo de vida de los pozos offshore.Las operaciones de sellado y abandono (P&A, por sus siglas en ingl\u00e9s) son tareas cr\u00edticas en el ciclo de vida de los pozos submarinos. Estas operaciones requieren precisi\u00f3n, confiabilidad y soluciones robustas para sellar y abandonar pozos de manera permanente, protegiendo el medio ambiente y la infraestructura proxima. Los acoplamientos Hot Make Hot Break y Midline Weak Link de Secc est\u00e1n dise\u00f1ados para optimizar las campa\u00f1as de sellado y abandono (P&A) al ofrecer soluciones confiables y de alto rendimiento que permiten realizar m\u00faltiples operaciones de manera eficicaz y sin problemas.","og_url":"https:\/\/secc-oilandgas.com\/es\/aplicaciones\/intervencion-en-pozos-submarinos\/sellado-y-abandono-pa\/","og_site_name":"Secc Oil &amp; Gas Ltd","article_publisher":"http:\/\/www.facebook.com\/seccoilgas\/","article_modified_time":"2025-04-28T11:17:13+00:00","og_image":[{"width":5771,"height":1523,"url":"https:\/\/secc-oilandgas.com\/wp-content\/uploads\/2024\/10\/Decommissioning_wide_hero.png","type":"image\/png"}],"twitter_card":"summary_large_image","twitter_site":"@seccoilandgas","twitter_misc":{"Est. reading time":"4 minutes"},"schema":{"@context":"https:\/\/schema.org","@graph":[{"@type":"WebPage","@id":"https:\/\/secc-oilandgas.com\/es\/aplicaciones\/intervencion-en-pozos-submarinos\/sellado-y-abandono-pa\/","url":"https:\/\/secc-oilandgas.com\/es\/aplicaciones\/intervencion-en-pozos-submarinos\/sellado-y-abandono-pa\/","name":"Sellado y Abandono (P&A) &#8226; Secc Oil &amp; Gas Ltd","isPartOf":{"@id":"https:\/\/secc-oilandgas.com\/es\/#website"},"primaryImageOfPage":{"@id":"https:\/\/secc-oilandgas.com\/es\/aplicaciones\/intervencion-en-pozos-submarinos\/sellado-y-abandono-pa\/#primaryimage"},"image":{"@id":"https:\/\/secc-oilandgas.com\/es\/aplicaciones\/intervencion-en-pozos-submarinos\/sellado-y-abandono-pa\/#primaryimage"},"thumbnailUrl":"https:\/\/secc-oilandgas.com\/wp-content\/uploads\/2024\/10\/Decommissioning_wide_hero.png","datePublished":"2015-07-24T10:37:37+00:00","dateModified":"2025-04-28T11:17:13+00:00","description":"Las operaciones de sellado y abandono (P&A por sus siglas en ingl\u00e9s) son tareas cr\u00edticas en el ciclo de vida de los pozos offshore.Las operaciones de sellado y abandono (P&A, por sus siglas en ingl\u00e9s) son tareas cr\u00edticas en el ciclo de vida de los pozos submarinos. Estas operaciones requieren precisi\u00f3n, confiabilidad y soluciones robustas para sellar y abandonar pozos de manera permanente, protegiendo el medio ambiente y la infraestructura proxima. Los acoplamientos Hot Make Hot Break y Midline Weak Link de Secc est\u00e1n dise\u00f1ados para optimizar las campa\u00f1as de sellado y abandono (P&A) al ofrecer soluciones confiables y de alto rendimiento que permiten realizar m\u00faltiples operaciones de manera eficicaz y sin problemas.","breadcrumb":{"@id":"https:\/\/secc-oilandgas.com\/es\/aplicaciones\/intervencion-en-pozos-submarinos\/sellado-y-abandono-pa\/#breadcrumb"},"inLanguage":"es","potentialAction":[{"@type":"ReadAction","target":["https:\/\/secc-oilandgas.com\/es\/aplicaciones\/intervencion-en-pozos-submarinos\/sellado-y-abandono-pa\/"]}]},{"@type":"ImageObject","inLanguage":"es","@id":"https:\/\/secc-oilandgas.com\/es\/aplicaciones\/intervencion-en-pozos-submarinos\/sellado-y-abandono-pa\/#primaryimage","url":"https:\/\/secc-oilandgas.com\/wp-content\/uploads\/2024\/10\/Decommissioning_wide_hero.png","contentUrl":"https:\/\/secc-oilandgas.com\/wp-content\/uploads\/2024\/10\/Decommissioning_wide_hero.png","width":5771,"height":1523},{"@type":"BreadcrumbList","@id":"https:\/\/secc-oilandgas.com\/es\/aplicaciones\/intervencion-en-pozos-submarinos\/sellado-y-abandono-pa\/#breadcrumb","itemListElement":[{"@type":"ListItem","position":1,"name":"Home","item":"https:\/\/secc-oilandgas.com\/es\/"},{"@type":"ListItem","position":2,"name":"Aplicaciones","item":"https:\/\/secc-oilandgas.com\/es\/aplicaciones\/"},{"@type":"ListItem","position":3,"name":"Intervenci\u00f3n en pozos submarinos","item":"https:\/\/secc-oilandgas.com\/es\/aplicaciones\/intervencion-en-pozos-submarinos\/"},{"@type":"ListItem","position":4,"name":"Sellado y Abandono (P&#038;A)"}]},{"@type":"WebSite","@id":"https:\/\/secc-oilandgas.com\/es\/#website","url":"https:\/\/secc-oilandgas.com\/es\/","name":"Secc Oil &amp; Gas Ltd","description":"","publisher":{"@id":"https:\/\/secc-oilandgas.com\/es\/#organization"},"potentialAction":[{"@type":"SearchAction","target":{"@type":"EntryPoint","urlTemplate":"https:\/\/secc-oilandgas.com\/es\/?s={search_term_string}"},"query-input":{"@type":"PropertyValueSpecification","valueRequired":true,"valueName":"search_term_string"}}],"inLanguage":"es"},{"@type":"Organization","@id":"https:\/\/secc-oilandgas.com\/es\/#organization","name":"Secc Oil & Gas Ltd","url":"https:\/\/secc-oilandgas.com\/es\/","logo":{"@type":"ImageObject","inLanguage":"es","@id":"https:\/\/secc-oilandgas.com\/es\/#\/schema\/logo\/image\/","url":"https:\/\/secc-oilandgas.com\/wp-content\/uploads\/2018\/03\/SECC_logo_CMYK-grey-2018-JPEG-BORDER.jpg","contentUrl":"https:\/\/secc-oilandgas.com\/wp-content\/uploads\/2018\/03\/SECC_logo_CMYK-grey-2018-JPEG-BORDER.jpg","width":1735,"height":1108,"caption":"Secc Oil & Gas Ltd"},"image":{"@id":"https:\/\/secc-oilandgas.com\/es\/#\/schema\/logo\/image\/"},"sameAs":["http:\/\/www.facebook.com\/seccoilgas\/","https:\/\/x.com\/seccoilandgas","https:\/\/www.linkedin.com\/company\/secc-oilandgas\/"]}]}},"uagb_featured_image_src":{"full":["https:\/\/secc-oilandgas.com\/wp-content\/uploads\/2024\/10\/Decommissioning_wide_hero.png",5771,1523,false],"thumbnail":["https:\/\/secc-oilandgas.com\/wp-content\/uploads\/2024\/10\/Decommissioning_wide_hero-150x150.png",150,150,true],"medium":["https:\/\/secc-oilandgas.com\/wp-content\/uploads\/2024\/10\/Decommissioning_wide_hero-300x79.png",300,79,true],"medium_large":["https:\/\/secc-oilandgas.com\/wp-content\/uploads\/2024\/10\/Decommissioning_wide_hero-768x203.png",670,177,true],"large":["https:\/\/secc-oilandgas.com\/wp-content\/uploads\/2024\/10\/Decommissioning_wide_hero-1024x270.png",670,177,true],"1536x1536":["https:\/\/secc-oilandgas.com\/wp-content\/uploads\/2024\/10\/Decommissioning_wide_hero-1536x405.png",1536,405,true],"2048x2048":["https:\/\/secc-oilandgas.com\/wp-content\/uploads\/2024\/10\/Decommissioning_wide_hero-2048x540.png",2048,540,true],"post-thumbnail":["https:\/\/secc-oilandgas.com\/wp-content\/uploads\/2024\/10\/Decommissioning_wide_hero-1500x500.png",1500,500,true],"gallery-img":["https:\/\/secc-oilandgas.com\/wp-content\/uploads\/2024\/10\/Decommissioning_wide_hero-450x300.png",450,300,true]},"uagb_author_info":{"display_name":"SECC","author_link":"https:\/\/secc-oilandgas.com\/es\/author\/teamvalleyweb\/"},"uagb_comment_info":0,"uagb_excerpt":"Las operaciones de sellado y abandono (P&amp;A, por sus siglas en ingl\u00e9s) son tareas cr\u00edticas en el ciclo de vida de los pozos submarinos. Estas","_links":{"self":[{"href":"https:\/\/secc-oilandgas.com\/es\/wp-json\/wp\/v2\/pages\/2877","targetHints":{"allow":["GET"]}}],"collection":[{"href":"https:\/\/secc-oilandgas.com\/es\/wp-json\/wp\/v2\/pages"}],"about":[{"href":"https:\/\/secc-oilandgas.com\/es\/wp-json\/wp\/v2\/types\/page"}],"author":[{"embeddable":true,"href":"https:\/\/secc-oilandgas.com\/es\/wp-json\/wp\/v2\/users\/1"}],"replies":[{"embeddable":true,"href":"https:\/\/secc-oilandgas.com\/es\/wp-json\/wp\/v2\/comments?post=2877"}],"version-history":[{"count":3,"href":"https:\/\/secc-oilandgas.com\/es\/wp-json\/wp\/v2\/pages\/2877\/revisions"}],"predecessor-version":[{"id":3425,"href":"https:\/\/secc-oilandgas.com\/es\/wp-json\/wp\/v2\/pages\/2877\/revisions\/3425"}],"up":[{"embeddable":true,"href":"https:\/\/secc-oilandgas.com\/es\/wp-json\/wp\/v2\/pages\/3047"}],"wp:featuredmedia":[{"embeddable":true,"href":"https:\/\/secc-oilandgas.com\/es\/wp-json\/wp\/v2\/media\/2786"}],"wp:attachment":[{"href":"https:\/\/secc-oilandgas.com\/es\/wp-json\/wp\/v2\/media?parent=2877"}],"curies":[{"name":"wp","href":"https:\/\/api.w.org\/{rel}","templated":true}]}}