{"id":2981,"date":"2015-07-24T11:24:10","date_gmt":"2015-07-24T10:24:10","guid":{"rendered":"https:\/\/secc-oilandgas.com\/about-us\/vision-valores-promesa\/"},"modified":"2026-03-09T09:25:59","modified_gmt":"2026-03-09T09:25:59","slug":"vision-valores-promesa","status":"publish","type":"page","link":"https:\/\/secc-oilandgas.com\/es\/sobre-secc\/vision-valores-promesa\/","title":{"rendered":"Visi\u00f3n, Valores, Promesa"},"content":{"rendered":"<div class=\"wp-block-image\">\n<figure class=\"alignleft size-full\"><img loading=\"lazy\" decoding=\"async\" width=\"549\" height=\"551\" src=\"https:\/\/secc-oilandgas.com\/wp-content\/uploads\/2015\/07\/VVP-Stamp.jpg\" alt=\"\" class=\"wp-image-2040\" srcset=\"https:\/\/secc-oilandgas.com\/wp-content\/uploads\/2015\/07\/VVP-Stamp.jpg 549w, https:\/\/secc-oilandgas.com\/wp-content\/uploads\/2015\/07\/VVP-Stamp-150x150.jpg 150w, https:\/\/secc-oilandgas.com\/wp-content\/uploads\/2015\/07\/VVP-Stamp-300x300.jpg 300w\" sizes=\"auto, (max-width: 549px) 100vw, 549px\" \/><\/figure><\/div>\n\n\n<p><\/p>\n\n\n\n<h2 class=\"wp-block-heading\">Visi\u00f3n<\/h2>\n\n\n\n<p><span style=\"font-weight: 400;\">Liderar a trav\u00e9s de la innovaci\u00f3n y tecnolog\u00eda revolucionaria de acoplamientos y conectores.<\/span><\/p>\n\n\n\n<h2 class=\"wp-block-heading\">Promesa<\/h2>\n\n\n\n<p><span style=\"font-weight: 400;\">Desafiar lo convencional con soluciones inteligentes que respondan a las necesidades de nuestros clientes.<\/span><\/p>\n\n\n\n<h2 class=\"wp-block-heading\">Valores<\/h2>\n\n\n\n<ul class=\"wp-block-list\">\n<li><b>Compromiso:<\/b><span style=\"font-weight: 400;\"> nuestra promesa.<\/span><\/li>\n\n\n\n<li><b>Pasi\u00f3n:<\/b><span style=\"font-weight: 400;\"> creer que podemos lograrlo.<\/span><\/li>\n\n\n\n<li><b>Liderazgo:<\/b><span style=\"font-weight: 400;\"> es responsabilidad de todos.<\/span><\/li>\n\n\n\n<li><b>Adaptabilidad:<\/b><span style=\"font-weight: 400;\"> aceptamos el cambio.<\/span><\/li>\n\n\n\n<li><b>Integridad:<\/b> hacemos lo correcto.<\/li>\n<\/ul>\n","protected":false},"excerpt":{"rendered":"<p>Visi\u00f3n Liderar a trav\u00e9s de la innovaci\u00f3n y tecnolog\u00eda revolucionaria de acoplamientos y conectores. Promesa Desafiar lo convencional con soluciones inteligentes que respondan a las <\/p>\n<a href=\"https:\/\/secc-oilandgas.com\/es\/sobre-secc\/vision-valores-promesa\/\" class=\"readmore\">Read More<\/a>","protected":false},"author":1,"featured_media":2070,"parent":2868,"menu_order":1,"comment_status":"closed","ping_status":"closed","template":"templates\/tpl-team.php","meta":{"_acf_changed":false,"inline_featured_image":false,"_uag_custom_page_level_css":"","footnotes":""},"class_list":["post-2981","page","type-page","status-publish","has-post-thumbnail","hentry"],"acf":[],"yoast_head":"<!-- This site is optimized with the Yoast SEO plugin v26.0 - https:\/\/yoast.com\/wordpress\/plugins\/seo\/ -->\n<title>Visi\u00f3n, Valores, Promesa &#8226; Secc Oil &amp; Gas Ltd<\/title>\n<meta name=\"description\" content=\"Nuestra visi\u00f3n compo empresa, los valores que promovemos y la promesa que hacemos a nuestros clientes.\" \/>\n<meta name=\"robots\" content=\"index, follow, max-snippet:-1, max-image-preview:large, max-video-preview:-1\" \/>\n<link rel=\"canonical\" href=\"https:\/\/secc-oilandgas.com\/es\/sobre-secc\/vision-valores-promesa\/\" \/>\n<meta property=\"og:locale\" content=\"es_ES\" \/>\n<meta property=\"og:type\" content=\"article\" \/>\n<meta property=\"og:title\" content=\"Visi\u00f3n, Valores, Promesa &#8226; Secc Oil &amp; Gas Ltd\" \/>\n<meta property=\"og:description\" content=\"Nuestra visi\u00f3n compo empresa, los valores que promovemos y la promesa que hacemos a nuestros clientes.\" \/>\n<meta property=\"og:url\" content=\"https:\/\/secc-oilandgas.com\/es\/sobre-secc\/vision-valores-promesa\/\" \/>\n<meta property=\"og:site_name\" content=\"Secc Oil &amp; Gas Ltd\" \/>\n<meta property=\"article:publisher\" content=\"http:\/\/www.facebook.com\/seccoilgas\/\" \/>\n<meta property=\"article:modified_time\" content=\"2026-03-09T09:25:59+00:00\" \/>\n<meta property=\"og:image\" content=\"https:\/\/secc-oilandgas.com\/wp-content\/uploads\/2015\/08\/Header-2.jpg\" \/>\n\t<meta property=\"og:image:width\" content=\"2000\" \/>\n\t<meta property=\"og:image:height\" content=\"527\" \/>\n\t<meta property=\"og:image:type\" content=\"image\/jpeg\" \/>\n<meta name=\"twitter:card\" content=\"summary_large_image\" \/>\n<meta name=\"twitter:site\" content=\"@seccoilandgas\" \/>\n<meta name=\"twitter:label1\" content=\"Est. reading time\" \/>\n\t<meta name=\"twitter:data1\" content=\"1 minute\" \/>\n<script type=\"application\/ld+json\" class=\"yoast-schema-graph\">{\"@context\":\"https:\/\/schema.org\",\"@graph\":[{\"@type\":\"WebPage\",\"@id\":\"https:\/\/secc-oilandgas.com\/es\/sobre-secc\/vision-valores-promesa\/\",\"url\":\"https:\/\/secc-oilandgas.com\/es\/sobre-secc\/vision-valores-promesa\/\",\"name\":\"Visi\u00f3n, Valores, Promesa &#8226; Secc Oil &amp; Gas Ltd\",\"isPartOf\":{\"@id\":\"https:\/\/secc-oilandgas.com\/es\/#website\"},\"primaryImageOfPage\":{\"@id\":\"https:\/\/secc-oilandgas.com\/es\/sobre-secc\/vision-valores-promesa\/#primaryimage\"},\"image\":{\"@id\":\"https:\/\/secc-oilandgas.com\/es\/sobre-secc\/vision-valores-promesa\/#primaryimage\"},\"thumbnailUrl\":\"https:\/\/secc-oilandgas.com\/wp-content\/uploads\/2015\/08\/Header-2.jpg\",\"datePublished\":\"2015-07-24T10:24:10+00:00\",\"dateModified\":\"2026-03-09T09:25:59+00:00\",\"description\":\"Nuestra visi\u00f3n compo empresa, los valores que promovemos y la promesa que hacemos a nuestros clientes.\",\"breadcrumb\":{\"@id\":\"https:\/\/secc-oilandgas.com\/es\/sobre-secc\/vision-valores-promesa\/#breadcrumb\"},\"inLanguage\":\"es\",\"potentialAction\":[{\"@type\":\"ReadAction\",\"target\":[\"https:\/\/secc-oilandgas.com\/es\/sobre-secc\/vision-valores-promesa\/\"]}]},{\"@type\":\"ImageObject\",\"inLanguage\":\"es\",\"@id\":\"https:\/\/secc-oilandgas.com\/es\/sobre-secc\/vision-valores-promesa\/#primaryimage\",\"url\":\"https:\/\/secc-oilandgas.com\/wp-content\/uploads\/2015\/08\/Header-2.jpg\",\"contentUrl\":\"https:\/\/secc-oilandgas.com\/wp-content\/uploads\/2015\/08\/Header-2.jpg\",\"width\":2000,\"height\":527},{\"@type\":\"BreadcrumbList\",\"@id\":\"https:\/\/secc-oilandgas.com\/es\/sobre-secc\/vision-valores-promesa\/#breadcrumb\",\"itemListElement\":[{\"@type\":\"ListItem\",\"position\":1,\"name\":\"Home\",\"item\":\"https:\/\/secc-oilandgas.com\/es\/\"},{\"@type\":\"ListItem\",\"position\":2,\"name\":\"Sobre Secc\",\"item\":\"https:\/\/secc-oilandgas.com\/es\/sobre-secc\/\"},{\"@type\":\"ListItem\",\"position\":3,\"name\":\"Visi\u00f3n, Valores, Promesa\"}]},{\"@type\":\"WebSite\",\"@id\":\"https:\/\/secc-oilandgas.com\/es\/#website\",\"url\":\"https:\/\/secc-oilandgas.com\/es\/\",\"name\":\"Secc Oil &amp; Gas Ltd\",\"description\":\"\",\"publisher\":{\"@id\":\"https:\/\/secc-oilandgas.com\/es\/#organization\"},\"potentialAction\":[{\"@type\":\"SearchAction\",\"target\":{\"@type\":\"EntryPoint\",\"urlTemplate\":\"https:\/\/secc-oilandgas.com\/es\/?s={search_term_string}\"},\"query-input\":{\"@type\":\"PropertyValueSpecification\",\"valueRequired\":true,\"valueName\":\"search_term_string\"}}],\"inLanguage\":\"es\"},{\"@type\":\"Organization\",\"@id\":\"https:\/\/secc-oilandgas.com\/es\/#organization\",\"name\":\"Secc Oil & Gas Ltd\",\"url\":\"https:\/\/secc-oilandgas.com\/es\/\",\"logo\":{\"@type\":\"ImageObject\",\"inLanguage\":\"es\",\"@id\":\"https:\/\/secc-oilandgas.com\/es\/#\/schema\/logo\/image\/\",\"url\":\"https:\/\/secc-oilandgas.com\/wp-content\/uploads\/2018\/03\/SECC_logo_CMYK-grey-2018-JPEG-BORDER.jpg\",\"contentUrl\":\"https:\/\/secc-oilandgas.com\/wp-content\/uploads\/2018\/03\/SECC_logo_CMYK-grey-2018-JPEG-BORDER.jpg\",\"width\":1735,\"height\":1108,\"caption\":\"Secc Oil & Gas Ltd\"},\"image\":{\"@id\":\"https:\/\/secc-oilandgas.com\/es\/#\/schema\/logo\/image\/\"},\"sameAs\":[\"http:\/\/www.facebook.com\/seccoilgas\/\",\"https:\/\/x.com\/seccoilandgas\",\"https:\/\/www.linkedin.com\/company\/secc-oilandgas\/\"]}]}<\/script>\n<!-- \/ Yoast SEO plugin. -->","yoast_head_json":{"title":"Visi\u00f3n, Valores, Promesa &#8226; Secc Oil &amp; Gas Ltd","description":"Nuestra visi\u00f3n compo empresa, los valores que promovemos y la promesa que hacemos a nuestros clientes.","robots":{"index":"index","follow":"follow","max-snippet":"max-snippet:-1","max-image-preview":"max-image-preview:large","max-video-preview":"max-video-preview:-1"},"canonical":"https:\/\/secc-oilandgas.com\/es\/sobre-secc\/vision-valores-promesa\/","og_locale":"es_ES","og_type":"article","og_title":"Visi\u00f3n, Valores, Promesa &#8226; Secc Oil &amp; Gas Ltd","og_description":"Nuestra visi\u00f3n compo empresa, los valores que promovemos y la promesa que hacemos a nuestros clientes.","og_url":"https:\/\/secc-oilandgas.com\/es\/sobre-secc\/vision-valores-promesa\/","og_site_name":"Secc Oil &amp; Gas Ltd","article_publisher":"http:\/\/www.facebook.com\/seccoilgas\/","article_modified_time":"2026-03-09T09:25:59+00:00","og_image":[{"width":2000,"height":527,"url":"https:\/\/secc-oilandgas.com\/wp-content\/uploads\/2015\/08\/Header-2.jpg","type":"image\/jpeg"}],"twitter_card":"summary_large_image","twitter_site":"@seccoilandgas","twitter_misc":{"Est. reading time":"1 minute"},"schema":{"@context":"https:\/\/schema.org","@graph":[{"@type":"WebPage","@id":"https:\/\/secc-oilandgas.com\/es\/sobre-secc\/vision-valores-promesa\/","url":"https:\/\/secc-oilandgas.com\/es\/sobre-secc\/vision-valores-promesa\/","name":"Visi\u00f3n, Valores, Promesa &#8226; Secc Oil &amp; Gas Ltd","isPartOf":{"@id":"https:\/\/secc-oilandgas.com\/es\/#website"},"primaryImageOfPage":{"@id":"https:\/\/secc-oilandgas.com\/es\/sobre-secc\/vision-valores-promesa\/#primaryimage"},"image":{"@id":"https:\/\/secc-oilandgas.com\/es\/sobre-secc\/vision-valores-promesa\/#primaryimage"},"thumbnailUrl":"https:\/\/secc-oilandgas.com\/wp-content\/uploads\/2015\/08\/Header-2.jpg","datePublished":"2015-07-24T10:24:10+00:00","dateModified":"2026-03-09T09:25:59+00:00","description":"Nuestra visi\u00f3n compo empresa, los valores que promovemos y la promesa que hacemos a nuestros clientes.","breadcrumb":{"@id":"https:\/\/secc-oilandgas.com\/es\/sobre-secc\/vision-valores-promesa\/#breadcrumb"},"inLanguage":"es","potentialAction":[{"@type":"ReadAction","target":["https:\/\/secc-oilandgas.com\/es\/sobre-secc\/vision-valores-promesa\/"]}]},{"@type":"ImageObject","inLanguage":"es","@id":"https:\/\/secc-oilandgas.com\/es\/sobre-secc\/vision-valores-promesa\/#primaryimage","url":"https:\/\/secc-oilandgas.com\/wp-content\/uploads\/2015\/08\/Header-2.jpg","contentUrl":"https:\/\/secc-oilandgas.com\/wp-content\/uploads\/2015\/08\/Header-2.jpg","width":2000,"height":527},{"@type":"BreadcrumbList","@id":"https:\/\/secc-oilandgas.com\/es\/sobre-secc\/vision-valores-promesa\/#breadcrumb","itemListElement":[{"@type":"ListItem","position":1,"name":"Home","item":"https:\/\/secc-oilandgas.com\/es\/"},{"@type":"ListItem","position":2,"name":"Sobre Secc","item":"https:\/\/secc-oilandgas.com\/es\/sobre-secc\/"},{"@type":"ListItem","position":3,"name":"Visi\u00f3n, Valores, Promesa"}]},{"@type":"WebSite","@id":"https:\/\/secc-oilandgas.com\/es\/#website","url":"https:\/\/secc-oilandgas.com\/es\/","name":"Secc Oil &amp; Gas Ltd","description":"","publisher":{"@id":"https:\/\/secc-oilandgas.com\/es\/#organization"},"potentialAction":[{"@type":"SearchAction","target":{"@type":"EntryPoint","urlTemplate":"https:\/\/secc-oilandgas.com\/es\/?s={search_term_string}"},"query-input":{"@type":"PropertyValueSpecification","valueRequired":true,"valueName":"search_term_string"}}],"inLanguage":"es"},{"@type":"Organization","@id":"https:\/\/secc-oilandgas.com\/es\/#organization","name":"Secc Oil & Gas Ltd","url":"https:\/\/secc-oilandgas.com\/es\/","logo":{"@type":"ImageObject","inLanguage":"es","@id":"https:\/\/secc-oilandgas.com\/es\/#\/schema\/logo\/image\/","url":"https:\/\/secc-oilandgas.com\/wp-content\/uploads\/2018\/03\/SECC_logo_CMYK-grey-2018-JPEG-BORDER.jpg","contentUrl":"https:\/\/secc-oilandgas.com\/wp-content\/uploads\/2018\/03\/SECC_logo_CMYK-grey-2018-JPEG-BORDER.jpg","width":1735,"height":1108,"caption":"Secc Oil & Gas Ltd"},"image":{"@id":"https:\/\/secc-oilandgas.com\/es\/#\/schema\/logo\/image\/"},"sameAs":["http:\/\/www.facebook.com\/seccoilgas\/","https:\/\/x.com\/seccoilandgas","https:\/\/www.linkedin.com\/company\/secc-oilandgas\/"]}]}},"uagb_featured_image_src":{"full":["https:\/\/secc-oilandgas.com\/wp-content\/uploads\/2015\/08\/Header-2.jpg",2000,527,false],"thumbnail":["https:\/\/secc-oilandgas.com\/wp-content\/uploads\/2015\/08\/Header-2-150x150.jpg",150,150,true],"medium":["https:\/\/secc-oilandgas.com\/wp-content\/uploads\/2015\/08\/Header-2-300x79.jpg",300,79,true],"medium_large":["https:\/\/secc-oilandgas.com\/wp-content\/uploads\/2015\/08\/Header-2.jpg",670,177,false],"large":["https:\/\/secc-oilandgas.com\/wp-content\/uploads\/2015\/08\/Header-2-1024x270.jpg",670,177,true],"1536x1536":["https:\/\/secc-oilandgas.com\/wp-content\/uploads\/2015\/08\/Header-2.jpg",1536,405,false],"2048x2048":["https:\/\/secc-oilandgas.com\/wp-content\/uploads\/2015\/08\/Header-2.jpg",2000,527,false],"post-thumbnail":["https:\/\/secc-oilandgas.com\/wp-content\/uploads\/2015\/08\/Header-2-1500x500.jpg",1500,500,true],"gallery-img":["https:\/\/secc-oilandgas.com\/wp-content\/uploads\/2015\/08\/Header-2-450x300.jpg",450,300,true]},"uagb_author_info":{"display_name":"SECC","author_link":"https:\/\/secc-oilandgas.com\/es\/author\/teamvalleyweb\/"},"uagb_comment_info":0,"uagb_excerpt":"Visi\u00f3n Liderar a trav\u00e9s de la innovaci\u00f3n y tecnolog\u00eda revolucionaria de acoplamientos y conectores. Promesa Desafiar lo convencional con soluciones inteligentes que respondan a las","_links":{"self":[{"href":"https:\/\/secc-oilandgas.com\/es\/wp-json\/wp\/v2\/pages\/2981","targetHints":{"allow":["GET"]}}],"collection":[{"href":"https:\/\/secc-oilandgas.com\/es\/wp-json\/wp\/v2\/pages"}],"about":[{"href":"https:\/\/secc-oilandgas.com\/es\/wp-json\/wp\/v2\/types\/page"}],"author":[{"embeddable":true,"href":"https:\/\/secc-oilandgas.com\/es\/wp-json\/wp\/v2\/users\/1"}],"replies":[{"embeddable":true,"href":"https:\/\/secc-oilandgas.com\/es\/wp-json\/wp\/v2\/comments?post=2981"}],"version-history":[{"count":3,"href":"https:\/\/secc-oilandgas.com\/es\/wp-json\/wp\/v2\/pages\/2981\/revisions"}],"predecessor-version":[{"id":4175,"href":"https:\/\/secc-oilandgas.com\/es\/wp-json\/wp\/v2\/pages\/2981\/revisions\/4175"}],"up":[{"embeddable":true,"href":"https:\/\/secc-oilandgas.com\/es\/wp-json\/wp\/v2\/pages\/2868"}],"wp:featuredmedia":[{"embeddable":true,"href":"https:\/\/secc-oilandgas.com\/es\/wp-json\/wp\/v2\/media\/2070"}],"wp:attachment":[{"href":"https:\/\/secc-oilandgas.com\/es\/wp-json\/wp\/v2\/media?parent=2981"}],"curies":[{"name":"wp","href":"https:\/\/api.w.org\/{rel}","templated":true}]}}