{"id":2984,"date":"2018-03-06T14:00:01","date_gmt":"2018-03-06T14:00:01","guid":{"rendered":"https:\/\/secc-oilandgas.com\/about-us\/certificacion-iso-90012015\/"},"modified":"2026-03-09T09:32:47","modified_gmt":"2026-03-09T09:32:47","slug":"certificacion-iso-90012015","status":"publish","type":"page","link":"https:\/\/secc-oilandgas.com\/es\/sobre-secc\/certificacion-iso-90012015\/","title":{"rendered":"Certificaci\u00f3n ISO 9001:2015"},"content":{"rendered":"<div class=\"wp-block-image\">\n<figure class=\"alignleft size-full\"><img loading=\"lazy\" decoding=\"async\" width=\"331\" height=\"314\" src=\"https:\/\/secc-oilandgas.com\/wp-content\/uploads\/2018\/03\/DNV-GL-Quality-System-Certification-ISO-9001-2015-Color-on-Transparentx.png\" alt=\"\" class=\"wp-image-2304\" srcset=\"https:\/\/secc-oilandgas.com\/wp-content\/uploads\/2018\/03\/DNV-GL-Quality-System-Certification-ISO-9001-2015-Color-on-Transparentx.png 331w, https:\/\/secc-oilandgas.com\/wp-content\/uploads\/2018\/03\/DNV-GL-Quality-System-Certification-ISO-9001-2015-Color-on-Transparentx-300x285.png 300w\" sizes=\"auto, (max-width: 331px) 100vw, 331px\" \/><\/figure><\/div>\n\n\n<p><\/p>\n\n\n\n<p><span style=\"font-weight: 400;\">Como parte de nuestro compromiso con la mejora continua de nuestros procesos y operaciones internas, Secc se complace en anunciar que ha completado la transici\u00f3n de la norma ISO 9001:2008 a la ISO 9001:2015.<\/span><\/p>\n\n\n\n<p><span style=\"font-weight: 400;\">Secc obtuvo la certificaci\u00f3n en la norma m\u00e1s reciente de Sistemas de Gesti\u00f3n de Calidad ISO 9001:2015 mediante una evaluaci\u00f3n independiente realizada por el organismo certificador l\u00edder, DNV GL.<\/span><\/p>\n\n\n\n<p><span style=\"font-weight: 400;\">De esta manera, Secc continua con sus esfuerzos por satisfacer las necesidades en constante evoluci\u00f3n de sus socios y clientes, en l\u00ednea con un sistema de gesti\u00f3n de calidad certificado seg\u00fan ISO 9001:2015, dise\u00f1ado para garantizar calidad, consistencia y satisfacci\u00f3n del cliente.<\/span><\/p>\n\n\n\n<p><a href=\"https:\/\/secc-oilandgas.com\/wp-content\/uploads\/2024\/02\/DNV-ISO-9001-2015-Certificate-Expires-01-02-2027-2.pdf\">SECC Oil and Gas Ltd ISO 9001:2015 -expira 01-02-2027<\/a><\/p>\n","protected":false},"excerpt":{"rendered":"<p>Como parte de nuestro compromiso con la mejora continua de nuestros procesos y operaciones internas, Secc se complace en anunciar que ha completado la transici\u00f3n <\/p>\n<a href=\"https:\/\/secc-oilandgas.com\/es\/sobre-secc\/certificacion-iso-90012015\/\" class=\"readmore\">Read More<\/a>","protected":false},"author":5,"featured_media":2070,"parent":2868,"menu_order":3,"comment_status":"closed","ping_status":"closed","template":"templates\/tpl-team.php","meta":{"_acf_changed":false,"inline_featured_image":false,"_uag_custom_page_level_css":"","footnotes":""},"class_list":["post-2984","page","type-page","status-publish","has-post-thumbnail","hentry"],"acf":[],"yoast_head":"<!-- This site is optimized with the Yoast SEO plugin v26.0 - https:\/\/yoast.com\/wordpress\/plugins\/seo\/ -->\n<title>Certificaci\u00f3n ISO 9001:2015 &#8226; Secc Oil &amp; Gas Ltd<\/title>\n<meta name=\"description\" content=\"Secc se complace en anunciar que ha completado la transici\u00f3n de la norma ISO 9001:2008 a la ISO 9001:2015.\" \/>\n<meta name=\"robots\" content=\"index, follow, max-snippet:-1, max-image-preview:large, max-video-preview:-1\" \/>\n<link rel=\"canonical\" href=\"https:\/\/secc-oilandgas.com\/es\/sobre-secc\/certificacion-iso-90012015\/\" \/>\n<meta property=\"og:locale\" content=\"es_ES\" \/>\n<meta property=\"og:type\" content=\"article\" \/>\n<meta property=\"og:title\" content=\"Certificaci\u00f3n ISO 9001:2015 &#8226; Secc Oil &amp; Gas Ltd\" \/>\n<meta property=\"og:description\" content=\"Secc se complace en anunciar que ha completado la transici\u00f3n de la norma ISO 9001:2008 a la ISO 9001:2015.\" \/>\n<meta property=\"og:url\" content=\"https:\/\/secc-oilandgas.com\/es\/sobre-secc\/certificacion-iso-90012015\/\" \/>\n<meta property=\"og:site_name\" content=\"Secc Oil &amp; Gas Ltd\" \/>\n<meta property=\"article:publisher\" content=\"http:\/\/www.facebook.com\/seccoilgas\/\" \/>\n<meta property=\"article:modified_time\" content=\"2026-03-09T09:32:47+00:00\" \/>\n<meta property=\"og:image\" content=\"https:\/\/secc-oilandgas.com\/wp-content\/uploads\/2015\/08\/Header-2.jpg\" \/>\n\t<meta property=\"og:image:width\" content=\"2000\" \/>\n\t<meta property=\"og:image:height\" content=\"527\" \/>\n\t<meta property=\"og:image:type\" content=\"image\/jpeg\" \/>\n<meta name=\"twitter:card\" content=\"summary_large_image\" \/>\n<meta name=\"twitter:site\" content=\"@seccoilandgas\" \/>\n<meta name=\"twitter:label1\" content=\"Est. reading time\" \/>\n\t<meta name=\"twitter:data1\" content=\"1 minute\" \/>\n<script type=\"application\/ld+json\" class=\"yoast-schema-graph\">{\"@context\":\"https:\/\/schema.org\",\"@graph\":[{\"@type\":\"WebPage\",\"@id\":\"https:\/\/secc-oilandgas.com\/es\/sobre-secc\/certificacion-iso-90012015\/\",\"url\":\"https:\/\/secc-oilandgas.com\/es\/sobre-secc\/certificacion-iso-90012015\/\",\"name\":\"Certificaci\u00f3n ISO 9001:2015 &#8226; Secc Oil &amp; Gas Ltd\",\"isPartOf\":{\"@id\":\"https:\/\/secc-oilandgas.com\/es\/#website\"},\"primaryImageOfPage\":{\"@id\":\"https:\/\/secc-oilandgas.com\/es\/sobre-secc\/certificacion-iso-90012015\/#primaryimage\"},\"image\":{\"@id\":\"https:\/\/secc-oilandgas.com\/es\/sobre-secc\/certificacion-iso-90012015\/#primaryimage\"},\"thumbnailUrl\":\"https:\/\/secc-oilandgas.com\/wp-content\/uploads\/2015\/08\/Header-2.jpg\",\"datePublished\":\"2018-03-06T14:00:01+00:00\",\"dateModified\":\"2026-03-09T09:32:47+00:00\",\"description\":\"Secc se complace en anunciar que ha completado la transici\u00f3n de la norma ISO 9001:2008 a la ISO 9001:2015.\",\"breadcrumb\":{\"@id\":\"https:\/\/secc-oilandgas.com\/es\/sobre-secc\/certificacion-iso-90012015\/#breadcrumb\"},\"inLanguage\":\"es\",\"potentialAction\":[{\"@type\":\"ReadAction\",\"target\":[\"https:\/\/secc-oilandgas.com\/es\/sobre-secc\/certificacion-iso-90012015\/\"]}]},{\"@type\":\"ImageObject\",\"inLanguage\":\"es\",\"@id\":\"https:\/\/secc-oilandgas.com\/es\/sobre-secc\/certificacion-iso-90012015\/#primaryimage\",\"url\":\"https:\/\/secc-oilandgas.com\/wp-content\/uploads\/2015\/08\/Header-2.jpg\",\"contentUrl\":\"https:\/\/secc-oilandgas.com\/wp-content\/uploads\/2015\/08\/Header-2.jpg\",\"width\":2000,\"height\":527},{\"@type\":\"BreadcrumbList\",\"@id\":\"https:\/\/secc-oilandgas.com\/es\/sobre-secc\/certificacion-iso-90012015\/#breadcrumb\",\"itemListElement\":[{\"@type\":\"ListItem\",\"position\":1,\"name\":\"Home\",\"item\":\"https:\/\/secc-oilandgas.com\/es\/\"},{\"@type\":\"ListItem\",\"position\":2,\"name\":\"Sobre Secc\",\"item\":\"https:\/\/secc-oilandgas.com\/es\/sobre-secc\/\"},{\"@type\":\"ListItem\",\"position\":3,\"name\":\"Certificaci\u00f3n ISO 9001:2015\"}]},{\"@type\":\"WebSite\",\"@id\":\"https:\/\/secc-oilandgas.com\/es\/#website\",\"url\":\"https:\/\/secc-oilandgas.com\/es\/\",\"name\":\"Secc Oil &amp; Gas Ltd\",\"description\":\"\",\"publisher\":{\"@id\":\"https:\/\/secc-oilandgas.com\/es\/#organization\"},\"potentialAction\":[{\"@type\":\"SearchAction\",\"target\":{\"@type\":\"EntryPoint\",\"urlTemplate\":\"https:\/\/secc-oilandgas.com\/es\/?s={search_term_string}\"},\"query-input\":{\"@type\":\"PropertyValueSpecification\",\"valueRequired\":true,\"valueName\":\"search_term_string\"}}],\"inLanguage\":\"es\"},{\"@type\":\"Organization\",\"@id\":\"https:\/\/secc-oilandgas.com\/es\/#organization\",\"name\":\"Secc Oil & Gas Ltd\",\"url\":\"https:\/\/secc-oilandgas.com\/es\/\",\"logo\":{\"@type\":\"ImageObject\",\"inLanguage\":\"es\",\"@id\":\"https:\/\/secc-oilandgas.com\/es\/#\/schema\/logo\/image\/\",\"url\":\"https:\/\/secc-oilandgas.com\/wp-content\/uploads\/2018\/03\/SECC_logo_CMYK-grey-2018-JPEG-BORDER.jpg\",\"contentUrl\":\"https:\/\/secc-oilandgas.com\/wp-content\/uploads\/2018\/03\/SECC_logo_CMYK-grey-2018-JPEG-BORDER.jpg\",\"width\":1735,\"height\":1108,\"caption\":\"Secc Oil & Gas Ltd\"},\"image\":{\"@id\":\"https:\/\/secc-oilandgas.com\/es\/#\/schema\/logo\/image\/\"},\"sameAs\":[\"http:\/\/www.facebook.com\/seccoilgas\/\",\"https:\/\/x.com\/seccoilandgas\",\"https:\/\/www.linkedin.com\/company\/secc-oilandgas\/\"]}]}<\/script>\n<!-- \/ Yoast SEO plugin. -->","yoast_head_json":{"title":"Certificaci\u00f3n ISO 9001:2015 &#8226; Secc Oil &amp; Gas Ltd","description":"Secc se complace en anunciar que ha completado la transici\u00f3n de la norma ISO 9001:2008 a la ISO 9001:2015.","robots":{"index":"index","follow":"follow","max-snippet":"max-snippet:-1","max-image-preview":"max-image-preview:large","max-video-preview":"max-video-preview:-1"},"canonical":"https:\/\/secc-oilandgas.com\/es\/sobre-secc\/certificacion-iso-90012015\/","og_locale":"es_ES","og_type":"article","og_title":"Certificaci\u00f3n ISO 9001:2015 &#8226; Secc Oil &amp; Gas Ltd","og_description":"Secc se complace en anunciar que ha completado la transici\u00f3n de la norma ISO 9001:2008 a la ISO 9001:2015.","og_url":"https:\/\/secc-oilandgas.com\/es\/sobre-secc\/certificacion-iso-90012015\/","og_site_name":"Secc Oil &amp; Gas Ltd","article_publisher":"http:\/\/www.facebook.com\/seccoilgas\/","article_modified_time":"2026-03-09T09:32:47+00:00","og_image":[{"width":2000,"height":527,"url":"https:\/\/secc-oilandgas.com\/wp-content\/uploads\/2015\/08\/Header-2.jpg","type":"image\/jpeg"}],"twitter_card":"summary_large_image","twitter_site":"@seccoilandgas","twitter_misc":{"Est. reading time":"1 minute"},"schema":{"@context":"https:\/\/schema.org","@graph":[{"@type":"WebPage","@id":"https:\/\/secc-oilandgas.com\/es\/sobre-secc\/certificacion-iso-90012015\/","url":"https:\/\/secc-oilandgas.com\/es\/sobre-secc\/certificacion-iso-90012015\/","name":"Certificaci\u00f3n ISO 9001:2015 &#8226; Secc Oil &amp; Gas Ltd","isPartOf":{"@id":"https:\/\/secc-oilandgas.com\/es\/#website"},"primaryImageOfPage":{"@id":"https:\/\/secc-oilandgas.com\/es\/sobre-secc\/certificacion-iso-90012015\/#primaryimage"},"image":{"@id":"https:\/\/secc-oilandgas.com\/es\/sobre-secc\/certificacion-iso-90012015\/#primaryimage"},"thumbnailUrl":"https:\/\/secc-oilandgas.com\/wp-content\/uploads\/2015\/08\/Header-2.jpg","datePublished":"2018-03-06T14:00:01+00:00","dateModified":"2026-03-09T09:32:47+00:00","description":"Secc se complace en anunciar que ha completado la transici\u00f3n de la norma ISO 9001:2008 a la ISO 9001:2015.","breadcrumb":{"@id":"https:\/\/secc-oilandgas.com\/es\/sobre-secc\/certificacion-iso-90012015\/#breadcrumb"},"inLanguage":"es","potentialAction":[{"@type":"ReadAction","target":["https:\/\/secc-oilandgas.com\/es\/sobre-secc\/certificacion-iso-90012015\/"]}]},{"@type":"ImageObject","inLanguage":"es","@id":"https:\/\/secc-oilandgas.com\/es\/sobre-secc\/certificacion-iso-90012015\/#primaryimage","url":"https:\/\/secc-oilandgas.com\/wp-content\/uploads\/2015\/08\/Header-2.jpg","contentUrl":"https:\/\/secc-oilandgas.com\/wp-content\/uploads\/2015\/08\/Header-2.jpg","width":2000,"height":527},{"@type":"BreadcrumbList","@id":"https:\/\/secc-oilandgas.com\/es\/sobre-secc\/certificacion-iso-90012015\/#breadcrumb","itemListElement":[{"@type":"ListItem","position":1,"name":"Home","item":"https:\/\/secc-oilandgas.com\/es\/"},{"@type":"ListItem","position":2,"name":"Sobre Secc","item":"https:\/\/secc-oilandgas.com\/es\/sobre-secc\/"},{"@type":"ListItem","position":3,"name":"Certificaci\u00f3n ISO 9001:2015"}]},{"@type":"WebSite","@id":"https:\/\/secc-oilandgas.com\/es\/#website","url":"https:\/\/secc-oilandgas.com\/es\/","name":"Secc Oil &amp; Gas Ltd","description":"","publisher":{"@id":"https:\/\/secc-oilandgas.com\/es\/#organization"},"potentialAction":[{"@type":"SearchAction","target":{"@type":"EntryPoint","urlTemplate":"https:\/\/secc-oilandgas.com\/es\/?s={search_term_string}"},"query-input":{"@type":"PropertyValueSpecification","valueRequired":true,"valueName":"search_term_string"}}],"inLanguage":"es"},{"@type":"Organization","@id":"https:\/\/secc-oilandgas.com\/es\/#organization","name":"Secc Oil & Gas Ltd","url":"https:\/\/secc-oilandgas.com\/es\/","logo":{"@type":"ImageObject","inLanguage":"es","@id":"https:\/\/secc-oilandgas.com\/es\/#\/schema\/logo\/image\/","url":"https:\/\/secc-oilandgas.com\/wp-content\/uploads\/2018\/03\/SECC_logo_CMYK-grey-2018-JPEG-BORDER.jpg","contentUrl":"https:\/\/secc-oilandgas.com\/wp-content\/uploads\/2018\/03\/SECC_logo_CMYK-grey-2018-JPEG-BORDER.jpg","width":1735,"height":1108,"caption":"Secc Oil & Gas Ltd"},"image":{"@id":"https:\/\/secc-oilandgas.com\/es\/#\/schema\/logo\/image\/"},"sameAs":["http:\/\/www.facebook.com\/seccoilgas\/","https:\/\/x.com\/seccoilandgas","https:\/\/www.linkedin.com\/company\/secc-oilandgas\/"]}]}},"uagb_featured_image_src":{"full":["https:\/\/secc-oilandgas.com\/wp-content\/uploads\/2015\/08\/Header-2.jpg",2000,527,false],"thumbnail":["https:\/\/secc-oilandgas.com\/wp-content\/uploads\/2015\/08\/Header-2-150x150.jpg",150,150,true],"medium":["https:\/\/secc-oilandgas.com\/wp-content\/uploads\/2015\/08\/Header-2-300x79.jpg",300,79,true],"medium_large":["https:\/\/secc-oilandgas.com\/wp-content\/uploads\/2015\/08\/Header-2.jpg",670,177,false],"large":["https:\/\/secc-oilandgas.com\/wp-content\/uploads\/2015\/08\/Header-2-1024x270.jpg",670,177,true],"1536x1536":["https:\/\/secc-oilandgas.com\/wp-content\/uploads\/2015\/08\/Header-2.jpg",1536,405,false],"2048x2048":["https:\/\/secc-oilandgas.com\/wp-content\/uploads\/2015\/08\/Header-2.jpg",2000,527,false],"post-thumbnail":["https:\/\/secc-oilandgas.com\/wp-content\/uploads\/2015\/08\/Header-2-1500x500.jpg",1500,500,true],"gallery-img":["https:\/\/secc-oilandgas.com\/wp-content\/uploads\/2015\/08\/Header-2-450x300.jpg",450,300,true]},"uagb_author_info":{"display_name":"Josh Hodgkinson","author_link":"https:\/\/secc-oilandgas.com\/es\/author\/jh\/"},"uagb_comment_info":0,"uagb_excerpt":"Como parte de nuestro compromiso con la mejora continua de nuestros procesos y operaciones internas, Secc se complace en anunciar que ha completado la transici\u00f3n","_links":{"self":[{"href":"https:\/\/secc-oilandgas.com\/es\/wp-json\/wp\/v2\/pages\/2984","targetHints":{"allow":["GET"]}}],"collection":[{"href":"https:\/\/secc-oilandgas.com\/es\/wp-json\/wp\/v2\/pages"}],"about":[{"href":"https:\/\/secc-oilandgas.com\/es\/wp-json\/wp\/v2\/types\/page"}],"author":[{"embeddable":true,"href":"https:\/\/secc-oilandgas.com\/es\/wp-json\/wp\/v2\/users\/5"}],"replies":[{"embeddable":true,"href":"https:\/\/secc-oilandgas.com\/es\/wp-json\/wp\/v2\/comments?post=2984"}],"version-history":[{"count":2,"href":"https:\/\/secc-oilandgas.com\/es\/wp-json\/wp\/v2\/pages\/2984\/revisions"}],"predecessor-version":[{"id":4176,"href":"https:\/\/secc-oilandgas.com\/es\/wp-json\/wp\/v2\/pages\/2984\/revisions\/4176"}],"up":[{"embeddable":true,"href":"https:\/\/secc-oilandgas.com\/es\/wp-json\/wp\/v2\/pages\/2868"}],"wp:featuredmedia":[{"embeddable":true,"href":"https:\/\/secc-oilandgas.com\/es\/wp-json\/wp\/v2\/media\/2070"}],"wp:attachment":[{"href":"https:\/\/secc-oilandgas.com\/es\/wp-json\/wp\/v2\/media?parent=2984"}],"curies":[{"name":"wp","href":"https:\/\/api.w.org\/{rel}","templated":true}]}}