{"id":3036,"date":"2024-08-20T12:17:34","date_gmt":"2024-08-20T11:17:34","guid":{"rendered":"https:\/\/secc-oilandgas.com\/captura-y-almacenamiento-de-carbono\/"},"modified":"2025-04-22T17:39:58","modified_gmt":"2025-04-22T16:39:58","slug":"captura-y-almacenamiento-de-carbono","status":"publish","type":"page","link":"https:\/\/secc-oilandgas.com\/es\/captura-y-almacenamiento-de-carbono\/","title":{"rendered":"Captura y Almacenamiento de Carbono"},"content":{"rendered":"\n<p><span style=\"font-weight: 400;\">La Captura y Almacenamiento de Carbono (CAC) es una tecnolog\u00eda dise\u00f1ada para reducir el impacto de las emisiones de di\u00f3xido de carbono (CO\u2082) provenientes de procesos industriales y generaci\u00f3n de energ\u00eda. Implica capturar las emisiones de CO\u2082 en su fuente, transportarlas a un lugar de almacenamiento y almacenarlas de manera segura bajo tierra para evitar que lleguen a la atm\u00f3sfera.<\/span><\/p>\n\n\n\n<p><span style=\"font-weight: 400;\">Existen varios procesos asociados con CCS que requieren la transferencia segura de fluidos y gases fr\u00edos de un contenedor a otro de manera eficiente y sin p\u00e9rdidas. Esto incluye no solo la transferencia directa de CO\u2082, sino tambi\u00e9n diversas operaciones de inyecci\u00f3n, secado y muestreo. Por ello, se necesitan conectores que puedan acoplarse r\u00e1pidamente para habilitar la transferencia y desconectarse de manera segura para finalizarla o en caso de emergencia.<\/span><\/p>\n\n\n\n<p><span style=\"font-weight: 400;\">Secc cuenta con 20 a\u00f1os de experiencia e innovaci\u00f3n en el desarrollo y comercializaci\u00f3n de soluciones de Conexi\u00f3n y Desconexi\u00f3n R\u00e1pida (QCDC &#8211; por sus siglas en ingl\u00e9s). Las caracter\u00edsticas \u00fanicas de dise\u00f1o de esta tecnolog\u00eda y productos ofrecen a esta industria emergente exactamente lo que necesita: conectores que proporcionan una conexi\u00f3n seca, sin fugas y con capacidad repetitiva de conexi\u00f3n y desconexi\u00f3n.<\/span><\/p>\n\n\n\n<p><span style=\"font-weight: 400;\">El sistema Hot Make Hot Break (HMHB) de Secc es un acoplamiento de Conexi\u00f3n y Desconexi\u00f3n rapida (QCDC) que facilita las operaciones de secado con nitr\u00f3geno en un proyecto activo de CAC. Actualmente, Secc trabaja con socios del Reino Unido y Europa en el desarrollo de los primeros, <span style=\"font-weight: 400;\">m\u00e1s grandes y pr\u00e1cticos<\/span><\/span> <span style=\"font-weight: 400;\">sistemas de almacenamiento en pozos submarinos, hasta la fecha.<\/span><\/p>\n\n\n\n<h2 class=\"wp-block-heading\">Componentes de la Captura de Carbono<\/h2>\n\n\n\n<figure class=\"wp-block-image size-full\"><img loading=\"lazy\" decoding=\"async\" width=\"885\" height=\"467\" src=\"https:\/\/secc-oilandgas.com\/wp-content\/uploads\/2025\/04\/Screenshot-2025-04-22-173253.jpg\" alt=\"\" class=\"wp-image-3344\" srcset=\"https:\/\/secc-oilandgas.com\/wp-content\/uploads\/2025\/04\/Screenshot-2025-04-22-173253.jpg 885w, https:\/\/secc-oilandgas.com\/wp-content\/uploads\/2025\/04\/Screenshot-2025-04-22-173253-300x158.jpg 300w, https:\/\/secc-oilandgas.com\/wp-content\/uploads\/2025\/04\/Screenshot-2025-04-22-173253-768x405.jpg 768w\" sizes=\"auto, (max-width: 885px) 100vw, 885px\" \/><\/figure>\n\n\n\n<h2 class=\"wp-block-heading\">\u00bfD\u00f3nde pueden ayudar los acoplamientos de Secc?<\/h2>\n\n\n\n<h3 class=\"wp-block-heading\">Transporte<\/h3>\n\n\n\n<ul class=\"wp-block-list\">\n<li><span style=\"font-weight: 400;\"><strong>Transporte por tuber\u00edas<\/strong>: El m\u00e9todo m\u00e1s com\u00fan, donde el CO\u2082 se transporta a trav\u00e9s de tuber\u00edas hacia los sitios de almacenamiento.<\/span><\/li>\n\n\n\n<li><span style=\"font-weight: 400;\"><strong>Env\u00edo mar\u00edtimo<\/strong>: Utilizado para transportar CO\u2082 a largas distancias o a trav\u00e9s de cuerpos de agua.<\/span><\/li>\n\n\n\n<li><span style=\"font-weight: 400;\"><strong>Transporte por cami\u00f3n y ferrocarril<\/strong>: Estos m\u00e9todos son menos comunes, pero pueden emplearse para distancias cortas o etapas iniciales de transporte.<\/span><\/li>\n<\/ul>\n\n\n\n<h3 class=\"wp-block-heading\">Almacenamiento de CO\u2082<\/h3>\n\n\n\n<p><span style=\"font-weight: 400;\"><strong>Almacenamiento Geol\u00f3gico<\/strong>: El CO\u2082 se inyecta en formaciones rocosas subterr\u00e1neas, como yacimientos de petr\u00f3leo y gas agotados, acu\u00edferos salinos profundos o vetas de carb\u00f3n no explotables. Aprovechando las tecnolog\u00edas submarinas actuales, estos pozos submarinos requerir\u00e1n ser gestionados durante toda su vida \u00fatil. El uso del sistema Hot Make Hot Break (HMHB) de Secc como un punto permanente de acceso y conexi\u00f3n mejora y reduce los costos operativos.<\/span><\/p>\n\n\n\n<h3 class=\"wp-block-heading\"> Hot Make Hot Break &#8211; acoplamientos QCDC &#8211; de Secc<\/h3>\n\n\n\n<ol class=\"wp-block-list\">\n<li>Paso Completo<\/li>\n\n\n\n<li>Cero Ingreso<\/li>\n\n\n\n<li>Cero Derrame<\/li>\n\n\n\n<li>Cero Fugas<\/li>\n<\/ol>\n\n\n\n<figure class=\"wp-block-embed aligncenter is-type-video is-provider-youtube wp-block-embed-youtube wp-embed-aspect-16-9 wp-has-aspect-ratio\"><div class=\"wp-block-embed__wrapper\">\n<iframe loading=\"lazy\" title=\"HOT MAKE HOT BREAK -- HOW IT WORKS\" width=\"670\" height=\"377\" src=\"https:\/\/www.youtube.com\/embed\/jACLyrQXG-4?feature=oembed\" frameborder=\"0\" allow=\"accelerometer; autoplay; clipboard-write; encrypted-media; gyroscope; picture-in-picture; web-share\" referrerpolicy=\"strict-origin-when-cross-origin\" allowfullscreen><\/iframe>\n<\/div><\/figure>\n\n\n<div class=\"wp-block-image\">\n<figure class=\"aligncenter size-large is-resized\"><img loading=\"lazy\" decoding=\"async\" width=\"1024\" height=\"465\" src=\"https:\/\/secc-oilandgas.com\/wp-content\/uploads\/2024\/05\/Picture1-1024x465.jpg\" alt=\"\" class=\"wp-image-1425\" style=\"width:650px\" srcset=\"https:\/\/secc-oilandgas.com\/wp-content\/uploads\/2024\/05\/Picture1-1024x465.jpg 1024w, https:\/\/secc-oilandgas.com\/wp-content\/uploads\/2024\/05\/Picture1-300x136.jpg 300w, https:\/\/secc-oilandgas.com\/wp-content\/uploads\/2024\/05\/Picture1-768x349.jpg 768w, https:\/\/secc-oilandgas.com\/wp-content\/uploads\/2024\/05\/Picture1-1536x697.jpg 1536w, https:\/\/secc-oilandgas.com\/wp-content\/uploads\/2024\/05\/Picture1-2048x930.jpg 2048w\" sizes=\"auto, (max-width: 1024px) 100vw, 1024px\" \/><\/figure><\/div>\n\n\n<h2 class=\"wp-block-heading\">\u00bfCu\u00e1les son los beneficios del CAC?<\/h2>\n\n\n\n<ol class=\"wp-block-list\">\n<li><span style=\"font-weight: 400;\"><strong>Reducci\u00f3n de emisiones de gases de efecto invernadero<\/strong>: El CAC puede reducir significativamente las emisiones de CO\u2082 de fuentes industriales, ayudando a mitigar el cambio clim\u00e1tico.<\/span><\/li>\n\n\n\n<li><span style=\"font-weight: 400;\"><strong>Recuperaci\u00f3n mejorada de petr\u00f3leo (EOR)<\/strong>: El CO\u2082 puede inyectarse en yacimientos petrol\u00edferos para aumentar las tasas de extracci\u00f3n de petr\u00f3leo, proporcionando un uso para el CO\u2082 capturado y compensando parcialmente los costos del CAC.<\/span><\/li>\n\n\n\n<li><span style=\"font-weight: 400;\"><strong>Apoyo a la transici\u00f3n energ\u00e9tica<\/strong>: El CAC puede ayudar a cerrar la brecha entre la dependencia de los combustibles f\u00f3siles y la transici\u00f3n hacia fuentes de energ\u00eda renovable, reduciendo las emisiones de la infraestructura existente<\/span><\/li>\n\n\n\n<li><span style=\"font-weight: 400;\"><strong>Oportunidades econ\u00f3micas<\/strong>: El desarrollo de la tecnolog\u00eda e infraestructura de CCS puede generar empleos y estimular el crecimiento econ\u00f3mico en industrias relacionadas.<\/span><\/li>\n<\/ol>\n\n\n\n<p><span style=\"font-weight: 400;\">Para m\u00e1s informaci\u00f3n sobre los acoplamientos para CAC y c\u00f3mo Secc puede apoyar, por favor contacte a nuestro equipo de ventas: sales@secc-oilandgas.com<\/span><\/p>\n\n\n<figure class=\"wp-block-post-featured-image\"><img decoding=\"async\" src=\"https:\/\/secc-oilandgas.com\/wp-content\/uploads\/2024\/11\/SECC_Carbon-Capture-1500x500.png\" class=\"attachment-post-thumbnail size-post-thumbnail wp-post-image\" alt=\"\" style=\"object-fit:cover;\" \/><\/figure>","protected":false},"excerpt":{"rendered":"<p>La Captura y Almacenamiento de Carbono (CAC) es una tecnolog\u00eda dise\u00f1ada para reducir el impacto de las emisiones de di\u00f3xido de carbono (CO\u2082) provenientes de <\/p>\n<a href=\"https:\/\/secc-oilandgas.com\/es\/captura-y-almacenamiento-de-carbono\/\" class=\"readmore\">Read More<\/a>","protected":false},"author":9,"featured_media":2808,"parent":0,"menu_order":0,"comment_status":"closed","ping_status":"closed","template":"","meta":{"_acf_changed":false,"inline_featured_image":false,"_uag_custom_page_level_css":"","footnotes":""},"class_list":["post-3036","page","type-page","status-publish","has-post-thumbnail","hentry"],"acf":[],"yoast_head":"<!-- This site is optimized with the Yoast SEO plugin v26.0 - https:\/\/yoast.com\/wordpress\/plugins\/seo\/ -->\n<title>Captura y Almacenamiento de Carbono<\/title>\n<meta name=\"robots\" content=\"index, follow, max-snippet:-1, max-image-preview:large, max-video-preview:-1\" \/>\n<link rel=\"canonical\" href=\"https:\/\/secc-oilandgas.com\/es\/captura-y-almacenamiento-de-carbono\/\" \/>\n<meta property=\"og:locale\" content=\"es_ES\" \/>\n<meta property=\"og:type\" content=\"article\" \/>\n<meta property=\"og:title\" content=\"Captura y Almacenamiento de Carbono\" \/>\n<meta property=\"og:description\" content=\"La Captura y Almacenamiento de Carbono (CAC) es una tecnolog\u00eda dise\u00f1ada para reducir el impacto de las emisiones de di\u00f3xido de carbono (CO\u2082) provenientes de\" \/>\n<meta property=\"og:url\" content=\"https:\/\/secc-oilandgas.com\/es\/captura-y-almacenamiento-de-carbono\/\" \/>\n<meta property=\"og:site_name\" content=\"Secc Oil &amp; Gas Ltd\" \/>\n<meta property=\"article:publisher\" content=\"http:\/\/www.facebook.com\/seccoilgas\/\" \/>\n<meta property=\"article:modified_time\" content=\"2025-04-22T16:39:58+00:00\" \/>\n<meta property=\"og:image\" content=\"https:\/\/secc-oilandgas.com\/wp-content\/uploads\/2024\/11\/SECC_Carbon-Capture.png\" \/>\n\t<meta property=\"og:image:width\" content=\"5773\" \/>\n\t<meta property=\"og:image:height\" content=\"1523\" \/>\n\t<meta property=\"og:image:type\" content=\"image\/png\" \/>\n<meta name=\"twitter:card\" content=\"summary_large_image\" \/>\n<meta name=\"twitter:site\" content=\"@seccoilandgas\" \/>\n<meta name=\"twitter:label1\" content=\"Est. reading time\" \/>\n\t<meta name=\"twitter:data1\" content=\"4 minutes\" \/>\n<script type=\"application\/ld+json\" class=\"yoast-schema-graph\">{\"@context\":\"https:\/\/schema.org\",\"@graph\":[{\"@type\":\"WebPage\",\"@id\":\"https:\/\/secc-oilandgas.com\/es\/captura-y-almacenamiento-de-carbono\/\",\"url\":\"https:\/\/secc-oilandgas.com\/es\/captura-y-almacenamiento-de-carbono\/\",\"name\":\"Captura y Almacenamiento de Carbono\",\"isPartOf\":{\"@id\":\"https:\/\/secc-oilandgas.com\/es\/#website\"},\"primaryImageOfPage\":{\"@id\":\"https:\/\/secc-oilandgas.com\/es\/captura-y-almacenamiento-de-carbono\/#primaryimage\"},\"image\":{\"@id\":\"https:\/\/secc-oilandgas.com\/es\/captura-y-almacenamiento-de-carbono\/#primaryimage\"},\"thumbnailUrl\":\"https:\/\/secc-oilandgas.com\/wp-content\/uploads\/2024\/11\/SECC_Carbon-Capture.png\",\"datePublished\":\"2024-08-20T11:17:34+00:00\",\"dateModified\":\"2025-04-22T16:39:58+00:00\",\"breadcrumb\":{\"@id\":\"https:\/\/secc-oilandgas.com\/es\/captura-y-almacenamiento-de-carbono\/#breadcrumb\"},\"inLanguage\":\"es\",\"potentialAction\":[{\"@type\":\"ReadAction\",\"target\":[\"https:\/\/secc-oilandgas.com\/es\/captura-y-almacenamiento-de-carbono\/\"]}]},{\"@type\":\"ImageObject\",\"inLanguage\":\"es\",\"@id\":\"https:\/\/secc-oilandgas.com\/es\/captura-y-almacenamiento-de-carbono\/#primaryimage\",\"url\":\"https:\/\/secc-oilandgas.com\/wp-content\/uploads\/2024\/11\/SECC_Carbon-Capture.png\",\"contentUrl\":\"https:\/\/secc-oilandgas.com\/wp-content\/uploads\/2024\/11\/SECC_Carbon-Capture.png\",\"width\":5773,\"height\":1523},{\"@type\":\"BreadcrumbList\",\"@id\":\"https:\/\/secc-oilandgas.com\/es\/captura-y-almacenamiento-de-carbono\/#breadcrumb\",\"itemListElement\":[{\"@type\":\"ListItem\",\"position\":1,\"name\":\"Home\",\"item\":\"https:\/\/secc-oilandgas.com\/es\/\"},{\"@type\":\"ListItem\",\"position\":2,\"name\":\"Captura y Almacenamiento de Carbono\"}]},{\"@type\":\"WebSite\",\"@id\":\"https:\/\/secc-oilandgas.com\/es\/#website\",\"url\":\"https:\/\/secc-oilandgas.com\/es\/\",\"name\":\"Secc Oil &amp; Gas Ltd\",\"description\":\"\",\"publisher\":{\"@id\":\"https:\/\/secc-oilandgas.com\/es\/#organization\"},\"potentialAction\":[{\"@type\":\"SearchAction\",\"target\":{\"@type\":\"EntryPoint\",\"urlTemplate\":\"https:\/\/secc-oilandgas.com\/es\/?s={search_term_string}\"},\"query-input\":{\"@type\":\"PropertyValueSpecification\",\"valueRequired\":true,\"valueName\":\"search_term_string\"}}],\"inLanguage\":\"es\"},{\"@type\":\"Organization\",\"@id\":\"https:\/\/secc-oilandgas.com\/es\/#organization\",\"name\":\"Secc Oil & Gas Ltd\",\"url\":\"https:\/\/secc-oilandgas.com\/es\/\",\"logo\":{\"@type\":\"ImageObject\",\"inLanguage\":\"es\",\"@id\":\"https:\/\/secc-oilandgas.com\/es\/#\/schema\/logo\/image\/\",\"url\":\"https:\/\/secc-oilandgas.com\/wp-content\/uploads\/2018\/03\/SECC_logo_CMYK-grey-2018-JPEG-BORDER.jpg\",\"contentUrl\":\"https:\/\/secc-oilandgas.com\/wp-content\/uploads\/2018\/03\/SECC_logo_CMYK-grey-2018-JPEG-BORDER.jpg\",\"width\":1735,\"height\":1108,\"caption\":\"Secc Oil & Gas Ltd\"},\"image\":{\"@id\":\"https:\/\/secc-oilandgas.com\/es\/#\/schema\/logo\/image\/\"},\"sameAs\":[\"http:\/\/www.facebook.com\/seccoilgas\/\",\"https:\/\/x.com\/seccoilandgas\",\"https:\/\/www.linkedin.com\/company\/secc-oilandgas\/\"]}]}<\/script>\n<!-- \/ Yoast SEO plugin. -->","yoast_head_json":{"title":"Captura y Almacenamiento de Carbono","robots":{"index":"index","follow":"follow","max-snippet":"max-snippet:-1","max-image-preview":"max-image-preview:large","max-video-preview":"max-video-preview:-1"},"canonical":"https:\/\/secc-oilandgas.com\/es\/captura-y-almacenamiento-de-carbono\/","og_locale":"es_ES","og_type":"article","og_title":"Captura y Almacenamiento de Carbono","og_description":"La Captura y Almacenamiento de Carbono (CAC) es una tecnolog\u00eda dise\u00f1ada para reducir el impacto de las emisiones de di\u00f3xido de carbono (CO\u2082) provenientes de","og_url":"https:\/\/secc-oilandgas.com\/es\/captura-y-almacenamiento-de-carbono\/","og_site_name":"Secc Oil &amp; Gas Ltd","article_publisher":"http:\/\/www.facebook.com\/seccoilgas\/","article_modified_time":"2025-04-22T16:39:58+00:00","og_image":[{"width":5773,"height":1523,"url":"https:\/\/secc-oilandgas.com\/wp-content\/uploads\/2024\/11\/SECC_Carbon-Capture.png","type":"image\/png"}],"twitter_card":"summary_large_image","twitter_site":"@seccoilandgas","twitter_misc":{"Est. reading time":"4 minutes"},"schema":{"@context":"https:\/\/schema.org","@graph":[{"@type":"WebPage","@id":"https:\/\/secc-oilandgas.com\/es\/captura-y-almacenamiento-de-carbono\/","url":"https:\/\/secc-oilandgas.com\/es\/captura-y-almacenamiento-de-carbono\/","name":"Captura y Almacenamiento de Carbono","isPartOf":{"@id":"https:\/\/secc-oilandgas.com\/es\/#website"},"primaryImageOfPage":{"@id":"https:\/\/secc-oilandgas.com\/es\/captura-y-almacenamiento-de-carbono\/#primaryimage"},"image":{"@id":"https:\/\/secc-oilandgas.com\/es\/captura-y-almacenamiento-de-carbono\/#primaryimage"},"thumbnailUrl":"https:\/\/secc-oilandgas.com\/wp-content\/uploads\/2024\/11\/SECC_Carbon-Capture.png","datePublished":"2024-08-20T11:17:34+00:00","dateModified":"2025-04-22T16:39:58+00:00","breadcrumb":{"@id":"https:\/\/secc-oilandgas.com\/es\/captura-y-almacenamiento-de-carbono\/#breadcrumb"},"inLanguage":"es","potentialAction":[{"@type":"ReadAction","target":["https:\/\/secc-oilandgas.com\/es\/captura-y-almacenamiento-de-carbono\/"]}]},{"@type":"ImageObject","inLanguage":"es","@id":"https:\/\/secc-oilandgas.com\/es\/captura-y-almacenamiento-de-carbono\/#primaryimage","url":"https:\/\/secc-oilandgas.com\/wp-content\/uploads\/2024\/11\/SECC_Carbon-Capture.png","contentUrl":"https:\/\/secc-oilandgas.com\/wp-content\/uploads\/2024\/11\/SECC_Carbon-Capture.png","width":5773,"height":1523},{"@type":"BreadcrumbList","@id":"https:\/\/secc-oilandgas.com\/es\/captura-y-almacenamiento-de-carbono\/#breadcrumb","itemListElement":[{"@type":"ListItem","position":1,"name":"Home","item":"https:\/\/secc-oilandgas.com\/es\/"},{"@type":"ListItem","position":2,"name":"Captura y Almacenamiento de Carbono"}]},{"@type":"WebSite","@id":"https:\/\/secc-oilandgas.com\/es\/#website","url":"https:\/\/secc-oilandgas.com\/es\/","name":"Secc Oil &amp; Gas Ltd","description":"","publisher":{"@id":"https:\/\/secc-oilandgas.com\/es\/#organization"},"potentialAction":[{"@type":"SearchAction","target":{"@type":"EntryPoint","urlTemplate":"https:\/\/secc-oilandgas.com\/es\/?s={search_term_string}"},"query-input":{"@type":"PropertyValueSpecification","valueRequired":true,"valueName":"search_term_string"}}],"inLanguage":"es"},{"@type":"Organization","@id":"https:\/\/secc-oilandgas.com\/es\/#organization","name":"Secc Oil & Gas Ltd","url":"https:\/\/secc-oilandgas.com\/es\/","logo":{"@type":"ImageObject","inLanguage":"es","@id":"https:\/\/secc-oilandgas.com\/es\/#\/schema\/logo\/image\/","url":"https:\/\/secc-oilandgas.com\/wp-content\/uploads\/2018\/03\/SECC_logo_CMYK-grey-2018-JPEG-BORDER.jpg","contentUrl":"https:\/\/secc-oilandgas.com\/wp-content\/uploads\/2018\/03\/SECC_logo_CMYK-grey-2018-JPEG-BORDER.jpg","width":1735,"height":1108,"caption":"Secc Oil & Gas Ltd"},"image":{"@id":"https:\/\/secc-oilandgas.com\/es\/#\/schema\/logo\/image\/"},"sameAs":["http:\/\/www.facebook.com\/seccoilgas\/","https:\/\/x.com\/seccoilandgas","https:\/\/www.linkedin.com\/company\/secc-oilandgas\/"]}]}},"uagb_featured_image_src":{"full":["https:\/\/secc-oilandgas.com\/wp-content\/uploads\/2024\/11\/SECC_Carbon-Capture.png",5773,1523,false],"thumbnail":["https:\/\/secc-oilandgas.com\/wp-content\/uploads\/2024\/11\/SECC_Carbon-Capture-150x150.png",150,150,true],"medium":["https:\/\/secc-oilandgas.com\/wp-content\/uploads\/2024\/11\/SECC_Carbon-Capture-300x79.png",300,79,true],"medium_large":["https:\/\/secc-oilandgas.com\/wp-content\/uploads\/2024\/11\/SECC_Carbon-Capture-768x203.png",670,177,true],"large":["https:\/\/secc-oilandgas.com\/wp-content\/uploads\/2024\/11\/SECC_Carbon-Capture-1024x270.png",670,177,true],"1536x1536":["https:\/\/secc-oilandgas.com\/wp-content\/uploads\/2024\/11\/SECC_Carbon-Capture-1536x405.png",1536,405,true],"2048x2048":["https:\/\/secc-oilandgas.com\/wp-content\/uploads\/2024\/11\/SECC_Carbon-Capture-2048x540.png",2048,540,true],"post-thumbnail":["https:\/\/secc-oilandgas.com\/wp-content\/uploads\/2024\/11\/SECC_Carbon-Capture-1500x500.png",1500,500,true],"gallery-img":["https:\/\/secc-oilandgas.com\/wp-content\/uploads\/2024\/11\/SECC_Carbon-Capture-450x300.png",450,300,true]},"uagb_author_info":{"display_name":"Seb Atkinson","author_link":"https:\/\/secc-oilandgas.com\/es\/author\/sebatkinson\/"},"uagb_comment_info":0,"uagb_excerpt":"La Captura y Almacenamiento de Carbono (CAC) es una tecnolog\u00eda dise\u00f1ada para reducir el impacto de las emisiones de di\u00f3xido de carbono (CO\u2082) provenientes de","_links":{"self":[{"href":"https:\/\/secc-oilandgas.com\/es\/wp-json\/wp\/v2\/pages\/3036","targetHints":{"allow":["GET"]}}],"collection":[{"href":"https:\/\/secc-oilandgas.com\/es\/wp-json\/wp\/v2\/pages"}],"about":[{"href":"https:\/\/secc-oilandgas.com\/es\/wp-json\/wp\/v2\/types\/page"}],"author":[{"embeddable":true,"href":"https:\/\/secc-oilandgas.com\/es\/wp-json\/wp\/v2\/users\/9"}],"replies":[{"embeddable":true,"href":"https:\/\/secc-oilandgas.com\/es\/wp-json\/wp\/v2\/comments?post=3036"}],"version-history":[{"count":2,"href":"https:\/\/secc-oilandgas.com\/es\/wp-json\/wp\/v2\/pages\/3036\/revisions"}],"predecessor-version":[{"id":3347,"href":"https:\/\/secc-oilandgas.com\/es\/wp-json\/wp\/v2\/pages\/3036\/revisions\/3347"}],"wp:featuredmedia":[{"embeddable":true,"href":"https:\/\/secc-oilandgas.com\/es\/wp-json\/wp\/v2\/media\/2808"}],"wp:attachment":[{"href":"https:\/\/secc-oilandgas.com\/es\/wp-json\/wp\/v2\/media?parent=3036"}],"curies":[{"name":"wp","href":"https:\/\/api.w.org\/{rel}","templated":true}]}}