{"id":3040,"date":"2015-07-24T11:21:21","date_gmt":"2015-07-24T10:21:21","guid":{"rendered":"https:\/\/secc-oilandgas.com\/aplicaciones\/"},"modified":"2025-10-02T16:19:37","modified_gmt":"2025-10-02T15:19:37","slug":"aplicaciones","status":"publish","type":"page","link":"https:\/\/secc-oilandgas.com\/es\/aplicaciones\/","title":{"rendered":"Aplicaciones"},"content":{"rendered":"<p><span style=\"font-weight: 400;\">Las tecnolog\u00edas de acoplamientos y conectores de Secc apoyan una variedad de aplicaciones industriales, desde la intervenci\u00f3n en pozos submarinas hasta las transferencias de fluidos mar\u00edtimas. Trabajando en estrecha colaboraci\u00f3n con nuestro clientes, logramos desarrollar soluciones \u00f3ptimas y que se ajustan a\u00a0 necesidades operativas espec\u00edficas en estos mercados.<\/span><\/p>\n<p><span style=\"font-weight: 400;\">Nuestro compromiso con el desarrollo continuo y la innovaci\u00f3n de productos\u00a0 nos permite investigar constantemente formas de mejorar la manera en que nuestras tecnolog\u00edas satisfacen los requisitos de la industria en t\u00e9rminos de beneficios operativos, rendimiento, seguridad y velocidad de conexi\u00f3n.<\/span><\/p>\n\n\n<h2 class=\"wp-block-heading\">Explora nuestras aplicaciones<\/h2>\n\n\n\n<ul class=\"wp-block-list\">\n<li>Intervenci\u00f3n de pozos submarinos\n<ul class=\"wp-block-list\">\n<li>Estimulaci\u00f3n \u00e1cida<\/li>\n\n\n\n<li>Recuperaci\u00f3n mejorada de petr\u00f3leo<\/li>\n\n\n\n<li>Tratamiento de incrustaciones<\/li>\n\n\n\n<li>Control de Pozos<\/li>\n\n\n\n<li>Sellado y Abandono (P&amp;A)<\/li>\n<\/ul>\n<\/li>\n\n\n\n<li><span style=\"font-weight: 400;\">Hot Stabs<\/span><\/li>\n\n\n\n<li><span style=\"font-weight: 400;\">Transferencias marin<\/span>a<\/li>\n\n\n\n<li><span style=\"font-weight: 400;\">Desmantelamiento submarino<\/span><\/li>\n\n\n\n<li><span style=\"font-weight: 400;\">Captura y almacenamiento de CO2<\/span><\/li>\n\n\n\n<li>Alquiler de equipos<\/li>\n<\/ul>\n\n\n\n<p><\/p>\n","protected":false},"excerpt":{"rendered":"<p>Las tecnolog\u00edas de acoplamientos y conectores de Secc apoyan una variedad de aplicaciones industriales, desde la intervenci\u00f3n en pozos submarinas hasta las transferencias de fluidos <\/p>\n<a href=\"https:\/\/secc-oilandgas.com\/es\/aplicaciones\/\" class=\"readmore\">Read More<\/a>","protected":false},"author":1,"featured_media":2050,"parent":0,"menu_order":1,"comment_status":"closed","ping_status":"closed","template":"templates\/tpl-applications.php","meta":{"_acf_changed":false,"inline_featured_image":false,"_uag_custom_page_level_css":"","footnotes":""},"class_list":["post-3040","page","type-page","status-publish","has-post-thumbnail","hentry"],"acf":[],"yoast_head":"<!-- This site is optimized with the Yoast SEO plugin v26.0 - https:\/\/yoast.com\/wordpress\/plugins\/seo\/ -->\n<title>Aplicaciones &#8226; Secc Oil &amp; Gas Ltd<\/title>\n<meta name=\"description\" content=\"Las tecnolog\u00edas de acoplamientos y conectores de Secc apoyan una variedad de aplicaciones industriales, desde intervenci\u00f3n en pozos hasta transferencias mar\u00edtimas. Trabajando en estrecha colaboraci\u00f3n con nuestro clientes, logramos desarrollar soluciones \u00f3ptimas y que se ajustan a sus necesidades operativas espec\u00edficas en estos mercados.\" \/>\n<meta name=\"robots\" content=\"index, follow, max-snippet:-1, max-image-preview:large, max-video-preview:-1\" \/>\n<link rel=\"canonical\" href=\"https:\/\/secc-oilandgas.com\/es\/aplicaciones\/\" \/>\n<meta property=\"og:locale\" content=\"es_ES\" \/>\n<meta property=\"og:type\" content=\"article\" \/>\n<meta property=\"og:title\" content=\"Aplicaciones &#8226; Secc Oil &amp; Gas Ltd\" \/>\n<meta property=\"og:description\" content=\"Las tecnolog\u00edas de acoplamientos y conectores de Secc apoyan una variedad de aplicaciones industriales, desde intervenci\u00f3n en pozos hasta transferencias mar\u00edtimas. Trabajando en estrecha colaboraci\u00f3n con nuestro clientes, logramos desarrollar soluciones \u00f3ptimas y que se ajustan a sus necesidades operativas espec\u00edficas en estos mercados.\" \/>\n<meta property=\"og:url\" content=\"https:\/\/secc-oilandgas.com\/es\/aplicaciones\/\" \/>\n<meta property=\"og:site_name\" content=\"Secc Oil &amp; Gas Ltd\" \/>\n<meta property=\"article:publisher\" content=\"http:\/\/www.facebook.com\/seccoilgas\/\" \/>\n<meta property=\"article:modified_time\" content=\"2025-10-02T15:19:37+00:00\" \/>\n<meta property=\"og:image\" content=\"https:\/\/secc-oilandgas.com\/wp-content\/uploads\/2015\/08\/Header-1.jpg\" \/>\n\t<meta property=\"og:image:width\" content=\"2000\" \/>\n\t<meta property=\"og:image:height\" content=\"527\" \/>\n\t<meta property=\"og:image:type\" content=\"image\/jpeg\" \/>\n<meta name=\"twitter:card\" content=\"summary_large_image\" \/>\n<meta name=\"twitter:site\" content=\"@seccoilandgas\" \/>\n<meta name=\"twitter:label1\" content=\"Est. reading time\" \/>\n\t<meta name=\"twitter:data1\" content=\"1 minute\" \/>\n<script type=\"application\/ld+json\" class=\"yoast-schema-graph\">{\"@context\":\"https:\/\/schema.org\",\"@graph\":[{\"@type\":\"WebPage\",\"@id\":\"https:\/\/secc-oilandgas.com\/es\/aplicaciones\/\",\"url\":\"https:\/\/secc-oilandgas.com\/es\/aplicaciones\/\",\"name\":\"Aplicaciones &#8226; Secc Oil &amp; Gas Ltd\",\"isPartOf\":{\"@id\":\"https:\/\/secc-oilandgas.com\/es\/#website\"},\"primaryImageOfPage\":{\"@id\":\"https:\/\/secc-oilandgas.com\/es\/aplicaciones\/#primaryimage\"},\"image\":{\"@id\":\"https:\/\/secc-oilandgas.com\/es\/aplicaciones\/#primaryimage\"},\"thumbnailUrl\":\"https:\/\/secc-oilandgas.com\/wp-content\/uploads\/2015\/08\/Header-1.jpg\",\"datePublished\":\"2015-07-24T10:21:21+00:00\",\"dateModified\":\"2025-10-02T15:19:37+00:00\",\"description\":\"Las tecnolog\u00edas de acoplamientos y conectores de Secc apoyan una variedad de aplicaciones industriales, desde intervenci\u00f3n en pozos hasta transferencias mar\u00edtimas. Trabajando en estrecha colaboraci\u00f3n con nuestro clientes, logramos desarrollar soluciones \u00f3ptimas y que se ajustan a sus necesidades operativas espec\u00edficas en estos mercados.\",\"breadcrumb\":{\"@id\":\"https:\/\/secc-oilandgas.com\/es\/aplicaciones\/#breadcrumb\"},\"inLanguage\":\"es\",\"potentialAction\":[{\"@type\":\"ReadAction\",\"target\":[\"https:\/\/secc-oilandgas.com\/es\/aplicaciones\/\"]}]},{\"@type\":\"ImageObject\",\"inLanguage\":\"es\",\"@id\":\"https:\/\/secc-oilandgas.com\/es\/aplicaciones\/#primaryimage\",\"url\":\"https:\/\/secc-oilandgas.com\/wp-content\/uploads\/2015\/08\/Header-1.jpg\",\"contentUrl\":\"https:\/\/secc-oilandgas.com\/wp-content\/uploads\/2015\/08\/Header-1.jpg\",\"width\":2000,\"height\":527},{\"@type\":\"BreadcrumbList\",\"@id\":\"https:\/\/secc-oilandgas.com\/es\/aplicaciones\/#breadcrumb\",\"itemListElement\":[{\"@type\":\"ListItem\",\"position\":1,\"name\":\"Home\",\"item\":\"https:\/\/secc-oilandgas.com\/es\/\"},{\"@type\":\"ListItem\",\"position\":2,\"name\":\"Aplicaciones\"}]},{\"@type\":\"WebSite\",\"@id\":\"https:\/\/secc-oilandgas.com\/es\/#website\",\"url\":\"https:\/\/secc-oilandgas.com\/es\/\",\"name\":\"Secc Oil &amp; Gas Ltd\",\"description\":\"\",\"publisher\":{\"@id\":\"https:\/\/secc-oilandgas.com\/es\/#organization\"},\"potentialAction\":[{\"@type\":\"SearchAction\",\"target\":{\"@type\":\"EntryPoint\",\"urlTemplate\":\"https:\/\/secc-oilandgas.com\/es\/?s={search_term_string}\"},\"query-input\":{\"@type\":\"PropertyValueSpecification\",\"valueRequired\":true,\"valueName\":\"search_term_string\"}}],\"inLanguage\":\"es\"},{\"@type\":\"Organization\",\"@id\":\"https:\/\/secc-oilandgas.com\/es\/#organization\",\"name\":\"Secc Oil & Gas Ltd\",\"url\":\"https:\/\/secc-oilandgas.com\/es\/\",\"logo\":{\"@type\":\"ImageObject\",\"inLanguage\":\"es\",\"@id\":\"https:\/\/secc-oilandgas.com\/es\/#\/schema\/logo\/image\/\",\"url\":\"https:\/\/secc-oilandgas.com\/wp-content\/uploads\/2018\/03\/SECC_logo_CMYK-grey-2018-JPEG-BORDER.jpg\",\"contentUrl\":\"https:\/\/secc-oilandgas.com\/wp-content\/uploads\/2018\/03\/SECC_logo_CMYK-grey-2018-JPEG-BORDER.jpg\",\"width\":1735,\"height\":1108,\"caption\":\"Secc Oil & Gas Ltd\"},\"image\":{\"@id\":\"https:\/\/secc-oilandgas.com\/es\/#\/schema\/logo\/image\/\"},\"sameAs\":[\"http:\/\/www.facebook.com\/seccoilgas\/\",\"https:\/\/x.com\/seccoilandgas\",\"https:\/\/www.linkedin.com\/company\/secc-oilandgas\/\"]}]}<\/script>\n<!-- \/ Yoast SEO plugin. -->","yoast_head_json":{"title":"Aplicaciones &#8226; Secc Oil &amp; Gas Ltd","description":"Las tecnolog\u00edas de acoplamientos y conectores de Secc apoyan una variedad de aplicaciones industriales, desde intervenci\u00f3n en pozos hasta transferencias mar\u00edtimas. Trabajando en estrecha colaboraci\u00f3n con nuestro clientes, logramos desarrollar soluciones \u00f3ptimas y que se ajustan a sus necesidades operativas espec\u00edficas en estos mercados.","robots":{"index":"index","follow":"follow","max-snippet":"max-snippet:-1","max-image-preview":"max-image-preview:large","max-video-preview":"max-video-preview:-1"},"canonical":"https:\/\/secc-oilandgas.com\/es\/aplicaciones\/","og_locale":"es_ES","og_type":"article","og_title":"Aplicaciones &#8226; Secc Oil &amp; Gas Ltd","og_description":"Las tecnolog\u00edas de acoplamientos y conectores de Secc apoyan una variedad de aplicaciones industriales, desde intervenci\u00f3n en pozos hasta transferencias mar\u00edtimas. Trabajando en estrecha colaboraci\u00f3n con nuestro clientes, logramos desarrollar soluciones \u00f3ptimas y que se ajustan a sus necesidades operativas espec\u00edficas en estos mercados.","og_url":"https:\/\/secc-oilandgas.com\/es\/aplicaciones\/","og_site_name":"Secc Oil &amp; Gas Ltd","article_publisher":"http:\/\/www.facebook.com\/seccoilgas\/","article_modified_time":"2025-10-02T15:19:37+00:00","og_image":[{"width":2000,"height":527,"url":"https:\/\/secc-oilandgas.com\/wp-content\/uploads\/2015\/08\/Header-1.jpg","type":"image\/jpeg"}],"twitter_card":"summary_large_image","twitter_site":"@seccoilandgas","twitter_misc":{"Est. reading time":"1 minute"},"schema":{"@context":"https:\/\/schema.org","@graph":[{"@type":"WebPage","@id":"https:\/\/secc-oilandgas.com\/es\/aplicaciones\/","url":"https:\/\/secc-oilandgas.com\/es\/aplicaciones\/","name":"Aplicaciones &#8226; Secc Oil &amp; Gas Ltd","isPartOf":{"@id":"https:\/\/secc-oilandgas.com\/es\/#website"},"primaryImageOfPage":{"@id":"https:\/\/secc-oilandgas.com\/es\/aplicaciones\/#primaryimage"},"image":{"@id":"https:\/\/secc-oilandgas.com\/es\/aplicaciones\/#primaryimage"},"thumbnailUrl":"https:\/\/secc-oilandgas.com\/wp-content\/uploads\/2015\/08\/Header-1.jpg","datePublished":"2015-07-24T10:21:21+00:00","dateModified":"2025-10-02T15:19:37+00:00","description":"Las tecnolog\u00edas de acoplamientos y conectores de Secc apoyan una variedad de aplicaciones industriales, desde intervenci\u00f3n en pozos hasta transferencias mar\u00edtimas. Trabajando en estrecha colaboraci\u00f3n con nuestro clientes, logramos desarrollar soluciones \u00f3ptimas y que se ajustan a sus necesidades operativas espec\u00edficas en estos mercados.","breadcrumb":{"@id":"https:\/\/secc-oilandgas.com\/es\/aplicaciones\/#breadcrumb"},"inLanguage":"es","potentialAction":[{"@type":"ReadAction","target":["https:\/\/secc-oilandgas.com\/es\/aplicaciones\/"]}]},{"@type":"ImageObject","inLanguage":"es","@id":"https:\/\/secc-oilandgas.com\/es\/aplicaciones\/#primaryimage","url":"https:\/\/secc-oilandgas.com\/wp-content\/uploads\/2015\/08\/Header-1.jpg","contentUrl":"https:\/\/secc-oilandgas.com\/wp-content\/uploads\/2015\/08\/Header-1.jpg","width":2000,"height":527},{"@type":"BreadcrumbList","@id":"https:\/\/secc-oilandgas.com\/es\/aplicaciones\/#breadcrumb","itemListElement":[{"@type":"ListItem","position":1,"name":"Home","item":"https:\/\/secc-oilandgas.com\/es\/"},{"@type":"ListItem","position":2,"name":"Aplicaciones"}]},{"@type":"WebSite","@id":"https:\/\/secc-oilandgas.com\/es\/#website","url":"https:\/\/secc-oilandgas.com\/es\/","name":"Secc Oil &amp; Gas Ltd","description":"","publisher":{"@id":"https:\/\/secc-oilandgas.com\/es\/#organization"},"potentialAction":[{"@type":"SearchAction","target":{"@type":"EntryPoint","urlTemplate":"https:\/\/secc-oilandgas.com\/es\/?s={search_term_string}"},"query-input":{"@type":"PropertyValueSpecification","valueRequired":true,"valueName":"search_term_string"}}],"inLanguage":"es"},{"@type":"Organization","@id":"https:\/\/secc-oilandgas.com\/es\/#organization","name":"Secc Oil & Gas Ltd","url":"https:\/\/secc-oilandgas.com\/es\/","logo":{"@type":"ImageObject","inLanguage":"es","@id":"https:\/\/secc-oilandgas.com\/es\/#\/schema\/logo\/image\/","url":"https:\/\/secc-oilandgas.com\/wp-content\/uploads\/2018\/03\/SECC_logo_CMYK-grey-2018-JPEG-BORDER.jpg","contentUrl":"https:\/\/secc-oilandgas.com\/wp-content\/uploads\/2018\/03\/SECC_logo_CMYK-grey-2018-JPEG-BORDER.jpg","width":1735,"height":1108,"caption":"Secc Oil & Gas Ltd"},"image":{"@id":"https:\/\/secc-oilandgas.com\/es\/#\/schema\/logo\/image\/"},"sameAs":["http:\/\/www.facebook.com\/seccoilgas\/","https:\/\/x.com\/seccoilandgas","https:\/\/www.linkedin.com\/company\/secc-oilandgas\/"]}]}},"uagb_featured_image_src":{"full":["https:\/\/secc-oilandgas.com\/wp-content\/uploads\/2015\/08\/Header-1.jpg",2000,527,false],"thumbnail":["https:\/\/secc-oilandgas.com\/wp-content\/uploads\/2015\/08\/Header-1-150x150.jpg",150,150,true],"medium":["https:\/\/secc-oilandgas.com\/wp-content\/uploads\/2015\/08\/Header-1-300x79.jpg",300,79,true],"medium_large":["https:\/\/secc-oilandgas.com\/wp-content\/uploads\/2015\/08\/Header-1.jpg",670,177,false],"large":["https:\/\/secc-oilandgas.com\/wp-content\/uploads\/2015\/08\/Header-1-1024x270.jpg",670,177,true],"1536x1536":["https:\/\/secc-oilandgas.com\/wp-content\/uploads\/2015\/08\/Header-1.jpg",1536,405,false],"2048x2048":["https:\/\/secc-oilandgas.com\/wp-content\/uploads\/2015\/08\/Header-1.jpg",2000,527,false],"post-thumbnail":["https:\/\/secc-oilandgas.com\/wp-content\/uploads\/2015\/08\/Header-1-1500x500.jpg",1500,500,true],"gallery-img":["https:\/\/secc-oilandgas.com\/wp-content\/uploads\/2015\/08\/Header-1-450x300.jpg",450,300,true]},"uagb_author_info":{"display_name":"SECC","author_link":"https:\/\/secc-oilandgas.com\/es\/author\/teamvalleyweb\/"},"uagb_comment_info":0,"uagb_excerpt":"Las tecnolog\u00edas de acoplamientos y conectores de Secc apoyan una variedad de aplicaciones industriales, desde la intervenci\u00f3n en pozos submarinas hasta las transferencias de fluidos","_links":{"self":[{"href":"https:\/\/secc-oilandgas.com\/es\/wp-json\/wp\/v2\/pages\/3040","targetHints":{"allow":["GET"]}}],"collection":[{"href":"https:\/\/secc-oilandgas.com\/es\/wp-json\/wp\/v2\/pages"}],"about":[{"href":"https:\/\/secc-oilandgas.com\/es\/wp-json\/wp\/v2\/types\/page"}],"author":[{"embeddable":true,"href":"https:\/\/secc-oilandgas.com\/es\/wp-json\/wp\/v2\/users\/1"}],"replies":[{"embeddable":true,"href":"https:\/\/secc-oilandgas.com\/es\/wp-json\/wp\/v2\/comments?post=3040"}],"version-history":[{"count":7,"href":"https:\/\/secc-oilandgas.com\/es\/wp-json\/wp\/v2\/pages\/3040\/revisions"}],"predecessor-version":[{"id":3952,"href":"https:\/\/secc-oilandgas.com\/es\/wp-json\/wp\/v2\/pages\/3040\/revisions\/3952"}],"wp:featuredmedia":[{"embeddable":true,"href":"https:\/\/secc-oilandgas.com\/es\/wp-json\/wp\/v2\/media\/2050"}],"wp:attachment":[{"href":"https:\/\/secc-oilandgas.com\/es\/wp-json\/wp\/v2\/media?parent=3040"}],"curies":[{"name":"wp","href":"https:\/\/api.w.org\/{rel}","templated":true}]}}