{"id":3042,"date":"2015-07-24T11:35:45","date_gmt":"2015-07-24T10:35:45","guid":{"rendered":"https:\/\/secc-oilandgas.com\/tratamiento-de-remocion-de-incrustaciones\/"},"modified":"2025-10-02T17:21:04","modified_gmt":"2025-10-02T16:21:04","slug":"tratamiento-de-remocion-de-incrustaciones","status":"publish","type":"page","link":"https:\/\/secc-oilandgas.com\/es\/aplicaciones\/intervencion-en-pozos-submarinos\/tratamiento-de-remocion-de-incrustaciones\/","title":{"rendered":"Tratamiento de incrustaciones"},"content":{"rendered":"<p class=\"\" data-start=\"95\" data-end=\"584\">Las soluciones de acoplamientos submarinos tipo <strong data-start=\"110\" data-end=\"124\">EQD (de desconexi\u00f3n r\u00e1pida de emergencia) <\/strong>de Secc otorgan a los operadores un control sin precedentes sobre las actividades de tratamiento de incrustaciones, en particular las inyecciones. Los acoplamientos submarinos tipo<strong data-start=\"285\" data-end=\"299\">\u00a0EQD<\/strong> permiten una mayor eficiencia y flexibilidad, proporcionando un punto de conexi\u00f3n permanente submarino equipado con la capacidad de <strong data-start=\"428\" data-end=\"470\">desconexi\u00f3n r\u00e1pida de emergencia (EQD)<\/strong> del acoplamiento<strong data-start=\"476\" data-end=\"514\">\u00a0Hot Make Hot Break (HMHB), <\/strong>un verdadero <strong data-start=\"529\" data-end=\"583\">acoplamiento de conexi\u00f3n y\u00a0 desconexi\u00f3n r\u00e1pida (QCDC)<\/strong>.<\/p>\n<p class=\"\" data-start=\"586\" data-end=\"1137\">La instalaci\u00f3n de un acoplamiento tipo <strong data-start=\"607\" data-end=\"615\">QCDC<\/strong> permanente (un HMHB) en equipos de producci\u00f3n submarinos reduce el\u00a0 tama\u00f1o del equipo y el espacio requerido en la cubierta del buque ligero dedicado a la intervenci\u00f3n hidr\u00e1ulica de los pozos. Esto permite eliminar por completo la necesidad de un buque de intervenci\u00f3n dedicado, permitiendo a los operadores usar embarcaciones m\u00e1s peque\u00f1as y con mayor disponibilidad. Este enfoque reduce significativamente los tiempos de ejecuci\u00f3n del proyecto, la complejidad operativa y los costes asociados, permitiendo que los tratamientos de escala se realicen de manera m\u00e1s r\u00e1pida y rentable.<\/p>\n<p class=\"\" data-start=\"1139\" data-end=\"1633\">El dise\u00f1o innovador de los acoplamientos de Secc, que incorporan un mecanismo de paso completo y de presi\u00f3n balanceada, garantiza que los operadores puedan bombear fluidos a altos caudales flujo con una m\u00ednima p\u00e9rdida de presi\u00f3n, incluso a profundidades extremas de hasta 3000 metros. Este rendimiento robusto es fundamental para abordar los dep\u00f3sitos de incrustaciones de manera eficiente, asegurando un flujo continuo y sin interrupciones, y protegiendo la integridad a largo plazo de los activos submarinos.<\/p>\n<p class=\"\" data-start=\"1635\" data-end=\"1805\">La tecnolog\u00eda de acoplamientos <strong data-start=\"1649\" data-end=\"1656\">EQD<\/strong> de Secc ofrece una versatilidad incomparable, permitiendo que los programas de intervenci\u00f3n se ejecuten a trav\u00e9s de dos configuraciones principales:<\/p>\n<ul>\n<li><span style=\"font-weight: 400;\"><strong>Despliegue temporal:<\/strong> Utilizando un colector dedicado para la intervenci\u00f3n, posicionado temporalmente en el lecho marino.<\/span><\/li>\n<li><span style=\"font-weight: 400;\"><strong>Instalaci\u00f3n permanente:<\/strong> Integrando el acoplamiento tipo Hot Make Hot Break de forma permanente en el colector m\u00faltiple o directamente en el \u00e1rbol de navidad submarino, lo que permite intervenciones r\u00e1pidas y repetidas sin necesidad de configuraciones adicionales.<\/span><\/li>\n<\/ul>\n<p><span style=\"font-weight: 400;\">Secc colabora estrechamente con sus clientes para innovar y perfeccionar continuamente soluciones que mejoren su capacidad de acceso e intervenci\u00f3n en equipos submarinos existentes. Este compromiso garantiza que los tratamientos de remoci\u00f3n de incrustaciones se lleven a cabo con la m\u00e1xima rapidez, precisi\u00f3n y eficiencia, ayudando a los operadores a minimizar los tiempos de inactividad de producci\u00f3n y optimizar el rendimiento de los pozos.<\/span><\/p>\n<p><span style=\"font-weight: 400;\">La capacidad de Conexi\u00f3n y Desconexi\u00f3n R\u00e1pida (QCDC) del acoplamiento Hot Make Hot Break agiliza a\u00fan m\u00e1s las operaciones al reducir el tiempo necesario para conectar, desconectar y reconectar con el activo. Esta caracter\u00edstica es especialmente valiosa en escenarios que requieren una desconexi\u00f3n r\u00e1pida, como condiciones meteorol\u00f3gicas adversas u otros desaf\u00edos imprevistos, garantizando la seguridad y la continuidad operativa.<\/span><\/p>\n<p><span style=\"font-weight: 400;\">Al integrar la tecnolog\u00eda de acoplamientos de \u00faltima generaci\u00f3n de Secc en sus estrategias de intervenci\u00f3n, los operadores pueden lograr importantes ahorros, mejorando el rendimiento de los activos y extendiendo la vida productiva de sus pozos, todo mientras reducen los riesgos operativos y mejoran la eficiencia general de los programas de remoci\u00f3n de incrustaciones.<\/span><\/p>\n","protected":false},"excerpt":{"rendered":"<p>Las soluciones de acoplamientos submarinos tipo EQD (de desconexi\u00f3n r\u00e1pida de emergencia) de Secc otorgan a los operadores un control sin precedentes sobre las actividades <\/p>\n<a href=\"https:\/\/secc-oilandgas.com\/es\/aplicaciones\/intervencion-en-pozos-submarinos\/tratamiento-de-remocion-de-incrustaciones\/\" class=\"readmore\">Read More<\/a>","protected":false},"author":1,"featured_media":2818,"parent":3047,"menu_order":3,"comment_status":"closed","ping_status":"closed","template":"","meta":{"_acf_changed":false,"inline_featured_image":false,"_uag_custom_page_level_css":"","footnotes":""},"class_list":["post-3042","page","type-page","status-publish","has-post-thumbnail","hentry"],"acf":[],"yoast_head":"<!-- This site is optimized with the Yoast SEO plugin v26.0 - https:\/\/yoast.com\/wordpress\/plugins\/seo\/ -->\n<title>Tratamiento de incrustaciones &#8226; Secc Oil &amp; Gas Ltd<\/title>\n<meta name=\"description\" content=\"Las soluciones de acoplamientos submarinos tipo EQD de Secc otorgan a los operadores un control sin precedentes sobre las actividades de tratamiento de incrustaciones, en particular las inyecciones. Los acoplamientos submarinos tipo\u00a0EQD permiten una mayor eficiencia y flexibilidad, proporcionando un punto de conexi\u00f3n permanente submarino equipado con la capacidad de desconexi\u00f3n r\u00e1pida de emergencia (EQD) del acoplamiento Hot Make Hot Break (HMHB), un verdadero acoplamiento de conexi\u00f3n y\u00a0 desconexi\u00f3n r\u00e1pida (QCDC).\" \/>\n<meta name=\"robots\" content=\"index, follow, max-snippet:-1, max-image-preview:large, max-video-preview:-1\" \/>\n<link rel=\"canonical\" href=\"https:\/\/secc-oilandgas.com\/es\/aplicaciones\/intervencion-en-pozos-submarinos\/tratamiento-de-remocion-de-incrustaciones\/\" \/>\n<meta property=\"og:locale\" content=\"es_ES\" \/>\n<meta property=\"og:type\" content=\"article\" \/>\n<meta property=\"og:title\" content=\"Tratamiento de incrustaciones &#8226; Secc Oil &amp; Gas Ltd\" \/>\n<meta property=\"og:description\" content=\"Las soluciones de acoplamientos submarinos tipo EQD de Secc otorgan a los operadores un control sin precedentes sobre las actividades de tratamiento de incrustaciones, en particular las inyecciones. Los acoplamientos submarinos tipo\u00a0EQD permiten una mayor eficiencia y flexibilidad, proporcionando un punto de conexi\u00f3n permanente submarino equipado con la capacidad de desconexi\u00f3n r\u00e1pida de emergencia (EQD) del acoplamiento Hot Make Hot Break (HMHB), un verdadero acoplamiento de conexi\u00f3n y\u00a0 desconexi\u00f3n r\u00e1pida (QCDC).\" \/>\n<meta property=\"og:url\" content=\"https:\/\/secc-oilandgas.com\/es\/aplicaciones\/intervencion-en-pozos-submarinos\/tratamiento-de-remocion-de-incrustaciones\/\" \/>\n<meta property=\"og:site_name\" content=\"Secc Oil &amp; Gas Ltd\" \/>\n<meta property=\"article:publisher\" content=\"http:\/\/www.facebook.com\/seccoilgas\/\" \/>\n<meta property=\"article:modified_time\" content=\"2025-10-02T16:21:04+00:00\" \/>\n<meta property=\"og:image\" content=\"https:\/\/secc-oilandgas.com\/wp-content\/uploads\/2024\/11\/SECC_Subsea-Intervention_REVISED.png\" \/>\n\t<meta property=\"og:image:width\" content=\"5771\" \/>\n\t<meta property=\"og:image:height\" content=\"1523\" \/>\n\t<meta property=\"og:image:type\" content=\"image\/png\" \/>\n<meta name=\"twitter:card\" content=\"summary_large_image\" \/>\n<meta name=\"twitter:site\" content=\"@seccoilandgas\" \/>\n<meta name=\"twitter:label1\" content=\"Est. reading time\" \/>\n\t<meta name=\"twitter:data1\" content=\"3 minutes\" \/>\n<script type=\"application\/ld+json\" class=\"yoast-schema-graph\">{\"@context\":\"https:\/\/schema.org\",\"@graph\":[{\"@type\":\"WebPage\",\"@id\":\"https:\/\/secc-oilandgas.com\/es\/aplicaciones\/intervencion-en-pozos-submarinos\/tratamiento-de-remocion-de-incrustaciones\/\",\"url\":\"https:\/\/secc-oilandgas.com\/es\/aplicaciones\/intervencion-en-pozos-submarinos\/tratamiento-de-remocion-de-incrustaciones\/\",\"name\":\"Tratamiento de incrustaciones &#8226; Secc Oil &amp; Gas Ltd\",\"isPartOf\":{\"@id\":\"https:\/\/secc-oilandgas.com\/es\/#website\"},\"primaryImageOfPage\":{\"@id\":\"https:\/\/secc-oilandgas.com\/es\/aplicaciones\/intervencion-en-pozos-submarinos\/tratamiento-de-remocion-de-incrustaciones\/#primaryimage\"},\"image\":{\"@id\":\"https:\/\/secc-oilandgas.com\/es\/aplicaciones\/intervencion-en-pozos-submarinos\/tratamiento-de-remocion-de-incrustaciones\/#primaryimage\"},\"thumbnailUrl\":\"https:\/\/secc-oilandgas.com\/wp-content\/uploads\/2024\/11\/SECC_Subsea-Intervention_REVISED.png\",\"datePublished\":\"2015-07-24T10:35:45+00:00\",\"dateModified\":\"2025-10-02T16:21:04+00:00\",\"description\":\"Las soluciones de acoplamientos submarinos tipo EQD de Secc otorgan a los operadores un control sin precedentes sobre las actividades de tratamiento de incrustaciones, en particular las inyecciones. Los acoplamientos submarinos tipo\u00a0EQD permiten una mayor eficiencia y flexibilidad, proporcionando un punto de conexi\u00f3n permanente submarino equipado con la capacidad de desconexi\u00f3n r\u00e1pida de emergencia (EQD) del acoplamiento Hot Make Hot Break (HMHB), un verdadero acoplamiento de conexi\u00f3n y\u00a0 desconexi\u00f3n r\u00e1pida (QCDC).\",\"breadcrumb\":{\"@id\":\"https:\/\/secc-oilandgas.com\/es\/aplicaciones\/intervencion-en-pozos-submarinos\/tratamiento-de-remocion-de-incrustaciones\/#breadcrumb\"},\"inLanguage\":\"es\",\"potentialAction\":[{\"@type\":\"ReadAction\",\"target\":[\"https:\/\/secc-oilandgas.com\/es\/aplicaciones\/intervencion-en-pozos-submarinos\/tratamiento-de-remocion-de-incrustaciones\/\"]}]},{\"@type\":\"ImageObject\",\"inLanguage\":\"es\",\"@id\":\"https:\/\/secc-oilandgas.com\/es\/aplicaciones\/intervencion-en-pozos-submarinos\/tratamiento-de-remocion-de-incrustaciones\/#primaryimage\",\"url\":\"https:\/\/secc-oilandgas.com\/wp-content\/uploads\/2024\/11\/SECC_Subsea-Intervention_REVISED.png\",\"contentUrl\":\"https:\/\/secc-oilandgas.com\/wp-content\/uploads\/2024\/11\/SECC_Subsea-Intervention_REVISED.png\",\"width\":5771,\"height\":1523},{\"@type\":\"BreadcrumbList\",\"@id\":\"https:\/\/secc-oilandgas.com\/es\/aplicaciones\/intervencion-en-pozos-submarinos\/tratamiento-de-remocion-de-incrustaciones\/#breadcrumb\",\"itemListElement\":[{\"@type\":\"ListItem\",\"position\":1,\"name\":\"Home\",\"item\":\"https:\/\/secc-oilandgas.com\/es\/\"},{\"@type\":\"ListItem\",\"position\":2,\"name\":\"Aplicaciones\",\"item\":\"https:\/\/secc-oilandgas.com\/es\/aplicaciones\/\"},{\"@type\":\"ListItem\",\"position\":3,\"name\":\"Intervenci\u00f3n en pozos submarinos\",\"item\":\"https:\/\/secc-oilandgas.com\/es\/aplicaciones\/intervencion-en-pozos-submarinos\/\"},{\"@type\":\"ListItem\",\"position\":4,\"name\":\"Tratamiento de incrustaciones\"}]},{\"@type\":\"WebSite\",\"@id\":\"https:\/\/secc-oilandgas.com\/es\/#website\",\"url\":\"https:\/\/secc-oilandgas.com\/es\/\",\"name\":\"Secc Oil &amp; Gas Ltd\",\"description\":\"\",\"publisher\":{\"@id\":\"https:\/\/secc-oilandgas.com\/es\/#organization\"},\"potentialAction\":[{\"@type\":\"SearchAction\",\"target\":{\"@type\":\"EntryPoint\",\"urlTemplate\":\"https:\/\/secc-oilandgas.com\/es\/?s={search_term_string}\"},\"query-input\":{\"@type\":\"PropertyValueSpecification\",\"valueRequired\":true,\"valueName\":\"search_term_string\"}}],\"inLanguage\":\"es\"},{\"@type\":\"Organization\",\"@id\":\"https:\/\/secc-oilandgas.com\/es\/#organization\",\"name\":\"Secc Oil & Gas Ltd\",\"url\":\"https:\/\/secc-oilandgas.com\/es\/\",\"logo\":{\"@type\":\"ImageObject\",\"inLanguage\":\"es\",\"@id\":\"https:\/\/secc-oilandgas.com\/es\/#\/schema\/logo\/image\/\",\"url\":\"https:\/\/secc-oilandgas.com\/wp-content\/uploads\/2018\/03\/SECC_logo_CMYK-grey-2018-JPEG-BORDER.jpg\",\"contentUrl\":\"https:\/\/secc-oilandgas.com\/wp-content\/uploads\/2018\/03\/SECC_logo_CMYK-grey-2018-JPEG-BORDER.jpg\",\"width\":1735,\"height\":1108,\"caption\":\"Secc Oil & Gas Ltd\"},\"image\":{\"@id\":\"https:\/\/secc-oilandgas.com\/es\/#\/schema\/logo\/image\/\"},\"sameAs\":[\"http:\/\/www.facebook.com\/seccoilgas\/\",\"https:\/\/x.com\/seccoilandgas\",\"https:\/\/www.linkedin.com\/company\/secc-oilandgas\/\"]}]}<\/script>\n<!-- \/ Yoast SEO plugin. -->","yoast_head_json":{"title":"Tratamiento de incrustaciones &#8226; Secc Oil &amp; Gas Ltd","description":"Las soluciones de acoplamientos submarinos tipo EQD de Secc otorgan a los operadores un control sin precedentes sobre las actividades de tratamiento de incrustaciones, en particular las inyecciones. Los acoplamientos submarinos tipo\u00a0EQD permiten una mayor eficiencia y flexibilidad, proporcionando un punto de conexi\u00f3n permanente submarino equipado con la capacidad de desconexi\u00f3n r\u00e1pida de emergencia (EQD) del acoplamiento Hot Make Hot Break (HMHB), un verdadero acoplamiento de conexi\u00f3n y\u00a0 desconexi\u00f3n r\u00e1pida (QCDC).","robots":{"index":"index","follow":"follow","max-snippet":"max-snippet:-1","max-image-preview":"max-image-preview:large","max-video-preview":"max-video-preview:-1"},"canonical":"https:\/\/secc-oilandgas.com\/es\/aplicaciones\/intervencion-en-pozos-submarinos\/tratamiento-de-remocion-de-incrustaciones\/","og_locale":"es_ES","og_type":"article","og_title":"Tratamiento de incrustaciones &#8226; Secc Oil &amp; Gas Ltd","og_description":"Las soluciones de acoplamientos submarinos tipo EQD de Secc otorgan a los operadores un control sin precedentes sobre las actividades de tratamiento de incrustaciones, en particular las inyecciones. Los acoplamientos submarinos tipo\u00a0EQD permiten una mayor eficiencia y flexibilidad, proporcionando un punto de conexi\u00f3n permanente submarino equipado con la capacidad de desconexi\u00f3n r\u00e1pida de emergencia (EQD) del acoplamiento Hot Make Hot Break (HMHB), un verdadero acoplamiento de conexi\u00f3n y\u00a0 desconexi\u00f3n r\u00e1pida (QCDC).","og_url":"https:\/\/secc-oilandgas.com\/es\/aplicaciones\/intervencion-en-pozos-submarinos\/tratamiento-de-remocion-de-incrustaciones\/","og_site_name":"Secc Oil &amp; Gas Ltd","article_publisher":"http:\/\/www.facebook.com\/seccoilgas\/","article_modified_time":"2025-10-02T16:21:04+00:00","og_image":[{"width":5771,"height":1523,"url":"https:\/\/secc-oilandgas.com\/wp-content\/uploads\/2024\/11\/SECC_Subsea-Intervention_REVISED.png","type":"image\/png"}],"twitter_card":"summary_large_image","twitter_site":"@seccoilandgas","twitter_misc":{"Est. reading time":"3 minutes"},"schema":{"@context":"https:\/\/schema.org","@graph":[{"@type":"WebPage","@id":"https:\/\/secc-oilandgas.com\/es\/aplicaciones\/intervencion-en-pozos-submarinos\/tratamiento-de-remocion-de-incrustaciones\/","url":"https:\/\/secc-oilandgas.com\/es\/aplicaciones\/intervencion-en-pozos-submarinos\/tratamiento-de-remocion-de-incrustaciones\/","name":"Tratamiento de incrustaciones &#8226; Secc Oil &amp; Gas Ltd","isPartOf":{"@id":"https:\/\/secc-oilandgas.com\/es\/#website"},"primaryImageOfPage":{"@id":"https:\/\/secc-oilandgas.com\/es\/aplicaciones\/intervencion-en-pozos-submarinos\/tratamiento-de-remocion-de-incrustaciones\/#primaryimage"},"image":{"@id":"https:\/\/secc-oilandgas.com\/es\/aplicaciones\/intervencion-en-pozos-submarinos\/tratamiento-de-remocion-de-incrustaciones\/#primaryimage"},"thumbnailUrl":"https:\/\/secc-oilandgas.com\/wp-content\/uploads\/2024\/11\/SECC_Subsea-Intervention_REVISED.png","datePublished":"2015-07-24T10:35:45+00:00","dateModified":"2025-10-02T16:21:04+00:00","description":"Las soluciones de acoplamientos submarinos tipo EQD de Secc otorgan a los operadores un control sin precedentes sobre las actividades de tratamiento de incrustaciones, en particular las inyecciones. Los acoplamientos submarinos tipo\u00a0EQD permiten una mayor eficiencia y flexibilidad, proporcionando un punto de conexi\u00f3n permanente submarino equipado con la capacidad de desconexi\u00f3n r\u00e1pida de emergencia (EQD) del acoplamiento Hot Make Hot Break (HMHB), un verdadero acoplamiento de conexi\u00f3n y\u00a0 desconexi\u00f3n r\u00e1pida (QCDC).","breadcrumb":{"@id":"https:\/\/secc-oilandgas.com\/es\/aplicaciones\/intervencion-en-pozos-submarinos\/tratamiento-de-remocion-de-incrustaciones\/#breadcrumb"},"inLanguage":"es","potentialAction":[{"@type":"ReadAction","target":["https:\/\/secc-oilandgas.com\/es\/aplicaciones\/intervencion-en-pozos-submarinos\/tratamiento-de-remocion-de-incrustaciones\/"]}]},{"@type":"ImageObject","inLanguage":"es","@id":"https:\/\/secc-oilandgas.com\/es\/aplicaciones\/intervencion-en-pozos-submarinos\/tratamiento-de-remocion-de-incrustaciones\/#primaryimage","url":"https:\/\/secc-oilandgas.com\/wp-content\/uploads\/2024\/11\/SECC_Subsea-Intervention_REVISED.png","contentUrl":"https:\/\/secc-oilandgas.com\/wp-content\/uploads\/2024\/11\/SECC_Subsea-Intervention_REVISED.png","width":5771,"height":1523},{"@type":"BreadcrumbList","@id":"https:\/\/secc-oilandgas.com\/es\/aplicaciones\/intervencion-en-pozos-submarinos\/tratamiento-de-remocion-de-incrustaciones\/#breadcrumb","itemListElement":[{"@type":"ListItem","position":1,"name":"Home","item":"https:\/\/secc-oilandgas.com\/es\/"},{"@type":"ListItem","position":2,"name":"Aplicaciones","item":"https:\/\/secc-oilandgas.com\/es\/aplicaciones\/"},{"@type":"ListItem","position":3,"name":"Intervenci\u00f3n en pozos submarinos","item":"https:\/\/secc-oilandgas.com\/es\/aplicaciones\/intervencion-en-pozos-submarinos\/"},{"@type":"ListItem","position":4,"name":"Tratamiento de incrustaciones"}]},{"@type":"WebSite","@id":"https:\/\/secc-oilandgas.com\/es\/#website","url":"https:\/\/secc-oilandgas.com\/es\/","name":"Secc Oil &amp; Gas Ltd","description":"","publisher":{"@id":"https:\/\/secc-oilandgas.com\/es\/#organization"},"potentialAction":[{"@type":"SearchAction","target":{"@type":"EntryPoint","urlTemplate":"https:\/\/secc-oilandgas.com\/es\/?s={search_term_string}"},"query-input":{"@type":"PropertyValueSpecification","valueRequired":true,"valueName":"search_term_string"}}],"inLanguage":"es"},{"@type":"Organization","@id":"https:\/\/secc-oilandgas.com\/es\/#organization","name":"Secc Oil & Gas Ltd","url":"https:\/\/secc-oilandgas.com\/es\/","logo":{"@type":"ImageObject","inLanguage":"es","@id":"https:\/\/secc-oilandgas.com\/es\/#\/schema\/logo\/image\/","url":"https:\/\/secc-oilandgas.com\/wp-content\/uploads\/2018\/03\/SECC_logo_CMYK-grey-2018-JPEG-BORDER.jpg","contentUrl":"https:\/\/secc-oilandgas.com\/wp-content\/uploads\/2018\/03\/SECC_logo_CMYK-grey-2018-JPEG-BORDER.jpg","width":1735,"height":1108,"caption":"Secc Oil & Gas Ltd"},"image":{"@id":"https:\/\/secc-oilandgas.com\/es\/#\/schema\/logo\/image\/"},"sameAs":["http:\/\/www.facebook.com\/seccoilgas\/","https:\/\/x.com\/seccoilandgas","https:\/\/www.linkedin.com\/company\/secc-oilandgas\/"]}]}},"uagb_featured_image_src":{"full":["https:\/\/secc-oilandgas.com\/wp-content\/uploads\/2024\/11\/SECC_Subsea-Intervention_REVISED.png",5771,1523,false],"thumbnail":["https:\/\/secc-oilandgas.com\/wp-content\/uploads\/2024\/11\/SECC_Subsea-Intervention_REVISED-150x150.png",150,150,true],"medium":["https:\/\/secc-oilandgas.com\/wp-content\/uploads\/2024\/11\/SECC_Subsea-Intervention_REVISED-300x79.png",300,79,true],"medium_large":["https:\/\/secc-oilandgas.com\/wp-content\/uploads\/2024\/11\/SECC_Subsea-Intervention_REVISED-768x203.png",670,177,true],"large":["https:\/\/secc-oilandgas.com\/wp-content\/uploads\/2024\/11\/SECC_Subsea-Intervention_REVISED-1024x270.png",670,177,true],"1536x1536":["https:\/\/secc-oilandgas.com\/wp-content\/uploads\/2024\/11\/SECC_Subsea-Intervention_REVISED-1536x405.png",1536,405,true],"2048x2048":["https:\/\/secc-oilandgas.com\/wp-content\/uploads\/2024\/11\/SECC_Subsea-Intervention_REVISED-2048x540.png",2048,540,true],"post-thumbnail":["https:\/\/secc-oilandgas.com\/wp-content\/uploads\/2024\/11\/SECC_Subsea-Intervention_REVISED-1500x500.png",1500,500,true],"gallery-img":["https:\/\/secc-oilandgas.com\/wp-content\/uploads\/2024\/11\/SECC_Subsea-Intervention_REVISED-450x300.png",450,300,true]},"uagb_author_info":{"display_name":"SECC","author_link":"https:\/\/secc-oilandgas.com\/es\/author\/teamvalleyweb\/"},"uagb_comment_info":0,"uagb_excerpt":"Las soluciones de acoplamientos submarinos tipo EQD (de desconexi\u00f3n r\u00e1pida de emergencia) de Secc otorgan a los operadores un control sin precedentes sobre las actividades","_links":{"self":[{"href":"https:\/\/secc-oilandgas.com\/es\/wp-json\/wp\/v2\/pages\/3042","targetHints":{"allow":["GET"]}}],"collection":[{"href":"https:\/\/secc-oilandgas.com\/es\/wp-json\/wp\/v2\/pages"}],"about":[{"href":"https:\/\/secc-oilandgas.com\/es\/wp-json\/wp\/v2\/types\/page"}],"author":[{"embeddable":true,"href":"https:\/\/secc-oilandgas.com\/es\/wp-json\/wp\/v2\/users\/1"}],"replies":[{"embeddable":true,"href":"https:\/\/secc-oilandgas.com\/es\/wp-json\/wp\/v2\/comments?post=3042"}],"version-history":[{"count":5,"href":"https:\/\/secc-oilandgas.com\/es\/wp-json\/wp\/v2\/pages\/3042\/revisions"}],"predecessor-version":[{"id":3964,"href":"https:\/\/secc-oilandgas.com\/es\/wp-json\/wp\/v2\/pages\/3042\/revisions\/3964"}],"up":[{"embeddable":true,"href":"https:\/\/secc-oilandgas.com\/es\/wp-json\/wp\/v2\/pages\/3047"}],"wp:featuredmedia":[{"embeddable":true,"href":"https:\/\/secc-oilandgas.com\/es\/wp-json\/wp\/v2\/media\/2818"}],"wp:attachment":[{"href":"https:\/\/secc-oilandgas.com\/es\/wp-json\/wp\/v2\/media?parent=3042"}],"curies":[{"name":"wp","href":"https:\/\/api.w.org\/{rel}","templated":true}]}}