{"id":3044,"date":"2015-07-24T11:36:04","date_gmt":"2015-07-24T10:36:04","guid":{"rendered":"https:\/\/secc-oilandgas.com\/control-de-pozos\/"},"modified":"2025-10-02T17:26:25","modified_gmt":"2025-10-02T16:26:25","slug":"control-de-pozos","status":"publish","type":"page","link":"https:\/\/secc-oilandgas.com\/es\/aplicaciones\/intervencion-en-pozos-submarinos\/control-de-pozos\/","title":{"rendered":"Control de Pozos"},"content":{"rendered":"<p><span style=\"font-weight: 400;\">El control efectivo de pozos es fundamental para garantizar la seguridad, integridad y eficiencia de las operaciones en alta mar, especialmente en entornos de alta presi\u00f3n y alto riesgo. La gama de acoplamientos Midline Weak Link (MLWL)\u00a0 y Hot Make Hot Break (HMHB) de Secc ofrecen\u00a0 soluciones innovadoras para lograr un acceso sencillo y confiable a los pozos durante las operaciones de control.<\/span><\/p>\n<p><span style=\"font-weight: 400;\"> Dise\u00f1ados con un enfoque en la seguridad y el rendimiento, estos acoplamientos proporcionan a los operadores las herramientas necesarias para gestionar operaciones diversas de control de pozos de una manera eficiente, incluso en las condiciones m\u00e1s desafiantes.<\/span><\/p>\n<p><span style=\"font-weight: 400;\">El dise\u00f1o de paso completo de Secc permite una transferencia de fluidos de alto caudal, lo que habilita a los operadores para realizar operaciones cr\u00edticas de control de pozos con rapidez y precisi\u00f3n. Esta capacidad es esencial para bombear y transferir fluidos como cemento y lodo y para contener o estabilizar pozos en situaciones de emergencia. La funcionalidad de conexi\u00f3n y desconexi\u00f3n r\u00e1pida mejora a\u00fan m\u00e1s los tiempos de respuesta, asegurando que las intervenciones se lleven a cabo sin retrasos, una caracter\u00edstica vital cuando se requiere acci\u00f3n inmediata para proteger vidas, infraestructura y el medio ambiente.<\/span><\/p>\n<p><span style=\"font-weight: 400;\">Una de las caracter\u00edsticas destacadas de la tecnolog\u00eda de Secc es su capacidad de desconexi\u00f3n r\u00e1pida de emergencia (EQD), que proporciona a los operadores un nivel adicional de seguridad durante las operaciones de control de pozos. En escenarios donde se pueda perder el posicionamiento din\u00e1mico de la embarcaci\u00f3n durante un bombeo, el sistema EQD permite la desconexi\u00f3n inmediata y segura del acoplamiento previniendo posibles da\u00f1os al equipo e infraestructuras submarinas. Esta funcionalidad no solo protege al personal y los activos, sino que tambi\u00e9n minimiza los riesgos ambientales asociados con derrames incontroladas de fluidos, ayudando a los operadores a cumplir con estrictos requisitos regulatorios.<\/span><\/p>\n<p><span style=\"font-weight: 400;\">Los acoplamientos de Secc est\u00e1n dise\u00f1ados para respaldar una amplia gama de actividades de control de pozos, incluyendo:<\/span><\/p>\n<ul>\n<li><b>Circulaci\u00f3n de fluidos pesados<\/b><span style=\"font-weight: 400;\">: Transferencia altamente eficiente de lodos pesados para gestionar la presi\u00f3n y estabilizar el pozo.<\/span><\/li>\n<li><b>Operaciones de cementaci\u00f3n<\/b><span style=\"font-weight: 400;\">: Colocaci\u00f3n precisa y efectiva de cemento para contener el pozo y restaurar el control.<\/span><\/li>\n<li><b>Bombeo de lodo<\/b><span style=\"font-weight: 400;\">: Entrega de lodo para controlar la presi\u00f3n y mantener la integridad del pozo durante las intervenciones.<\/span><\/li>\n<\/ul>\n<p><span style=\"font-weight: 400;\">Al combinar ingenier\u00eda robusta, confiabilidad y flexibilidad operativa, los acoplamientos <strong>Midline Weak Link<\/strong> y <strong>Hot Make Hot Break<\/strong> de Secc ofrecen a los operadores una soluci\u00f3n integral para gestionar los desaf\u00edos del control de pozos. Estas tecnolog\u00edas aseguran una capacidad de respuesta r\u00e1pida con medidas de seguridad superiores y siempre cumpliendo con los est\u00e1ndares m\u00e1s exigentes de la industria, convirti\u00e9ndose en una parte indispensable de las estrategias de control de pozos modernas.<\/span><\/p>\n\n\n<p><\/p>\n","protected":false},"excerpt":{"rendered":"<p>El control efectivo de pozos es fundamental para garantizar la seguridad, integridad y eficiencia de las operaciones en alta mar, especialmente en entornos de alta <\/p>\n<a href=\"https:\/\/secc-oilandgas.com\/es\/aplicaciones\/intervencion-en-pozos-submarinos\/control-de-pozos\/\" class=\"readmore\">Read More<\/a>","protected":false},"author":1,"featured_media":2818,"parent":3047,"menu_order":5,"comment_status":"closed","ping_status":"closed","template":"","meta":{"_acf_changed":false,"inline_featured_image":false,"_uag_custom_page_level_css":"","footnotes":""},"class_list":["post-3044","page","type-page","status-publish","has-post-thumbnail","hentry"],"acf":[],"yoast_head":"<!-- This site is optimized with the Yoast SEO plugin v26.0 - https:\/\/yoast.com\/wordpress\/plugins\/seo\/ -->\n<title>Control de Pozos &#8226; Secc Oil &amp; Gas Ltd<\/title>\n<meta name=\"description\" content=\"El control efectivo de pozos es fundamental para garantizar la seguridad, integridad y eficiencia de las operaciones en alta mar, especialmente en entornos de alta presi\u00f3n y alto riesgo. La gama de acoplamientos Midline Weak Link (MLWL)\u00a0 y Hot Make Hot Break (HMHB) de Secc ofrecen\u00a0 soluciones innovadoras para lograr un acceso sencillo y confiable a los pozos durante las operaciones de control.\" \/>\n<meta name=\"robots\" content=\"index, follow, max-snippet:-1, max-image-preview:large, max-video-preview:-1\" \/>\n<link rel=\"canonical\" href=\"https:\/\/secc-oilandgas.com\/es\/aplicaciones\/intervencion-en-pozos-submarinos\/control-de-pozos\/\" \/>\n<meta property=\"og:locale\" content=\"es_ES\" \/>\n<meta property=\"og:type\" content=\"article\" \/>\n<meta property=\"og:title\" content=\"Control de Pozos &#8226; Secc Oil &amp; Gas Ltd\" \/>\n<meta property=\"og:description\" content=\"El control efectivo de pozos es fundamental para garantizar la seguridad, integridad y eficiencia de las operaciones en alta mar, especialmente en entornos de alta presi\u00f3n y alto riesgo. La gama de acoplamientos Midline Weak Link (MLWL)\u00a0 y Hot Make Hot Break (HMHB) de Secc ofrecen\u00a0 soluciones innovadoras para lograr un acceso sencillo y confiable a los pozos durante las operaciones de control.\" \/>\n<meta property=\"og:url\" content=\"https:\/\/secc-oilandgas.com\/es\/aplicaciones\/intervencion-en-pozos-submarinos\/control-de-pozos\/\" \/>\n<meta property=\"og:site_name\" content=\"Secc Oil &amp; Gas Ltd\" \/>\n<meta property=\"article:publisher\" content=\"http:\/\/www.facebook.com\/seccoilgas\/\" \/>\n<meta property=\"article:modified_time\" content=\"2025-10-02T16:26:25+00:00\" \/>\n<meta property=\"og:image\" content=\"https:\/\/secc-oilandgas.com\/wp-content\/uploads\/2024\/11\/SECC_Subsea-Intervention_REVISED.png\" \/>\n\t<meta property=\"og:image:width\" content=\"5771\" \/>\n\t<meta property=\"og:image:height\" content=\"1523\" \/>\n\t<meta property=\"og:image:type\" content=\"image\/png\" \/>\n<meta name=\"twitter:card\" content=\"summary_large_image\" \/>\n<meta name=\"twitter:site\" content=\"@seccoilandgas\" \/>\n<meta name=\"twitter:label1\" content=\"Est. reading time\" \/>\n\t<meta name=\"twitter:data1\" content=\"3 minutes\" \/>\n<script type=\"application\/ld+json\" class=\"yoast-schema-graph\">{\"@context\":\"https:\/\/schema.org\",\"@graph\":[{\"@type\":\"WebPage\",\"@id\":\"https:\/\/secc-oilandgas.com\/es\/aplicaciones\/intervencion-en-pozos-submarinos\/control-de-pozos\/\",\"url\":\"https:\/\/secc-oilandgas.com\/es\/aplicaciones\/intervencion-en-pozos-submarinos\/control-de-pozos\/\",\"name\":\"Control de Pozos &#8226; Secc Oil &amp; Gas Ltd\",\"isPartOf\":{\"@id\":\"https:\/\/secc-oilandgas.com\/es\/#website\"},\"primaryImageOfPage\":{\"@id\":\"https:\/\/secc-oilandgas.com\/es\/aplicaciones\/intervencion-en-pozos-submarinos\/control-de-pozos\/#primaryimage\"},\"image\":{\"@id\":\"https:\/\/secc-oilandgas.com\/es\/aplicaciones\/intervencion-en-pozos-submarinos\/control-de-pozos\/#primaryimage\"},\"thumbnailUrl\":\"https:\/\/secc-oilandgas.com\/wp-content\/uploads\/2024\/11\/SECC_Subsea-Intervention_REVISED.png\",\"datePublished\":\"2015-07-24T10:36:04+00:00\",\"dateModified\":\"2025-10-02T16:26:25+00:00\",\"description\":\"El control efectivo de pozos es fundamental para garantizar la seguridad, integridad y eficiencia de las operaciones en alta mar, especialmente en entornos de alta presi\u00f3n y alto riesgo. La gama de acoplamientos Midline Weak Link (MLWL)\u00a0 y Hot Make Hot Break (HMHB) de Secc ofrecen\u00a0 soluciones innovadoras para lograr un acceso sencillo y confiable a los pozos durante las operaciones de control.\",\"breadcrumb\":{\"@id\":\"https:\/\/secc-oilandgas.com\/es\/aplicaciones\/intervencion-en-pozos-submarinos\/control-de-pozos\/#breadcrumb\"},\"inLanguage\":\"es\",\"potentialAction\":[{\"@type\":\"ReadAction\",\"target\":[\"https:\/\/secc-oilandgas.com\/es\/aplicaciones\/intervencion-en-pozos-submarinos\/control-de-pozos\/\"]}]},{\"@type\":\"ImageObject\",\"inLanguage\":\"es\",\"@id\":\"https:\/\/secc-oilandgas.com\/es\/aplicaciones\/intervencion-en-pozos-submarinos\/control-de-pozos\/#primaryimage\",\"url\":\"https:\/\/secc-oilandgas.com\/wp-content\/uploads\/2024\/11\/SECC_Subsea-Intervention_REVISED.png\",\"contentUrl\":\"https:\/\/secc-oilandgas.com\/wp-content\/uploads\/2024\/11\/SECC_Subsea-Intervention_REVISED.png\",\"width\":5771,\"height\":1523},{\"@type\":\"BreadcrumbList\",\"@id\":\"https:\/\/secc-oilandgas.com\/es\/aplicaciones\/intervencion-en-pozos-submarinos\/control-de-pozos\/#breadcrumb\",\"itemListElement\":[{\"@type\":\"ListItem\",\"position\":1,\"name\":\"Home\",\"item\":\"https:\/\/secc-oilandgas.com\/es\/\"},{\"@type\":\"ListItem\",\"position\":2,\"name\":\"Aplicaciones\",\"item\":\"https:\/\/secc-oilandgas.com\/es\/aplicaciones\/\"},{\"@type\":\"ListItem\",\"position\":3,\"name\":\"Intervenci\u00f3n en pozos submarinos\",\"item\":\"https:\/\/secc-oilandgas.com\/es\/aplicaciones\/intervencion-en-pozos-submarinos\/\"},{\"@type\":\"ListItem\",\"position\":4,\"name\":\"Control de Pozos\"}]},{\"@type\":\"WebSite\",\"@id\":\"https:\/\/secc-oilandgas.com\/es\/#website\",\"url\":\"https:\/\/secc-oilandgas.com\/es\/\",\"name\":\"Secc Oil &amp; Gas Ltd\",\"description\":\"\",\"publisher\":{\"@id\":\"https:\/\/secc-oilandgas.com\/es\/#organization\"},\"potentialAction\":[{\"@type\":\"SearchAction\",\"target\":{\"@type\":\"EntryPoint\",\"urlTemplate\":\"https:\/\/secc-oilandgas.com\/es\/?s={search_term_string}\"},\"query-input\":{\"@type\":\"PropertyValueSpecification\",\"valueRequired\":true,\"valueName\":\"search_term_string\"}}],\"inLanguage\":\"es\"},{\"@type\":\"Organization\",\"@id\":\"https:\/\/secc-oilandgas.com\/es\/#organization\",\"name\":\"Secc Oil & Gas Ltd\",\"url\":\"https:\/\/secc-oilandgas.com\/es\/\",\"logo\":{\"@type\":\"ImageObject\",\"inLanguage\":\"es\",\"@id\":\"https:\/\/secc-oilandgas.com\/es\/#\/schema\/logo\/image\/\",\"url\":\"https:\/\/secc-oilandgas.com\/wp-content\/uploads\/2018\/03\/SECC_logo_CMYK-grey-2018-JPEG-BORDER.jpg\",\"contentUrl\":\"https:\/\/secc-oilandgas.com\/wp-content\/uploads\/2018\/03\/SECC_logo_CMYK-grey-2018-JPEG-BORDER.jpg\",\"width\":1735,\"height\":1108,\"caption\":\"Secc Oil & Gas Ltd\"},\"image\":{\"@id\":\"https:\/\/secc-oilandgas.com\/es\/#\/schema\/logo\/image\/\"},\"sameAs\":[\"http:\/\/www.facebook.com\/seccoilgas\/\",\"https:\/\/x.com\/seccoilandgas\",\"https:\/\/www.linkedin.com\/company\/secc-oilandgas\/\"]}]}<\/script>\n<!-- \/ Yoast SEO plugin. -->","yoast_head_json":{"title":"Control de Pozos &#8226; Secc Oil &amp; Gas Ltd","description":"El control efectivo de pozos es fundamental para garantizar la seguridad, integridad y eficiencia de las operaciones en alta mar, especialmente en entornos de alta presi\u00f3n y alto riesgo. La gama de acoplamientos Midline Weak Link (MLWL)\u00a0 y Hot Make Hot Break (HMHB) de Secc ofrecen\u00a0 soluciones innovadoras para lograr un acceso sencillo y confiable a los pozos durante las operaciones de control.","robots":{"index":"index","follow":"follow","max-snippet":"max-snippet:-1","max-image-preview":"max-image-preview:large","max-video-preview":"max-video-preview:-1"},"canonical":"https:\/\/secc-oilandgas.com\/es\/aplicaciones\/intervencion-en-pozos-submarinos\/control-de-pozos\/","og_locale":"es_ES","og_type":"article","og_title":"Control de Pozos &#8226; Secc Oil &amp; Gas Ltd","og_description":"El control efectivo de pozos es fundamental para garantizar la seguridad, integridad y eficiencia de las operaciones en alta mar, especialmente en entornos de alta presi\u00f3n y alto riesgo. La gama de acoplamientos Midline Weak Link (MLWL)\u00a0 y Hot Make Hot Break (HMHB) de Secc ofrecen\u00a0 soluciones innovadoras para lograr un acceso sencillo y confiable a los pozos durante las operaciones de control.","og_url":"https:\/\/secc-oilandgas.com\/es\/aplicaciones\/intervencion-en-pozos-submarinos\/control-de-pozos\/","og_site_name":"Secc Oil &amp; Gas Ltd","article_publisher":"http:\/\/www.facebook.com\/seccoilgas\/","article_modified_time":"2025-10-02T16:26:25+00:00","og_image":[{"width":5771,"height":1523,"url":"https:\/\/secc-oilandgas.com\/wp-content\/uploads\/2024\/11\/SECC_Subsea-Intervention_REVISED.png","type":"image\/png"}],"twitter_card":"summary_large_image","twitter_site":"@seccoilandgas","twitter_misc":{"Est. reading time":"3 minutes"},"schema":{"@context":"https:\/\/schema.org","@graph":[{"@type":"WebPage","@id":"https:\/\/secc-oilandgas.com\/es\/aplicaciones\/intervencion-en-pozos-submarinos\/control-de-pozos\/","url":"https:\/\/secc-oilandgas.com\/es\/aplicaciones\/intervencion-en-pozos-submarinos\/control-de-pozos\/","name":"Control de Pozos &#8226; Secc Oil &amp; Gas Ltd","isPartOf":{"@id":"https:\/\/secc-oilandgas.com\/es\/#website"},"primaryImageOfPage":{"@id":"https:\/\/secc-oilandgas.com\/es\/aplicaciones\/intervencion-en-pozos-submarinos\/control-de-pozos\/#primaryimage"},"image":{"@id":"https:\/\/secc-oilandgas.com\/es\/aplicaciones\/intervencion-en-pozos-submarinos\/control-de-pozos\/#primaryimage"},"thumbnailUrl":"https:\/\/secc-oilandgas.com\/wp-content\/uploads\/2024\/11\/SECC_Subsea-Intervention_REVISED.png","datePublished":"2015-07-24T10:36:04+00:00","dateModified":"2025-10-02T16:26:25+00:00","description":"El control efectivo de pozos es fundamental para garantizar la seguridad, integridad y eficiencia de las operaciones en alta mar, especialmente en entornos de alta presi\u00f3n y alto riesgo. La gama de acoplamientos Midline Weak Link (MLWL)\u00a0 y Hot Make Hot Break (HMHB) de Secc ofrecen\u00a0 soluciones innovadoras para lograr un acceso sencillo y confiable a los pozos durante las operaciones de control.","breadcrumb":{"@id":"https:\/\/secc-oilandgas.com\/es\/aplicaciones\/intervencion-en-pozos-submarinos\/control-de-pozos\/#breadcrumb"},"inLanguage":"es","potentialAction":[{"@type":"ReadAction","target":["https:\/\/secc-oilandgas.com\/es\/aplicaciones\/intervencion-en-pozos-submarinos\/control-de-pozos\/"]}]},{"@type":"ImageObject","inLanguage":"es","@id":"https:\/\/secc-oilandgas.com\/es\/aplicaciones\/intervencion-en-pozos-submarinos\/control-de-pozos\/#primaryimage","url":"https:\/\/secc-oilandgas.com\/wp-content\/uploads\/2024\/11\/SECC_Subsea-Intervention_REVISED.png","contentUrl":"https:\/\/secc-oilandgas.com\/wp-content\/uploads\/2024\/11\/SECC_Subsea-Intervention_REVISED.png","width":5771,"height":1523},{"@type":"BreadcrumbList","@id":"https:\/\/secc-oilandgas.com\/es\/aplicaciones\/intervencion-en-pozos-submarinos\/control-de-pozos\/#breadcrumb","itemListElement":[{"@type":"ListItem","position":1,"name":"Home","item":"https:\/\/secc-oilandgas.com\/es\/"},{"@type":"ListItem","position":2,"name":"Aplicaciones","item":"https:\/\/secc-oilandgas.com\/es\/aplicaciones\/"},{"@type":"ListItem","position":3,"name":"Intervenci\u00f3n en pozos submarinos","item":"https:\/\/secc-oilandgas.com\/es\/aplicaciones\/intervencion-en-pozos-submarinos\/"},{"@type":"ListItem","position":4,"name":"Control de Pozos"}]},{"@type":"WebSite","@id":"https:\/\/secc-oilandgas.com\/es\/#website","url":"https:\/\/secc-oilandgas.com\/es\/","name":"Secc Oil &amp; Gas Ltd","description":"","publisher":{"@id":"https:\/\/secc-oilandgas.com\/es\/#organization"},"potentialAction":[{"@type":"SearchAction","target":{"@type":"EntryPoint","urlTemplate":"https:\/\/secc-oilandgas.com\/es\/?s={search_term_string}"},"query-input":{"@type":"PropertyValueSpecification","valueRequired":true,"valueName":"search_term_string"}}],"inLanguage":"es"},{"@type":"Organization","@id":"https:\/\/secc-oilandgas.com\/es\/#organization","name":"Secc Oil & Gas Ltd","url":"https:\/\/secc-oilandgas.com\/es\/","logo":{"@type":"ImageObject","inLanguage":"es","@id":"https:\/\/secc-oilandgas.com\/es\/#\/schema\/logo\/image\/","url":"https:\/\/secc-oilandgas.com\/wp-content\/uploads\/2018\/03\/SECC_logo_CMYK-grey-2018-JPEG-BORDER.jpg","contentUrl":"https:\/\/secc-oilandgas.com\/wp-content\/uploads\/2018\/03\/SECC_logo_CMYK-grey-2018-JPEG-BORDER.jpg","width":1735,"height":1108,"caption":"Secc Oil & Gas Ltd"},"image":{"@id":"https:\/\/secc-oilandgas.com\/es\/#\/schema\/logo\/image\/"},"sameAs":["http:\/\/www.facebook.com\/seccoilgas\/","https:\/\/x.com\/seccoilandgas","https:\/\/www.linkedin.com\/company\/secc-oilandgas\/"]}]}},"uagb_featured_image_src":{"full":["https:\/\/secc-oilandgas.com\/wp-content\/uploads\/2024\/11\/SECC_Subsea-Intervention_REVISED.png",5771,1523,false],"thumbnail":["https:\/\/secc-oilandgas.com\/wp-content\/uploads\/2024\/11\/SECC_Subsea-Intervention_REVISED-150x150.png",150,150,true],"medium":["https:\/\/secc-oilandgas.com\/wp-content\/uploads\/2024\/11\/SECC_Subsea-Intervention_REVISED-300x79.png",300,79,true],"medium_large":["https:\/\/secc-oilandgas.com\/wp-content\/uploads\/2024\/11\/SECC_Subsea-Intervention_REVISED-768x203.png",670,177,true],"large":["https:\/\/secc-oilandgas.com\/wp-content\/uploads\/2024\/11\/SECC_Subsea-Intervention_REVISED-1024x270.png",670,177,true],"1536x1536":["https:\/\/secc-oilandgas.com\/wp-content\/uploads\/2024\/11\/SECC_Subsea-Intervention_REVISED-1536x405.png",1536,405,true],"2048x2048":["https:\/\/secc-oilandgas.com\/wp-content\/uploads\/2024\/11\/SECC_Subsea-Intervention_REVISED-2048x540.png",2048,540,true],"post-thumbnail":["https:\/\/secc-oilandgas.com\/wp-content\/uploads\/2024\/11\/SECC_Subsea-Intervention_REVISED-1500x500.png",1500,500,true],"gallery-img":["https:\/\/secc-oilandgas.com\/wp-content\/uploads\/2024\/11\/SECC_Subsea-Intervention_REVISED-450x300.png",450,300,true]},"uagb_author_info":{"display_name":"SECC","author_link":"https:\/\/secc-oilandgas.com\/es\/author\/teamvalleyweb\/"},"uagb_comment_info":0,"uagb_excerpt":"El control efectivo de pozos es fundamental para garantizar la seguridad, integridad y eficiencia de las operaciones en alta mar, especialmente en entornos de alta","_links":{"self":[{"href":"https:\/\/secc-oilandgas.com\/es\/wp-json\/wp\/v2\/pages\/3044","targetHints":{"allow":["GET"]}}],"collection":[{"href":"https:\/\/secc-oilandgas.com\/es\/wp-json\/wp\/v2\/pages"}],"about":[{"href":"https:\/\/secc-oilandgas.com\/es\/wp-json\/wp\/v2\/types\/page"}],"author":[{"embeddable":true,"href":"https:\/\/secc-oilandgas.com\/es\/wp-json\/wp\/v2\/users\/1"}],"replies":[{"embeddable":true,"href":"https:\/\/secc-oilandgas.com\/es\/wp-json\/wp\/v2\/comments?post=3044"}],"version-history":[{"count":4,"href":"https:\/\/secc-oilandgas.com\/es\/wp-json\/wp\/v2\/pages\/3044\/revisions"}],"predecessor-version":[{"id":3965,"href":"https:\/\/secc-oilandgas.com\/es\/wp-json\/wp\/v2\/pages\/3044\/revisions\/3965"}],"up":[{"embeddable":true,"href":"https:\/\/secc-oilandgas.com\/es\/wp-json\/wp\/v2\/pages\/3047"}],"wp:featuredmedia":[{"embeddable":true,"href":"https:\/\/secc-oilandgas.com\/es\/wp-json\/wp\/v2\/media\/2818"}],"wp:attachment":[{"href":"https:\/\/secc-oilandgas.com\/es\/wp-json\/wp\/v2\/media?parent=3044"}],"curies":[{"name":"wp","href":"https:\/\/api.w.org\/{rel}","templated":true}]}}