{"id":3051,"date":"2024-08-20T12:15:46","date_gmt":"2024-08-20T11:15:46","guid":{"rendered":"https:\/\/secc-oilandgas.com\/desmantelamiento-submarino\/"},"modified":"2025-04-28T12:29:57","modified_gmt":"2025-04-28T11:29:57","slug":"desmantelamiento-submarino","status":"publish","type":"page","link":"https:\/\/secc-oilandgas.com\/es\/productos-servicios\/desmantelamiento-submarino\/","title":{"rendered":"Desmantelamiento Submarino"},"content":{"rendered":"\n<p>Al desmantelar pozos e infraestructuras submarinos, los hidrocarburos y el equipo deben ser retirados para dejar el \u00e1rea en una condici\u00f3n segura y ambientalmente sostenible.<\/p>\n\n\n\n<p>El desmantelamiento abarca ahora una amplia gama de disciplinas, enfoc\u00e1ndose principalmente en Sellado y Abandono (P&amp;A) de pozos, desmantelamiento de tuber\u00edas y varios servicios de corte y remoci\u00f3n submarinos.<\/p>\n\n\n\n<p>Secc apoya las actividades de desmantelamiento de operadores y empresas de servicios a nivel mundial. Proporcionamos conectores y acoplamientos especializados para la transferencia de fluidos, as\u00ed como una gama de servicios complementarios. Estos productos y servicios, adem\u00e1s de mejorar la eficiencia operativa, se suministran de acuerdo con los m\u00e1s altos est\u00e1ndares de seguridad y en cumplimiento con las normativas vigentes.<\/p>\n\n\n\n<h1 class=\"wp-block-heading\">Desconexiones Rapidas de Emergencia (tipo EQD)<\/h1>\n\n\n\n<div class=\"wp-block-columns is-layout-flex wp-container-core-columns-is-layout-9d6595d7 wp-block-columns-is-layout-flex\">\n<div class=\"wp-block-column is-layout-flow wp-block-column-is-layout-flow\">\n<figure class=\"wp-block-image size-large is-resized\"><img loading=\"lazy\" decoding=\"async\" width=\"1024\" height=\"1001\" src=\"https:\/\/secc-oilandgas.com\/wp-content\/uploads\/2024\/08\/Highflow-Logo@3x-8-1-1024x1001.png\" alt=\"\" class=\"wp-image-1641\" style=\"width:200px\" srcset=\"https:\/\/secc-oilandgas.com\/wp-content\/uploads\/2024\/08\/Highflow-Logo@3x-8-1-1024x1001.png 1024w, https:\/\/secc-oilandgas.com\/wp-content\/uploads\/2024\/08\/Highflow-Logo@3x-8-1-300x293.png 300w, https:\/\/secc-oilandgas.com\/wp-content\/uploads\/2024\/08\/Highflow-Logo@3x-8-1-768x751.png 768w, https:\/\/secc-oilandgas.com\/wp-content\/uploads\/2024\/08\/Highflow-Logo@3x-8-1-1536x1502.png 1536w, https:\/\/secc-oilandgas.com\/wp-content\/uploads\/2024\/08\/Highflow-Logo@3x-8-1-2048x2003.png 2048w\" sizes=\"auto, (max-width: 1024px) 100vw, 1024px\" \/><\/figure>\n<\/div>\n\n\n\n<div class=\"wp-block-column is-layout-flow wp-block-column-is-layout-flow\">\n<figure class=\"wp-block-image size-large is-resized\"><img loading=\"lazy\" decoding=\"async\" width=\"1024\" height=\"1002\" src=\"https:\/\/secc-oilandgas.com\/wp-content\/uploads\/2024\/08\/Maxflow-Logo@3x-8-1024x1002.png\" alt=\"\" class=\"wp-image-1642\" style=\"width:200px\" srcset=\"https:\/\/secc-oilandgas.com\/wp-content\/uploads\/2024\/08\/Maxflow-Logo@3x-8-1024x1002.png 1024w, https:\/\/secc-oilandgas.com\/wp-content\/uploads\/2024\/08\/Maxflow-Logo@3x-8-300x294.png 300w, https:\/\/secc-oilandgas.com\/wp-content\/uploads\/2024\/08\/Maxflow-Logo@3x-8-768x751.png 768w, https:\/\/secc-oilandgas.com\/wp-content\/uploads\/2024\/08\/Maxflow-Logo@3x-8-1536x1503.png 1536w, https:\/\/secc-oilandgas.com\/wp-content\/uploads\/2024\/08\/Maxflow-Logo@3x-8-2048x2004.png 2048w\" sizes=\"auto, (max-width: 1024px) 100vw, 1024px\" \/><\/figure>\n<\/div>\n<\/div>\n\n\n\n<p><span style=\"font-weight: 400;\">Las Desconexiones R\u00e1pidas de Emergencia (EQD) de Secc, del tipo Hot Make Hot Break y Mid Line Weak Link, funcionan en presencia de todo tipo de fluidos y qu\u00edmicos utilizados en operaciones submarinas, incluidos sustancias abrasivas y fluidos con s\u00f3lidos como recortes de perforaci\u00f3n y cemento.<\/span><\/p>\n\n\n\n<p>Todos los acoplamientos de Secc est\u00e1n dise\u00f1ados para situarse al final o entre dos mangueras flexibles y poder desconectarse en caso de emergencia, como una deriva de la embarcaci\u00f3n. Son conexiones de paso completo y presi\u00f3n balanceada. Bajo una fuerza o tir\u00f3n axial, se desconectan de forma pasiva cuando se alcanza una carga de ruptura especificada por el cliente, sellando autom\u00e1ticamente ambos extremos para evitar el derrame de fluidos.<\/p>\n\n\n\n<p><span style=\"font-weight: 400;\">El dise\u00f1o patentado de presi\u00f3n balanceada de Secc elimina las fuerzas de separaci\u00f3n, lo que permite que el acoplamiento pasivo Mid Line Weak Link se configure con cargas de ruptura relativamente bajas: protegiendo las infraestructuras submarinas m\u00e1s sensibles y cr\u00edticas, as\u00ed como las l\u00edneas de flujo.<\/span><\/p>\n\n\n<div class=\"wp-block-image\">\n<figure class=\"aligncenter size-large is-resized\"><img loading=\"lazy\" decoding=\"async\" width=\"1024\" height=\"369\" src=\"https:\/\/secc-oilandgas.com\/wp-content\/uploads\/2024\/08\/Ecoflow-text@3x-8-1024x369.png\" alt=\"\" class=\"wp-image-1643\" style=\"width:300px\" srcset=\"https:\/\/secc-oilandgas.com\/wp-content\/uploads\/2024\/08\/Ecoflow-text@3x-8-1024x369.png 1024w, https:\/\/secc-oilandgas.com\/wp-content\/uploads\/2024\/08\/Ecoflow-text@3x-8-300x108.png 300w, https:\/\/secc-oilandgas.com\/wp-content\/uploads\/2024\/08\/Ecoflow-text@3x-8-768x277.png 768w, https:\/\/secc-oilandgas.com\/wp-content\/uploads\/2024\/08\/Ecoflow-text@3x-8-1536x554.png 1536w, https:\/\/secc-oilandgas.com\/wp-content\/uploads\/2024\/08\/Ecoflow-text@3x-8-2048x738.png 2048w\" sizes=\"auto, (max-width: 1024px) 100vw, 1024px\" \/><\/figure><\/div>\n\n\n<h1 class=\"wp-block-heading\"><b>Hot Stabs tipo ECOFLOW <\/b><\/h1>\n\n\n\n<p>El desmantelamiento a menudo requiere m\u00faltiples operaciones y equipos. Gran parte de las herramientas necesarias para cortar y desmontar f\u00edsicamente la infraestructura dependen de interfaces y conexiones hidr\u00e1ulicas. Sistemas como sierras circula y sierras de hilo diamantado realizan m\u00faltiples cortes en diversas ubicaciones. Esto exige una alta frecuencia de conexiones y desconexiones hidr\u00e1ulicas en el entorno marino.<\/p>\n\n\n\n<p><span style=\"font-weight: 400;\">Los Hot Stabs tipo ECOFLOW de Secc utilizan v\u00e1lvulas tradicionales y la tecnolog\u00edas de v\u00e1lvula patentada, logrando cero derrames durante la conexi\u00f3n y desconexi\u00f3n de las interfaces hidr\u00e1ulicas. Los Hot Stabs&nbsp; ECOFLOW pueden utilizarse en aplicaciones est\u00e1ticas y no est\u00e1ticas, haci\u00e9ndolos vers\u00e1tiles tanto en operaciones de sujeci\u00f3n como de bombeo.<\/span><\/p>\n\n\n\n<p><\/p>\n\n\n\n<h1 class=\"wp-block-heading\">Conectores dise\u00f1ados a medida<\/h1>\n\n\n\n<p>Secc ofrece una amplia gama de Hot Stabs y recept\u00e1culos. Adem\u00e1s de nuestros productos est\u00e1ndar, ofrecemos soluciones dise\u00f1adas a medida para acceder a sistemas submarinos existentes, permitiendo que los equipos de desmantelamiento purguen y eliminen hidrocarburos de activos submarinos obsoletos. El servicio personalizado de Secc se basa en 20 a\u00f1os de experiencia en dise\u00f1o de ingenier\u00eda y patentes, lo que permite a los operadores acceder a sistemas redundantes a trav\u00e9s de bridas, puertos, cuerpos de v\u00e1lvulas y otros puntos de acceso b\u00e1sicos.<\/p>\n\n\n\n<div class=\"wp-block-buttons is-layout-flex wp-block-buttons-is-layout-flex\">\n<div class=\"wp-block-button\"><a class=\"wp-block-button__link has-text-align-center wp-element-button\" href=\"https:\/\/secc-oilandgas.com\/contact-us\/\">Cont\u00e1ctanos<\/a><\/div>\n<\/div>\n\n\n\n<p><\/p>\n\n\n\n<h1 class=\"wp-block-heading\">\u00bfPor qu\u00e9 es importante el desmantelamionto de las instalaciones submarinas?<\/h1>\n\n\n\n<p><b>Fin de vida \u00fatil<\/b><span style=\"font-weight: 400;\">: Cuando un campo de petr\u00f3leo o gas deja de ser econ\u00f3micamente viable o ha agotado sus reservas, la infraestructura submarina asociada debe ser desmantelada de manera segura.<\/span><\/p>\n\n\n\n<p><b>Protecci\u00f3n Ambiental:<\/b><span style=\"font-weight: 400;\"> La infraestructura submarina abandonada puede representar riesgos ambientales significativos, incluidos posibles derrames de hidrocarburos u otros materiales peligrosos que pueden da\u00f1ar los ecosistemas marinos. El desmantelamiento ayuda a mitigar estos riesgos asegurando la eliminaci\u00f3n o aseguramiento adecuado del equipo.<\/span><\/p>\n\n\n\n<p><b>Cumplimiento Normativo:<\/b><span style=\"font-weight: 400;\"> Los gobiernos y organismos reguladores tienen normas y directrices estrictas para el desmantelamiento de infraestructura submarina, garantizando la seguridad, la protecci\u00f3n ambiental y el cumplimiento de est\u00e1ndares internacionales.<\/span><\/p>\n\n\n\n<p><b>Problemas de Seguridad:<\/b><span style=\"font-weight: 400;\"> Las infraestructuras envejecidas pueden volverse estructuralmente inestables, representando riesgos para la seguridad humana y el entorno marino. El desmantelamiento reduce el riesgo de accidentes o fallos.<\/span><\/p>\n\n\n\n<p><b>Consideraciones Econ\u00f3micas<\/b><span style=\"font-weight: 400;\">: Aunque el desmantelamiento es costoso, mantener y monitorear infraestructuras no productivas tambi\u00e9n puede ser caro. El desmantelamiento puede ser una soluci\u00f3n m\u00e1s rentable a largo plazo.<\/span><\/p>\n\n\n\n<p><b>Restauraci\u00f3n del Fondo Marino<\/b><span style=\"font-weight: 400;\">: El desmantelamiento permite restaurar el fondo marino a su estado natural, beneficiando sus h\u00e1bitats y la biodiversidad.<\/span><\/p>\n\n\n\n<p><b>Reutilizaci\u00f3n y Reciclaje:<\/b><span style=\"font-weight: 400;\"> Algunos componentes de la infraestructura submarina pueden ser reciclados o reutilizados, reduciendo los residuos y apoyando pr\u00e1cticas sostenibles.<\/span><\/p>\n\n\n\n<p>El proceso de desmantelamiento generalmente incluye varias etapas, como planificaci\u00f3n, aprobaci\u00f3n regulatoria, cese de producci\u00f3n, eliminaci\u00f3n de equipos, remediaci\u00f3n del sitio y monitoreo continuo. Cada proyecto es \u00fanico y requiere una cuidadosa consideraci\u00f3n de factores ambientales, t\u00e9cnicos y econ\u00f3micos para garantizar un proceso de desmantelamiento seguro y efectivo. Secc contin\u00faa trabajando con socios del Reino Unido y a nivel global para hacer que el desmantelamiento sea lo m\u00e1s eficiente, sostenible y respetuoso con el medio ambiente posible.<\/p>\n","protected":false},"excerpt":{"rendered":"<p>Al desmantelar pozos e infraestructuras submarinos, los hidrocarburos y el equipo deben ser retirados para dejar el \u00e1rea en una condici\u00f3n segura y ambientalmente sostenible. <\/p>\n<a href=\"https:\/\/secc-oilandgas.com\/es\/productos-servicios\/desmantelamiento-submarino\/\" class=\"readmore\">Read More<\/a>","protected":false},"author":9,"featured_media":2786,"parent":3088,"menu_order":0,"comment_status":"closed","ping_status":"closed","template":"","meta":{"_acf_changed":false,"inline_featured_image":false,"_uag_custom_page_level_css":"","footnotes":""},"class_list":["post-3051","page","type-page","status-publish","has-post-thumbnail","hentry"],"acf":[],"yoast_head":"<!-- This site is optimized with the Yoast SEO plugin v26.0 - https:\/\/yoast.com\/wordpress\/plugins\/seo\/ -->\n<title>Desmantelamiento Submarino<\/title>\n<meta name=\"description\" content=\"Secc apoya las actividades de desmantelamiento de operadores y empresas de servicios a nivel mundial. Proporcionamos conectores y acoplamientos especializados para la transferencia de fluidos, as\u00ed como una gama de servicios complementarios. Estos productos y servicios, adem\u00e1s de mejorar la eficiencia operativa, se suministran de acuerdo con los m\u00e1s altos est\u00e1ndares de seguridad y en cumplimiento con las normativas vigentes.\" \/>\n<meta name=\"robots\" content=\"index, follow, max-snippet:-1, max-image-preview:large, max-video-preview:-1\" \/>\n<link rel=\"canonical\" href=\"https:\/\/secc-oilandgas.com\/es\/productos-servicios\/desmantelamiento-submarino\/\" \/>\n<meta property=\"og:locale\" content=\"es_ES\" \/>\n<meta property=\"og:type\" content=\"article\" \/>\n<meta property=\"og:title\" content=\"Desmantelamiento Submarino\" \/>\n<meta property=\"og:description\" content=\"Secc apoya las actividades de desmantelamiento de operadores y empresas de servicios a nivel mundial. Proporcionamos conectores y acoplamientos especializados para la transferencia de fluidos, as\u00ed como una gama de servicios complementarios. Estos productos y servicios, adem\u00e1s de mejorar la eficiencia operativa, se suministran de acuerdo con los m\u00e1s altos est\u00e1ndares de seguridad y en cumplimiento con las normativas vigentes.\" \/>\n<meta property=\"og:url\" content=\"https:\/\/secc-oilandgas.com\/es\/productos-servicios\/desmantelamiento-submarino\/\" \/>\n<meta property=\"og:site_name\" content=\"Secc Oil &amp; Gas Ltd\" \/>\n<meta property=\"article:publisher\" content=\"http:\/\/www.facebook.com\/seccoilgas\/\" \/>\n<meta property=\"article:modified_time\" content=\"2025-04-28T11:29:57+00:00\" \/>\n<meta property=\"og:image\" content=\"https:\/\/secc-oilandgas.com\/wp-content\/uploads\/2024\/10\/Decommissioning_wide_hero.png\" \/>\n\t<meta property=\"og:image:width\" content=\"5771\" \/>\n\t<meta property=\"og:image:height\" content=\"1523\" \/>\n\t<meta property=\"og:image:type\" content=\"image\/png\" \/>\n<meta name=\"twitter:card\" content=\"summary_large_image\" \/>\n<meta name=\"twitter:site\" content=\"@seccoilandgas\" \/>\n<meta name=\"twitter:label1\" content=\"Est. reading time\" \/>\n\t<meta name=\"twitter:data1\" content=\"5 minutes\" \/>\n<script type=\"application\/ld+json\" class=\"yoast-schema-graph\">{\"@context\":\"https:\/\/schema.org\",\"@graph\":[{\"@type\":\"WebPage\",\"@id\":\"https:\/\/secc-oilandgas.com\/es\/productos-servicios\/desmantelamiento-submarino\/\",\"url\":\"https:\/\/secc-oilandgas.com\/es\/productos-servicios\/desmantelamiento-submarino\/\",\"name\":\"Desmantelamiento Submarino\",\"isPartOf\":{\"@id\":\"https:\/\/secc-oilandgas.com\/es\/#website\"},\"primaryImageOfPage\":{\"@id\":\"https:\/\/secc-oilandgas.com\/es\/productos-servicios\/desmantelamiento-submarino\/#primaryimage\"},\"image\":{\"@id\":\"https:\/\/secc-oilandgas.com\/es\/productos-servicios\/desmantelamiento-submarino\/#primaryimage\"},\"thumbnailUrl\":\"https:\/\/secc-oilandgas.com\/wp-content\/uploads\/2024\/10\/Decommissioning_wide_hero.png\",\"datePublished\":\"2024-08-20T11:15:46+00:00\",\"dateModified\":\"2025-04-28T11:29:57+00:00\",\"description\":\"Secc apoya las actividades de desmantelamiento de operadores y empresas de servicios a nivel mundial. Proporcionamos conectores y acoplamientos especializados para la transferencia de fluidos, as\u00ed como una gama de servicios complementarios. Estos productos y servicios, adem\u00e1s de mejorar la eficiencia operativa, se suministran de acuerdo con los m\u00e1s altos est\u00e1ndares de seguridad y en cumplimiento con las normativas vigentes.\",\"breadcrumb\":{\"@id\":\"https:\/\/secc-oilandgas.com\/es\/productos-servicios\/desmantelamiento-submarino\/#breadcrumb\"},\"inLanguage\":\"es\",\"potentialAction\":[{\"@type\":\"ReadAction\",\"target\":[\"https:\/\/secc-oilandgas.com\/es\/productos-servicios\/desmantelamiento-submarino\/\"]}]},{\"@type\":\"ImageObject\",\"inLanguage\":\"es\",\"@id\":\"https:\/\/secc-oilandgas.com\/es\/productos-servicios\/desmantelamiento-submarino\/#primaryimage\",\"url\":\"https:\/\/secc-oilandgas.com\/wp-content\/uploads\/2024\/10\/Decommissioning_wide_hero.png\",\"contentUrl\":\"https:\/\/secc-oilandgas.com\/wp-content\/uploads\/2024\/10\/Decommissioning_wide_hero.png\",\"width\":5771,\"height\":1523},{\"@type\":\"BreadcrumbList\",\"@id\":\"https:\/\/secc-oilandgas.com\/es\/productos-servicios\/desmantelamiento-submarino\/#breadcrumb\",\"itemListElement\":[{\"@type\":\"ListItem\",\"position\":1,\"name\":\"Home\",\"item\":\"https:\/\/secc-oilandgas.com\/es\/\"},{\"@type\":\"ListItem\",\"position\":2,\"name\":\"Productos y Servicios\",\"item\":\"https:\/\/secc-oilandgas.com\/es\/productos-servicios\/\"},{\"@type\":\"ListItem\",\"position\":3,\"name\":\"Desmantelamiento Submarino\"}]},{\"@type\":\"WebSite\",\"@id\":\"https:\/\/secc-oilandgas.com\/es\/#website\",\"url\":\"https:\/\/secc-oilandgas.com\/es\/\",\"name\":\"Secc Oil &amp; Gas Ltd\",\"description\":\"\",\"publisher\":{\"@id\":\"https:\/\/secc-oilandgas.com\/es\/#organization\"},\"potentialAction\":[{\"@type\":\"SearchAction\",\"target\":{\"@type\":\"EntryPoint\",\"urlTemplate\":\"https:\/\/secc-oilandgas.com\/es\/?s={search_term_string}\"},\"query-input\":{\"@type\":\"PropertyValueSpecification\",\"valueRequired\":true,\"valueName\":\"search_term_string\"}}],\"inLanguage\":\"es\"},{\"@type\":\"Organization\",\"@id\":\"https:\/\/secc-oilandgas.com\/es\/#organization\",\"name\":\"Secc Oil & Gas Ltd\",\"url\":\"https:\/\/secc-oilandgas.com\/es\/\",\"logo\":{\"@type\":\"ImageObject\",\"inLanguage\":\"es\",\"@id\":\"https:\/\/secc-oilandgas.com\/es\/#\/schema\/logo\/image\/\",\"url\":\"https:\/\/secc-oilandgas.com\/wp-content\/uploads\/2018\/03\/SECC_logo_CMYK-grey-2018-JPEG-BORDER.jpg\",\"contentUrl\":\"https:\/\/secc-oilandgas.com\/wp-content\/uploads\/2018\/03\/SECC_logo_CMYK-grey-2018-JPEG-BORDER.jpg\",\"width\":1735,\"height\":1108,\"caption\":\"Secc Oil & Gas Ltd\"},\"image\":{\"@id\":\"https:\/\/secc-oilandgas.com\/es\/#\/schema\/logo\/image\/\"},\"sameAs\":[\"http:\/\/www.facebook.com\/seccoilgas\/\",\"https:\/\/x.com\/seccoilandgas\",\"https:\/\/www.linkedin.com\/company\/secc-oilandgas\/\"]}]}<\/script>\n<!-- \/ Yoast SEO plugin. -->","yoast_head_json":{"title":"Desmantelamiento Submarino","description":"Secc apoya las actividades de desmantelamiento de operadores y empresas de servicios a nivel mundial. Proporcionamos conectores y acoplamientos especializados para la transferencia de fluidos, as\u00ed como una gama de servicios complementarios. Estos productos y servicios, adem\u00e1s de mejorar la eficiencia operativa, se suministran de acuerdo con los m\u00e1s altos est\u00e1ndares de seguridad y en cumplimiento con las normativas vigentes.","robots":{"index":"index","follow":"follow","max-snippet":"max-snippet:-1","max-image-preview":"max-image-preview:large","max-video-preview":"max-video-preview:-1"},"canonical":"https:\/\/secc-oilandgas.com\/es\/productos-servicios\/desmantelamiento-submarino\/","og_locale":"es_ES","og_type":"article","og_title":"Desmantelamiento Submarino","og_description":"Secc apoya las actividades de desmantelamiento de operadores y empresas de servicios a nivel mundial. Proporcionamos conectores y acoplamientos especializados para la transferencia de fluidos, as\u00ed como una gama de servicios complementarios. Estos productos y servicios, adem\u00e1s de mejorar la eficiencia operativa, se suministran de acuerdo con los m\u00e1s altos est\u00e1ndares de seguridad y en cumplimiento con las normativas vigentes.","og_url":"https:\/\/secc-oilandgas.com\/es\/productos-servicios\/desmantelamiento-submarino\/","og_site_name":"Secc Oil &amp; Gas Ltd","article_publisher":"http:\/\/www.facebook.com\/seccoilgas\/","article_modified_time":"2025-04-28T11:29:57+00:00","og_image":[{"width":5771,"height":1523,"url":"https:\/\/secc-oilandgas.com\/wp-content\/uploads\/2024\/10\/Decommissioning_wide_hero.png","type":"image\/png"}],"twitter_card":"summary_large_image","twitter_site":"@seccoilandgas","twitter_misc":{"Est. reading time":"5 minutes"},"schema":{"@context":"https:\/\/schema.org","@graph":[{"@type":"WebPage","@id":"https:\/\/secc-oilandgas.com\/es\/productos-servicios\/desmantelamiento-submarino\/","url":"https:\/\/secc-oilandgas.com\/es\/productos-servicios\/desmantelamiento-submarino\/","name":"Desmantelamiento Submarino","isPartOf":{"@id":"https:\/\/secc-oilandgas.com\/es\/#website"},"primaryImageOfPage":{"@id":"https:\/\/secc-oilandgas.com\/es\/productos-servicios\/desmantelamiento-submarino\/#primaryimage"},"image":{"@id":"https:\/\/secc-oilandgas.com\/es\/productos-servicios\/desmantelamiento-submarino\/#primaryimage"},"thumbnailUrl":"https:\/\/secc-oilandgas.com\/wp-content\/uploads\/2024\/10\/Decommissioning_wide_hero.png","datePublished":"2024-08-20T11:15:46+00:00","dateModified":"2025-04-28T11:29:57+00:00","description":"Secc apoya las actividades de desmantelamiento de operadores y empresas de servicios a nivel mundial. Proporcionamos conectores y acoplamientos especializados para la transferencia de fluidos, as\u00ed como una gama de servicios complementarios. Estos productos y servicios, adem\u00e1s de mejorar la eficiencia operativa, se suministran de acuerdo con los m\u00e1s altos est\u00e1ndares de seguridad y en cumplimiento con las normativas vigentes.","breadcrumb":{"@id":"https:\/\/secc-oilandgas.com\/es\/productos-servicios\/desmantelamiento-submarino\/#breadcrumb"},"inLanguage":"es","potentialAction":[{"@type":"ReadAction","target":["https:\/\/secc-oilandgas.com\/es\/productos-servicios\/desmantelamiento-submarino\/"]}]},{"@type":"ImageObject","inLanguage":"es","@id":"https:\/\/secc-oilandgas.com\/es\/productos-servicios\/desmantelamiento-submarino\/#primaryimage","url":"https:\/\/secc-oilandgas.com\/wp-content\/uploads\/2024\/10\/Decommissioning_wide_hero.png","contentUrl":"https:\/\/secc-oilandgas.com\/wp-content\/uploads\/2024\/10\/Decommissioning_wide_hero.png","width":5771,"height":1523},{"@type":"BreadcrumbList","@id":"https:\/\/secc-oilandgas.com\/es\/productos-servicios\/desmantelamiento-submarino\/#breadcrumb","itemListElement":[{"@type":"ListItem","position":1,"name":"Home","item":"https:\/\/secc-oilandgas.com\/es\/"},{"@type":"ListItem","position":2,"name":"Productos y Servicios","item":"https:\/\/secc-oilandgas.com\/es\/productos-servicios\/"},{"@type":"ListItem","position":3,"name":"Desmantelamiento Submarino"}]},{"@type":"WebSite","@id":"https:\/\/secc-oilandgas.com\/es\/#website","url":"https:\/\/secc-oilandgas.com\/es\/","name":"Secc Oil &amp; Gas Ltd","description":"","publisher":{"@id":"https:\/\/secc-oilandgas.com\/es\/#organization"},"potentialAction":[{"@type":"SearchAction","target":{"@type":"EntryPoint","urlTemplate":"https:\/\/secc-oilandgas.com\/es\/?s={search_term_string}"},"query-input":{"@type":"PropertyValueSpecification","valueRequired":true,"valueName":"search_term_string"}}],"inLanguage":"es"},{"@type":"Organization","@id":"https:\/\/secc-oilandgas.com\/es\/#organization","name":"Secc Oil & Gas Ltd","url":"https:\/\/secc-oilandgas.com\/es\/","logo":{"@type":"ImageObject","inLanguage":"es","@id":"https:\/\/secc-oilandgas.com\/es\/#\/schema\/logo\/image\/","url":"https:\/\/secc-oilandgas.com\/wp-content\/uploads\/2018\/03\/SECC_logo_CMYK-grey-2018-JPEG-BORDER.jpg","contentUrl":"https:\/\/secc-oilandgas.com\/wp-content\/uploads\/2018\/03\/SECC_logo_CMYK-grey-2018-JPEG-BORDER.jpg","width":1735,"height":1108,"caption":"Secc Oil & Gas Ltd"},"image":{"@id":"https:\/\/secc-oilandgas.com\/es\/#\/schema\/logo\/image\/"},"sameAs":["http:\/\/www.facebook.com\/seccoilgas\/","https:\/\/x.com\/seccoilandgas","https:\/\/www.linkedin.com\/company\/secc-oilandgas\/"]}]}},"uagb_featured_image_src":{"full":["https:\/\/secc-oilandgas.com\/wp-content\/uploads\/2024\/10\/Decommissioning_wide_hero.png",5771,1523,false],"thumbnail":["https:\/\/secc-oilandgas.com\/wp-content\/uploads\/2024\/10\/Decommissioning_wide_hero-150x150.png",150,150,true],"medium":["https:\/\/secc-oilandgas.com\/wp-content\/uploads\/2024\/10\/Decommissioning_wide_hero-300x79.png",300,79,true],"medium_large":["https:\/\/secc-oilandgas.com\/wp-content\/uploads\/2024\/10\/Decommissioning_wide_hero-768x203.png",670,177,true],"large":["https:\/\/secc-oilandgas.com\/wp-content\/uploads\/2024\/10\/Decommissioning_wide_hero-1024x270.png",670,177,true],"1536x1536":["https:\/\/secc-oilandgas.com\/wp-content\/uploads\/2024\/10\/Decommissioning_wide_hero-1536x405.png",1536,405,true],"2048x2048":["https:\/\/secc-oilandgas.com\/wp-content\/uploads\/2024\/10\/Decommissioning_wide_hero-2048x540.png",2048,540,true],"post-thumbnail":["https:\/\/secc-oilandgas.com\/wp-content\/uploads\/2024\/10\/Decommissioning_wide_hero-1500x500.png",1500,500,true],"gallery-img":["https:\/\/secc-oilandgas.com\/wp-content\/uploads\/2024\/10\/Decommissioning_wide_hero-450x300.png",450,300,true]},"uagb_author_info":{"display_name":"Seb Atkinson","author_link":"https:\/\/secc-oilandgas.com\/es\/author\/sebatkinson\/"},"uagb_comment_info":0,"uagb_excerpt":"Al desmantelar pozos e infraestructuras submarinos, los hidrocarburos y el equipo deben ser retirados para dejar el \u00e1rea en una condici\u00f3n segura y ambientalmente sostenible.","_links":{"self":[{"href":"https:\/\/secc-oilandgas.com\/es\/wp-json\/wp\/v2\/pages\/3051","targetHints":{"allow":["GET"]}}],"collection":[{"href":"https:\/\/secc-oilandgas.com\/es\/wp-json\/wp\/v2\/pages"}],"about":[{"href":"https:\/\/secc-oilandgas.com\/es\/wp-json\/wp\/v2\/types\/page"}],"author":[{"embeddable":true,"href":"https:\/\/secc-oilandgas.com\/es\/wp-json\/wp\/v2\/users\/9"}],"replies":[{"embeddable":true,"href":"https:\/\/secc-oilandgas.com\/es\/wp-json\/wp\/v2\/comments?post=3051"}],"version-history":[{"count":2,"href":"https:\/\/secc-oilandgas.com\/es\/wp-json\/wp\/v2\/pages\/3051\/revisions"}],"predecessor-version":[{"id":3429,"href":"https:\/\/secc-oilandgas.com\/es\/wp-json\/wp\/v2\/pages\/3051\/revisions\/3429"}],"up":[{"embeddable":true,"href":"https:\/\/secc-oilandgas.com\/es\/wp-json\/wp\/v2\/pages\/3088"}],"wp:featuredmedia":[{"embeddable":true,"href":"https:\/\/secc-oilandgas.com\/es\/wp-json\/wp\/v2\/media\/2786"}],"wp:attachment":[{"href":"https:\/\/secc-oilandgas.com\/es\/wp-json\/wp\/v2\/media?parent=3051"}],"curies":[{"name":"wp","href":"https:\/\/api.w.org\/{rel}","templated":true}]}}