{"id":3086,"date":"2015-07-24T11:30:08","date_gmt":"2015-07-24T10:30:08","guid":{"rendered":"https:\/\/secc-oilandgas.com\/?page_id=3086"},"modified":"2025-05-06T17:28:59","modified_gmt":"2025-05-06T16:28:59","slug":"midline-weak-link","status":"publish","type":"page","link":"https:\/\/secc-oilandgas.com\/es\/productos-servicios\/midline-weak-link\/","title":{"rendered":"Midline Weak Link"},"content":{"rendered":"\n<p>El MIDLINE WEAK LINK (MLWL) es un acoplamiento de desconexi\u00f3n r\u00e1pida de paso completo y de presi\u00f3n balanceada. Est\u00e1 dise\u00f1ado para ubicarse entre dos mangueras flexibles y facilitar la <strong>desconexi\u00f3n r\u00e1pida de emergencia<\/strong> (EQD, por sus siglas en ingl\u00e9s).<\/p>\n\n\n\n<p>Su dise\u00f1o permite la desconexi\u00f3n automatica en caso de emergencia. El dise\u00f1o con tecnolog\u00eda patentada sella autom\u00e1ticamente el conducto al activarse, garantizando <strong>cero fugas<\/strong> y brindando una protecci\u00f3n completa a los activos, la seguridad y el medio ambiente marino.<\/p>\n\n\n\n<p>Su geometr\u00eda equilibrada proporciona minima p\u00e9rdida de presi\u00f3n a trav\u00e9s del acoplamiento y elimina la fuerza hidrost\u00e1tica axial sobre el sistema de retenci\u00f3n. Est permite establecer cargas de rotura relativamente bajas, protegiendo sistemas e instalaciones sensibles.<\/p>\n\n\n\n<p>A diferencia de otras soluciones que dependen de complejas c\u00e1maras mec\u00e1nicas\/hidr\u00e1ulicas compesadas de presi\u00f3n (y que no son de presi\u00f3n balanceada), el <strong>MLWL<\/strong> ofrece una soluci\u00f3n m\u00e1s simple y confiable.<\/p>\n\n\n\n<p>El MLWL se mantiene en posici\u00f3 mediante <strong>un solo pasador de tensi\u00f3n<\/strong>, calibrado a la carga de ruptura especificada. El uso de <strong>un pasador centralizado<\/strong> reduce la carga desigual o excesiva que puede producirse al usar m\u00faltiples pasadores de tensi\u00f3n, mejorando as\u00ed la fiabilidad operativa.<\/p>\n\n\n\n<p>Su instalaci\u00f3n <strong>intermedia en l\u00ednea de mangueras<\/strong> brinda total flexibilidad a operadores y compa\u00f1\u00edas de servicio para posicionarlo en sistemas <strong>submarinos, marinos o en superficie<\/strong>. Esto lo convierte en una soluci\u00f3n ideal para m\u00faltiples aplicaciones, especialmente cuando no es viable utilizar un sistema EQD fijo o montado.<\/p>\n\n\n\n<p>La geometr\u00eda de presi\u00f3n balanceada desarrollada por Secc ha sido utilizada con \u00e9xito durante m\u00e1s de 20 a\u00f1os.<\/p>\n\n\n\n<h2 class=\"wp-block-heading\">Beneficios<\/h2>\n\n\n\n<p>\u2705 Rotura pasiva: configurada para una carga de rotura a especificar de hasta 5 toneladas<\/p>\n\n\n\n<p>\u2705 Cierre con v\u00e1lvulas integradas: 100% cero fugas<\/p>\n\n\n\n<p>\u2705 Activaci\u00f3n bajo condiciones de presi\u00f3n y caudal m\u00e1ximos<\/p>\n\n\n\n<p>\u2705 Paso completo tipo HIGHFLOW, p\u00e9rdida de presi\u00f3n m\u00ednima a trav\u00e9s del acoplamiento (Sin componentes de v\u00e1lvula en el conducto)<\/p>\n\n\n\n<p>\u2705 Dise\u00f1o de presi\u00f3n balanceada<\/p>\n\n\n\n<p>\u2705 Presiones de trabajo de hasta 15,000Psi&nbsp;<\/p>\n\n\n\n<p>\u2705 Instalaci\u00f3n flexible entre mangueras flexibles\/l\u00edneas de flujo<\/p>\n\n\n\n<p>\u2705 Dise\u00f1ado y probado conforme a API6A 17D y PSL3 PR2 para otras conexiones finales (OEC &#8211; Other End Connections)<\/p>\n\n\n\n<p>\u2705 Chaqueta de protecci\u00f3n opcional<\/p>\n\n\n\n<p>\u2705 R\u00e1pido de resetear<\/p>\n\n\n\n<p>\u2705 Orejas para izado<\/p>\n\n\n\n<p>\u2705 Puntos de amarre<\/p>\n\n\n\n<p>\u2705 Experiencia demostrada<\/p>\n\n\n\n<p>\u2705 Patentado<\/p>\n\n\n\n<p>\u2705 Anulaci\u00f3n hidr\u00e1ulica o el\u00e9ctrica (Opcional)<\/p>\n\n\n\n<p>\u2705 Protector para el tr\u00e1nsito (Opcional)<\/p>\n\n\n\n<p>\u2705 Indiciador de posici\u00f3n (Opcional)<\/p>\n\n\n\n<p>\u2705 Soporte global de Secc para repuestos y servicio en campo<\/p>\n\n\n\n<p>Compatible con una amplia gama de&nbsp; fluidos, incluidos, entre otros:<\/p>\n\n\n\n<ul class=\"wp-block-list\">\n<li>Gases<\/li>\n\n\n\n<li>Petr\u00f3leo<\/li>\n\n\n\n<li>Gasolina<\/li>\n\n\n\n<li>Agua<\/li>\n\n\n\n<li>Fluidos hidr\u00e1ulicos<\/li>\n\n\n\n<li>\u00c1cidos para la estimulaci\u00f3n de pozos<\/li>\n\n\n\n<li>Inhibidores de incrustaciones<\/li>\n\n\n\n<li>Cemento<\/li>\n\n\n\n<li>Lodos<\/li>\n<\/ul>\n\n\n\n<h2 class=\"wp-block-heading\">Aplicaciones<\/h2>\n\n\n\n<ul class=\"wp-block-list\">\n<li>Intervenciones de pozos petroleros<\/li>\n\n\n\n<li>Transferencia de fluidos entre barcos<\/li>\n\n\n\n<li>Cementaci\u00f3n y trabajos de sellado y abandono de pozos&nbsp;<\/li>\n\n\n\n<li>Reparaci\u00f3n y estimulaci\u00f3n de pozos<\/li>\n\n\n\n<li>Operaciones de perforaci\u00f3n de pozos<\/li>\n\n\n\n<li>Precomisionado y comisionado de tuber\u00edas<\/li>\n\n\n\n<li>Trasferencia defluidos entre barcos y plataformas<\/li>\n\n\n\n<li>L\u00edneas de control<\/li>\n<\/ul>\n\n\n\n<p><\/p>\n","protected":false},"excerpt":{"rendered":"<p>El MIDLINE WEAK LINK (MLWL) es un acoplamiento de desconexi\u00f3n r\u00e1pida de paso completo y de presi\u00f3n balanceada. Est\u00e1 dise\u00f1ado para ubicarse entre dos mangueras <\/p>\n<a href=\"https:\/\/secc-oilandgas.com\/es\/productos-servicios\/midline-weak-link\/\" class=\"readmore\">Read More<\/a>","protected":false},"author":9,"featured_media":2550,"parent":3088,"menu_order":2,"comment_status":"closed","ping_status":"closed","template":"templates\/tpl-products_info.php","meta":{"_acf_changed":false,"inline_featured_image":false,"_uag_custom_page_level_css":"","footnotes":""},"class_list":["post-3086","page","type-page","status-publish","has-post-thumbnail","hentry"],"acf":[],"yoast_head":"<!-- This site is optimized with the Yoast SEO plugin v26.0 - https:\/\/yoast.com\/wordpress\/plugins\/seo\/ -->\n<title>Midline Weak Link &#8226; Secc Oil &amp; Gas Ltd<\/title>\n<meta name=\"description\" content=\"El MIDLINE WEAK LINK (MLWL) es un acoplamiento de desconexi\u00f3n r\u00e1pida de paso completo y de presi\u00f3n balanceada. Est\u00e1 dise\u00f1ado para ubicarse entre dos mangueras flexibles y facilitar la desconexi\u00f3n r\u00e1pida de emergencia (EQD, por sus siglas en ingl\u00e9s).\" \/>\n<meta name=\"robots\" content=\"index, follow, max-snippet:-1, max-image-preview:large, max-video-preview:-1\" \/>\n<link rel=\"canonical\" href=\"https:\/\/secc-oilandgas.com\/es\/productos-servicios\/midline-weak-link\/\" \/>\n<meta property=\"og:locale\" content=\"es_ES\" \/>\n<meta property=\"og:type\" content=\"article\" \/>\n<meta property=\"og:title\" content=\"Midline Weak Link &#8226; Secc Oil &amp; Gas Ltd\" \/>\n<meta property=\"og:description\" content=\"El MIDLINE WEAK LINK (MLWL) es un acoplamiento de desconexi\u00f3n r\u00e1pida de paso completo y de presi\u00f3n balanceada. Est\u00e1 dise\u00f1ado para ubicarse entre dos mangueras flexibles y facilitar la desconexi\u00f3n r\u00e1pida de emergencia (EQD, por sus siglas en ingl\u00e9s).\" \/>\n<meta property=\"og:url\" content=\"https:\/\/secc-oilandgas.com\/es\/productos-servicios\/midline-weak-link\/\" \/>\n<meta property=\"og:site_name\" content=\"Secc Oil &amp; Gas Ltd\" \/>\n<meta property=\"article:publisher\" content=\"http:\/\/www.facebook.com\/seccoilgas\/\" \/>\n<meta property=\"article:modified_time\" content=\"2025-05-06T16:28:59+00:00\" \/>\n<meta property=\"og:image\" content=\"https:\/\/secc-oilandgas.com\/wp-content\/uploads\/2024\/02\/2.-MLWL-SECTION.jpg\" \/>\n\t<meta property=\"og:image:width\" content=\"1238\" \/>\n\t<meta property=\"og:image:height\" content=\"420\" \/>\n\t<meta property=\"og:image:type\" content=\"image\/jpeg\" \/>\n<meta name=\"twitter:card\" content=\"summary_large_image\" \/>\n<meta name=\"twitter:site\" content=\"@seccoilandgas\" \/>\n<meta name=\"twitter:label1\" content=\"Est. reading time\" \/>\n\t<meta name=\"twitter:data1\" content=\"3 minutes\" \/>\n<script type=\"application\/ld+json\" class=\"yoast-schema-graph\">{\"@context\":\"https:\/\/schema.org\",\"@graph\":[{\"@type\":\"WebPage\",\"@id\":\"https:\/\/secc-oilandgas.com\/es\/productos-servicios\/midline-weak-link\/\",\"url\":\"https:\/\/secc-oilandgas.com\/es\/productos-servicios\/midline-weak-link\/\",\"name\":\"Midline Weak Link &#8226; Secc Oil &amp; Gas Ltd\",\"isPartOf\":{\"@id\":\"https:\/\/secc-oilandgas.com\/es\/#website\"},\"primaryImageOfPage\":{\"@id\":\"https:\/\/secc-oilandgas.com\/es\/productos-servicios\/midline-weak-link\/#primaryimage\"},\"image\":{\"@id\":\"https:\/\/secc-oilandgas.com\/es\/productos-servicios\/midline-weak-link\/#primaryimage\"},\"thumbnailUrl\":\"https:\/\/secc-oilandgas.com\/wp-content\/uploads\/2024\/02\/2.-MLWL-SECTION.jpg\",\"datePublished\":\"2015-07-24T10:30:08+00:00\",\"dateModified\":\"2025-05-06T16:28:59+00:00\",\"description\":\"El MIDLINE WEAK LINK (MLWL) es un acoplamiento de desconexi\u00f3n r\u00e1pida de paso completo y de presi\u00f3n balanceada. Est\u00e1 dise\u00f1ado para ubicarse entre dos mangueras flexibles y facilitar la desconexi\u00f3n r\u00e1pida de emergencia (EQD, por sus siglas en ingl\u00e9s).\",\"breadcrumb\":{\"@id\":\"https:\/\/secc-oilandgas.com\/es\/productos-servicios\/midline-weak-link\/#breadcrumb\"},\"inLanguage\":\"es\",\"potentialAction\":[{\"@type\":\"ReadAction\",\"target\":[\"https:\/\/secc-oilandgas.com\/es\/productos-servicios\/midline-weak-link\/\"]}]},{\"@type\":\"ImageObject\",\"inLanguage\":\"es\",\"@id\":\"https:\/\/secc-oilandgas.com\/es\/productos-servicios\/midline-weak-link\/#primaryimage\",\"url\":\"https:\/\/secc-oilandgas.com\/wp-content\/uploads\/2024\/02\/2.-MLWL-SECTION.jpg\",\"contentUrl\":\"https:\/\/secc-oilandgas.com\/wp-content\/uploads\/2024\/02\/2.-MLWL-SECTION.jpg\",\"width\":1238,\"height\":420},{\"@type\":\"BreadcrumbList\",\"@id\":\"https:\/\/secc-oilandgas.com\/es\/productos-servicios\/midline-weak-link\/#breadcrumb\",\"itemListElement\":[{\"@type\":\"ListItem\",\"position\":1,\"name\":\"Home\",\"item\":\"https:\/\/secc-oilandgas.com\/es\/\"},{\"@type\":\"ListItem\",\"position\":2,\"name\":\"Productos y Servicios\",\"item\":\"https:\/\/secc-oilandgas.com\/es\/productos-servicios\/\"},{\"@type\":\"ListItem\",\"position\":3,\"name\":\"Midline Weak Link\"}]},{\"@type\":\"WebSite\",\"@id\":\"https:\/\/secc-oilandgas.com\/es\/#website\",\"url\":\"https:\/\/secc-oilandgas.com\/es\/\",\"name\":\"Secc Oil &amp; Gas Ltd\",\"description\":\"\",\"publisher\":{\"@id\":\"https:\/\/secc-oilandgas.com\/es\/#organization\"},\"potentialAction\":[{\"@type\":\"SearchAction\",\"target\":{\"@type\":\"EntryPoint\",\"urlTemplate\":\"https:\/\/secc-oilandgas.com\/es\/?s={search_term_string}\"},\"query-input\":{\"@type\":\"PropertyValueSpecification\",\"valueRequired\":true,\"valueName\":\"search_term_string\"}}],\"inLanguage\":\"es\"},{\"@type\":\"Organization\",\"@id\":\"https:\/\/secc-oilandgas.com\/es\/#organization\",\"name\":\"Secc Oil & Gas Ltd\",\"url\":\"https:\/\/secc-oilandgas.com\/es\/\",\"logo\":{\"@type\":\"ImageObject\",\"inLanguage\":\"es\",\"@id\":\"https:\/\/secc-oilandgas.com\/es\/#\/schema\/logo\/image\/\",\"url\":\"https:\/\/secc-oilandgas.com\/wp-content\/uploads\/2018\/03\/SECC_logo_CMYK-grey-2018-JPEG-BORDER.jpg\",\"contentUrl\":\"https:\/\/secc-oilandgas.com\/wp-content\/uploads\/2018\/03\/SECC_logo_CMYK-grey-2018-JPEG-BORDER.jpg\",\"width\":1735,\"height\":1108,\"caption\":\"Secc Oil & Gas Ltd\"},\"image\":{\"@id\":\"https:\/\/secc-oilandgas.com\/es\/#\/schema\/logo\/image\/\"},\"sameAs\":[\"http:\/\/www.facebook.com\/seccoilgas\/\",\"https:\/\/x.com\/seccoilandgas\",\"https:\/\/www.linkedin.com\/company\/secc-oilandgas\/\"]}]}<\/script>\n<!-- \/ Yoast SEO plugin. -->","yoast_head_json":{"title":"Midline Weak Link &#8226; Secc Oil &amp; Gas Ltd","description":"El MIDLINE WEAK LINK (MLWL) es un acoplamiento de desconexi\u00f3n r\u00e1pida de paso completo y de presi\u00f3n balanceada. Est\u00e1 dise\u00f1ado para ubicarse entre dos mangueras flexibles y facilitar la desconexi\u00f3n r\u00e1pida de emergencia (EQD, por sus siglas en ingl\u00e9s).","robots":{"index":"index","follow":"follow","max-snippet":"max-snippet:-1","max-image-preview":"max-image-preview:large","max-video-preview":"max-video-preview:-1"},"canonical":"https:\/\/secc-oilandgas.com\/es\/productos-servicios\/midline-weak-link\/","og_locale":"es_ES","og_type":"article","og_title":"Midline Weak Link &#8226; Secc Oil &amp; Gas Ltd","og_description":"El MIDLINE WEAK LINK (MLWL) es un acoplamiento de desconexi\u00f3n r\u00e1pida de paso completo y de presi\u00f3n balanceada. Est\u00e1 dise\u00f1ado para ubicarse entre dos mangueras flexibles y facilitar la desconexi\u00f3n r\u00e1pida de emergencia (EQD, por sus siglas en ingl\u00e9s).","og_url":"https:\/\/secc-oilandgas.com\/es\/productos-servicios\/midline-weak-link\/","og_site_name":"Secc Oil &amp; Gas Ltd","article_publisher":"http:\/\/www.facebook.com\/seccoilgas\/","article_modified_time":"2025-05-06T16:28:59+00:00","og_image":[{"width":1238,"height":420,"url":"https:\/\/secc-oilandgas.com\/wp-content\/uploads\/2024\/02\/2.-MLWL-SECTION.jpg","type":"image\/jpeg"}],"twitter_card":"summary_large_image","twitter_site":"@seccoilandgas","twitter_misc":{"Est. reading time":"3 minutes"},"schema":{"@context":"https:\/\/schema.org","@graph":[{"@type":"WebPage","@id":"https:\/\/secc-oilandgas.com\/es\/productos-servicios\/midline-weak-link\/","url":"https:\/\/secc-oilandgas.com\/es\/productos-servicios\/midline-weak-link\/","name":"Midline Weak Link &#8226; Secc Oil &amp; Gas Ltd","isPartOf":{"@id":"https:\/\/secc-oilandgas.com\/es\/#website"},"primaryImageOfPage":{"@id":"https:\/\/secc-oilandgas.com\/es\/productos-servicios\/midline-weak-link\/#primaryimage"},"image":{"@id":"https:\/\/secc-oilandgas.com\/es\/productos-servicios\/midline-weak-link\/#primaryimage"},"thumbnailUrl":"https:\/\/secc-oilandgas.com\/wp-content\/uploads\/2024\/02\/2.-MLWL-SECTION.jpg","datePublished":"2015-07-24T10:30:08+00:00","dateModified":"2025-05-06T16:28:59+00:00","description":"El MIDLINE WEAK LINK (MLWL) es un acoplamiento de desconexi\u00f3n r\u00e1pida de paso completo y de presi\u00f3n balanceada. Est\u00e1 dise\u00f1ado para ubicarse entre dos mangueras flexibles y facilitar la desconexi\u00f3n r\u00e1pida de emergencia (EQD, por sus siglas en ingl\u00e9s).","breadcrumb":{"@id":"https:\/\/secc-oilandgas.com\/es\/productos-servicios\/midline-weak-link\/#breadcrumb"},"inLanguage":"es","potentialAction":[{"@type":"ReadAction","target":["https:\/\/secc-oilandgas.com\/es\/productos-servicios\/midline-weak-link\/"]}]},{"@type":"ImageObject","inLanguage":"es","@id":"https:\/\/secc-oilandgas.com\/es\/productos-servicios\/midline-weak-link\/#primaryimage","url":"https:\/\/secc-oilandgas.com\/wp-content\/uploads\/2024\/02\/2.-MLWL-SECTION.jpg","contentUrl":"https:\/\/secc-oilandgas.com\/wp-content\/uploads\/2024\/02\/2.-MLWL-SECTION.jpg","width":1238,"height":420},{"@type":"BreadcrumbList","@id":"https:\/\/secc-oilandgas.com\/es\/productos-servicios\/midline-weak-link\/#breadcrumb","itemListElement":[{"@type":"ListItem","position":1,"name":"Home","item":"https:\/\/secc-oilandgas.com\/es\/"},{"@type":"ListItem","position":2,"name":"Productos y Servicios","item":"https:\/\/secc-oilandgas.com\/es\/productos-servicios\/"},{"@type":"ListItem","position":3,"name":"Midline Weak Link"}]},{"@type":"WebSite","@id":"https:\/\/secc-oilandgas.com\/es\/#website","url":"https:\/\/secc-oilandgas.com\/es\/","name":"Secc Oil &amp; Gas Ltd","description":"","publisher":{"@id":"https:\/\/secc-oilandgas.com\/es\/#organization"},"potentialAction":[{"@type":"SearchAction","target":{"@type":"EntryPoint","urlTemplate":"https:\/\/secc-oilandgas.com\/es\/?s={search_term_string}"},"query-input":{"@type":"PropertyValueSpecification","valueRequired":true,"valueName":"search_term_string"}}],"inLanguage":"es"},{"@type":"Organization","@id":"https:\/\/secc-oilandgas.com\/es\/#organization","name":"Secc Oil & Gas Ltd","url":"https:\/\/secc-oilandgas.com\/es\/","logo":{"@type":"ImageObject","inLanguage":"es","@id":"https:\/\/secc-oilandgas.com\/es\/#\/schema\/logo\/image\/","url":"https:\/\/secc-oilandgas.com\/wp-content\/uploads\/2018\/03\/SECC_logo_CMYK-grey-2018-JPEG-BORDER.jpg","contentUrl":"https:\/\/secc-oilandgas.com\/wp-content\/uploads\/2018\/03\/SECC_logo_CMYK-grey-2018-JPEG-BORDER.jpg","width":1735,"height":1108,"caption":"Secc Oil & Gas Ltd"},"image":{"@id":"https:\/\/secc-oilandgas.com\/es\/#\/schema\/logo\/image\/"},"sameAs":["http:\/\/www.facebook.com\/seccoilgas\/","https:\/\/x.com\/seccoilandgas","https:\/\/www.linkedin.com\/company\/secc-oilandgas\/"]}]}},"uagb_featured_image_src":{"full":["https:\/\/secc-oilandgas.com\/wp-content\/uploads\/2024\/02\/2.-MLWL-SECTION.jpg",1238,420,false],"thumbnail":["https:\/\/secc-oilandgas.com\/wp-content\/uploads\/2024\/02\/2.-MLWL-SECTION-150x150.jpg",150,150,true],"medium":["https:\/\/secc-oilandgas.com\/wp-content\/uploads\/2024\/02\/2.-MLWL-SECTION-300x102.jpg",300,102,true],"medium_large":["https:\/\/secc-oilandgas.com\/wp-content\/uploads\/2024\/02\/2.-MLWL-SECTION-768x261.jpg",670,228,true],"large":["https:\/\/secc-oilandgas.com\/wp-content\/uploads\/2024\/02\/2.-MLWL-SECTION-1024x347.jpg",670,227,true],"1536x1536":["https:\/\/secc-oilandgas.com\/wp-content\/uploads\/2024\/02\/2.-MLWL-SECTION.jpg",1238,420,false],"2048x2048":["https:\/\/secc-oilandgas.com\/wp-content\/uploads\/2024\/02\/2.-MLWL-SECTION.jpg",1238,420,false],"post-thumbnail":["https:\/\/secc-oilandgas.com\/wp-content\/uploads\/2024\/02\/2.-MLWL-SECTION.jpg",1238,420,false],"gallery-img":["https:\/\/secc-oilandgas.com\/wp-content\/uploads\/2024\/02\/2.-MLWL-SECTION-450x300.jpg",450,300,true]},"uagb_author_info":{"display_name":"Seb Atkinson","author_link":"https:\/\/secc-oilandgas.com\/es\/author\/sebatkinson\/"},"uagb_comment_info":0,"uagb_excerpt":"El MIDLINE WEAK LINK (MLWL) es un acoplamiento de desconexi\u00f3n r\u00e1pida de paso completo y de presi\u00f3n balanceada. Est\u00e1 dise\u00f1ado para ubicarse entre dos mangueras","_links":{"self":[{"href":"https:\/\/secc-oilandgas.com\/es\/wp-json\/wp\/v2\/pages\/3086","targetHints":{"allow":["GET"]}}],"collection":[{"href":"https:\/\/secc-oilandgas.com\/es\/wp-json\/wp\/v2\/pages"}],"about":[{"href":"https:\/\/secc-oilandgas.com\/es\/wp-json\/wp\/v2\/types\/page"}],"author":[{"embeddable":true,"href":"https:\/\/secc-oilandgas.com\/es\/wp-json\/wp\/v2\/users\/9"}],"replies":[{"embeddable":true,"href":"https:\/\/secc-oilandgas.com\/es\/wp-json\/wp\/v2\/comments?post=3086"}],"version-history":[{"count":2,"href":"https:\/\/secc-oilandgas.com\/es\/wp-json\/wp\/v2\/pages\/3086\/revisions"}],"predecessor-version":[{"id":3469,"href":"https:\/\/secc-oilandgas.com\/es\/wp-json\/wp\/v2\/pages\/3086\/revisions\/3469"}],"up":[{"embeddable":true,"href":"https:\/\/secc-oilandgas.com\/es\/wp-json\/wp\/v2\/pages\/3088"}],"wp:featuredmedia":[{"embeddable":true,"href":"https:\/\/secc-oilandgas.com\/es\/wp-json\/wp\/v2\/media\/2550"}],"wp:attachment":[{"href":"https:\/\/secc-oilandgas.com\/es\/wp-json\/wp\/v2\/media?parent=3086"}],"curies":[{"name":"wp","href":"https:\/\/api.w.org\/{rel}","templated":true}]}}