{"id":3090,"date":"2015-07-24T11:29:49","date_gmt":"2015-07-24T10:29:49","guid":{"rendered":"https:\/\/secc-oilandgas.com\/?page_id=3090"},"modified":"2025-05-06T17:15:28","modified_gmt":"2025-05-06T16:15:28","slug":"hot-make-hot-break","status":"publish","type":"page","link":"https:\/\/secc-oilandgas.com\/es\/productos-servicios\/hot-make-hot-break\/","title":{"rendered":"Hot Make Hot Break"},"content":{"rendered":"\n<p>El \u201cHOT MAKE HOT BREAK\u201d (HMHB) es un acoplamiento de <strong>conexi\u00f3n y desconexi\u00f3n r\u00e1pida<\/strong> (\u2018QCDC\u2019 por sus siglas en ingl\u00e9s) de paso total, de presi\u00f3n balanceada y de cero derrames.<\/p>\n\n\n\n<p>El HMHB est\u00e1 dise\u00f1ado espec\u00edficamente para aplicaciones de alta presi\u00f3n en operaciones submarinas, permitiendo una desconexi\u00f3n r\u00e1pida de emergencia (&#8216;EQD&#8217; por sus siglas en ingl\u00e9s). Sin embargo, tambi\u00e9n puede utilizarse en desconexiones regulares sin emergencia.<\/p>\n\n\n\n<p>Este sistema protege al personal, al medio ambiente y a los equipos, minimizando tiempos prolongados de inactividad.<\/p>\n\n\n\n<p>El acoplamiento HMHB se activa cuando se aplica una fuerza axial de tracci\u00f3n. Al hacerlo, las v\u00e1lvulas se cierran autom\u00e1ticamente y sellan tanto el recept\u00e1culo fijo como la sonda m\u00f3vil (Free Probe), garantizando <strong>cero derrames y cero fugas a trav\u00e9s del asiento<\/strong>.<\/p>\n\n\n\n<p>El acoplamiento HMHB permite la conexi\u00f3n y reconexi\u00f3n m\u00e1s r\u00e1pida de cualquier sistema QCDC. Su sistema de retenci\u00f3n aut\u00f3noma se alinea y mantiene la conexi\u00f3n, permitiendo reanudar las operaciones de inmediato.<\/p>\n\n\n\n<p>Gracias a su dise\u00f1o de presi\u00f3n balancedo, no se generan fuerzas internas sobre los brazos de retenci\u00f3n, lo que permite una conexi\u00f3n y desconexi\u00f3n r\u00e1pida y segura, sin transferencia de presi\u00f3n residual o completa al conducto.<\/p>\n\n\n\n<p>Reconectar el HMHB es un proceso simple y directo: basta con introducir la sonda en el recept\u00e1culo.  Las v\u00e1lvulas se abrir\u00e1 autom\u00e1ticamente, permitiendo reanuda las operaciones sin complicaciones.<\/p>\n\n\n\n<p>El HMHB est\u00e1 equipado con un <strong>indicador de posici\u00f3n <\/strong> que garantiza que el estado de conexi\u00f3n se haya alcanzado correctamente.<\/p>\n\n\n\n<p>Est\u00e1 dise\u00f1ado para facilitar y optimizar el bombeo eficiente de fluidos y brindar un sistema de seguridad confiable en caso de deriva de la embarcaci\u00f3n causados por ejemplo por fallos d sus sistema de posicionamiento din\u00e1mico.<\/p>\n\n\n\n<p>El acoplamiento HMHB puede instalarse tanto en superficie como bajo el agua, sobre bridas no dedicadas. En caso de que el buque pierda su sistema de posicionamiento din\u00e1mico, el acoplamiento HMHB se activar\u00e1 de forma pasiva, incluso bajo presi\u00f3n m\u00e1xima de trabajo, sin p\u00e9rdidas de fluido ni contaminaci\u00f3n de la l\u00ednea. Esto proporciona un nivel protecci\u00f3n superior para la tripulaci\u00f3n, los equipos del cliente y el entorno.<\/p>\n\n\n\n<p>El acoplamiento puede operarse manualmente o ser activado por un ROV, un buzo, un actuador o un cabrestante. Esto permite prescindir de guillotinas u otros sistemas de desconexi\u00f3n de emergencia no controlados, tanto en superficie como en aplicaciones submarinas.<\/p>\n\n\n\n<p>La facilidad de conexi\u00f3n y desconexi\u00f3n del HMHB tambi\u00e9n contribuye a la reducci\u00f3n significativa del tiempo de inactividad y las p\u00e9rdidas econ\u00f3micas por interrupci\u00f3n en la producci\u00f3n de petr\u00f3leo.<\/p>\n\n\n\n<p>Aplicaciones<\/p>\n\n\n\n<ul class=\"wp-block-list\">\n<li>Todos los proyectos de bombeo y transferencia de fluidos asociados con aplicaciones submarinas y de superficie<\/li>\n\n\n\n<li>Acceso a colectores submarinos<\/li>\n\n\n\n<li>Estimulaci\u00f3n, reparaci\u00f3n e intervenci\u00f3n de pozos<\/li>\n\n\n\n<li>Pruebas de pozos petroleros<\/li>\n\n\n\n<li>Carretes en buques de trabajo<\/li>\n\n\n\n<li>Pruebas de presi\u00f3n<\/li>\n\n\n\n<li>Tuber\u00edas flexibles<\/li>\n\n\n\n<li>L\u00edneas de control<\/li>\n\n\n\n<li>Cementaci\u00f3n<\/li>\n\n\n\n<li>Inyecci\u00f3n de qu\u00edmicos<\/li>\n<\/ul>\n\n\n\n<h2 class=\"wp-block-heading\">Beneficios<\/h2>\n\n\n\n<p>\u2705 Paso Completo de tipo HIGHFLOW<\/p>\n\n\n\n<p>\u2705 Cero fugas<\/p>\n\n\n\n<p>\u2705 Cero derrames<\/p>\n\n\n\n<p>\u2705 Presi\u00f3n balanceada<\/p>\n\n\n\n<p>\u2705 Operaci\u00f3n pasiva<\/p>\n\n\n\n<p>\u2705 Operaci\u00f3n activa (opcional)<\/p>\n\n\n\n<p>\u2705 Cerrado controlado<\/p>\n\n\n\n<p>\u2705 Conexi\u00f3n a presi\u00f3n<\/p>\n\n\n\n<p>\u2705 Desconexi\u00f3n a presi\u00f3n<\/p>\n\n\n\n<p>\u2705 Desconexi\u00f3n a caudal completo<\/p>\n\n\n\n<p>\u2705 Indicador de posici\u00f3n<\/p>\n\n\n\n<p>\u2705 Protecci\u00f3n durante tr\u00e1nsito<\/p>\n\n\n\n<p>\u2705 Operaci\u00f3n manual, con ROV, buzo o con cabestrantes<\/p>\n\n\n\n<p>\u2705 Dise\u00f1ado y probado de acuerdo a API 6A y API 17D<\/p>\n\n\n\n<p>\u2705 Opci\u00f3n de desconexi\u00f3n con amplitud de \u00e1ngulos (Card\u00e1n y torreta giratoria)<\/p>\n\n\n\n<p>\u2705 Opci\u00f3n de permitir operaciones de  &#8220;pigging&#8221; (Con \u00e1ngulos de paso superior a 90\u00ba)<\/p>\n\n\n\n<p>\u2705&nbsp; Opci\u00f3n criog\u00e9nica<\/p>\n\n\n\n<p>\u2705 Hiperb\u00e1rico<\/p>\n\n\n\n<p>\u2705 Cualificado<\/p>\n\n\n\n<p>\u2705 Experiencia demostrada<\/p>\n\n\n\n<p>\u2705 Patentado<\/p>\n\n\n\n<p><\/p>\n","protected":false},"excerpt":{"rendered":"<p>El \u201cHOT MAKE HOT BREAK\u201d (HMHB) es un acoplamiento de conexi\u00f3n y desconexi\u00f3n r\u00e1pida (\u2018QCDC\u2019 por sus siglas en ingl\u00e9s) de paso total, de presi\u00f3n <\/p>\n<a href=\"https:\/\/secc-oilandgas.com\/es\/productos-servicios\/hot-make-hot-break\/\" class=\"readmore\">Read More<\/a>","protected":false},"author":9,"featured_media":1300,"parent":3088,"menu_order":1,"comment_status":"closed","ping_status":"closed","template":"templates\/tpl-products_info.php","meta":{"_acf_changed":false,"inline_featured_image":false,"_uag_custom_page_level_css":"","footnotes":""},"class_list":["post-3090","page","type-page","status-publish","has-post-thumbnail","hentry"],"acf":[],"yoast_head":"<!-- This site is optimized with the Yoast SEO plugin v26.0 - https:\/\/yoast.com\/wordpress\/plugins\/seo\/ -->\n<title>Hot Make Hot Break &#8226; Secc Oil &amp; Gas Ltd<\/title>\n<meta name=\"description\" content=\"El \u201cHOT MAKE HOT BREAK\u201d (HMHB) es un acoplamiento de conexi\u00f3n y desconexi\u00f3n r\u00e1pida (\u2018QCDC\u2019 por sus siglas en ingl\u00e9s) de paso total, de presi\u00f3n balanceada y de cero derrames.\" \/>\n<meta name=\"robots\" content=\"index, follow, max-snippet:-1, max-image-preview:large, max-video-preview:-1\" \/>\n<link rel=\"canonical\" href=\"https:\/\/secc-oilandgas.com\/es\/productos-servicios\/hot-make-hot-break\/\" \/>\n<meta property=\"og:locale\" content=\"es_ES\" \/>\n<meta property=\"og:type\" content=\"article\" \/>\n<meta property=\"og:title\" content=\"Hot Make Hot Break &#8226; Secc Oil &amp; Gas Ltd\" \/>\n<meta property=\"og:description\" content=\"El \u201cHOT MAKE HOT BREAK\u201d (HMHB) es un acoplamiento de conexi\u00f3n y desconexi\u00f3n r\u00e1pida (\u2018QCDC\u2019 por sus siglas en ingl\u00e9s) de paso total, de presi\u00f3n balanceada y de cero derrames.\" \/>\n<meta property=\"og:url\" content=\"https:\/\/secc-oilandgas.com\/es\/productos-servicios\/hot-make-hot-break\/\" \/>\n<meta property=\"og:site_name\" content=\"Secc Oil &amp; Gas Ltd\" \/>\n<meta property=\"article:publisher\" content=\"http:\/\/www.facebook.com\/seccoilgas\/\" \/>\n<meta property=\"article:modified_time\" content=\"2025-05-06T16:15:28+00:00\" \/>\n<meta property=\"og:image\" content=\"https:\/\/secc-oilandgas.com\/wp-content\/uploads\/2024\/02\/1.-HMHB-SECTION.jpg\" \/>\n\t<meta property=\"og:image:width\" content=\"991\" \/>\n\t<meta property=\"og:image:height\" content=\"420\" \/>\n\t<meta property=\"og:image:type\" content=\"image\/jpeg\" \/>\n<meta name=\"twitter:card\" content=\"summary_large_image\" \/>\n<meta name=\"twitter:site\" content=\"@seccoilandgas\" \/>\n<meta name=\"twitter:label1\" content=\"Est. reading time\" \/>\n\t<meta name=\"twitter:data1\" content=\"3 minutes\" \/>\n<script type=\"application\/ld+json\" class=\"yoast-schema-graph\">{\"@context\":\"https:\/\/schema.org\",\"@graph\":[{\"@type\":\"WebPage\",\"@id\":\"https:\/\/secc-oilandgas.com\/es\/productos-servicios\/hot-make-hot-break\/\",\"url\":\"https:\/\/secc-oilandgas.com\/es\/productos-servicios\/hot-make-hot-break\/\",\"name\":\"Hot Make Hot Break &#8226; Secc Oil &amp; Gas Ltd\",\"isPartOf\":{\"@id\":\"https:\/\/secc-oilandgas.com\/es\/#website\"},\"primaryImageOfPage\":{\"@id\":\"https:\/\/secc-oilandgas.com\/es\/productos-servicios\/hot-make-hot-break\/#primaryimage\"},\"image\":{\"@id\":\"https:\/\/secc-oilandgas.com\/es\/productos-servicios\/hot-make-hot-break\/#primaryimage\"},\"thumbnailUrl\":\"https:\/\/secc-oilandgas.com\/wp-content\/uploads\/2024\/02\/1.-HMHB-SECTION.jpg\",\"datePublished\":\"2015-07-24T10:29:49+00:00\",\"dateModified\":\"2025-05-06T16:15:28+00:00\",\"description\":\"El \u201cHOT MAKE HOT BREAK\u201d (HMHB) es un acoplamiento de conexi\u00f3n y desconexi\u00f3n r\u00e1pida (\u2018QCDC\u2019 por sus siglas en ingl\u00e9s) de paso total, de presi\u00f3n balanceada y de cero derrames.\",\"breadcrumb\":{\"@id\":\"https:\/\/secc-oilandgas.com\/es\/productos-servicios\/hot-make-hot-break\/#breadcrumb\"},\"inLanguage\":\"es\",\"potentialAction\":[{\"@type\":\"ReadAction\",\"target\":[\"https:\/\/secc-oilandgas.com\/es\/productos-servicios\/hot-make-hot-break\/\"]}]},{\"@type\":\"ImageObject\",\"inLanguage\":\"es\",\"@id\":\"https:\/\/secc-oilandgas.com\/es\/productos-servicios\/hot-make-hot-break\/#primaryimage\",\"url\":\"https:\/\/secc-oilandgas.com\/wp-content\/uploads\/2024\/02\/1.-HMHB-SECTION.jpg\",\"contentUrl\":\"https:\/\/secc-oilandgas.com\/wp-content\/uploads\/2024\/02\/1.-HMHB-SECTION.jpg\",\"width\":991,\"height\":420},{\"@type\":\"BreadcrumbList\",\"@id\":\"https:\/\/secc-oilandgas.com\/es\/productos-servicios\/hot-make-hot-break\/#breadcrumb\",\"itemListElement\":[{\"@type\":\"ListItem\",\"position\":1,\"name\":\"Home\",\"item\":\"https:\/\/secc-oilandgas.com\/es\/\"},{\"@type\":\"ListItem\",\"position\":2,\"name\":\"Productos y Servicios\",\"item\":\"https:\/\/secc-oilandgas.com\/es\/productos-servicios\/\"},{\"@type\":\"ListItem\",\"position\":3,\"name\":\"Hot Make Hot Break\"}]},{\"@type\":\"WebSite\",\"@id\":\"https:\/\/secc-oilandgas.com\/es\/#website\",\"url\":\"https:\/\/secc-oilandgas.com\/es\/\",\"name\":\"Secc Oil &amp; Gas Ltd\",\"description\":\"\",\"publisher\":{\"@id\":\"https:\/\/secc-oilandgas.com\/es\/#organization\"},\"potentialAction\":[{\"@type\":\"SearchAction\",\"target\":{\"@type\":\"EntryPoint\",\"urlTemplate\":\"https:\/\/secc-oilandgas.com\/es\/?s={search_term_string}\"},\"query-input\":{\"@type\":\"PropertyValueSpecification\",\"valueRequired\":true,\"valueName\":\"search_term_string\"}}],\"inLanguage\":\"es\"},{\"@type\":\"Organization\",\"@id\":\"https:\/\/secc-oilandgas.com\/es\/#organization\",\"name\":\"Secc Oil & Gas Ltd\",\"url\":\"https:\/\/secc-oilandgas.com\/es\/\",\"logo\":{\"@type\":\"ImageObject\",\"inLanguage\":\"es\",\"@id\":\"https:\/\/secc-oilandgas.com\/es\/#\/schema\/logo\/image\/\",\"url\":\"https:\/\/secc-oilandgas.com\/wp-content\/uploads\/2018\/03\/SECC_logo_CMYK-grey-2018-JPEG-BORDER.jpg\",\"contentUrl\":\"https:\/\/secc-oilandgas.com\/wp-content\/uploads\/2018\/03\/SECC_logo_CMYK-grey-2018-JPEG-BORDER.jpg\",\"width\":1735,\"height\":1108,\"caption\":\"Secc Oil & Gas Ltd\"},\"image\":{\"@id\":\"https:\/\/secc-oilandgas.com\/es\/#\/schema\/logo\/image\/\"},\"sameAs\":[\"http:\/\/www.facebook.com\/seccoilgas\/\",\"https:\/\/x.com\/seccoilandgas\",\"https:\/\/www.linkedin.com\/company\/secc-oilandgas\/\"]}]}<\/script>\n<!-- \/ Yoast SEO plugin. -->","yoast_head_json":{"title":"Hot Make Hot Break &#8226; Secc Oil &amp; Gas Ltd","description":"El \u201cHOT MAKE HOT BREAK\u201d (HMHB) es un acoplamiento de conexi\u00f3n y desconexi\u00f3n r\u00e1pida (\u2018QCDC\u2019 por sus siglas en ingl\u00e9s) de paso total, de presi\u00f3n balanceada y de cero derrames.","robots":{"index":"index","follow":"follow","max-snippet":"max-snippet:-1","max-image-preview":"max-image-preview:large","max-video-preview":"max-video-preview:-1"},"canonical":"https:\/\/secc-oilandgas.com\/es\/productos-servicios\/hot-make-hot-break\/","og_locale":"es_ES","og_type":"article","og_title":"Hot Make Hot Break &#8226; Secc Oil &amp; Gas Ltd","og_description":"El \u201cHOT MAKE HOT BREAK\u201d (HMHB) es un acoplamiento de conexi\u00f3n y desconexi\u00f3n r\u00e1pida (\u2018QCDC\u2019 por sus siglas en ingl\u00e9s) de paso total, de presi\u00f3n balanceada y de cero derrames.","og_url":"https:\/\/secc-oilandgas.com\/es\/productos-servicios\/hot-make-hot-break\/","og_site_name":"Secc Oil &amp; Gas Ltd","article_publisher":"http:\/\/www.facebook.com\/seccoilgas\/","article_modified_time":"2025-05-06T16:15:28+00:00","og_image":[{"width":991,"height":420,"url":"https:\/\/secc-oilandgas.com\/wp-content\/uploads\/2024\/02\/1.-HMHB-SECTION.jpg","type":"image\/jpeg"}],"twitter_card":"summary_large_image","twitter_site":"@seccoilandgas","twitter_misc":{"Est. reading time":"3 minutes"},"schema":{"@context":"https:\/\/schema.org","@graph":[{"@type":"WebPage","@id":"https:\/\/secc-oilandgas.com\/es\/productos-servicios\/hot-make-hot-break\/","url":"https:\/\/secc-oilandgas.com\/es\/productos-servicios\/hot-make-hot-break\/","name":"Hot Make Hot Break &#8226; Secc Oil &amp; Gas Ltd","isPartOf":{"@id":"https:\/\/secc-oilandgas.com\/es\/#website"},"primaryImageOfPage":{"@id":"https:\/\/secc-oilandgas.com\/es\/productos-servicios\/hot-make-hot-break\/#primaryimage"},"image":{"@id":"https:\/\/secc-oilandgas.com\/es\/productos-servicios\/hot-make-hot-break\/#primaryimage"},"thumbnailUrl":"https:\/\/secc-oilandgas.com\/wp-content\/uploads\/2024\/02\/1.-HMHB-SECTION.jpg","datePublished":"2015-07-24T10:29:49+00:00","dateModified":"2025-05-06T16:15:28+00:00","description":"El \u201cHOT MAKE HOT BREAK\u201d (HMHB) es un acoplamiento de conexi\u00f3n y desconexi\u00f3n r\u00e1pida (\u2018QCDC\u2019 por sus siglas en ingl\u00e9s) de paso total, de presi\u00f3n balanceada y de cero derrames.","breadcrumb":{"@id":"https:\/\/secc-oilandgas.com\/es\/productos-servicios\/hot-make-hot-break\/#breadcrumb"},"inLanguage":"es","potentialAction":[{"@type":"ReadAction","target":["https:\/\/secc-oilandgas.com\/es\/productos-servicios\/hot-make-hot-break\/"]}]},{"@type":"ImageObject","inLanguage":"es","@id":"https:\/\/secc-oilandgas.com\/es\/productos-servicios\/hot-make-hot-break\/#primaryimage","url":"https:\/\/secc-oilandgas.com\/wp-content\/uploads\/2024\/02\/1.-HMHB-SECTION.jpg","contentUrl":"https:\/\/secc-oilandgas.com\/wp-content\/uploads\/2024\/02\/1.-HMHB-SECTION.jpg","width":991,"height":420},{"@type":"BreadcrumbList","@id":"https:\/\/secc-oilandgas.com\/es\/productos-servicios\/hot-make-hot-break\/#breadcrumb","itemListElement":[{"@type":"ListItem","position":1,"name":"Home","item":"https:\/\/secc-oilandgas.com\/es\/"},{"@type":"ListItem","position":2,"name":"Productos y Servicios","item":"https:\/\/secc-oilandgas.com\/es\/productos-servicios\/"},{"@type":"ListItem","position":3,"name":"Hot Make Hot Break"}]},{"@type":"WebSite","@id":"https:\/\/secc-oilandgas.com\/es\/#website","url":"https:\/\/secc-oilandgas.com\/es\/","name":"Secc Oil &amp; Gas Ltd","description":"","publisher":{"@id":"https:\/\/secc-oilandgas.com\/es\/#organization"},"potentialAction":[{"@type":"SearchAction","target":{"@type":"EntryPoint","urlTemplate":"https:\/\/secc-oilandgas.com\/es\/?s={search_term_string}"},"query-input":{"@type":"PropertyValueSpecification","valueRequired":true,"valueName":"search_term_string"}}],"inLanguage":"es"},{"@type":"Organization","@id":"https:\/\/secc-oilandgas.com\/es\/#organization","name":"Secc Oil & Gas Ltd","url":"https:\/\/secc-oilandgas.com\/es\/","logo":{"@type":"ImageObject","inLanguage":"es","@id":"https:\/\/secc-oilandgas.com\/es\/#\/schema\/logo\/image\/","url":"https:\/\/secc-oilandgas.com\/wp-content\/uploads\/2018\/03\/SECC_logo_CMYK-grey-2018-JPEG-BORDER.jpg","contentUrl":"https:\/\/secc-oilandgas.com\/wp-content\/uploads\/2018\/03\/SECC_logo_CMYK-grey-2018-JPEG-BORDER.jpg","width":1735,"height":1108,"caption":"Secc Oil & Gas Ltd"},"image":{"@id":"https:\/\/secc-oilandgas.com\/es\/#\/schema\/logo\/image\/"},"sameAs":["http:\/\/www.facebook.com\/seccoilgas\/","https:\/\/x.com\/seccoilandgas","https:\/\/www.linkedin.com\/company\/secc-oilandgas\/"]}]}},"uagb_featured_image_src":{"full":["https:\/\/secc-oilandgas.com\/wp-content\/uploads\/2024\/02\/1.-HMHB-SECTION.jpg",991,420,false],"thumbnail":["https:\/\/secc-oilandgas.com\/wp-content\/uploads\/2024\/02\/1.-HMHB-SECTION-150x150.jpg",150,150,true],"medium":["https:\/\/secc-oilandgas.com\/wp-content\/uploads\/2024\/02\/1.-HMHB-SECTION-300x127.jpg",300,127,true],"medium_large":["https:\/\/secc-oilandgas.com\/wp-content\/uploads\/2024\/02\/1.-HMHB-SECTION-768x325.jpg",670,284,true],"large":["https:\/\/secc-oilandgas.com\/wp-content\/uploads\/2024\/02\/1.-HMHB-SECTION.jpg",670,284,false],"1536x1536":["https:\/\/secc-oilandgas.com\/wp-content\/uploads\/2024\/02\/1.-HMHB-SECTION.jpg",991,420,false],"2048x2048":["https:\/\/secc-oilandgas.com\/wp-content\/uploads\/2024\/02\/1.-HMHB-SECTION.jpg",991,420,false],"post-thumbnail":["https:\/\/secc-oilandgas.com\/wp-content\/uploads\/2024\/02\/1.-HMHB-SECTION.jpg",991,420,false],"gallery-img":["https:\/\/secc-oilandgas.com\/wp-content\/uploads\/2024\/02\/1.-HMHB-SECTION-450x300.jpg",450,300,true]},"uagb_author_info":{"display_name":"Seb Atkinson","author_link":"https:\/\/secc-oilandgas.com\/es\/author\/sebatkinson\/"},"uagb_comment_info":0,"uagb_excerpt":"El \u201cHOT MAKE HOT BREAK\u201d (HMHB) es un acoplamiento de conexi\u00f3n y desconexi\u00f3n r\u00e1pida (\u2018QCDC\u2019 por sus siglas en ingl\u00e9s) de paso total, de presi\u00f3n","_links":{"self":[{"href":"https:\/\/secc-oilandgas.com\/es\/wp-json\/wp\/v2\/pages\/3090","targetHints":{"allow":["GET"]}}],"collection":[{"href":"https:\/\/secc-oilandgas.com\/es\/wp-json\/wp\/v2\/pages"}],"about":[{"href":"https:\/\/secc-oilandgas.com\/es\/wp-json\/wp\/v2\/types\/page"}],"author":[{"embeddable":true,"href":"https:\/\/secc-oilandgas.com\/es\/wp-json\/wp\/v2\/users\/9"}],"replies":[{"embeddable":true,"href":"https:\/\/secc-oilandgas.com\/es\/wp-json\/wp\/v2\/comments?post=3090"}],"version-history":[{"count":2,"href":"https:\/\/secc-oilandgas.com\/es\/wp-json\/wp\/v2\/pages\/3090\/revisions"}],"predecessor-version":[{"id":3467,"href":"https:\/\/secc-oilandgas.com\/es\/wp-json\/wp\/v2\/pages\/3090\/revisions\/3467"}],"up":[{"embeddable":true,"href":"https:\/\/secc-oilandgas.com\/es\/wp-json\/wp\/v2\/pages\/3088"}],"wp:featuredmedia":[{"embeddable":true,"href":"https:\/\/secc-oilandgas.com\/es\/wp-json\/wp\/v2\/media\/1300"}],"wp:attachment":[{"href":"https:\/\/secc-oilandgas.com\/es\/wp-json\/wp\/v2\/media?parent=3090"}],"curies":[{"name":"wp","href":"https:\/\/api.w.org\/{rel}","templated":true}]}}