{"id":3097,"date":"2015-07-24T11:30:36","date_gmt":"2015-07-24T10:30:36","guid":{"rendered":"https:\/\/secc-oilandgas.com\/?page_id=3097"},"modified":"2025-05-12T16:37:02","modified_gmt":"2025-05-12T15:37:02","slug":"maxflow-hot-stab","status":"publish","type":"page","link":"https:\/\/secc-oilandgas.com\/es\/productos-servicios\/maxflow-hot-stab\/","title":{"rendered":"Hot Stab tipo MAXFLOW"},"content":{"rendered":"\n<p>El Hot Stab tipo MAXFLOW es el primer conector  en el mundo con paso recto y de presi\u00f3n balanceada. Incorpora la tecnolog\u00eda patentada MAXFLOW de Secc, sin p\u00e9rdida de carga, y es ideal para aplicaciones de alto caudal, donde un Hot Stab convencional API 17H del mismo di\u00e1metro est\u00e1 limitado por ca\u00eddas de presi\u00f3n comparatibamente grandes.<\/p>\n\n\n\n<p>Su geometr\u00eda de presi\u00f3n balanceada permite minimizar la p\u00e9rdida de carga en comparaci\u00f3n con cualquier otro Hot Stab equivalente, adem\u00e1s de eliminar la fuerza hidrost\u00e1tica axial sobre el sistema de retenci\u00f3n.<\/p>\n\n\n\n<p>El dise\u00f1o de paso recto y de di\u00e1metro completo y sin obstrucciones permite un flujo m\u00e1ximo con una presi\u00f3n m\u00ednimia. Un Hot Stab MAXFLOW de 1\u201d ofrece el mismo rendimiento que un Hot Stab convencional de 2\u201d, y un MAXFLOW de 2\u201d equivale a un Hot Stab convencional de 4\u201d.<\/p>\n\n\n\n<p>Al utilizar la tecnolog\u00eda MAXFLOW, sus ingenieros pueden considerar la posibilidad de reducir el di\u00e1metro interno o la clasificaci\u00f3n de presi\u00f3n de la infraestructura submarina. Adem\u00e1s, se pueden dimensionar adecuadamente bombas, v\u00e1lvulas y otros equipos relacionados con la presi\u00f3n del sistema. Todo esto puede traducirse en ahorros significativos de costo y peso en proyectos submarinos<\/p>\n\n\n\n<p>La geometr\u00eda de equilibrio de presi\u00f3n de Secc ha sido utilizada por m\u00e1s de 20 a\u00f1os.<\/p>\n\n\n\n<h2 class=\"wp-block-heading\">Aplicaciones<\/h2>\n\n\n\n<ul class=\"wp-block-list\">\n<li>Proyectos de bombeo y transferencia de fluidos en aplicaciones submarinas y en superficie<\/li>\n\n\n\n<li>Estimulaci\u00f3n de pozos<\/li>\n\n\n\n<li>Mantenimiento y operaciones de intervenci\u00f3n<\/li>\n\n\n\n<li>Pruebas de presi\u00f3n<\/li>\n\n\n\n<li>Precomisionado de tuber\u00edas<\/li>\n\n\n\n<li>Tuber\u00eda flexible<\/li>\n\n\n\n<li>L\u00ednea de control<\/li>\n\n\n\n<li>Cementaci\u00f3n<\/li>\n\n\n\n<li>Inyecci\u00f3n de productos qu\u00edmicos<\/li>\n\n\n\n<li>Inyecci\u00f3n de gas<\/li>\n\n\n\n<li>Limpieza con raspadores (&#8216;pigging&#8217;)<\/li>\n<\/ul>\n\n\n\n<h2 class=\"wp-block-heading\">Caracter\u00edsticas<\/h2>\n\n\n\n<ul class=\"wp-block-list\">\n<li>Paso recto y completo \u2013 practicamente sin p\u00e9rdidas de carga<\/li>\n\n\n\n<li>Dise\u00f1o de presi\u00f3n balanceada<\/li>\n\n\n\n<li> Dise\u00f1o de presi\u00f3n balanceada<\/li>\n\n\n\n<li>P\u00e9rdidas de carga m\u00ednimas<\/li>\n\n\n\n<li>Mecanismo de alineaci\u00f3n y bloqueo con pestillo en &#8216;J&#8217;<\/li>\n\n\n\n<li>Operable con ROV y por buzo<\/li>\n\n\n\n<li>Variedad de mangos para ROV<\/li>\n\n\n\n<li>Doble sistema de sellado<\/li>\n\n\n\n<li>Conexi\u00f3n por empuje, desconexi\u00f3n por tracci\u00f3n<\/li>\n\n\n\n<li>Vida \u00fatil de 25 a\u00f1os (conector y sellos)<\/li>\n<\/ul>\n\n\n\n<p><\/p>\n\n\n\n<p><\/p>\n","protected":false},"excerpt":{"rendered":"<p>El Hot Stab tipo MAXFLOW es el primer conector en el mundo con paso recto y de presi\u00f3n balanceada. Incorpora la tecnolog\u00eda patentada MAXFLOW de <\/p>\n<a href=\"https:\/\/secc-oilandgas.com\/es\/productos-servicios\/maxflow-hot-stab\/\" class=\"readmore\">Read More<\/a>","protected":false},"author":9,"featured_media":2554,"parent":3088,"menu_order":3,"comment_status":"closed","ping_status":"closed","template":"templates\/tpl-products_info.php","meta":{"_acf_changed":false,"inline_featured_image":false,"_uag_custom_page_level_css":"","footnotes":""},"class_list":["post-3097","page","type-page","status-publish","has-post-thumbnail","hentry"],"acf":[],"yoast_head":"<!-- This site is optimized with the Yoast SEO plugin v26.0 - https:\/\/yoast.com\/wordpress\/plugins\/seo\/ -->\n<title>Hot Stab tipo MAXFLOW &#8226; Secc Oil &amp; Gas Ltd<\/title>\n<meta name=\"description\" content=\"El Hot Stab tipo MAXFLOW es el primer conector en el mundo con paso recto y de presi\u00f3n balanceada. Incorpora la tecnolog\u00eda patentada MAXFLOW de Secc, sin p\u00e9rdida de carga, y es ideal para aplicaciones de alto caudal, donde un Hot Stab convencional API 17H del mismo di\u00e1metro est\u00e1 limitado por ca\u00eddas de presi\u00f3n comparatibamente grandes.\" \/>\n<meta name=\"robots\" content=\"index, follow, max-snippet:-1, max-image-preview:large, max-video-preview:-1\" \/>\n<link rel=\"canonical\" href=\"https:\/\/secc-oilandgas.com\/es\/productos-servicios\/maxflow-hot-stab\/\" \/>\n<meta property=\"og:locale\" content=\"es_ES\" \/>\n<meta property=\"og:type\" content=\"article\" \/>\n<meta property=\"og:title\" content=\"Hot Stab tipo MAXFLOW &#8226; Secc Oil &amp; Gas Ltd\" \/>\n<meta property=\"og:description\" content=\"El Hot Stab tipo MAXFLOW es el primer conector en el mundo con paso recto y de presi\u00f3n balanceada. Incorpora la tecnolog\u00eda patentada MAXFLOW de Secc, sin p\u00e9rdida de carga, y es ideal para aplicaciones de alto caudal, donde un Hot Stab convencional API 17H del mismo di\u00e1metro est\u00e1 limitado por ca\u00eddas de presi\u00f3n comparatibamente grandes.\" \/>\n<meta property=\"og:url\" content=\"https:\/\/secc-oilandgas.com\/es\/productos-servicios\/maxflow-hot-stab\/\" \/>\n<meta property=\"og:site_name\" content=\"Secc Oil &amp; Gas Ltd\" \/>\n<meta property=\"article:publisher\" content=\"http:\/\/www.facebook.com\/seccoilgas\/\" \/>\n<meta property=\"article:modified_time\" content=\"2025-05-12T15:37:02+00:00\" \/>\n<meta property=\"og:image\" content=\"https:\/\/secc-oilandgas.com\/wp-content\/uploads\/2024\/02\/4.-MAXFLOW-SECTION.jpg\" \/>\n\t<meta property=\"og:image:width\" content=\"1232\" \/>\n\t<meta property=\"og:image:height\" content=\"283\" \/>\n\t<meta property=\"og:image:type\" content=\"image\/jpeg\" \/>\n<meta name=\"twitter:card\" content=\"summary_large_image\" \/>\n<meta name=\"twitter:site\" content=\"@seccoilandgas\" \/>\n<meta name=\"twitter:label1\" content=\"Est. reading time\" \/>\n\t<meta name=\"twitter:data1\" content=\"2 minutes\" \/>\n<script type=\"application\/ld+json\" class=\"yoast-schema-graph\">{\"@context\":\"https:\/\/schema.org\",\"@graph\":[{\"@type\":\"WebPage\",\"@id\":\"https:\/\/secc-oilandgas.com\/es\/productos-servicios\/maxflow-hot-stab\/\",\"url\":\"https:\/\/secc-oilandgas.com\/es\/productos-servicios\/maxflow-hot-stab\/\",\"name\":\"Hot Stab tipo MAXFLOW &#8226; Secc Oil &amp; Gas Ltd\",\"isPartOf\":{\"@id\":\"https:\/\/secc-oilandgas.com\/es\/#website\"},\"primaryImageOfPage\":{\"@id\":\"https:\/\/secc-oilandgas.com\/es\/productos-servicios\/maxflow-hot-stab\/#primaryimage\"},\"image\":{\"@id\":\"https:\/\/secc-oilandgas.com\/es\/productos-servicios\/maxflow-hot-stab\/#primaryimage\"},\"thumbnailUrl\":\"https:\/\/secc-oilandgas.com\/wp-content\/uploads\/2024\/02\/4.-MAXFLOW-SECTION.jpg\",\"datePublished\":\"2015-07-24T10:30:36+00:00\",\"dateModified\":\"2025-05-12T15:37:02+00:00\",\"description\":\"El Hot Stab tipo MAXFLOW es el primer conector en el mundo con paso recto y de presi\u00f3n balanceada. Incorpora la tecnolog\u00eda patentada MAXFLOW de Secc, sin p\u00e9rdida de carga, y es ideal para aplicaciones de alto caudal, donde un Hot Stab convencional API 17H del mismo di\u00e1metro est\u00e1 limitado por ca\u00eddas de presi\u00f3n comparatibamente grandes.\",\"breadcrumb\":{\"@id\":\"https:\/\/secc-oilandgas.com\/es\/productos-servicios\/maxflow-hot-stab\/#breadcrumb\"},\"inLanguage\":\"es\",\"potentialAction\":[{\"@type\":\"ReadAction\",\"target\":[\"https:\/\/secc-oilandgas.com\/es\/productos-servicios\/maxflow-hot-stab\/\"]}]},{\"@type\":\"ImageObject\",\"inLanguage\":\"es\",\"@id\":\"https:\/\/secc-oilandgas.com\/es\/productos-servicios\/maxflow-hot-stab\/#primaryimage\",\"url\":\"https:\/\/secc-oilandgas.com\/wp-content\/uploads\/2024\/02\/4.-MAXFLOW-SECTION.jpg\",\"contentUrl\":\"https:\/\/secc-oilandgas.com\/wp-content\/uploads\/2024\/02\/4.-MAXFLOW-SECTION.jpg\",\"width\":1232,\"height\":283},{\"@type\":\"BreadcrumbList\",\"@id\":\"https:\/\/secc-oilandgas.com\/es\/productos-servicios\/maxflow-hot-stab\/#breadcrumb\",\"itemListElement\":[{\"@type\":\"ListItem\",\"position\":1,\"name\":\"Home\",\"item\":\"https:\/\/secc-oilandgas.com\/es\/\"},{\"@type\":\"ListItem\",\"position\":2,\"name\":\"Productos y Servicios\",\"item\":\"https:\/\/secc-oilandgas.com\/es\/productos-servicios\/\"},{\"@type\":\"ListItem\",\"position\":3,\"name\":\"Hot Stab tipo MAXFLOW\"}]},{\"@type\":\"WebSite\",\"@id\":\"https:\/\/secc-oilandgas.com\/es\/#website\",\"url\":\"https:\/\/secc-oilandgas.com\/es\/\",\"name\":\"Secc Oil &amp; Gas Ltd\",\"description\":\"\",\"publisher\":{\"@id\":\"https:\/\/secc-oilandgas.com\/es\/#organization\"},\"potentialAction\":[{\"@type\":\"SearchAction\",\"target\":{\"@type\":\"EntryPoint\",\"urlTemplate\":\"https:\/\/secc-oilandgas.com\/es\/?s={search_term_string}\"},\"query-input\":{\"@type\":\"PropertyValueSpecification\",\"valueRequired\":true,\"valueName\":\"search_term_string\"}}],\"inLanguage\":\"es\"},{\"@type\":\"Organization\",\"@id\":\"https:\/\/secc-oilandgas.com\/es\/#organization\",\"name\":\"Secc Oil & Gas Ltd\",\"url\":\"https:\/\/secc-oilandgas.com\/es\/\",\"logo\":{\"@type\":\"ImageObject\",\"inLanguage\":\"es\",\"@id\":\"https:\/\/secc-oilandgas.com\/es\/#\/schema\/logo\/image\/\",\"url\":\"https:\/\/secc-oilandgas.com\/wp-content\/uploads\/2018\/03\/SECC_logo_CMYK-grey-2018-JPEG-BORDER.jpg\",\"contentUrl\":\"https:\/\/secc-oilandgas.com\/wp-content\/uploads\/2018\/03\/SECC_logo_CMYK-grey-2018-JPEG-BORDER.jpg\",\"width\":1735,\"height\":1108,\"caption\":\"Secc Oil & Gas Ltd\"},\"image\":{\"@id\":\"https:\/\/secc-oilandgas.com\/es\/#\/schema\/logo\/image\/\"},\"sameAs\":[\"http:\/\/www.facebook.com\/seccoilgas\/\",\"https:\/\/x.com\/seccoilandgas\",\"https:\/\/www.linkedin.com\/company\/secc-oilandgas\/\"]}]}<\/script>\n<!-- \/ Yoast SEO plugin. -->","yoast_head_json":{"title":"Hot Stab tipo MAXFLOW &#8226; Secc Oil &amp; Gas Ltd","description":"El Hot Stab tipo MAXFLOW es el primer conector en el mundo con paso recto y de presi\u00f3n balanceada. Incorpora la tecnolog\u00eda patentada MAXFLOW de Secc, sin p\u00e9rdida de carga, y es ideal para aplicaciones de alto caudal, donde un Hot Stab convencional API 17H del mismo di\u00e1metro est\u00e1 limitado por ca\u00eddas de presi\u00f3n comparatibamente grandes.","robots":{"index":"index","follow":"follow","max-snippet":"max-snippet:-1","max-image-preview":"max-image-preview:large","max-video-preview":"max-video-preview:-1"},"canonical":"https:\/\/secc-oilandgas.com\/es\/productos-servicios\/maxflow-hot-stab\/","og_locale":"es_ES","og_type":"article","og_title":"Hot Stab tipo MAXFLOW &#8226; Secc Oil &amp; Gas Ltd","og_description":"El Hot Stab tipo MAXFLOW es el primer conector en el mundo con paso recto y de presi\u00f3n balanceada. Incorpora la tecnolog\u00eda patentada MAXFLOW de Secc, sin p\u00e9rdida de carga, y es ideal para aplicaciones de alto caudal, donde un Hot Stab convencional API 17H del mismo di\u00e1metro est\u00e1 limitado por ca\u00eddas de presi\u00f3n comparatibamente grandes.","og_url":"https:\/\/secc-oilandgas.com\/es\/productos-servicios\/maxflow-hot-stab\/","og_site_name":"Secc Oil &amp; Gas Ltd","article_publisher":"http:\/\/www.facebook.com\/seccoilgas\/","article_modified_time":"2025-05-12T15:37:02+00:00","og_image":[{"width":1232,"height":283,"url":"https:\/\/secc-oilandgas.com\/wp-content\/uploads\/2024\/02\/4.-MAXFLOW-SECTION.jpg","type":"image\/jpeg"}],"twitter_card":"summary_large_image","twitter_site":"@seccoilandgas","twitter_misc":{"Est. reading time":"2 minutes"},"schema":{"@context":"https:\/\/schema.org","@graph":[{"@type":"WebPage","@id":"https:\/\/secc-oilandgas.com\/es\/productos-servicios\/maxflow-hot-stab\/","url":"https:\/\/secc-oilandgas.com\/es\/productos-servicios\/maxflow-hot-stab\/","name":"Hot Stab tipo MAXFLOW &#8226; Secc Oil &amp; Gas Ltd","isPartOf":{"@id":"https:\/\/secc-oilandgas.com\/es\/#website"},"primaryImageOfPage":{"@id":"https:\/\/secc-oilandgas.com\/es\/productos-servicios\/maxflow-hot-stab\/#primaryimage"},"image":{"@id":"https:\/\/secc-oilandgas.com\/es\/productos-servicios\/maxflow-hot-stab\/#primaryimage"},"thumbnailUrl":"https:\/\/secc-oilandgas.com\/wp-content\/uploads\/2024\/02\/4.-MAXFLOW-SECTION.jpg","datePublished":"2015-07-24T10:30:36+00:00","dateModified":"2025-05-12T15:37:02+00:00","description":"El Hot Stab tipo MAXFLOW es el primer conector en el mundo con paso recto y de presi\u00f3n balanceada. Incorpora la tecnolog\u00eda patentada MAXFLOW de Secc, sin p\u00e9rdida de carga, y es ideal para aplicaciones de alto caudal, donde un Hot Stab convencional API 17H del mismo di\u00e1metro est\u00e1 limitado por ca\u00eddas de presi\u00f3n comparatibamente grandes.","breadcrumb":{"@id":"https:\/\/secc-oilandgas.com\/es\/productos-servicios\/maxflow-hot-stab\/#breadcrumb"},"inLanguage":"es","potentialAction":[{"@type":"ReadAction","target":["https:\/\/secc-oilandgas.com\/es\/productos-servicios\/maxflow-hot-stab\/"]}]},{"@type":"ImageObject","inLanguage":"es","@id":"https:\/\/secc-oilandgas.com\/es\/productos-servicios\/maxflow-hot-stab\/#primaryimage","url":"https:\/\/secc-oilandgas.com\/wp-content\/uploads\/2024\/02\/4.-MAXFLOW-SECTION.jpg","contentUrl":"https:\/\/secc-oilandgas.com\/wp-content\/uploads\/2024\/02\/4.-MAXFLOW-SECTION.jpg","width":1232,"height":283},{"@type":"BreadcrumbList","@id":"https:\/\/secc-oilandgas.com\/es\/productos-servicios\/maxflow-hot-stab\/#breadcrumb","itemListElement":[{"@type":"ListItem","position":1,"name":"Home","item":"https:\/\/secc-oilandgas.com\/es\/"},{"@type":"ListItem","position":2,"name":"Productos y Servicios","item":"https:\/\/secc-oilandgas.com\/es\/productos-servicios\/"},{"@type":"ListItem","position":3,"name":"Hot Stab tipo MAXFLOW"}]},{"@type":"WebSite","@id":"https:\/\/secc-oilandgas.com\/es\/#website","url":"https:\/\/secc-oilandgas.com\/es\/","name":"Secc Oil &amp; Gas Ltd","description":"","publisher":{"@id":"https:\/\/secc-oilandgas.com\/es\/#organization"},"potentialAction":[{"@type":"SearchAction","target":{"@type":"EntryPoint","urlTemplate":"https:\/\/secc-oilandgas.com\/es\/?s={search_term_string}"},"query-input":{"@type":"PropertyValueSpecification","valueRequired":true,"valueName":"search_term_string"}}],"inLanguage":"es"},{"@type":"Organization","@id":"https:\/\/secc-oilandgas.com\/es\/#organization","name":"Secc Oil & Gas Ltd","url":"https:\/\/secc-oilandgas.com\/es\/","logo":{"@type":"ImageObject","inLanguage":"es","@id":"https:\/\/secc-oilandgas.com\/es\/#\/schema\/logo\/image\/","url":"https:\/\/secc-oilandgas.com\/wp-content\/uploads\/2018\/03\/SECC_logo_CMYK-grey-2018-JPEG-BORDER.jpg","contentUrl":"https:\/\/secc-oilandgas.com\/wp-content\/uploads\/2018\/03\/SECC_logo_CMYK-grey-2018-JPEG-BORDER.jpg","width":1735,"height":1108,"caption":"Secc Oil & Gas Ltd"},"image":{"@id":"https:\/\/secc-oilandgas.com\/es\/#\/schema\/logo\/image\/"},"sameAs":["http:\/\/www.facebook.com\/seccoilgas\/","https:\/\/x.com\/seccoilandgas","https:\/\/www.linkedin.com\/company\/secc-oilandgas\/"]}]}},"uagb_featured_image_src":{"full":["https:\/\/secc-oilandgas.com\/wp-content\/uploads\/2024\/02\/4.-MAXFLOW-SECTION.jpg",1232,283,false],"thumbnail":["https:\/\/secc-oilandgas.com\/wp-content\/uploads\/2024\/02\/4.-MAXFLOW-SECTION-150x150.jpg",150,150,true],"medium":["https:\/\/secc-oilandgas.com\/wp-content\/uploads\/2024\/02\/4.-MAXFLOW-SECTION-300x69.jpg",300,69,true],"medium_large":["https:\/\/secc-oilandgas.com\/wp-content\/uploads\/2024\/02\/4.-MAXFLOW-SECTION-768x176.jpg",670,154,true],"large":["https:\/\/secc-oilandgas.com\/wp-content\/uploads\/2024\/02\/4.-MAXFLOW-SECTION-1024x235.jpg",670,154,true],"1536x1536":["https:\/\/secc-oilandgas.com\/wp-content\/uploads\/2024\/02\/4.-MAXFLOW-SECTION.jpg",1232,283,false],"2048x2048":["https:\/\/secc-oilandgas.com\/wp-content\/uploads\/2024\/02\/4.-MAXFLOW-SECTION.jpg",1232,283,false],"post-thumbnail":["https:\/\/secc-oilandgas.com\/wp-content\/uploads\/2024\/02\/4.-MAXFLOW-SECTION.jpg",1232,283,false],"gallery-img":["https:\/\/secc-oilandgas.com\/wp-content\/uploads\/2024\/02\/4.-MAXFLOW-SECTION-450x283.jpg",450,283,true]},"uagb_author_info":{"display_name":"Seb Atkinson","author_link":"https:\/\/secc-oilandgas.com\/es\/author\/sebatkinson\/"},"uagb_comment_info":0,"uagb_excerpt":"El Hot Stab tipo MAXFLOW es el primer conector en el mundo con paso recto y de presi\u00f3n balanceada. Incorpora la tecnolog\u00eda patentada MAXFLOW de","_links":{"self":[{"href":"https:\/\/secc-oilandgas.com\/es\/wp-json\/wp\/v2\/pages\/3097","targetHints":{"allow":["GET"]}}],"collection":[{"href":"https:\/\/secc-oilandgas.com\/es\/wp-json\/wp\/v2\/pages"}],"about":[{"href":"https:\/\/secc-oilandgas.com\/es\/wp-json\/wp\/v2\/types\/page"}],"author":[{"embeddable":true,"href":"https:\/\/secc-oilandgas.com\/es\/wp-json\/wp\/v2\/users\/9"}],"replies":[{"embeddable":true,"href":"https:\/\/secc-oilandgas.com\/es\/wp-json\/wp\/v2\/comments?post=3097"}],"version-history":[{"count":3,"href":"https:\/\/secc-oilandgas.com\/es\/wp-json\/wp\/v2\/pages\/3097\/revisions"}],"predecessor-version":[{"id":3521,"href":"https:\/\/secc-oilandgas.com\/es\/wp-json\/wp\/v2\/pages\/3097\/revisions\/3521"}],"up":[{"embeddable":true,"href":"https:\/\/secc-oilandgas.com\/es\/wp-json\/wp\/v2\/pages\/3088"}],"wp:featuredmedia":[{"embeddable":true,"href":"https:\/\/secc-oilandgas.com\/es\/wp-json\/wp\/v2\/media\/2554"}],"wp:attachment":[{"href":"https:\/\/secc-oilandgas.com\/es\/wp-json\/wp\/v2\/media?parent=3097"}],"curies":[{"name":"wp","href":"https:\/\/api.w.org\/{rel}","templated":true}]}}