{"id":3237,"date":"2024-02-29T15:56:36","date_gmt":"2024-02-29T15:56:36","guid":{"rendered":"https:\/\/secc-oilandgas.com\/?page_id=3237"},"modified":"2025-07-18T09:20:42","modified_gmt":"2025-07-18T08:20:42","slug":"hot-stab-tipo-3","status":"publish","type":"page","link":"https:\/\/secc-oilandgas.com\/es\/productos-servicios\/hot-stab-tipo-3\/","title":{"rendered":"API Hot Stab Tipo 3"},"content":{"rendered":"\n<p><strong>Hot Stab API Tipo 3 de doble paso, multipuerto (con conicidad).<\/strong><\/p>\n\n\n\n<p>El Hot Stab Tipo 3 es un conector y recept\u00e1culo de presi\u00f3n balanceada.<\/p>\n\n\n\n<p>Dise\u00f1ado para aplicaciones que requieren alto flujo (HIGHFLOW), como los controles hidr\u00e1ulicos del BOP (preventor de reventones) submarino y las operaciones de purga.<\/p>\n\n\n\n<p>El di\u00e1metro interno y los puertos hidr\u00e1ulicos pueden optimizarse en funci\u00f3n de la presi\u00f3n de dise\u00f1o, caudales y requisitos de interfaz.<\/p>\n\n\n\n<p>Para funciones de alto flujo, el recept\u00e1culo est\u00e1ndar tiene un di\u00e1metro nominal de 1.7\u201d (43mm), ideal para preventores de reventones (BOP),&nbsp; sistemas de cierre y sistemas submarinos de injecci\u00f3n de dispersantes. Tanto el Hot Stab macho como el recept\u00e1culo hembra utilizan un puerto nominal de 1\u201d (25mm).<\/p>\n\n\n\n<p>Todos los ensamblajes tipo HIGHFLOW incluyen un mecanismo de bloqueo mec\u00e1nico que evita la separaci\u00f3n accidental del Hot Stab macho del recept\u00e1culo.<\/p>\n\n\n\n<p>Los ensamblajes de Hot Stab macho y recept\u00e1culo hembra de Secc han demostrado un rendimiento robusto y confiable por m\u00e1s de 20 a\u00f1os, operando hasta 15,000 PSI.<\/p>\n\n\n\n<h2 class=\"wp-block-heading\">Beneficios<\/h2>\n\n\n\n<ul class=\"wp-block-list\">\n<li>Dise\u00f1ado y probado seg\u00fan los requisitos de API 17D Tipo 3&nbsp;<\/li>\n\n\n\n<li>Dise\u00f1o de presi\u00f3n balanceada: sin carga hidrost\u00e1tica axial<\/li>\n\n\n\n<li>Activaci\u00f3n incluso bajo presi\u00f3n de trabajo m\u00e1xima<\/li>\n\n\n\n<li>Calificaci\u00f3n DNV seg\u00fan API 6A 17D a PSL3 PR2 para otro tipo de conectores (Other End Connectors (OEC))<\/li>\n\n\n\n<li>Suministrado como un conjunto de Hot Stab y recept\u00e1culo hembra<\/li>\n\n\n\n<li>Incluye mango de bloqueo<\/li>\n\n\n\n<li>Opciones de diferentes tipos de mango<\/li>\n\n\n\n<li>Mecanismo de bloqueo mec\u00e1nico para evitar separaci\u00f3n accidental<\/li>\n\n\n\n<li>Compatible con una amplia gama de fluidos, incluyendo pero no limitado a:\n<ul class=\"wp-block-list\">\n<li>Fluidos hidr\u00e1ulicos de control<\/li>\n\n\n\n<li>\u00c1cidos para estimulaci\u00f3n<\/li>\n\n\n\n<li>Inhibidores de incrustaciones<\/li>\n\n\n\n<li>Cemento para trabajos de sellado y abandono de pozos (P&amp;A)<\/li>\n<\/ul>\n<\/li>\n<\/ul>\n\n\n\n<h2 class=\"wp-block-heading\">Aplicaciones<\/h2>\n\n\n\n<ul class=\"wp-block-list\">\n<li>Precomisionado y comisionado de tuber\u00edas de gas y petr\u00f3leo<\/li>\n\n\n\n<li>Instalaci\u00f3n de pilotes, anclas y cajones de succi\u00f3n<\/li>\n\n\n\n<li>PLEMS (Colectores de extremo de tuber\u00eda), PLETS (Terminaciones de extremo de tuber\u00eda) y colectores m\u00faltiples<\/li>\n\n\n\n<li>Acceso para intervenciones<\/li>\n\n\n\n<li>Herramientas submarinas<\/li>\n\n\n\n<li>Cementaci\u00f3n y abandono de pozos (P&amp;A)<\/li>\n\n\n\n<li>Desmantelamiento de infraestructura submarina<\/li>\n\n\n\n<li>Mantenimiento y estimulaci\u00f3n de pozos<\/li>\n\n\n\n<li>Perforaci\u00f3n<\/li>\n<\/ul>\n\n\n\n<p>Para m\u00e1s informaci\u00f3n sobre productos y servicios, contacta a nuestro equipo de ventas: sales@secc-oilandgas.com<\/p>\n\n\n\n<p><\/p>\n","protected":false},"excerpt":{"rendered":"<p>Hot Stab API Tipo 3 de doble paso, multipuerto (con conicidad). El Hot Stab Tipo 3 es un conector y recept\u00e1culo de presi\u00f3n balanceada. Dise\u00f1ado <\/p>\n<a href=\"https:\/\/secc-oilandgas.com\/es\/productos-servicios\/hot-stab-tipo-3\/\" class=\"readmore\">Read More<\/a>","protected":false},"author":9,"featured_media":2564,"parent":3088,"menu_order":0,"comment_status":"closed","ping_status":"closed","template":"templates\/tpl-products_info.php","meta":{"_acf_changed":false,"inline_featured_image":false,"_uag_custom_page_level_css":"","footnotes":""},"class_list":["post-3237","page","type-page","status-publish","has-post-thumbnail","hentry"],"acf":[],"yoast_head":"<!-- This site is optimized with the Yoast SEO plugin v26.0 - https:\/\/yoast.com\/wordpress\/plugins\/seo\/ -->\n<title>API Hot Stab Tipo 3 &#8226; Secc Oil &amp; Gas Ltd<\/title>\n<meta name=\"description\" content=\"El Hot Stab Tipo 3 es un conector y recept\u00e1culo de presi\u00f3n balanceada. Dise\u00f1ado para aplicaciones que requieren alto flujo (HIGHFLOW), como los controles hidr\u00e1ulicos del BOP (preventor de reventones) submarino y las operaciones de purga.\" \/>\n<meta name=\"robots\" content=\"index, follow, max-snippet:-1, max-image-preview:large, max-video-preview:-1\" \/>\n<link rel=\"canonical\" href=\"https:\/\/secc-oilandgas.com\/es\/productos-servicios\/hot-stab-tipo-3\/\" \/>\n<meta property=\"og:locale\" content=\"es_ES\" \/>\n<meta property=\"og:type\" content=\"article\" \/>\n<meta property=\"og:title\" content=\"API Hot Stab Tipo 3 &#8226; Secc Oil &amp; Gas Ltd\" \/>\n<meta property=\"og:description\" content=\"El Hot Stab Tipo 3 es un conector y recept\u00e1culo de presi\u00f3n balanceada. Dise\u00f1ado para aplicaciones que requieren alto flujo (HIGHFLOW), como los controles hidr\u00e1ulicos del BOP (preventor de reventones) submarino y las operaciones de purga.\" \/>\n<meta property=\"og:url\" content=\"https:\/\/secc-oilandgas.com\/es\/productos-servicios\/hot-stab-tipo-3\/\" \/>\n<meta property=\"og:site_name\" content=\"Secc Oil &amp; Gas Ltd\" \/>\n<meta property=\"article:publisher\" content=\"http:\/\/www.facebook.com\/seccoilgas\/\" \/>\n<meta property=\"article:modified_time\" content=\"2025-07-18T08:20:42+00:00\" \/>\n<meta property=\"og:image\" content=\"https:\/\/secc-oilandgas.com\/wp-content\/uploads\/2024\/02\/10.-TYPE-3-SECTION.jpg\" \/>\n\t<meta property=\"og:image:width\" content=\"1238\" \/>\n\t<meta property=\"og:image:height\" content=\"529\" \/>\n\t<meta property=\"og:image:type\" content=\"image\/jpeg\" \/>\n<meta name=\"twitter:card\" content=\"summary_large_image\" \/>\n<meta name=\"twitter:site\" content=\"@seccoilandgas\" \/>\n<meta name=\"twitter:label1\" content=\"Est. reading time\" \/>\n\t<meta name=\"twitter:data1\" content=\"2 minutes\" \/>\n<script type=\"application\/ld+json\" class=\"yoast-schema-graph\">{\"@context\":\"https:\/\/schema.org\",\"@graph\":[{\"@type\":\"WebPage\",\"@id\":\"https:\/\/secc-oilandgas.com\/es\/productos-servicios\/hot-stab-tipo-3\/\",\"url\":\"https:\/\/secc-oilandgas.com\/es\/productos-servicios\/hot-stab-tipo-3\/\",\"name\":\"API Hot Stab Tipo 3 &#8226; Secc Oil &amp; Gas Ltd\",\"isPartOf\":{\"@id\":\"https:\/\/secc-oilandgas.com\/es\/#website\"},\"primaryImageOfPage\":{\"@id\":\"https:\/\/secc-oilandgas.com\/es\/productos-servicios\/hot-stab-tipo-3\/#primaryimage\"},\"image\":{\"@id\":\"https:\/\/secc-oilandgas.com\/es\/productos-servicios\/hot-stab-tipo-3\/#primaryimage\"},\"thumbnailUrl\":\"https:\/\/secc-oilandgas.com\/wp-content\/uploads\/2024\/02\/10.-TYPE-3-SECTION.jpg\",\"datePublished\":\"2024-02-29T15:56:36+00:00\",\"dateModified\":\"2025-07-18T08:20:42+00:00\",\"description\":\"El Hot Stab Tipo 3 es un conector y recept\u00e1culo de presi\u00f3n balanceada. Dise\u00f1ado para aplicaciones que requieren alto flujo (HIGHFLOW), como los controles hidr\u00e1ulicos del BOP (preventor de reventones) submarino y las operaciones de purga.\",\"breadcrumb\":{\"@id\":\"https:\/\/secc-oilandgas.com\/es\/productos-servicios\/hot-stab-tipo-3\/#breadcrumb\"},\"inLanguage\":\"es\",\"potentialAction\":[{\"@type\":\"ReadAction\",\"target\":[\"https:\/\/secc-oilandgas.com\/es\/productos-servicios\/hot-stab-tipo-3\/\"]}]},{\"@type\":\"ImageObject\",\"inLanguage\":\"es\",\"@id\":\"https:\/\/secc-oilandgas.com\/es\/productos-servicios\/hot-stab-tipo-3\/#primaryimage\",\"url\":\"https:\/\/secc-oilandgas.com\/wp-content\/uploads\/2024\/02\/10.-TYPE-3-SECTION.jpg\",\"contentUrl\":\"https:\/\/secc-oilandgas.com\/wp-content\/uploads\/2024\/02\/10.-TYPE-3-SECTION.jpg\",\"width\":1238,\"height\":529},{\"@type\":\"BreadcrumbList\",\"@id\":\"https:\/\/secc-oilandgas.com\/es\/productos-servicios\/hot-stab-tipo-3\/#breadcrumb\",\"itemListElement\":[{\"@type\":\"ListItem\",\"position\":1,\"name\":\"Home\",\"item\":\"https:\/\/secc-oilandgas.com\/es\/\"},{\"@type\":\"ListItem\",\"position\":2,\"name\":\"Productos y Servicios\",\"item\":\"https:\/\/secc-oilandgas.com\/es\/productos-servicios\/\"},{\"@type\":\"ListItem\",\"position\":3,\"name\":\"API Hot Stab Tipo 3\"}]},{\"@type\":\"WebSite\",\"@id\":\"https:\/\/secc-oilandgas.com\/es\/#website\",\"url\":\"https:\/\/secc-oilandgas.com\/es\/\",\"name\":\"Secc Oil &amp; Gas Ltd\",\"description\":\"\",\"publisher\":{\"@id\":\"https:\/\/secc-oilandgas.com\/es\/#organization\"},\"potentialAction\":[{\"@type\":\"SearchAction\",\"target\":{\"@type\":\"EntryPoint\",\"urlTemplate\":\"https:\/\/secc-oilandgas.com\/es\/?s={search_term_string}\"},\"query-input\":{\"@type\":\"PropertyValueSpecification\",\"valueRequired\":true,\"valueName\":\"search_term_string\"}}],\"inLanguage\":\"es\"},{\"@type\":\"Organization\",\"@id\":\"https:\/\/secc-oilandgas.com\/es\/#organization\",\"name\":\"Secc Oil & Gas Ltd\",\"url\":\"https:\/\/secc-oilandgas.com\/es\/\",\"logo\":{\"@type\":\"ImageObject\",\"inLanguage\":\"es\",\"@id\":\"https:\/\/secc-oilandgas.com\/es\/#\/schema\/logo\/image\/\",\"url\":\"https:\/\/secc-oilandgas.com\/wp-content\/uploads\/2018\/03\/SECC_logo_CMYK-grey-2018-JPEG-BORDER.jpg\",\"contentUrl\":\"https:\/\/secc-oilandgas.com\/wp-content\/uploads\/2018\/03\/SECC_logo_CMYK-grey-2018-JPEG-BORDER.jpg\",\"width\":1735,\"height\":1108,\"caption\":\"Secc Oil & Gas Ltd\"},\"image\":{\"@id\":\"https:\/\/secc-oilandgas.com\/es\/#\/schema\/logo\/image\/\"},\"sameAs\":[\"http:\/\/www.facebook.com\/seccoilgas\/\",\"https:\/\/x.com\/seccoilandgas\",\"https:\/\/www.linkedin.com\/company\/secc-oilandgas\/\"]}]}<\/script>\n<!-- \/ Yoast SEO plugin. -->","yoast_head_json":{"title":"API Hot Stab Tipo 3 &#8226; Secc Oil &amp; Gas Ltd","description":"El Hot Stab Tipo 3 es un conector y recept\u00e1culo de presi\u00f3n balanceada. Dise\u00f1ado para aplicaciones que requieren alto flujo (HIGHFLOW), como los controles hidr\u00e1ulicos del BOP (preventor de reventones) submarino y las operaciones de purga.","robots":{"index":"index","follow":"follow","max-snippet":"max-snippet:-1","max-image-preview":"max-image-preview:large","max-video-preview":"max-video-preview:-1"},"canonical":"https:\/\/secc-oilandgas.com\/es\/productos-servicios\/hot-stab-tipo-3\/","og_locale":"es_ES","og_type":"article","og_title":"API Hot Stab Tipo 3 &#8226; Secc Oil &amp; Gas Ltd","og_description":"El Hot Stab Tipo 3 es un conector y recept\u00e1culo de presi\u00f3n balanceada. Dise\u00f1ado para aplicaciones que requieren alto flujo (HIGHFLOW), como los controles hidr\u00e1ulicos del BOP (preventor de reventones) submarino y las operaciones de purga.","og_url":"https:\/\/secc-oilandgas.com\/es\/productos-servicios\/hot-stab-tipo-3\/","og_site_name":"Secc Oil &amp; Gas Ltd","article_publisher":"http:\/\/www.facebook.com\/seccoilgas\/","article_modified_time":"2025-07-18T08:20:42+00:00","og_image":[{"width":1238,"height":529,"url":"https:\/\/secc-oilandgas.com\/wp-content\/uploads\/2024\/02\/10.-TYPE-3-SECTION.jpg","type":"image\/jpeg"}],"twitter_card":"summary_large_image","twitter_site":"@seccoilandgas","twitter_misc":{"Est. reading time":"2 minutes"},"schema":{"@context":"https:\/\/schema.org","@graph":[{"@type":"WebPage","@id":"https:\/\/secc-oilandgas.com\/es\/productos-servicios\/hot-stab-tipo-3\/","url":"https:\/\/secc-oilandgas.com\/es\/productos-servicios\/hot-stab-tipo-3\/","name":"API Hot Stab Tipo 3 &#8226; Secc Oil &amp; Gas Ltd","isPartOf":{"@id":"https:\/\/secc-oilandgas.com\/es\/#website"},"primaryImageOfPage":{"@id":"https:\/\/secc-oilandgas.com\/es\/productos-servicios\/hot-stab-tipo-3\/#primaryimage"},"image":{"@id":"https:\/\/secc-oilandgas.com\/es\/productos-servicios\/hot-stab-tipo-3\/#primaryimage"},"thumbnailUrl":"https:\/\/secc-oilandgas.com\/wp-content\/uploads\/2024\/02\/10.-TYPE-3-SECTION.jpg","datePublished":"2024-02-29T15:56:36+00:00","dateModified":"2025-07-18T08:20:42+00:00","description":"El Hot Stab Tipo 3 es un conector y recept\u00e1culo de presi\u00f3n balanceada. Dise\u00f1ado para aplicaciones que requieren alto flujo (HIGHFLOW), como los controles hidr\u00e1ulicos del BOP (preventor de reventones) submarino y las operaciones de purga.","breadcrumb":{"@id":"https:\/\/secc-oilandgas.com\/es\/productos-servicios\/hot-stab-tipo-3\/#breadcrumb"},"inLanguage":"es","potentialAction":[{"@type":"ReadAction","target":["https:\/\/secc-oilandgas.com\/es\/productos-servicios\/hot-stab-tipo-3\/"]}]},{"@type":"ImageObject","inLanguage":"es","@id":"https:\/\/secc-oilandgas.com\/es\/productos-servicios\/hot-stab-tipo-3\/#primaryimage","url":"https:\/\/secc-oilandgas.com\/wp-content\/uploads\/2024\/02\/10.-TYPE-3-SECTION.jpg","contentUrl":"https:\/\/secc-oilandgas.com\/wp-content\/uploads\/2024\/02\/10.-TYPE-3-SECTION.jpg","width":1238,"height":529},{"@type":"BreadcrumbList","@id":"https:\/\/secc-oilandgas.com\/es\/productos-servicios\/hot-stab-tipo-3\/#breadcrumb","itemListElement":[{"@type":"ListItem","position":1,"name":"Home","item":"https:\/\/secc-oilandgas.com\/es\/"},{"@type":"ListItem","position":2,"name":"Productos y Servicios","item":"https:\/\/secc-oilandgas.com\/es\/productos-servicios\/"},{"@type":"ListItem","position":3,"name":"API Hot Stab Tipo 3"}]},{"@type":"WebSite","@id":"https:\/\/secc-oilandgas.com\/es\/#website","url":"https:\/\/secc-oilandgas.com\/es\/","name":"Secc Oil &amp; Gas Ltd","description":"","publisher":{"@id":"https:\/\/secc-oilandgas.com\/es\/#organization"},"potentialAction":[{"@type":"SearchAction","target":{"@type":"EntryPoint","urlTemplate":"https:\/\/secc-oilandgas.com\/es\/?s={search_term_string}"},"query-input":{"@type":"PropertyValueSpecification","valueRequired":true,"valueName":"search_term_string"}}],"inLanguage":"es"},{"@type":"Organization","@id":"https:\/\/secc-oilandgas.com\/es\/#organization","name":"Secc Oil & Gas Ltd","url":"https:\/\/secc-oilandgas.com\/es\/","logo":{"@type":"ImageObject","inLanguage":"es","@id":"https:\/\/secc-oilandgas.com\/es\/#\/schema\/logo\/image\/","url":"https:\/\/secc-oilandgas.com\/wp-content\/uploads\/2018\/03\/SECC_logo_CMYK-grey-2018-JPEG-BORDER.jpg","contentUrl":"https:\/\/secc-oilandgas.com\/wp-content\/uploads\/2018\/03\/SECC_logo_CMYK-grey-2018-JPEG-BORDER.jpg","width":1735,"height":1108,"caption":"Secc Oil & Gas Ltd"},"image":{"@id":"https:\/\/secc-oilandgas.com\/es\/#\/schema\/logo\/image\/"},"sameAs":["http:\/\/www.facebook.com\/seccoilgas\/","https:\/\/x.com\/seccoilandgas","https:\/\/www.linkedin.com\/company\/secc-oilandgas\/"]}]}},"uagb_featured_image_src":{"full":["https:\/\/secc-oilandgas.com\/wp-content\/uploads\/2024\/02\/10.-TYPE-3-SECTION.jpg",1238,529,false],"thumbnail":["https:\/\/secc-oilandgas.com\/wp-content\/uploads\/2024\/02\/10.-TYPE-3-SECTION-150x150.jpg",150,150,true],"medium":["https:\/\/secc-oilandgas.com\/wp-content\/uploads\/2024\/02\/10.-TYPE-3-SECTION-300x128.jpg",300,128,true],"medium_large":["https:\/\/secc-oilandgas.com\/wp-content\/uploads\/2024\/02\/10.-TYPE-3-SECTION-768x328.jpg",670,286,true],"large":["https:\/\/secc-oilandgas.com\/wp-content\/uploads\/2024\/02\/10.-TYPE-3-SECTION-1024x438.jpg",670,287,true],"1536x1536":["https:\/\/secc-oilandgas.com\/wp-content\/uploads\/2024\/02\/10.-TYPE-3-SECTION.jpg",1238,529,false],"2048x2048":["https:\/\/secc-oilandgas.com\/wp-content\/uploads\/2024\/02\/10.-TYPE-3-SECTION.jpg",1238,529,false],"post-thumbnail":["https:\/\/secc-oilandgas.com\/wp-content\/uploads\/2024\/02\/10.-TYPE-3-SECTION-1238x500.jpg",1238,500,true],"gallery-img":["https:\/\/secc-oilandgas.com\/wp-content\/uploads\/2024\/02\/10.-TYPE-3-SECTION-450x300.jpg",450,300,true]},"uagb_author_info":{"display_name":"Seb Atkinson","author_link":"https:\/\/secc-oilandgas.com\/es\/author\/sebatkinson\/"},"uagb_comment_info":0,"uagb_excerpt":"Hot Stab API Tipo 3 de doble paso, multipuerto (con conicidad). El Hot Stab Tipo 3 es un conector y recept\u00e1culo de presi\u00f3n balanceada. Dise\u00f1ado","_links":{"self":[{"href":"https:\/\/secc-oilandgas.com\/es\/wp-json\/wp\/v2\/pages\/3237","targetHints":{"allow":["GET"]}}],"collection":[{"href":"https:\/\/secc-oilandgas.com\/es\/wp-json\/wp\/v2\/pages"}],"about":[{"href":"https:\/\/secc-oilandgas.com\/es\/wp-json\/wp\/v2\/types\/page"}],"author":[{"embeddable":true,"href":"https:\/\/secc-oilandgas.com\/es\/wp-json\/wp\/v2\/users\/9"}],"replies":[{"embeddable":true,"href":"https:\/\/secc-oilandgas.com\/es\/wp-json\/wp\/v2\/comments?post=3237"}],"version-history":[{"count":6,"href":"https:\/\/secc-oilandgas.com\/es\/wp-json\/wp\/v2\/pages\/3237\/revisions"}],"predecessor-version":[{"id":3774,"href":"https:\/\/secc-oilandgas.com\/es\/wp-json\/wp\/v2\/pages\/3237\/revisions\/3774"}],"up":[{"embeddable":true,"href":"https:\/\/secc-oilandgas.com\/es\/wp-json\/wp\/v2\/pages\/3088"}],"wp:featuredmedia":[{"embeddable":true,"href":"https:\/\/secc-oilandgas.com\/es\/wp-json\/wp\/v2\/media\/2564"}],"wp:attachment":[{"href":"https:\/\/secc-oilandgas.com\/es\/wp-json\/wp\/v2\/media?parent=3237"}],"curies":[{"name":"wp","href":"https:\/\/api.w.org\/{rel}","templated":true}]}}