{"id":3278,"date":"2024-12-11T08:32:50","date_gmt":"2024-12-11T08:32:50","guid":{"rendered":"https:\/\/secc-oilandgas.com\/?page_id=3278"},"modified":"2025-05-12T15:30:53","modified_gmt":"2025-05-12T14:30:53","slug":"highflow-erc","status":"publish","type":"page","link":"https:\/\/secc-oilandgas.com\/es\/productos-servicios\/highflow-erc\/","title":{"rendered":"HIGHFLOW ERC (Acoplamiento de liberaci\u00f3n de emergencia)"},"content":{"rendered":"\n<p>El HF-ERC es un acoplamiento de liberaci\u00f3n de emergencia (ERC) de alto caudal, paso completo, y sin derrames ni fugas. Su geometr\u00eda con codo de 90\u00b0 permite una integraci\u00f3n y posicionamiento eficientes en tuber\u00eda existentes. El ERC puede integrarse en colectores horizontales, conexiones de carretes y cuellos de cisne.<\/p>\n\n\n\n<ul class=\"wp-block-list\">\n<li><em><strong>Paso completo<\/strong>: Sin componentes internos que obstruyan el paso lo que permite una p\u00e9rdida de carga m\u00ednima y una capacidad de flujo ilimitada para fluidos de alta y baja densidad.<\/em><\/li>\n\n\n\n<li><em><strong>Cero derrames<\/strong>: El dise\u00f1o entre el pist\u00f3n interno y la sonda ofrece la cavidad m\u00e1s reducida de cualquier acoplamiento en el mercado, minimizando el volumen atrapado, que adem\u00e1s puede ser capturado<\/em><\/li>\n\n\n\n<li><em><strong>Cero fugas<\/strong>: La tecnolog\u00eda de sellado mantiene el mismo comportamiento tanto en operaci\u00f3n normal como durante su activaci\u00f3n.<\/em><\/li>\n\n\n\n<li><em><strong>R\u00e1pido de resetear<\/strong>: El ERC es un verdadero conector y desconector r\u00e1pido y puede resetearse sin desconectar la sonda de la manguera ni desmontar la conexi\u00f3n fija.<\/em><\/li>\n<\/ul>\n\n\n\n<h2 class=\"wp-block-heading\">Conectado<\/h2>\n\n\n\n<p>En\u00a0 estado conectado, el paso completo permite que el fluido fluya sin obstrucci\u00f3n a trav\u00e9s de un codo de 90\u00b0 o 45\u00b0. El dise\u00f1o de presi\u00f3n balancea elimina las fuerzas de separaci\u00f3n causadas por la presi\u00f3n hidrost\u00e1tica sobre el sistema de retenci\u00f3n.<\/p>\n\n\n\n<h2 class=\"wp-block-heading\">Aislado<\/h2>\n\n\n\n<p>Durante el momento de transici\u00f3n, el pist\u00f3n interno a\u00edsla el paso del recept\u00e1culo (parte fija), mientras que la camisa  a\u00edsla el orificio en extremo de la manguera (sonda). Ambos cierres son de presi\u00f3 balanceada, evitando empujes durante la activaci\u00f3n.<\/p>\n\n\n\n<h2 class=\"wp-block-heading\">Desacoplado<\/h2>\n\n\n\n<p>Una vez liberados, ambos extremos permanecen cerrados y sin fugas. La camisa protege las superficies de sellado y previene da\u00f1os durante la eyecci\u00f3n de la sonda. El cierre de camisa\u00a0 es resistente a condiciones de vac\u00edo y a golpes de presi\u00f3n.<\/p>\n\n\n\n<h2 class=\"wp-block-heading\">Reseteo<strong> <\/strong>&nbsp;<\/h2>\n\n\n\n<p>El reseteo del acoplamiento puede hacerse sin herramientas especiales, simplemente guiando la sonda hacia el recept\u00e1culo con un cabrestante. El sistema de retenci\u00f3n asegurar\u00e1 autom\u00e1ticamente la sonda y abrir\u00e1 los cierres de las v\u00e1lvulas.<\/p>\n\n\n\n<h2 class=\"wp-block-heading\">Funcionamiento<\/h2>\n\n\n\n<h3 class=\"wp-block-heading\">Servicio normal&nbsp;<\/h3>\n\n\n\n<p>El paso completo proporciona una capacidad de flujo ilimitada sin obstrucciones. \u00a0 La capacidad de flujo y la p\u00e9rdida de carga pueden estimarse mediante c\u00e1lculos b\u00e1sicos validados por la din\u00e1mica de fluidos computacional (CFD). La tecnolog\u00eda de sellado est\u00e1 protegida en cavidades lejos del conducto de paso, evitando da\u00f1os y erosi\u00f3n.<\/p>\n\n\n\n<h3 class=\"wp-block-heading\">Activaci\u00f3n&nbsp;<\/h3>\n\n\n\n<p>El ERC no requiere de equipos hidr\u00e1ulicos; una vez desarmado el ERC se activar\u00e1 cuando se aplique una carga axial externa. Se pueden integrar bloqueos y anulaciones hidr\u00e1ulicas opcionales.<\/p>\n\n\n\n<h3 class=\"wp-block-heading\">Cargas operativas externas&nbsp;<\/h3>\n\n\n\n<p>La sonda y el recept\u00e1culo cuentan con un acople prolongado entre ambas mitades, ofreciendo una conexi\u00f3n robusta con resistencia uniforme en todo el per\u00edmetro de interfaz anular.<\/p>\n\n\n\n<h3 class=\"wp-block-heading\">Tecnolog\u00eda de sellado de presi\u00f3n balanceada\u00a0<\/h3>\n\n\n\n<p>El dise\u00f1o de presi\u00f3n balanceada elimina las cargas de separaci\u00f3n axial producidas por la presi\u00f3n interna, eliminando fuerzas de &#8220;empuje&#8221; durante una activaci\u00f3n ya sea con presi\u00f3n m\u00e1xima o residual presente.<\/p>\n\n\n\n<h3 class=\"wp-block-heading\">Activaciones espurias&nbsp;<\/h3>\n\n\n\n<p>El sistema de retenci\u00f3n que controla el ERC elimina cualquier modo de falla de un punto \u00fanico. Esto, combinado con la tecnolog\u00eda de sellado de presi\u00f3n balanceada, hace que este sea el ERC m\u00e1s robusto y libre de riesgos en la industria.<\/p>\n\n\n\n<h3 class=\"wp-block-heading\">Indicaci\u00f3n de posici\u00f3n<\/h3>\n\n\n\n<p>El estado del cierre de la v\u00e1lvula del acoplamiento siempre es claro para los operadores.<\/p>\n\n\n\n<h3 class=\"wp-block-heading\">Contenci\u00f3n&nbsp;<\/h3>\n\n\n\n<p>La tecnolog\u00eda de sellado combina sistemas de sellado en \u201ccuerpo y asiento\u201d, encapsulados en la cavidad entre la sonda y el recept\u00e1culo, y alejados del flujo y de restos s\u00f3lidos<strong>.<\/strong><\/p>\n\n\n\n<h3 class=\"wp-block-heading\">Recuperaci\u00f3n<\/h3>\n\n\n\n<p>El conjunto de la sonda est\u00e1 equipado con puntos de amarre\u00a0 para su izaje. Se pueden colocar flotadores para evitar su hundimiento.<\/p>\n\n\n\n<h3 class=\"wp-block-heading\">Verificaci\u00f3n de estado<\/h3>\n\n\n\n<p>El pist\u00f3n interno y la camisa indican la posici\u00f3n y el estado del ERC tanto conectado como desconectado.<\/p>\n\n\n\n<h3 class=\"wp-block-heading\">Mantenimiento&nbsp;<\/h3>\n\n\n\n<p>Secc proporciona un servicio global y repuestos para los equipos de Secc, incluyendo soporte de instalaci\u00f3n, mantenimiento y reparaciones rutinario y de emergencia.<\/p>\n\n\n\n<h2 class=\"wp-block-heading\">19 Beneficios de Secc \u00a0<\/h2>\n\n\n\n<p>\u2705 Patente registrada<br>\u2705 Cero fugas<br>\u2705 Cero derrames<br>\u2705 Paso total sin restricciones<br>\u2705 P\u00e9rdida de carga m\u00ednima<br>\u2705 Presi\u00f3n balanceada<br>\u2705 Desconexi\u00f3n de emergencia a presi\u00f3n y caudal m\u00e1ximos<br>\u2705 Resistente a la corrosi\u00f3n y abrasi\u00f3n<br>\u2705 Resistente a impactos<br>\u2705 Cierre controlado<br>\u2705 Cierre y liberaci\u00f3n integrados<br>\u2705 Operaci\u00f3n pasiva, activa pasiva (o combinada)<br>\u2705 Anti-vac\u00edo<br>\u2705 Probabilidadad muy baja de cierre de v\u00e1lvulas no planificado<br>\u2705 Probabilidadad muy baja de activaci\u00f3n no planificada<br>\u2705 Indicador de posici\u00f3n<br>\u2705 Reinicio r\u00e1pido<br>\u2705 Mantenimiento eficiente<br>\u2705 Rango de acoplamientos para temperaturas bajas<\/p>\n\n\n\n<h2 class=\"wp-block-heading\">Paso completo \u2013 Cero derrames \u2013 Cero fugas\u00a0<\/h2>\n\n\n\n<p>Secc ofrece el ERC definitivo para el mercado mar\u00edtimo.<\/p>\n\n\n\n<p><\/p>\n","protected":false},"excerpt":{"rendered":"<p>El HF-ERC es un acoplamiento de liberaci\u00f3n de emergencia (ERC) de alto caudal, paso completo, y sin derrames ni fugas. Su geometr\u00eda con codo de <\/p>\n<a href=\"https:\/\/secc-oilandgas.com\/es\/productos-servicios\/highflow-erc\/\" class=\"readmore\">Read More<\/a>","protected":false},"author":9,"featured_media":2846,"parent":3088,"menu_order":0,"comment_status":"closed","ping_status":"closed","template":"templates\/tpl-products_info.php","meta":{"_acf_changed":false,"inline_featured_image":false,"_uag_custom_page_level_css":"","footnotes":""},"class_list":["post-3278","page","type-page","status-publish","has-post-thumbnail","hentry"],"acf":[],"yoast_head":"<!-- This site is optimized with the Yoast SEO plugin v26.0 - https:\/\/yoast.com\/wordpress\/plugins\/seo\/ -->\n<title>HIGHFLOW ERC (Acoplamiento de liberaci\u00f3n de emergencia) &#8226; Secc Oil &amp; Gas Ltd<\/title>\n<meta name=\"description\" content=\"El HF-ERC es un acoplamiento de liberaci\u00f3n de emergencia (ERC) de alto caudal, paso completo, y sin derrames ni fugas.\" \/>\n<meta name=\"robots\" content=\"index, follow, max-snippet:-1, max-image-preview:large, max-video-preview:-1\" \/>\n<link rel=\"canonical\" href=\"https:\/\/secc-oilandgas.com\/es\/productos-servicios\/highflow-erc\/\" \/>\n<meta property=\"og:locale\" content=\"es_ES\" \/>\n<meta property=\"og:type\" content=\"article\" \/>\n<meta property=\"og:title\" content=\"HIGHFLOW ERC (Acoplamiento de liberaci\u00f3n de emergencia) &#8226; Secc Oil &amp; Gas Ltd\" \/>\n<meta property=\"og:description\" content=\"El HF-ERC es un acoplamiento de liberaci\u00f3n de emergencia (ERC) de alto caudal, paso completo, y sin derrames ni fugas.\" \/>\n<meta property=\"og:url\" content=\"https:\/\/secc-oilandgas.com\/es\/productos-servicios\/highflow-erc\/\" \/>\n<meta property=\"og:site_name\" content=\"Secc Oil &amp; Gas Ltd\" \/>\n<meta property=\"article:publisher\" content=\"http:\/\/www.facebook.com\/seccoilgas\/\" \/>\n<meta property=\"article:modified_time\" content=\"2025-05-12T14:30:53+00:00\" \/>\n<meta property=\"og:image\" content=\"https:\/\/secc-oilandgas.com\/wp-content\/uploads\/2024\/12\/ERC-SECTIONED-3.png\" \/>\n\t<meta property=\"og:image:width\" content=\"1525\" \/>\n\t<meta property=\"og:image:height\" content=\"410\" \/>\n\t<meta property=\"og:image:type\" content=\"image\/png\" \/>\n<meta name=\"twitter:card\" content=\"summary_large_image\" \/>\n<meta name=\"twitter:site\" content=\"@seccoilandgas\" \/>\n<meta name=\"twitter:label1\" content=\"Est. reading time\" \/>\n\t<meta name=\"twitter:data1\" content=\"4 minutes\" \/>\n<script type=\"application\/ld+json\" class=\"yoast-schema-graph\">{\"@context\":\"https:\/\/schema.org\",\"@graph\":[{\"@type\":\"WebPage\",\"@id\":\"https:\/\/secc-oilandgas.com\/es\/productos-servicios\/highflow-erc\/\",\"url\":\"https:\/\/secc-oilandgas.com\/es\/productos-servicios\/highflow-erc\/\",\"name\":\"HIGHFLOW ERC (Acoplamiento de liberaci\u00f3n de emergencia) &#8226; Secc Oil &amp; Gas Ltd\",\"isPartOf\":{\"@id\":\"https:\/\/secc-oilandgas.com\/es\/#website\"},\"primaryImageOfPage\":{\"@id\":\"https:\/\/secc-oilandgas.com\/es\/productos-servicios\/highflow-erc\/#primaryimage\"},\"image\":{\"@id\":\"https:\/\/secc-oilandgas.com\/es\/productos-servicios\/highflow-erc\/#primaryimage\"},\"thumbnailUrl\":\"https:\/\/secc-oilandgas.com\/wp-content\/uploads\/2024\/12\/ERC-SECTIONED-3.png\",\"datePublished\":\"2024-12-11T08:32:50+00:00\",\"dateModified\":\"2025-05-12T14:30:53+00:00\",\"description\":\"El HF-ERC es un acoplamiento de liberaci\u00f3n de emergencia (ERC) de alto caudal, paso completo, y sin derrames ni fugas.\",\"breadcrumb\":{\"@id\":\"https:\/\/secc-oilandgas.com\/es\/productos-servicios\/highflow-erc\/#breadcrumb\"},\"inLanguage\":\"es\",\"potentialAction\":[{\"@type\":\"ReadAction\",\"target\":[\"https:\/\/secc-oilandgas.com\/es\/productos-servicios\/highflow-erc\/\"]}]},{\"@type\":\"ImageObject\",\"inLanguage\":\"es\",\"@id\":\"https:\/\/secc-oilandgas.com\/es\/productos-servicios\/highflow-erc\/#primaryimage\",\"url\":\"https:\/\/secc-oilandgas.com\/wp-content\/uploads\/2024\/12\/ERC-SECTIONED-3.png\",\"contentUrl\":\"https:\/\/secc-oilandgas.com\/wp-content\/uploads\/2024\/12\/ERC-SECTIONED-3.png\",\"width\":1525,\"height\":410},{\"@type\":\"BreadcrumbList\",\"@id\":\"https:\/\/secc-oilandgas.com\/es\/productos-servicios\/highflow-erc\/#breadcrumb\",\"itemListElement\":[{\"@type\":\"ListItem\",\"position\":1,\"name\":\"Home\",\"item\":\"https:\/\/secc-oilandgas.com\/es\/\"},{\"@type\":\"ListItem\",\"position\":2,\"name\":\"Productos y Servicios\",\"item\":\"https:\/\/secc-oilandgas.com\/es\/productos-servicios\/\"},{\"@type\":\"ListItem\",\"position\":3,\"name\":\"HIGHFLOW ERC (Acoplamiento de liberaci\u00f3n de emergencia)\"}]},{\"@type\":\"WebSite\",\"@id\":\"https:\/\/secc-oilandgas.com\/es\/#website\",\"url\":\"https:\/\/secc-oilandgas.com\/es\/\",\"name\":\"Secc Oil &amp; Gas Ltd\",\"description\":\"\",\"publisher\":{\"@id\":\"https:\/\/secc-oilandgas.com\/es\/#organization\"},\"potentialAction\":[{\"@type\":\"SearchAction\",\"target\":{\"@type\":\"EntryPoint\",\"urlTemplate\":\"https:\/\/secc-oilandgas.com\/es\/?s={search_term_string}\"},\"query-input\":{\"@type\":\"PropertyValueSpecification\",\"valueRequired\":true,\"valueName\":\"search_term_string\"}}],\"inLanguage\":\"es\"},{\"@type\":\"Organization\",\"@id\":\"https:\/\/secc-oilandgas.com\/es\/#organization\",\"name\":\"Secc Oil & Gas Ltd\",\"url\":\"https:\/\/secc-oilandgas.com\/es\/\",\"logo\":{\"@type\":\"ImageObject\",\"inLanguage\":\"es\",\"@id\":\"https:\/\/secc-oilandgas.com\/es\/#\/schema\/logo\/image\/\",\"url\":\"https:\/\/secc-oilandgas.com\/wp-content\/uploads\/2018\/03\/SECC_logo_CMYK-grey-2018-JPEG-BORDER.jpg\",\"contentUrl\":\"https:\/\/secc-oilandgas.com\/wp-content\/uploads\/2018\/03\/SECC_logo_CMYK-grey-2018-JPEG-BORDER.jpg\",\"width\":1735,\"height\":1108,\"caption\":\"Secc Oil & Gas Ltd\"},\"image\":{\"@id\":\"https:\/\/secc-oilandgas.com\/es\/#\/schema\/logo\/image\/\"},\"sameAs\":[\"http:\/\/www.facebook.com\/seccoilgas\/\",\"https:\/\/x.com\/seccoilandgas\",\"https:\/\/www.linkedin.com\/company\/secc-oilandgas\/\"]}]}<\/script>\n<!-- \/ Yoast SEO plugin. -->","yoast_head_json":{"title":"HIGHFLOW ERC (Acoplamiento de liberaci\u00f3n de emergencia) &#8226; Secc Oil &amp; Gas Ltd","description":"El HF-ERC es un acoplamiento de liberaci\u00f3n de emergencia (ERC) de alto caudal, paso completo, y sin derrames ni fugas.","robots":{"index":"index","follow":"follow","max-snippet":"max-snippet:-1","max-image-preview":"max-image-preview:large","max-video-preview":"max-video-preview:-1"},"canonical":"https:\/\/secc-oilandgas.com\/es\/productos-servicios\/highflow-erc\/","og_locale":"es_ES","og_type":"article","og_title":"HIGHFLOW ERC (Acoplamiento de liberaci\u00f3n de emergencia) &#8226; Secc Oil &amp; Gas Ltd","og_description":"El HF-ERC es un acoplamiento de liberaci\u00f3n de emergencia (ERC) de alto caudal, paso completo, y sin derrames ni fugas.","og_url":"https:\/\/secc-oilandgas.com\/es\/productos-servicios\/highflow-erc\/","og_site_name":"Secc Oil &amp; Gas Ltd","article_publisher":"http:\/\/www.facebook.com\/seccoilgas\/","article_modified_time":"2025-05-12T14:30:53+00:00","og_image":[{"width":1525,"height":410,"url":"https:\/\/secc-oilandgas.com\/wp-content\/uploads\/2024\/12\/ERC-SECTIONED-3.png","type":"image\/png"}],"twitter_card":"summary_large_image","twitter_site":"@seccoilandgas","twitter_misc":{"Est. reading time":"4 minutes"},"schema":{"@context":"https:\/\/schema.org","@graph":[{"@type":"WebPage","@id":"https:\/\/secc-oilandgas.com\/es\/productos-servicios\/highflow-erc\/","url":"https:\/\/secc-oilandgas.com\/es\/productos-servicios\/highflow-erc\/","name":"HIGHFLOW ERC (Acoplamiento de liberaci\u00f3n de emergencia) &#8226; Secc Oil &amp; Gas Ltd","isPartOf":{"@id":"https:\/\/secc-oilandgas.com\/es\/#website"},"primaryImageOfPage":{"@id":"https:\/\/secc-oilandgas.com\/es\/productos-servicios\/highflow-erc\/#primaryimage"},"image":{"@id":"https:\/\/secc-oilandgas.com\/es\/productos-servicios\/highflow-erc\/#primaryimage"},"thumbnailUrl":"https:\/\/secc-oilandgas.com\/wp-content\/uploads\/2024\/12\/ERC-SECTIONED-3.png","datePublished":"2024-12-11T08:32:50+00:00","dateModified":"2025-05-12T14:30:53+00:00","description":"El HF-ERC es un acoplamiento de liberaci\u00f3n de emergencia (ERC) de alto caudal, paso completo, y sin derrames ni fugas.","breadcrumb":{"@id":"https:\/\/secc-oilandgas.com\/es\/productos-servicios\/highflow-erc\/#breadcrumb"},"inLanguage":"es","potentialAction":[{"@type":"ReadAction","target":["https:\/\/secc-oilandgas.com\/es\/productos-servicios\/highflow-erc\/"]}]},{"@type":"ImageObject","inLanguage":"es","@id":"https:\/\/secc-oilandgas.com\/es\/productos-servicios\/highflow-erc\/#primaryimage","url":"https:\/\/secc-oilandgas.com\/wp-content\/uploads\/2024\/12\/ERC-SECTIONED-3.png","contentUrl":"https:\/\/secc-oilandgas.com\/wp-content\/uploads\/2024\/12\/ERC-SECTIONED-3.png","width":1525,"height":410},{"@type":"BreadcrumbList","@id":"https:\/\/secc-oilandgas.com\/es\/productos-servicios\/highflow-erc\/#breadcrumb","itemListElement":[{"@type":"ListItem","position":1,"name":"Home","item":"https:\/\/secc-oilandgas.com\/es\/"},{"@type":"ListItem","position":2,"name":"Productos y Servicios","item":"https:\/\/secc-oilandgas.com\/es\/productos-servicios\/"},{"@type":"ListItem","position":3,"name":"HIGHFLOW ERC (Acoplamiento de liberaci\u00f3n de emergencia)"}]},{"@type":"WebSite","@id":"https:\/\/secc-oilandgas.com\/es\/#website","url":"https:\/\/secc-oilandgas.com\/es\/","name":"Secc Oil &amp; Gas Ltd","description":"","publisher":{"@id":"https:\/\/secc-oilandgas.com\/es\/#organization"},"potentialAction":[{"@type":"SearchAction","target":{"@type":"EntryPoint","urlTemplate":"https:\/\/secc-oilandgas.com\/es\/?s={search_term_string}"},"query-input":{"@type":"PropertyValueSpecification","valueRequired":true,"valueName":"search_term_string"}}],"inLanguage":"es"},{"@type":"Organization","@id":"https:\/\/secc-oilandgas.com\/es\/#organization","name":"Secc Oil & Gas Ltd","url":"https:\/\/secc-oilandgas.com\/es\/","logo":{"@type":"ImageObject","inLanguage":"es","@id":"https:\/\/secc-oilandgas.com\/es\/#\/schema\/logo\/image\/","url":"https:\/\/secc-oilandgas.com\/wp-content\/uploads\/2018\/03\/SECC_logo_CMYK-grey-2018-JPEG-BORDER.jpg","contentUrl":"https:\/\/secc-oilandgas.com\/wp-content\/uploads\/2018\/03\/SECC_logo_CMYK-grey-2018-JPEG-BORDER.jpg","width":1735,"height":1108,"caption":"Secc Oil & Gas Ltd"},"image":{"@id":"https:\/\/secc-oilandgas.com\/es\/#\/schema\/logo\/image\/"},"sameAs":["http:\/\/www.facebook.com\/seccoilgas\/","https:\/\/x.com\/seccoilandgas","https:\/\/www.linkedin.com\/company\/secc-oilandgas\/"]}]}},"uagb_featured_image_src":{"full":["https:\/\/secc-oilandgas.com\/wp-content\/uploads\/2024\/12\/ERC-SECTIONED-3.png",1525,410,false],"thumbnail":["https:\/\/secc-oilandgas.com\/wp-content\/uploads\/2024\/12\/ERC-SECTIONED-3-150x150.png",150,150,true],"medium":["https:\/\/secc-oilandgas.com\/wp-content\/uploads\/2024\/12\/ERC-SECTIONED-3-300x81.png",300,81,true],"medium_large":["https:\/\/secc-oilandgas.com\/wp-content\/uploads\/2024\/12\/ERC-SECTIONED-3-768x206.png",670,180,true],"large":["https:\/\/secc-oilandgas.com\/wp-content\/uploads\/2024\/12\/ERC-SECTIONED-3-1024x275.png",670,180,true],"1536x1536":["https:\/\/secc-oilandgas.com\/wp-content\/uploads\/2024\/12\/ERC-SECTIONED-3.png",1525,410,false],"2048x2048":["https:\/\/secc-oilandgas.com\/wp-content\/uploads\/2024\/12\/ERC-SECTIONED-3.png",1525,410,false],"post-thumbnail":["https:\/\/secc-oilandgas.com\/wp-content\/uploads\/2024\/12\/ERC-SECTIONED-3-1500x410.png",1500,410,true],"gallery-img":["https:\/\/secc-oilandgas.com\/wp-content\/uploads\/2024\/12\/ERC-SECTIONED-3-450x300.png",450,300,true]},"uagb_author_info":{"display_name":"Seb Atkinson","author_link":"https:\/\/secc-oilandgas.com\/es\/author\/sebatkinson\/"},"uagb_comment_info":0,"uagb_excerpt":"El HF-ERC es un acoplamiento de liberaci\u00f3n de emergencia (ERC) de alto caudal, paso completo, y sin derrames ni fugas. Su geometr\u00eda con codo de","_links":{"self":[{"href":"https:\/\/secc-oilandgas.com\/es\/wp-json\/wp\/v2\/pages\/3278","targetHints":{"allow":["GET"]}}],"collection":[{"href":"https:\/\/secc-oilandgas.com\/es\/wp-json\/wp\/v2\/pages"}],"about":[{"href":"https:\/\/secc-oilandgas.com\/es\/wp-json\/wp\/v2\/types\/page"}],"author":[{"embeddable":true,"href":"https:\/\/secc-oilandgas.com\/es\/wp-json\/wp\/v2\/users\/9"}],"replies":[{"embeddable":true,"href":"https:\/\/secc-oilandgas.com\/es\/wp-json\/wp\/v2\/comments?post=3278"}],"version-history":[{"count":3,"href":"https:\/\/secc-oilandgas.com\/es\/wp-json\/wp\/v2\/pages\/3278\/revisions"}],"predecessor-version":[{"id":3515,"href":"https:\/\/secc-oilandgas.com\/es\/wp-json\/wp\/v2\/pages\/3278\/revisions\/3515"}],"up":[{"embeddable":true,"href":"https:\/\/secc-oilandgas.com\/es\/wp-json\/wp\/v2\/pages\/3088"}],"wp:featuredmedia":[{"embeddable":true,"href":"https:\/\/secc-oilandgas.com\/es\/wp-json\/wp\/v2\/media\/2846"}],"wp:attachment":[{"href":"https:\/\/secc-oilandgas.com\/es\/wp-json\/wp\/v2\/media?parent=3278"}],"curies":[{"name":"wp","href":"https:\/\/api.w.org\/{rel}","templated":true}]}}