{"id":3390,"date":"2015-07-24T11:32:50","date_gmt":"2015-07-24T10:32:50","guid":{"rendered":"https:\/\/secc-oilandgas.com\/aplicaciones\/acoplamientos-de-desconexion-para-emergencia\/"},"modified":"2025-04-28T12:48:14","modified_gmt":"2025-04-28T11:48:14","slug":"transferencia-maritima-de-fluidos","status":"publish","type":"page","link":"https:\/\/secc-oilandgas.com\/es\/aplicaciones\/transferencia-maritima-de-fluidos\/","title":{"rendered":"Transferencia mar\u00edtima de fluidos"},"content":{"rendered":"\n<h2 class=\"wp-block-heading\">Acoplamientos de desconexi\u00f3n de emergencia<\/h2>\n\n\n<p><span style=\"font-weight: 400;\">Secc dise\u00f1a, fabrica y suministra una gama de soluciones de acoplamientos de desconexi\u00f3n de Emergencia (ERC &#8211; Emergency Release Coupling) de paso completo para el sector energ\u00e9tico.<\/span><\/p>\n<p>Los acoplamientos de Secc cubren una amplia gama de aplicaciones de transferencia de fluidos, desde\u00a0 pozos petroloeros submarinos durinate pruebas inciales hasta transferencias de barco a barco (STS &#8211; ship-to-ship), incluyendo GNL y amonia.<\/p>\n\n\n<p>Los acoplamientos de Secc permiten la transferencia segura de todo tipo de fluidos productos como hidrocarburos pesados y ligeros, cementos, \u00e1cidos y lodos de perforaci\u00f3n, qu\u00edmicos, etc.<\/p>\n\n\n\n<div class=\"wp-block-uagb-image aligncenter uagb-block-d5d01a0d wp-block-uagb-image--layout-default wp-block-uagb-image--effect-static wp-block-uagb-image--align-center\"><figure class=\"wp-block-uagb-image__figure\"><img decoding=\"async\" srcset=\"https:\/\/secc-oilandgas.com\/wp-content\/uploads\/2024\/05\/Siri-Knutsen-Gimbel-008-1-1024x978.jpg ,https:\/\/secc-oilandgas.com\/wp-content\/uploads\/2024\/05\/Siri-Knutsen-Gimbel-008-1.jpg 780w, https:\/\/secc-oilandgas.com\/wp-content\/uploads\/2024\/05\/Siri-Knutsen-Gimbel-008-1.jpg 360w\" sizes=\"auto, (max-width: 480px) 150px\" src=\"https:\/\/secc-oilandgas.com\/wp-content\/uploads\/2024\/05\/Siri-Knutsen-Gimbel-008-1-1024x978.jpg\" alt=\"\" class=\"uag-image-1479\" width=\"475\" height=\"454\" title=\"Siri Knutsen Gimbel 008\" loading=\"lazy\" role=\"img\"\/><\/figure><\/div>\n\n\n\n<p class=\"has-text-align-center\">Ejemplo de un acoplamiento tipo <em>HF-ERC <\/em>de 4&#8243; para el Sistema de Carga por Proa<\/p>\n\n\n\n<p><\/p>\n\n\n\n<p>La gama de Secc de acoplamientos desconexi\u00f3n de emergencia para aplicaciones de transferencia marina tip HIGHFLOW-ERC proporciona:<\/p>\n\n\n\n<p><\/p>\n\n\n\n<h2 class=\"wp-block-heading\">Mayor seguridad y protecci\u00f3n<\/h2>\n\n\n\n<ol class=\"wp-block-list\">\n<li>Al personal<\/li>\n\n\n\n<li>Al medio ambiente<\/li>\n\n\n\n<li>A los activos del cliente<\/li>\n<\/ol>\n\n\n\n<div class=\"wp-block-uagb-advanced-heading uagb-block-6a7a5011\"><h2 class=\"uagb-heading-text\">Beneficios incomparables<\/h2><\/div>\n\n\n\n<ol class=\"wp-block-list\">\n<li>Paso completo<\/li>\n\n\n\n<li>Cero derrames<\/li>\n\n\n\n<li>Cero fugas<\/li>\n<\/ol>\n\n\n\n<div class=\"wp-block-uagb-advanced-heading uagb-block-71466ec7\"><h2 class=\"uagb-heading-text\">Beneficios para el operador\/cliente<\/h2><\/div>\n\n\n\n<ol class=\"wp-block-list\">\n<li>Mayor tranquilidad<\/li>\n\n\n\n<li>No compromete el caudal durante la transferencia de fluidos<\/li>\n\n\n\n<li>Menor tiempo de inactividad<\/li>\n<\/ol>\n\n\n\n<p>El dise\u00f1o singular basado en propiedad intelectual exclusiva de Secc permite que los acoplamientos HF-ERC se integren en colectores de tanques, piezas en &#8220;Y&#8221;, cuellos de cisne y en carretes de mangueras marinas.<\/p>\n\n\n\n<div class=\"wp-block-uagb-image uagb-block-ca5e6f75 wp-block-uagb-image--layout-default wp-block-uagb-image--effect-static wp-block-uagb-image--align-none\"><figure class=\"wp-block-uagb-image__figure\"><img decoding=\"async\" srcset=\"https:\/\/secc-oilandgas.com\/wp-content\/uploads\/2025\/04\/Male-approaching-female-1024x768.jpg ,https:\/\/secc-oilandgas.com\/wp-content\/uploads\/2025\/04\/Male-approaching-female-scaled.jpg 780w, https:\/\/secc-oilandgas.com\/wp-content\/uploads\/2025\/04\/Male-approaching-female-scaled.jpg 360w\" sizes=\"auto, (max-width: 480px) 150px\" src=\"https:\/\/secc-oilandgas.com\/wp-content\/uploads\/2025\/04\/Male-approaching-female-1024x768.jpg\" alt=\"\" class=\"uag-image-3270\" width=\"517\" height=\"388\" title=\"Male approaching female\" loading=\"lazy\" role=\"img\"\/><\/figure><\/div>\n\n\n\n<p>El dise\u00f1o de presi\u00f3n balanceada de los acoplamientos de Secc (HF-ERC) elimina las fuerzas de separaci\u00f3n generadas por la presi\u00f3n hidrost\u00e1tica, permitiendo que la activaci\u00f3n sea segura y se realice sin consecuencias peligrosas y de manera controlada. Este dise\u00f1o tambi\u00e9n posee una funcionalidad pasiva para que su activaci\u00f3n en caso de fallo hidr\u00e1ulico. Basado en el sistema Hot Make Hot Break (HMHB) de Secc, este dise\u00f1o patentado ha demostrado su eficacia en el sector energ\u00e9tico durante m\u00e1s de 20 a\u00f1os.<\/p>\n\n\n\n<p><i><span style=\"font-weight: 400;\">Para m\u00e1s informaci\u00f3n sobre acoplamientos maritimos, contacte con nuestro equipo de ventas: sales@secc-oilandgas.com<\/span><\/i><\/p>\n\n\n\n<p><\/p>\n","protected":false},"excerpt":{"rendered":"<p>Acoplamientos de desconexi\u00f3n de emergencia Secc dise\u00f1a, fabrica y suministra una gama de soluciones de acoplamientos de desconexi\u00f3n de Emergencia (ERC &#8211; Emergency Release Coupling) <\/p>\n<a href=\"https:\/\/secc-oilandgas.com\/es\/aplicaciones\/transferencia-maritima-de-fluidos\/\" class=\"readmore\">Read More<\/a>","protected":false},"author":1,"featured_media":2812,"parent":3040,"menu_order":4,"comment_status":"closed","ping_status":"closed","template":"","meta":{"_acf_changed":false,"inline_featured_image":false,"_uag_custom_page_level_css":"","footnotes":""},"class_list":["post-3390","page","type-page","status-publish","has-post-thumbnail","hentry"],"acf":[],"yoast_head":"<!-- This site is optimized with the Yoast SEO plugin v26.0 - https:\/\/yoast.com\/wordpress\/plugins\/seo\/ -->\n<title>Transferencia mar\u00edtima de fluidos &#8226; Secc Oil &amp; Gas Ltd<\/title>\n<meta name=\"description\" content=\"Secc dise\u00f1a, fabrica y suministra una gama de soluciones de acoplamientos de desconexi\u00f3n de Emergencia (ERC - Emergency Release Coupling) de paso completo para el sector energ\u00e9tico.\" \/>\n<meta name=\"robots\" content=\"index, follow, max-snippet:-1, max-image-preview:large, max-video-preview:-1\" \/>\n<link rel=\"canonical\" href=\"https:\/\/secc-oilandgas.com\/es\/aplicaciones\/transferencia-maritima-de-fluidos\/\" \/>\n<meta property=\"og:locale\" content=\"es_ES\" \/>\n<meta property=\"og:type\" content=\"article\" \/>\n<meta property=\"og:title\" content=\"Transferencia mar\u00edtima de fluidos &#8226; Secc Oil &amp; Gas Ltd\" \/>\n<meta property=\"og:description\" content=\"Secc dise\u00f1a, fabrica y suministra una gama de soluciones de acoplamientos de desconexi\u00f3n de Emergencia (ERC - Emergency Release Coupling) de paso completo para el sector energ\u00e9tico.\" \/>\n<meta property=\"og:url\" content=\"https:\/\/secc-oilandgas.com\/es\/aplicaciones\/transferencia-maritima-de-fluidos\/\" \/>\n<meta property=\"og:site_name\" content=\"Secc Oil &amp; Gas Ltd\" \/>\n<meta property=\"article:publisher\" content=\"http:\/\/www.facebook.com\/seccoilgas\/\" \/>\n<meta property=\"article:modified_time\" content=\"2025-04-28T11:48:14+00:00\" \/>\n<meta property=\"og:image\" content=\"https:\/\/secc-oilandgas.com\/wp-content\/uploads\/2024\/11\/SECC_Marine-transfer.png\" \/>\n\t<meta property=\"og:image:width\" content=\"5771\" \/>\n\t<meta property=\"og:image:height\" content=\"1523\" \/>\n\t<meta property=\"og:image:type\" content=\"image\/png\" \/>\n<meta name=\"twitter:card\" content=\"summary_large_image\" \/>\n<meta name=\"twitter:site\" content=\"@seccoilandgas\" \/>\n<meta name=\"twitter:label1\" content=\"Est. reading time\" \/>\n\t<meta name=\"twitter:data1\" content=\"2 minutes\" \/>\n<script type=\"application\/ld+json\" class=\"yoast-schema-graph\">{\"@context\":\"https:\/\/schema.org\",\"@graph\":[{\"@type\":\"WebPage\",\"@id\":\"https:\/\/secc-oilandgas.com\/es\/aplicaciones\/transferencia-maritima-de-fluidos\/\",\"url\":\"https:\/\/secc-oilandgas.com\/es\/aplicaciones\/transferencia-maritima-de-fluidos\/\",\"name\":\"Transferencia mar\u00edtima de fluidos &#8226; Secc Oil &amp; Gas Ltd\",\"isPartOf\":{\"@id\":\"https:\/\/secc-oilandgas.com\/es\/#website\"},\"primaryImageOfPage\":{\"@id\":\"https:\/\/secc-oilandgas.com\/es\/aplicaciones\/transferencia-maritima-de-fluidos\/#primaryimage\"},\"image\":{\"@id\":\"https:\/\/secc-oilandgas.com\/es\/aplicaciones\/transferencia-maritima-de-fluidos\/#primaryimage\"},\"thumbnailUrl\":\"https:\/\/secc-oilandgas.com\/wp-content\/uploads\/2024\/11\/SECC_Marine-transfer.png\",\"datePublished\":\"2015-07-24T10:32:50+00:00\",\"dateModified\":\"2025-04-28T11:48:14+00:00\",\"description\":\"Secc dise\u00f1a, fabrica y suministra una gama de soluciones de acoplamientos de desconexi\u00f3n de Emergencia (ERC - Emergency Release Coupling) de paso completo para el sector energ\u00e9tico.\",\"breadcrumb\":{\"@id\":\"https:\/\/secc-oilandgas.com\/es\/aplicaciones\/transferencia-maritima-de-fluidos\/#breadcrumb\"},\"inLanguage\":\"es\",\"potentialAction\":[{\"@type\":\"ReadAction\",\"target\":[\"https:\/\/secc-oilandgas.com\/es\/aplicaciones\/transferencia-maritima-de-fluidos\/\"]}]},{\"@type\":\"ImageObject\",\"inLanguage\":\"es\",\"@id\":\"https:\/\/secc-oilandgas.com\/es\/aplicaciones\/transferencia-maritima-de-fluidos\/#primaryimage\",\"url\":\"https:\/\/secc-oilandgas.com\/wp-content\/uploads\/2024\/11\/SECC_Marine-transfer.png\",\"contentUrl\":\"https:\/\/secc-oilandgas.com\/wp-content\/uploads\/2024\/11\/SECC_Marine-transfer.png\",\"width\":5771,\"height\":1523},{\"@type\":\"BreadcrumbList\",\"@id\":\"https:\/\/secc-oilandgas.com\/es\/aplicaciones\/transferencia-maritima-de-fluidos\/#breadcrumb\",\"itemListElement\":[{\"@type\":\"ListItem\",\"position\":1,\"name\":\"Home\",\"item\":\"https:\/\/secc-oilandgas.com\/es\/\"},{\"@type\":\"ListItem\",\"position\":2,\"name\":\"Aplicaciones\",\"item\":\"https:\/\/secc-oilandgas.com\/es\/aplicaciones\/\"},{\"@type\":\"ListItem\",\"position\":3,\"name\":\"Transferencia mar\u00edtima de fluidos\"}]},{\"@type\":\"WebSite\",\"@id\":\"https:\/\/secc-oilandgas.com\/es\/#website\",\"url\":\"https:\/\/secc-oilandgas.com\/es\/\",\"name\":\"Secc Oil &amp; Gas Ltd\",\"description\":\"\",\"publisher\":{\"@id\":\"https:\/\/secc-oilandgas.com\/es\/#organization\"},\"potentialAction\":[{\"@type\":\"SearchAction\",\"target\":{\"@type\":\"EntryPoint\",\"urlTemplate\":\"https:\/\/secc-oilandgas.com\/es\/?s={search_term_string}\"},\"query-input\":{\"@type\":\"PropertyValueSpecification\",\"valueRequired\":true,\"valueName\":\"search_term_string\"}}],\"inLanguage\":\"es\"},{\"@type\":\"Organization\",\"@id\":\"https:\/\/secc-oilandgas.com\/es\/#organization\",\"name\":\"Secc Oil & Gas Ltd\",\"url\":\"https:\/\/secc-oilandgas.com\/es\/\",\"logo\":{\"@type\":\"ImageObject\",\"inLanguage\":\"es\",\"@id\":\"https:\/\/secc-oilandgas.com\/es\/#\/schema\/logo\/image\/\",\"url\":\"https:\/\/secc-oilandgas.com\/wp-content\/uploads\/2018\/03\/SECC_logo_CMYK-grey-2018-JPEG-BORDER.jpg\",\"contentUrl\":\"https:\/\/secc-oilandgas.com\/wp-content\/uploads\/2018\/03\/SECC_logo_CMYK-grey-2018-JPEG-BORDER.jpg\",\"width\":1735,\"height\":1108,\"caption\":\"Secc Oil & Gas Ltd\"},\"image\":{\"@id\":\"https:\/\/secc-oilandgas.com\/es\/#\/schema\/logo\/image\/\"},\"sameAs\":[\"http:\/\/www.facebook.com\/seccoilgas\/\",\"https:\/\/x.com\/seccoilandgas\",\"https:\/\/www.linkedin.com\/company\/secc-oilandgas\/\"]}]}<\/script>\n<!-- \/ Yoast SEO plugin. -->","yoast_head_json":{"title":"Transferencia mar\u00edtima de fluidos &#8226; Secc Oil &amp; Gas Ltd","description":"Secc dise\u00f1a, fabrica y suministra una gama de soluciones de acoplamientos de desconexi\u00f3n de Emergencia (ERC - Emergency Release Coupling) de paso completo para el sector energ\u00e9tico.","robots":{"index":"index","follow":"follow","max-snippet":"max-snippet:-1","max-image-preview":"max-image-preview:large","max-video-preview":"max-video-preview:-1"},"canonical":"https:\/\/secc-oilandgas.com\/es\/aplicaciones\/transferencia-maritima-de-fluidos\/","og_locale":"es_ES","og_type":"article","og_title":"Transferencia mar\u00edtima de fluidos &#8226; Secc Oil &amp; Gas Ltd","og_description":"Secc dise\u00f1a, fabrica y suministra una gama de soluciones de acoplamientos de desconexi\u00f3n de Emergencia (ERC - Emergency Release Coupling) de paso completo para el sector energ\u00e9tico.","og_url":"https:\/\/secc-oilandgas.com\/es\/aplicaciones\/transferencia-maritima-de-fluidos\/","og_site_name":"Secc Oil &amp; Gas Ltd","article_publisher":"http:\/\/www.facebook.com\/seccoilgas\/","article_modified_time":"2025-04-28T11:48:14+00:00","og_image":[{"width":5771,"height":1523,"url":"https:\/\/secc-oilandgas.com\/wp-content\/uploads\/2024\/11\/SECC_Marine-transfer.png","type":"image\/png"}],"twitter_card":"summary_large_image","twitter_site":"@seccoilandgas","twitter_misc":{"Est. reading time":"2 minutes"},"schema":{"@context":"https:\/\/schema.org","@graph":[{"@type":"WebPage","@id":"https:\/\/secc-oilandgas.com\/es\/aplicaciones\/transferencia-maritima-de-fluidos\/","url":"https:\/\/secc-oilandgas.com\/es\/aplicaciones\/transferencia-maritima-de-fluidos\/","name":"Transferencia mar\u00edtima de fluidos &#8226; Secc Oil &amp; Gas Ltd","isPartOf":{"@id":"https:\/\/secc-oilandgas.com\/es\/#website"},"primaryImageOfPage":{"@id":"https:\/\/secc-oilandgas.com\/es\/aplicaciones\/transferencia-maritima-de-fluidos\/#primaryimage"},"image":{"@id":"https:\/\/secc-oilandgas.com\/es\/aplicaciones\/transferencia-maritima-de-fluidos\/#primaryimage"},"thumbnailUrl":"https:\/\/secc-oilandgas.com\/wp-content\/uploads\/2024\/11\/SECC_Marine-transfer.png","datePublished":"2015-07-24T10:32:50+00:00","dateModified":"2025-04-28T11:48:14+00:00","description":"Secc dise\u00f1a, fabrica y suministra una gama de soluciones de acoplamientos de desconexi\u00f3n de Emergencia (ERC - Emergency Release Coupling) de paso completo para el sector energ\u00e9tico.","breadcrumb":{"@id":"https:\/\/secc-oilandgas.com\/es\/aplicaciones\/transferencia-maritima-de-fluidos\/#breadcrumb"},"inLanguage":"es","potentialAction":[{"@type":"ReadAction","target":["https:\/\/secc-oilandgas.com\/es\/aplicaciones\/transferencia-maritima-de-fluidos\/"]}]},{"@type":"ImageObject","inLanguage":"es","@id":"https:\/\/secc-oilandgas.com\/es\/aplicaciones\/transferencia-maritima-de-fluidos\/#primaryimage","url":"https:\/\/secc-oilandgas.com\/wp-content\/uploads\/2024\/11\/SECC_Marine-transfer.png","contentUrl":"https:\/\/secc-oilandgas.com\/wp-content\/uploads\/2024\/11\/SECC_Marine-transfer.png","width":5771,"height":1523},{"@type":"BreadcrumbList","@id":"https:\/\/secc-oilandgas.com\/es\/aplicaciones\/transferencia-maritima-de-fluidos\/#breadcrumb","itemListElement":[{"@type":"ListItem","position":1,"name":"Home","item":"https:\/\/secc-oilandgas.com\/es\/"},{"@type":"ListItem","position":2,"name":"Aplicaciones","item":"https:\/\/secc-oilandgas.com\/es\/aplicaciones\/"},{"@type":"ListItem","position":3,"name":"Transferencia mar\u00edtima de fluidos"}]},{"@type":"WebSite","@id":"https:\/\/secc-oilandgas.com\/es\/#website","url":"https:\/\/secc-oilandgas.com\/es\/","name":"Secc Oil &amp; Gas Ltd","description":"","publisher":{"@id":"https:\/\/secc-oilandgas.com\/es\/#organization"},"potentialAction":[{"@type":"SearchAction","target":{"@type":"EntryPoint","urlTemplate":"https:\/\/secc-oilandgas.com\/es\/?s={search_term_string}"},"query-input":{"@type":"PropertyValueSpecification","valueRequired":true,"valueName":"search_term_string"}}],"inLanguage":"es"},{"@type":"Organization","@id":"https:\/\/secc-oilandgas.com\/es\/#organization","name":"Secc Oil & Gas Ltd","url":"https:\/\/secc-oilandgas.com\/es\/","logo":{"@type":"ImageObject","inLanguage":"es","@id":"https:\/\/secc-oilandgas.com\/es\/#\/schema\/logo\/image\/","url":"https:\/\/secc-oilandgas.com\/wp-content\/uploads\/2018\/03\/SECC_logo_CMYK-grey-2018-JPEG-BORDER.jpg","contentUrl":"https:\/\/secc-oilandgas.com\/wp-content\/uploads\/2018\/03\/SECC_logo_CMYK-grey-2018-JPEG-BORDER.jpg","width":1735,"height":1108,"caption":"Secc Oil & Gas Ltd"},"image":{"@id":"https:\/\/secc-oilandgas.com\/es\/#\/schema\/logo\/image\/"},"sameAs":["http:\/\/www.facebook.com\/seccoilgas\/","https:\/\/x.com\/seccoilandgas","https:\/\/www.linkedin.com\/company\/secc-oilandgas\/"]}]}},"uagb_featured_image_src":{"full":["https:\/\/secc-oilandgas.com\/wp-content\/uploads\/2024\/11\/SECC_Marine-transfer.png",5771,1523,false],"thumbnail":["https:\/\/secc-oilandgas.com\/wp-content\/uploads\/2024\/11\/SECC_Marine-transfer-150x150.png",150,150,true],"medium":["https:\/\/secc-oilandgas.com\/wp-content\/uploads\/2024\/11\/SECC_Marine-transfer-300x79.png",300,79,true],"medium_large":["https:\/\/secc-oilandgas.com\/wp-content\/uploads\/2024\/11\/SECC_Marine-transfer-768x203.png",670,177,true],"large":["https:\/\/secc-oilandgas.com\/wp-content\/uploads\/2024\/11\/SECC_Marine-transfer-1024x270.png",670,177,true],"1536x1536":["https:\/\/secc-oilandgas.com\/wp-content\/uploads\/2024\/11\/SECC_Marine-transfer-1536x405.png",1536,405,true],"2048x2048":["https:\/\/secc-oilandgas.com\/wp-content\/uploads\/2024\/11\/SECC_Marine-transfer-2048x540.png",2048,540,true],"post-thumbnail":["https:\/\/secc-oilandgas.com\/wp-content\/uploads\/2024\/11\/SECC_Marine-transfer-1500x500.png",1500,500,true],"gallery-img":["https:\/\/secc-oilandgas.com\/wp-content\/uploads\/2024\/11\/SECC_Marine-transfer-450x300.png",450,300,true]},"uagb_author_info":{"display_name":"SECC","author_link":"https:\/\/secc-oilandgas.com\/es\/author\/teamvalleyweb\/"},"uagb_comment_info":0,"uagb_excerpt":"Acoplamientos de desconexi\u00f3n de emergencia Secc dise\u00f1a, fabrica y suministra una gama de soluciones de acoplamientos de desconexi\u00f3n de Emergencia (ERC &#8211; Emergency Release Coupling)","_links":{"self":[{"href":"https:\/\/secc-oilandgas.com\/es\/wp-json\/wp\/v2\/pages\/3390","targetHints":{"allow":["GET"]}}],"collection":[{"href":"https:\/\/secc-oilandgas.com\/es\/wp-json\/wp\/v2\/pages"}],"about":[{"href":"https:\/\/secc-oilandgas.com\/es\/wp-json\/wp\/v2\/types\/page"}],"author":[{"embeddable":true,"href":"https:\/\/secc-oilandgas.com\/es\/wp-json\/wp\/v2\/users\/1"}],"replies":[{"embeddable":true,"href":"https:\/\/secc-oilandgas.com\/es\/wp-json\/wp\/v2\/comments?post=3390"}],"version-history":[{"count":5,"href":"https:\/\/secc-oilandgas.com\/es\/wp-json\/wp\/v2\/pages\/3390\/revisions"}],"predecessor-version":[{"id":3445,"href":"https:\/\/secc-oilandgas.com\/es\/wp-json\/wp\/v2\/pages\/3390\/revisions\/3445"}],"up":[{"embeddable":true,"href":"https:\/\/secc-oilandgas.com\/es\/wp-json\/wp\/v2\/pages\/3040"}],"wp:featuredmedia":[{"embeddable":true,"href":"https:\/\/secc-oilandgas.com\/es\/wp-json\/wp\/v2\/media\/2812"}],"wp:attachment":[{"href":"https:\/\/secc-oilandgas.com\/es\/wp-json\/wp\/v2\/media?parent=3390"}],"curies":[{"name":"wp","href":"https:\/\/api.w.org\/{rel}","templated":true}]}}