{"id":3520,"date":"2015-07-24T10:59:14","date_gmt":"2015-07-24T09:59:14","guid":{"rendered":"https:\/\/secc-oilandgas.com\/?page_id=3520"},"modified":"2026-03-18T14:43:57","modified_gmt":"2026-03-18T14:43:57","slug":"home","status":"publish","type":"page","link":"https:\/\/secc-oilandgas.com\/es\/","title":{"rendered":"Home"},"content":{"rendered":"<p style=\"text-align: center;\">Secc suministra a la industria energ\u00e9tica global con soluciones inteligentes a los desaf\u00edos de conexi\u00f3n submarina, mar\u00edtima e hidr\u00e1ulica, enfoc\u00e1ndose en la seguridad, fiabilidad, rendimiento y el medio ambiante.<\/p>\n<p><a href=\"https:\/\/secc-oilandgas.com\/es\/secc-celebra-20-anos-de-innovacion-en-tecnologia-de-conexion-submarina\/\"><img loading=\"lazy\" decoding=\"async\" width=\"262\" height=\"300\" class=\"size-medium wp-image-1473 aligncenter\" src=\"https:\/\/secc-oilandgas.com\/wp-content\/uploads\/2024\/05\/20-Year-Logo-PNG-262x300.png\" alt=\"Celebrating 20 years of Secc\" srcset=\"https:\/\/secc-oilandgas.com\/wp-content\/uploads\/2024\/05\/20-Year-Logo-PNG-262x300.png 262w, https:\/\/secc-oilandgas.com\/wp-content\/uploads\/2024\/05\/20-Year-Logo-PNG-893x1024.png 893w, https:\/\/secc-oilandgas.com\/wp-content\/uploads\/2024\/05\/20-Year-Logo-PNG-768x881.png 768w, https:\/\/secc-oilandgas.com\/wp-content\/uploads\/2024\/05\/20-Year-Logo-PNG-1339x1536.png 1339w, https:\/\/secc-oilandgas.com\/wp-content\/uploads\/2024\/05\/20-Year-Logo-PNG.png 1744w\" sizes=\"auto, (max-width: 262px) 100vw, 262px\" \/><\/a><\/p>\n\n\n<p><\/p>\n","protected":false},"excerpt":{"rendered":"<p>Secc suministra a la industria energ\u00e9tica global con soluciones inteligentes a los desaf\u00edos de conexi\u00f3n submarina, mar\u00edtima e hidr\u00e1ulica, enfoc\u00e1ndose en la seguridad, fiabilidad, rendimiento <\/p>\n<a href=\"https:\/\/secc-oilandgas.com\/es\/\" class=\"readmore\">Read More<\/a>","protected":false},"author":9,"featured_media":2192,"parent":0,"menu_order":0,"comment_status":"closed","ping_status":"closed","template":"","meta":{"_acf_changed":false,"inline_featured_image":false,"_uag_custom_page_level_css":"","footnotes":""},"class_list":["post-3520","page","type-page","status-publish","has-post-thumbnail","hentry"],"acf":[],"yoast_head":"<!-- This site is optimized with the Yoast SEO plugin v26.0 - https:\/\/yoast.com\/wordpress\/plugins\/seo\/ -->\n<title>Inicio &#8226; Secc Oil &amp; Gas Ltd<\/title>\n<meta name=\"description\" content=\"Conectores y acoplamientos de conexi\u00f3n y desconexi\u00f3n r\u00e1pida y de emergencia para aplicaciones de tranferencia de fluidos submarinas y mar\u00edtimas.\" \/>\n<meta name=\"robots\" content=\"index, follow, max-snippet:-1, max-image-preview:large, max-video-preview:-1\" \/>\n<link rel=\"canonical\" href=\"https:\/\/secc-oilandgas.com\/es\/\" \/>\n<meta property=\"og:locale\" content=\"es_ES\" \/>\n<meta property=\"og:type\" content=\"article\" \/>\n<meta property=\"og:title\" content=\"Inicio &#8226; Secc Oil &amp; Gas Ltd\" \/>\n<meta property=\"og:description\" content=\"Conectores y acoplamientos de conexi\u00f3n y desconexi\u00f3n r\u00e1pida y de emergencia para aplicaciones de tranferencia de fluidos submarinas y mar\u00edtimas.\" \/>\n<meta property=\"og:url\" content=\"https:\/\/secc-oilandgas.com\/es\/\" \/>\n<meta property=\"og:site_name\" content=\"Secc Oil &amp; Gas Ltd\" \/>\n<meta property=\"article:publisher\" content=\"http:\/\/www.facebook.com\/seccoilgas\/\" \/>\n<meta property=\"article:modified_time\" content=\"2026-03-18T14:43:57+00:00\" \/>\n<meta property=\"og:image\" content=\"https:\/\/secc-oilandgas.com\/wp-content\/uploads\/2017\/10\/2-IN-JACKET-BLUE-BACKGROUND-RED-STRIPE1-1024x552.jpg\" \/>\n\t<meta property=\"og:image:width\" content=\"1024\" \/>\n\t<meta property=\"og:image:height\" content=\"552\" \/>\n\t<meta property=\"og:image:type\" content=\"image\/jpeg\" \/>\n<meta name=\"twitter:card\" content=\"summary_large_image\" \/>\n<meta name=\"twitter:site\" content=\"@seccoilandgas\" \/>\n<meta name=\"twitter:label1\" content=\"Est. reading time\" \/>\n\t<meta name=\"twitter:data1\" content=\"1 minute\" \/>\n<script type=\"application\/ld+json\" class=\"yoast-schema-graph\">{\"@context\":\"https:\/\/schema.org\",\"@graph\":[{\"@type\":\"WebPage\",\"@id\":\"https:\/\/secc-oilandgas.com\/es\/\",\"url\":\"https:\/\/secc-oilandgas.com\/es\/\",\"name\":\"Inicio &#8226; Secc Oil &amp; Gas Ltd\",\"isPartOf\":{\"@id\":\"https:\/\/secc-oilandgas.com\/es\/#website\"},\"primaryImageOfPage\":{\"@id\":\"https:\/\/secc-oilandgas.com\/es\/#primaryimage\"},\"image\":{\"@id\":\"https:\/\/secc-oilandgas.com\/es\/#primaryimage\"},\"thumbnailUrl\":\"https:\/\/secc-oilandgas.com\/wp-content\/uploads\/2017\/10\/2-IN-JACKET-BLUE-BACKGROUND-RED-STRIPE1.jpg\",\"datePublished\":\"2015-07-24T09:59:14+00:00\",\"dateModified\":\"2026-03-18T14:43:57+00:00\",\"description\":\"Conectores y acoplamientos de conexi\u00f3n y desconexi\u00f3n r\u00e1pida y de emergencia para aplicaciones de tranferencia de fluidos submarinas y mar\u00edtimas.\",\"breadcrumb\":{\"@id\":\"https:\/\/secc-oilandgas.com\/es\/#breadcrumb\"},\"inLanguage\":\"es\",\"potentialAction\":[{\"@type\":\"ReadAction\",\"target\":[\"https:\/\/secc-oilandgas.com\/es\/\"]}]},{\"@type\":\"ImageObject\",\"inLanguage\":\"es\",\"@id\":\"https:\/\/secc-oilandgas.com\/es\/#primaryimage\",\"url\":\"https:\/\/secc-oilandgas.com\/wp-content\/uploads\/2017\/10\/2-IN-JACKET-BLUE-BACKGROUND-RED-STRIPE1.jpg\",\"contentUrl\":\"https:\/\/secc-oilandgas.com\/wp-content\/uploads\/2017\/10\/2-IN-JACKET-BLUE-BACKGROUND-RED-STRIPE1.jpg\",\"width\":5184,\"height\":2794},{\"@type\":\"BreadcrumbList\",\"@id\":\"https:\/\/secc-oilandgas.com\/es\/#breadcrumb\",\"itemListElement\":[{\"@type\":\"ListItem\",\"position\":1,\"name\":\"Home\",\"item\":\"https:\/\/secc-oilandgas.com\/es\/\"},{\"@type\":\"ListItem\",\"position\":2,\"name\":\"Home\"}]},{\"@type\":\"WebSite\",\"@id\":\"https:\/\/secc-oilandgas.com\/es\/#website\",\"url\":\"https:\/\/secc-oilandgas.com\/es\/\",\"name\":\"Secc Oil &amp; Gas Ltd\",\"description\":\"\",\"publisher\":{\"@id\":\"https:\/\/secc-oilandgas.com\/es\/#organization\"},\"potentialAction\":[{\"@type\":\"SearchAction\",\"target\":{\"@type\":\"EntryPoint\",\"urlTemplate\":\"https:\/\/secc-oilandgas.com\/es\/?s={search_term_string}\"},\"query-input\":{\"@type\":\"PropertyValueSpecification\",\"valueRequired\":true,\"valueName\":\"search_term_string\"}}],\"inLanguage\":\"es\"},{\"@type\":\"Organization\",\"@id\":\"https:\/\/secc-oilandgas.com\/es\/#organization\",\"name\":\"Secc Oil & Gas Ltd\",\"url\":\"https:\/\/secc-oilandgas.com\/es\/\",\"logo\":{\"@type\":\"ImageObject\",\"inLanguage\":\"es\",\"@id\":\"https:\/\/secc-oilandgas.com\/es\/#\/schema\/logo\/image\/\",\"url\":\"https:\/\/secc-oilandgas.com\/wp-content\/uploads\/2018\/03\/SECC_logo_CMYK-grey-2018-JPEG-BORDER.jpg\",\"contentUrl\":\"https:\/\/secc-oilandgas.com\/wp-content\/uploads\/2018\/03\/SECC_logo_CMYK-grey-2018-JPEG-BORDER.jpg\",\"width\":1735,\"height\":1108,\"caption\":\"Secc Oil & Gas Ltd\"},\"image\":{\"@id\":\"https:\/\/secc-oilandgas.com\/es\/#\/schema\/logo\/image\/\"},\"sameAs\":[\"http:\/\/www.facebook.com\/seccoilgas\/\",\"https:\/\/x.com\/seccoilandgas\",\"https:\/\/www.linkedin.com\/company\/secc-oilandgas\/\"]}]}<\/script>\n<!-- \/ Yoast SEO plugin. -->","yoast_head_json":{"title":"Inicio &#8226; Secc Oil &amp; Gas Ltd","description":"Conectores y acoplamientos de conexi\u00f3n y desconexi\u00f3n r\u00e1pida y de emergencia para aplicaciones de tranferencia de fluidos submarinas y mar\u00edtimas.","robots":{"index":"index","follow":"follow","max-snippet":"max-snippet:-1","max-image-preview":"max-image-preview:large","max-video-preview":"max-video-preview:-1"},"canonical":"https:\/\/secc-oilandgas.com\/es\/","og_locale":"es_ES","og_type":"article","og_title":"Inicio &#8226; Secc Oil &amp; Gas Ltd","og_description":"Conectores y acoplamientos de conexi\u00f3n y desconexi\u00f3n r\u00e1pida y de emergencia para aplicaciones de tranferencia de fluidos submarinas y mar\u00edtimas.","og_url":"https:\/\/secc-oilandgas.com\/es\/","og_site_name":"Secc Oil &amp; Gas Ltd","article_publisher":"http:\/\/www.facebook.com\/seccoilgas\/","article_modified_time":"2026-03-18T14:43:57+00:00","og_image":[{"width":1024,"height":552,"url":"https:\/\/secc-oilandgas.com\/wp-content\/uploads\/2017\/10\/2-IN-JACKET-BLUE-BACKGROUND-RED-STRIPE1-1024x552.jpg","type":"image\/jpeg"}],"twitter_card":"summary_large_image","twitter_site":"@seccoilandgas","twitter_misc":{"Est. reading time":"1 minute"},"schema":{"@context":"https:\/\/schema.org","@graph":[{"@type":"WebPage","@id":"https:\/\/secc-oilandgas.com\/es\/","url":"https:\/\/secc-oilandgas.com\/es\/","name":"Inicio &#8226; Secc Oil &amp; Gas Ltd","isPartOf":{"@id":"https:\/\/secc-oilandgas.com\/es\/#website"},"primaryImageOfPage":{"@id":"https:\/\/secc-oilandgas.com\/es\/#primaryimage"},"image":{"@id":"https:\/\/secc-oilandgas.com\/es\/#primaryimage"},"thumbnailUrl":"https:\/\/secc-oilandgas.com\/wp-content\/uploads\/2017\/10\/2-IN-JACKET-BLUE-BACKGROUND-RED-STRIPE1.jpg","datePublished":"2015-07-24T09:59:14+00:00","dateModified":"2026-03-18T14:43:57+00:00","description":"Conectores y acoplamientos de conexi\u00f3n y desconexi\u00f3n r\u00e1pida y de emergencia para aplicaciones de tranferencia de fluidos submarinas y mar\u00edtimas.","breadcrumb":{"@id":"https:\/\/secc-oilandgas.com\/es\/#breadcrumb"},"inLanguage":"es","potentialAction":[{"@type":"ReadAction","target":["https:\/\/secc-oilandgas.com\/es\/"]}]},{"@type":"ImageObject","inLanguage":"es","@id":"https:\/\/secc-oilandgas.com\/es\/#primaryimage","url":"https:\/\/secc-oilandgas.com\/wp-content\/uploads\/2017\/10\/2-IN-JACKET-BLUE-BACKGROUND-RED-STRIPE1.jpg","contentUrl":"https:\/\/secc-oilandgas.com\/wp-content\/uploads\/2017\/10\/2-IN-JACKET-BLUE-BACKGROUND-RED-STRIPE1.jpg","width":5184,"height":2794},{"@type":"BreadcrumbList","@id":"https:\/\/secc-oilandgas.com\/es\/#breadcrumb","itemListElement":[{"@type":"ListItem","position":1,"name":"Home","item":"https:\/\/secc-oilandgas.com\/es\/"},{"@type":"ListItem","position":2,"name":"Home"}]},{"@type":"WebSite","@id":"https:\/\/secc-oilandgas.com\/es\/#website","url":"https:\/\/secc-oilandgas.com\/es\/","name":"Secc Oil &amp; Gas Ltd","description":"","publisher":{"@id":"https:\/\/secc-oilandgas.com\/es\/#organization"},"potentialAction":[{"@type":"SearchAction","target":{"@type":"EntryPoint","urlTemplate":"https:\/\/secc-oilandgas.com\/es\/?s={search_term_string}"},"query-input":{"@type":"PropertyValueSpecification","valueRequired":true,"valueName":"search_term_string"}}],"inLanguage":"es"},{"@type":"Organization","@id":"https:\/\/secc-oilandgas.com\/es\/#organization","name":"Secc Oil & Gas Ltd","url":"https:\/\/secc-oilandgas.com\/es\/","logo":{"@type":"ImageObject","inLanguage":"es","@id":"https:\/\/secc-oilandgas.com\/es\/#\/schema\/logo\/image\/","url":"https:\/\/secc-oilandgas.com\/wp-content\/uploads\/2018\/03\/SECC_logo_CMYK-grey-2018-JPEG-BORDER.jpg","contentUrl":"https:\/\/secc-oilandgas.com\/wp-content\/uploads\/2018\/03\/SECC_logo_CMYK-grey-2018-JPEG-BORDER.jpg","width":1735,"height":1108,"caption":"Secc Oil & Gas Ltd"},"image":{"@id":"https:\/\/secc-oilandgas.com\/es\/#\/schema\/logo\/image\/"},"sameAs":["http:\/\/www.facebook.com\/seccoilgas\/","https:\/\/x.com\/seccoilandgas","https:\/\/www.linkedin.com\/company\/secc-oilandgas\/"]}]}},"uagb_featured_image_src":{"full":["https:\/\/secc-oilandgas.com\/wp-content\/uploads\/2017\/10\/2-IN-JACKET-BLUE-BACKGROUND-RED-STRIPE1.jpg",5184,2794,false],"thumbnail":["https:\/\/secc-oilandgas.com\/wp-content\/uploads\/2017\/10\/2-IN-JACKET-BLUE-BACKGROUND-RED-STRIPE1-150x150.jpg",150,150,true],"medium":["https:\/\/secc-oilandgas.com\/wp-content\/uploads\/2017\/10\/2-IN-JACKET-BLUE-BACKGROUND-RED-STRIPE1-300x162.jpg",300,162,true],"medium_large":["https:\/\/secc-oilandgas.com\/wp-content\/uploads\/2017\/10\/2-IN-JACKET-BLUE-BACKGROUND-RED-STRIPE1.jpg",670,361,false],"large":["https:\/\/secc-oilandgas.com\/wp-content\/uploads\/2017\/10\/2-IN-JACKET-BLUE-BACKGROUND-RED-STRIPE1-1024x552.jpg",670,361,true],"1536x1536":["https:\/\/secc-oilandgas.com\/wp-content\/uploads\/2017\/10\/2-IN-JACKET-BLUE-BACKGROUND-RED-STRIPE1.jpg",1536,828,false],"2048x2048":["https:\/\/secc-oilandgas.com\/wp-content\/uploads\/2017\/10\/2-IN-JACKET-BLUE-BACKGROUND-RED-STRIPE1.jpg",2048,1104,false],"post-thumbnail":["https:\/\/secc-oilandgas.com\/wp-content\/uploads\/2017\/10\/2-IN-JACKET-BLUE-BACKGROUND-RED-STRIPE1-1500x500.jpg",1500,500,true],"gallery-img":["https:\/\/secc-oilandgas.com\/wp-content\/uploads\/2017\/10\/2-IN-JACKET-BLUE-BACKGROUND-RED-STRIPE1-450x300.jpg",450,300,true]},"uagb_author_info":{"display_name":"Seb Atkinson","author_link":"https:\/\/secc-oilandgas.com\/es\/author\/sebatkinson\/"},"uagb_comment_info":0,"uagb_excerpt":"Secc suministra a la industria energ\u00e9tica global con soluciones inteligentes a los desaf\u00edos de conexi\u00f3n submarina, mar\u00edtima e hidr\u00e1ulica, enfoc\u00e1ndose en la seguridad, fiabilidad, rendimiento","_links":{"self":[{"href":"https:\/\/secc-oilandgas.com\/es\/wp-json\/wp\/v2\/pages\/3520","targetHints":{"allow":["GET"]}}],"collection":[{"href":"https:\/\/secc-oilandgas.com\/es\/wp-json\/wp\/v2\/pages"}],"about":[{"href":"https:\/\/secc-oilandgas.com\/es\/wp-json\/wp\/v2\/types\/page"}],"author":[{"embeddable":true,"href":"https:\/\/secc-oilandgas.com\/es\/wp-json\/wp\/v2\/users\/9"}],"replies":[{"embeddable":true,"href":"https:\/\/secc-oilandgas.com\/es\/wp-json\/wp\/v2\/comments?post=3520"}],"version-history":[{"count":6,"href":"https:\/\/secc-oilandgas.com\/es\/wp-json\/wp\/v2\/pages\/3520\/revisions"}],"predecessor-version":[{"id":4177,"href":"https:\/\/secc-oilandgas.com\/es\/wp-json\/wp\/v2\/pages\/3520\/revisions\/4177"}],"wp:featuredmedia":[{"embeddable":true,"href":"https:\/\/secc-oilandgas.com\/es\/wp-json\/wp\/v2\/media\/2192"}],"wp:attachment":[{"href":"https:\/\/secc-oilandgas.com\/es\/wp-json\/wp\/v2\/media?parent=3520"}],"curies":[{"name":"wp","href":"https:\/\/api.w.org\/{rel}","templated":true}]}}