{"id":3527,"date":"2024-03-06T11:12:52","date_gmt":"2024-03-06T11:12:52","guid":{"rendered":"https:\/\/secc-oilandgas.com\/?page_id=3527"},"modified":"2025-05-13T09:32:54","modified_gmt":"2025-05-13T08:32:54","slug":"ingenieria","status":"publish","type":"page","link":"https:\/\/secc-oilandgas.com\/es\/ingenieria\/","title":{"rendered":"Ingenier\u00eda"},"content":{"rendered":"<p><span style=\"font-weight: 400;\">Secc es el fabricante l\u00edder de acoplamientos y conectores para la industria energ\u00e9tica. El equipo de ingenier\u00eda de Secc mantiene un trabajo continuo de actividades de investigaci\u00f3n y Desarrollo (I+D), llevando nuestros productos a sus l\u00edmites de:<\/span><\/p>\n<ul>\n<li style=\"font-weight: 400;\" aria-level=\"1\"><span style=\"font-weight: 400;\">Presi\u00f3n<\/span><\/li>\n<li style=\"font-weight: 400;\" aria-level=\"1\"><span style=\"font-weight: 400;\">Flujo<\/span><\/li>\n<li style=\"font-weight: 400;\" aria-level=\"1\"><span style=\"font-weight: 400;\">Temperatura<\/span><\/li>\n<li style=\"font-weight: 400;\" aria-level=\"1\"><span style=\"font-weight: 400;\">Contenci\u00f3n de derrames<\/span><\/li>\n<li style=\"font-weight: 400;\" aria-level=\"1\"><span style=\"font-weight: 400;\">Tecnolog\u00eda de sellado<\/span><\/li>\n<li style=\"font-weight: 400;\" aria-level=\"1\"><span style=\"font-weight: 400;\">Corrosi\u00f3n<\/span><\/li>\n<li style=\"font-weight: 400;\" aria-level=\"1\"><span style=\"font-weight: 400;\">Rendimiento<\/span><\/li>\n<li style=\"font-weight: 400;\" aria-level=\"1\"><span style=\"font-weight: 400;\">Fiabilidad<\/span><\/li>\n<\/ul>\n<p><span style=\"font-weight: 400;\">El departamento de I+D de Secc trabaja activamente en la ampliaci\u00f3n de nuestra gama de productos, capacidades de an\u00e1lisis, dise\u00f1o de ingenier\u00eda y conocimiento t\u00e9cnico, contribuyendo al desarrollo de soluciones para el sector de combustibles renovables.<\/span><\/p>\n<p><span style=\"font-weight: 400;\">En Secc contamos con capacidades internas completas de dise\u00f1o, an\u00e1lisis y pruebas, que incluyen:<\/span><\/p>\n<ul>\n<li style=\"font-weight: 400;\" aria-level=\"1\"><span style=\"font-weight: 400;\">Programas de I+D robustos<\/span><\/li>\n<li style=\"font-weight: 400;\" aria-level=\"1\"><span style=\"font-weight: 400;\">Ingenieros altamente calificados<\/span><\/li>\n<li style=\"font-weight: 400;\" aria-level=\"1\"><span style=\"font-weight: 400;\">C\u00e1lculos manuales especializados<\/span><\/li>\n<li style=\"font-weight: 400;\" aria-level=\"1\"><span style=\"font-weight: 400;\">An\u00e1lisis por Elementos Finitos (FEA)<\/span><\/li>\n<li style=\"font-weight: 400;\" aria-level=\"1\"><span style=\"font-weight: 400;\">Ensayos de presi\u00f3n hidrost\u00e1tica y de gas de hasta 30,000 psi <em>[2068 bar]<\/em><\/span><\/li>\n<li style=\"font-weight: 400;\" aria-level=\"1\"><span style=\"font-weight: 400;\">Pruebas con gas sumergido<\/span><\/li>\n<li style=\"font-weight: 400;\" aria-level=\"1\"><span style=\"font-weight: 400;\">Ensayos hiperb\u00e1ricos (simulaci\u00f3n de hasta 10,000 pies de profundidad <em>[3,000m]<\/em>)<\/span><\/li>\n<li style=\"font-weight: 400;\" aria-level=\"1\"><span style=\"font-weight: 400;\">Pruebas t\u00e9rmicas de \u2013196\u00b0C a +400\u00b0C<\/span><\/li>\n<li style=\"font-weight: 400;\" aria-level=\"1\"><span style=\"font-weight: 400;\">Ensayos a baja temperatura hasta \u2013196\u00b0C<\/span><\/li>\n<li style=\"font-weight: 400;\" aria-level=\"1\"><span style=\"font-weight: 400;\">Pruebas de ciclos y resistencia<\/span><\/li>\n<li style=\"font-weight: 400;\" aria-level=\"1\"><span style=\"font-weight: 400;\">Cumplimiento con API 6A \u2013 PR2 y API 6A PSL-3G<\/span><\/li>\n<li style=\"font-weight: 400;\" aria-level=\"1\"><span style=\"font-weight: 400;\">Ensayos hidr\u00e1ulicos hasta 40,000 PSI<\/span><\/li>\n<li style=\"font-weight: 400;\" aria-level=\"1\"><span style=\"font-weight: 400;\">Pruebas de fuego conforme a BS EN 10497, API 607, API 6FA y API 6FB \u2013 hasta API 15K<\/span><\/li>\n<li style=\"font-weight: 400;\" aria-level=\"1\"><span style=\"font-weight: 400;\">Inspecci\u00f3n por l\u00edquidos penetrantes seg\u00fan normas ASME III y ASME V<\/span><\/li>\n<\/ul>\n<p><span style=\"font-weight: 400;\">Adem\u00e1s de ofrecer una gama consolidada de productos y soluciones, en Secc brindamos servicios de ingenier\u00eda personalizados para clientes nuevos y existentes, respaldados por m\u00e1s de 20 a\u00f1os de experiencia en acoplamientos y conectores.<\/span><\/p>\n<p><span style=\"font-weight: 400;\">Para obtener m\u00e1s informaci\u00f3n sobre nuestros acoplamientos, conectores o servicios de ingenier\u00eda, cont\u00e1ctenos en: sales@secc-oilandgas.com<\/span><\/p>\n<p><img loading=\"lazy\" decoding=\"async\" class=\"alignnone wp-image-1385 size-full aligncenter\" src=\"https:\/\/secc-oilandgas.com\/wp-content\/uploads\/2024\/03\/Picture1.jpg\" alt=\"\" width=\"1000\" height=\"268\" srcset=\"https:\/\/secc-oilandgas.com\/wp-content\/uploads\/2024\/03\/Picture1.jpg 1000w, https:\/\/secc-oilandgas.com\/wp-content\/uploads\/2024\/03\/Picture1-300x80.jpg 300w, https:\/\/secc-oilandgas.com\/wp-content\/uploads\/2024\/03\/Picture1-768x206.jpg 768w\" sizes=\"auto, (max-width: 1000px) 100vw, 1000px\" \/><\/p>\n<p style=\"text-align: center;\"><img loading=\"lazy\" decoding=\"async\" class=\"alignnone wp-image-1386 size-full\" src=\"https:\/\/secc-oilandgas.com\/wp-content\/uploads\/2024\/03\/Picture2.jpg\" alt=\"\" width=\"1000\" height=\"268\" srcset=\"https:\/\/secc-oilandgas.com\/wp-content\/uploads\/2024\/03\/Picture2.jpg 1000w, https:\/\/secc-oilandgas.com\/wp-content\/uploads\/2024\/03\/Picture2-300x80.jpg 300w, https:\/\/secc-oilandgas.com\/wp-content\/uploads\/2024\/03\/Picture2-768x206.jpg 768w\" sizes=\"auto, (max-width: 1000px) 100vw, 1000px\" \/><\/p>\n<p><img loading=\"lazy\" decoding=\"async\" class=\"alignnone wp-image-1387 size-full aligncenter\" src=\"https:\/\/secc-oilandgas.com\/wp-content\/uploads\/2024\/03\/Picture3.jpg\" alt=\"\" width=\"638\" height=\"142\" srcset=\"https:\/\/secc-oilandgas.com\/wp-content\/uploads\/2024\/03\/Picture3.jpg 638w, https:\/\/secc-oilandgas.com\/wp-content\/uploads\/2024\/03\/Picture3-300x67.jpg 300w\" sizes=\"auto, (max-width: 638px) 100vw, 638px\" \/><\/p>\n","protected":false},"excerpt":{"rendered":"<p>Secc es el fabricante l\u00edder de acoplamientos y conectores para la industria energ\u00e9tica. El equipo de ingenier\u00eda de Secc mantiene un trabajo continuo de actividades <\/p>\n<a href=\"https:\/\/secc-oilandgas.com\/es\/ingenieria\/\" class=\"readmore\">Read More<\/a>","protected":false},"author":9,"featured_media":2236,"parent":0,"menu_order":0,"comment_status":"closed","ping_status":"closed","template":"","meta":{"_acf_changed":false,"inline_featured_image":false,"_uag_custom_page_level_css":"","footnotes":""},"class_list":["post-3527","page","type-page","status-publish","has-post-thumbnail","hentry"],"acf":[],"yoast_head":"<!-- This site is optimized with the Yoast SEO plugin v26.0 - https:\/\/yoast.com\/wordpress\/plugins\/seo\/ -->\n<title>Ingenier\u00eda &#8226; Secc Oil &amp; Gas Ltd<\/title>\n<meta name=\"description\" content=\"Secc es el fabricante l\u00edder de acoplamientos y conectores para la industria energ\u00e9tica. El equipo de ingenier\u00eda de Secc mantiene un trabajo continuo de actividades de investigaci\u00f3n y Desarrollo (I+D), llevando nuestros productos a sus l\u00edmites\" \/>\n<meta name=\"robots\" content=\"index, follow, max-snippet:-1, max-image-preview:large, max-video-preview:-1\" \/>\n<link rel=\"canonical\" href=\"https:\/\/secc-oilandgas.com\/es\/ingenieria\/\" \/>\n<meta property=\"og:locale\" content=\"es_ES\" \/>\n<meta property=\"og:type\" content=\"article\" \/>\n<meta property=\"og:title\" content=\"Ingenier\u00eda &#8226; Secc Oil &amp; Gas Ltd\" \/>\n<meta property=\"og:description\" content=\"Secc es el fabricante l\u00edder de acoplamientos y conectores para la industria energ\u00e9tica. El equipo de ingenier\u00eda de Secc mantiene un trabajo continuo de actividades de investigaci\u00f3n y Desarrollo (I+D), llevando nuestros productos a sus l\u00edmites\" \/>\n<meta property=\"og:url\" content=\"https:\/\/secc-oilandgas.com\/es\/ingenieria\/\" \/>\n<meta property=\"og:site_name\" content=\"Secc Oil &amp; Gas Ltd\" \/>\n<meta property=\"article:publisher\" content=\"http:\/\/www.facebook.com\/seccoilgas\/\" \/>\n<meta property=\"article:modified_time\" content=\"2025-05-13T08:32:54+00:00\" \/>\n<meta property=\"og:image\" content=\"https:\/\/secc-oilandgas.com\/wp-content\/uploads\/2015\/07\/HMHB-Banner.jpg\" \/>\n\t<meta property=\"og:image:width\" content=\"2000\" \/>\n\t<meta property=\"og:image:height\" content=\"502\" \/>\n\t<meta property=\"og:image:type\" content=\"image\/jpeg\" \/>\n<meta name=\"twitter:card\" content=\"summary_large_image\" \/>\n<meta name=\"twitter:site\" content=\"@seccoilandgas\" \/>\n<meta name=\"twitter:label1\" content=\"Est. reading time\" \/>\n\t<meta name=\"twitter:data1\" content=\"2 minutes\" \/>\n<script type=\"application\/ld+json\" class=\"yoast-schema-graph\">{\"@context\":\"https:\/\/schema.org\",\"@graph\":[{\"@type\":\"WebPage\",\"@id\":\"https:\/\/secc-oilandgas.com\/es\/ingenieria\/\",\"url\":\"https:\/\/secc-oilandgas.com\/es\/ingenieria\/\",\"name\":\"Ingenier\u00eda &#8226; Secc Oil &amp; Gas Ltd\",\"isPartOf\":{\"@id\":\"https:\/\/secc-oilandgas.com\/es\/#website\"},\"primaryImageOfPage\":{\"@id\":\"https:\/\/secc-oilandgas.com\/es\/ingenieria\/#primaryimage\"},\"image\":{\"@id\":\"https:\/\/secc-oilandgas.com\/es\/ingenieria\/#primaryimage\"},\"thumbnailUrl\":\"https:\/\/secc-oilandgas.com\/wp-content\/uploads\/2015\/07\/HMHB-Banner.jpg\",\"datePublished\":\"2024-03-06T11:12:52+00:00\",\"dateModified\":\"2025-05-13T08:32:54+00:00\",\"description\":\"Secc es el fabricante l\u00edder de acoplamientos y conectores para la industria energ\u00e9tica. El equipo de ingenier\u00eda de Secc mantiene un trabajo continuo de actividades de investigaci\u00f3n y Desarrollo (I+D), llevando nuestros productos a sus l\u00edmites\",\"breadcrumb\":{\"@id\":\"https:\/\/secc-oilandgas.com\/es\/ingenieria\/#breadcrumb\"},\"inLanguage\":\"es\",\"potentialAction\":[{\"@type\":\"ReadAction\",\"target\":[\"https:\/\/secc-oilandgas.com\/es\/ingenieria\/\"]}]},{\"@type\":\"ImageObject\",\"inLanguage\":\"es\",\"@id\":\"https:\/\/secc-oilandgas.com\/es\/ingenieria\/#primaryimage\",\"url\":\"https:\/\/secc-oilandgas.com\/wp-content\/uploads\/2015\/07\/HMHB-Banner.jpg\",\"contentUrl\":\"https:\/\/secc-oilandgas.com\/wp-content\/uploads\/2015\/07\/HMHB-Banner.jpg\",\"width\":2000,\"height\":502},{\"@type\":\"BreadcrumbList\",\"@id\":\"https:\/\/secc-oilandgas.com\/es\/ingenieria\/#breadcrumb\",\"itemListElement\":[{\"@type\":\"ListItem\",\"position\":1,\"name\":\"Home\",\"item\":\"https:\/\/secc-oilandgas.com\/es\/\"},{\"@type\":\"ListItem\",\"position\":2,\"name\":\"Ingenier\u00eda\"}]},{\"@type\":\"WebSite\",\"@id\":\"https:\/\/secc-oilandgas.com\/es\/#website\",\"url\":\"https:\/\/secc-oilandgas.com\/es\/\",\"name\":\"Secc Oil &amp; Gas Ltd\",\"description\":\"\",\"publisher\":{\"@id\":\"https:\/\/secc-oilandgas.com\/es\/#organization\"},\"potentialAction\":[{\"@type\":\"SearchAction\",\"target\":{\"@type\":\"EntryPoint\",\"urlTemplate\":\"https:\/\/secc-oilandgas.com\/es\/?s={search_term_string}\"},\"query-input\":{\"@type\":\"PropertyValueSpecification\",\"valueRequired\":true,\"valueName\":\"search_term_string\"}}],\"inLanguage\":\"es\"},{\"@type\":\"Organization\",\"@id\":\"https:\/\/secc-oilandgas.com\/es\/#organization\",\"name\":\"Secc Oil & Gas Ltd\",\"url\":\"https:\/\/secc-oilandgas.com\/es\/\",\"logo\":{\"@type\":\"ImageObject\",\"inLanguage\":\"es\",\"@id\":\"https:\/\/secc-oilandgas.com\/es\/#\/schema\/logo\/image\/\",\"url\":\"https:\/\/secc-oilandgas.com\/wp-content\/uploads\/2018\/03\/SECC_logo_CMYK-grey-2018-JPEG-BORDER.jpg\",\"contentUrl\":\"https:\/\/secc-oilandgas.com\/wp-content\/uploads\/2018\/03\/SECC_logo_CMYK-grey-2018-JPEG-BORDER.jpg\",\"width\":1735,\"height\":1108,\"caption\":\"Secc Oil & Gas Ltd\"},\"image\":{\"@id\":\"https:\/\/secc-oilandgas.com\/es\/#\/schema\/logo\/image\/\"},\"sameAs\":[\"http:\/\/www.facebook.com\/seccoilgas\/\",\"https:\/\/x.com\/seccoilandgas\",\"https:\/\/www.linkedin.com\/company\/secc-oilandgas\/\"]}]}<\/script>\n<!-- \/ Yoast SEO plugin. -->","yoast_head_json":{"title":"Ingenier\u00eda &#8226; Secc Oil &amp; Gas Ltd","description":"Secc es el fabricante l\u00edder de acoplamientos y conectores para la industria energ\u00e9tica. El equipo de ingenier\u00eda de Secc mantiene un trabajo continuo de actividades de investigaci\u00f3n y Desarrollo (I+D), llevando nuestros productos a sus l\u00edmites","robots":{"index":"index","follow":"follow","max-snippet":"max-snippet:-1","max-image-preview":"max-image-preview:large","max-video-preview":"max-video-preview:-1"},"canonical":"https:\/\/secc-oilandgas.com\/es\/ingenieria\/","og_locale":"es_ES","og_type":"article","og_title":"Ingenier\u00eda &#8226; Secc Oil &amp; Gas Ltd","og_description":"Secc es el fabricante l\u00edder de acoplamientos y conectores para la industria energ\u00e9tica. El equipo de ingenier\u00eda de Secc mantiene un trabajo continuo de actividades de investigaci\u00f3n y Desarrollo (I+D), llevando nuestros productos a sus l\u00edmites","og_url":"https:\/\/secc-oilandgas.com\/es\/ingenieria\/","og_site_name":"Secc Oil &amp; Gas Ltd","article_publisher":"http:\/\/www.facebook.com\/seccoilgas\/","article_modified_time":"2025-05-13T08:32:54+00:00","og_image":[{"width":2000,"height":502,"url":"https:\/\/secc-oilandgas.com\/wp-content\/uploads\/2015\/07\/HMHB-Banner.jpg","type":"image\/jpeg"}],"twitter_card":"summary_large_image","twitter_site":"@seccoilandgas","twitter_misc":{"Est. reading time":"2 minutes"},"schema":{"@context":"https:\/\/schema.org","@graph":[{"@type":"WebPage","@id":"https:\/\/secc-oilandgas.com\/es\/ingenieria\/","url":"https:\/\/secc-oilandgas.com\/es\/ingenieria\/","name":"Ingenier\u00eda &#8226; Secc Oil &amp; Gas Ltd","isPartOf":{"@id":"https:\/\/secc-oilandgas.com\/es\/#website"},"primaryImageOfPage":{"@id":"https:\/\/secc-oilandgas.com\/es\/ingenieria\/#primaryimage"},"image":{"@id":"https:\/\/secc-oilandgas.com\/es\/ingenieria\/#primaryimage"},"thumbnailUrl":"https:\/\/secc-oilandgas.com\/wp-content\/uploads\/2015\/07\/HMHB-Banner.jpg","datePublished":"2024-03-06T11:12:52+00:00","dateModified":"2025-05-13T08:32:54+00:00","description":"Secc es el fabricante l\u00edder de acoplamientos y conectores para la industria energ\u00e9tica. El equipo de ingenier\u00eda de Secc mantiene un trabajo continuo de actividades de investigaci\u00f3n y Desarrollo (I+D), llevando nuestros productos a sus l\u00edmites","breadcrumb":{"@id":"https:\/\/secc-oilandgas.com\/es\/ingenieria\/#breadcrumb"},"inLanguage":"es","potentialAction":[{"@type":"ReadAction","target":["https:\/\/secc-oilandgas.com\/es\/ingenieria\/"]}]},{"@type":"ImageObject","inLanguage":"es","@id":"https:\/\/secc-oilandgas.com\/es\/ingenieria\/#primaryimage","url":"https:\/\/secc-oilandgas.com\/wp-content\/uploads\/2015\/07\/HMHB-Banner.jpg","contentUrl":"https:\/\/secc-oilandgas.com\/wp-content\/uploads\/2015\/07\/HMHB-Banner.jpg","width":2000,"height":502},{"@type":"BreadcrumbList","@id":"https:\/\/secc-oilandgas.com\/es\/ingenieria\/#breadcrumb","itemListElement":[{"@type":"ListItem","position":1,"name":"Home","item":"https:\/\/secc-oilandgas.com\/es\/"},{"@type":"ListItem","position":2,"name":"Ingenier\u00eda"}]},{"@type":"WebSite","@id":"https:\/\/secc-oilandgas.com\/es\/#website","url":"https:\/\/secc-oilandgas.com\/es\/","name":"Secc Oil &amp; Gas Ltd","description":"","publisher":{"@id":"https:\/\/secc-oilandgas.com\/es\/#organization"},"potentialAction":[{"@type":"SearchAction","target":{"@type":"EntryPoint","urlTemplate":"https:\/\/secc-oilandgas.com\/es\/?s={search_term_string}"},"query-input":{"@type":"PropertyValueSpecification","valueRequired":true,"valueName":"search_term_string"}}],"inLanguage":"es"},{"@type":"Organization","@id":"https:\/\/secc-oilandgas.com\/es\/#organization","name":"Secc Oil & Gas Ltd","url":"https:\/\/secc-oilandgas.com\/es\/","logo":{"@type":"ImageObject","inLanguage":"es","@id":"https:\/\/secc-oilandgas.com\/es\/#\/schema\/logo\/image\/","url":"https:\/\/secc-oilandgas.com\/wp-content\/uploads\/2018\/03\/SECC_logo_CMYK-grey-2018-JPEG-BORDER.jpg","contentUrl":"https:\/\/secc-oilandgas.com\/wp-content\/uploads\/2018\/03\/SECC_logo_CMYK-grey-2018-JPEG-BORDER.jpg","width":1735,"height":1108,"caption":"Secc Oil & Gas Ltd"},"image":{"@id":"https:\/\/secc-oilandgas.com\/es\/#\/schema\/logo\/image\/"},"sameAs":["http:\/\/www.facebook.com\/seccoilgas\/","https:\/\/x.com\/seccoilandgas","https:\/\/www.linkedin.com\/company\/secc-oilandgas\/"]}]}},"uagb_featured_image_src":{"full":["https:\/\/secc-oilandgas.com\/wp-content\/uploads\/2015\/07\/HMHB-Banner.jpg",2000,502,false],"thumbnail":["https:\/\/secc-oilandgas.com\/wp-content\/uploads\/2015\/07\/HMHB-Banner-150x150.jpg",150,150,true],"medium":["https:\/\/secc-oilandgas.com\/wp-content\/uploads\/2015\/07\/HMHB-Banner-300x75.jpg",300,75,true],"medium_large":["https:\/\/secc-oilandgas.com\/wp-content\/uploads\/2015\/07\/HMHB-Banner.jpg",670,168,false],"large":["https:\/\/secc-oilandgas.com\/wp-content\/uploads\/2015\/07\/HMHB-Banner-1024x257.jpg",670,168,true],"1536x1536":["https:\/\/secc-oilandgas.com\/wp-content\/uploads\/2015\/07\/HMHB-Banner.jpg",1536,386,false],"2048x2048":["https:\/\/secc-oilandgas.com\/wp-content\/uploads\/2015\/07\/HMHB-Banner.jpg",2000,502,false],"post-thumbnail":["https:\/\/secc-oilandgas.com\/wp-content\/uploads\/2015\/07\/HMHB-Banner-1500x500.jpg",1500,500,true],"gallery-img":["https:\/\/secc-oilandgas.com\/wp-content\/uploads\/2015\/07\/HMHB-Banner-450x300.jpg",450,300,true]},"uagb_author_info":{"display_name":"Seb Atkinson","author_link":"https:\/\/secc-oilandgas.com\/es\/author\/sebatkinson\/"},"uagb_comment_info":0,"uagb_excerpt":"Secc es el fabricante l\u00edder de acoplamientos y conectores para la industria energ\u00e9tica. El equipo de ingenier\u00eda de Secc mantiene un trabajo continuo de actividades","_links":{"self":[{"href":"https:\/\/secc-oilandgas.com\/es\/wp-json\/wp\/v2\/pages\/3527","targetHints":{"allow":["GET"]}}],"collection":[{"href":"https:\/\/secc-oilandgas.com\/es\/wp-json\/wp\/v2\/pages"}],"about":[{"href":"https:\/\/secc-oilandgas.com\/es\/wp-json\/wp\/v2\/types\/page"}],"author":[{"embeddable":true,"href":"https:\/\/secc-oilandgas.com\/es\/wp-json\/wp\/v2\/users\/9"}],"replies":[{"embeddable":true,"href":"https:\/\/secc-oilandgas.com\/es\/wp-json\/wp\/v2\/comments?post=3527"}],"version-history":[{"count":2,"href":"https:\/\/secc-oilandgas.com\/es\/wp-json\/wp\/v2\/pages\/3527\/revisions"}],"predecessor-version":[{"id":3576,"href":"https:\/\/secc-oilandgas.com\/es\/wp-json\/wp\/v2\/pages\/3527\/revisions\/3576"}],"wp:featuredmedia":[{"embeddable":true,"href":"https:\/\/secc-oilandgas.com\/es\/wp-json\/wp\/v2\/media\/2236"}],"wp:attachment":[{"href":"https:\/\/secc-oilandgas.com\/es\/wp-json\/wp\/v2\/media?parent=3527"}],"curies":[{"name":"wp","href":"https:\/\/api.w.org\/{rel}","templated":true}]}}