{"id":3529,"date":"2015-07-24T11:22:47","date_gmt":"2015-07-24T10:22:47","guid":{"rendered":"https:\/\/secc-oilandgas.com\/?page_id=3529"},"modified":"2025-05-13T10:11:59","modified_gmt":"2025-05-13T09:11:59","slug":"contacto","status":"publish","type":"page","link":"https:\/\/secc-oilandgas.com\/es\/contacto\/","title":{"rendered":"Contacto"},"content":{"rendered":"<p>Si desea obtener m\u00e1s informaci\u00f3n sobre nuestros productos y servicios, comun\u00edquese con nuestro equipo:<\/p>\n<p><span style=\"color: #cc4c3a;\">TEL\u00c9FONO<\/span><br \/>\n+44 (0)1606 338745<\/p>\n<p><span style=\"color: #cc4c3a;\">EMAIL<\/span><br \/>\nsales@secc-oilandgas.com<\/p>\n<p><span style=\"color: #cc4c3a;\">DIRECCI\u00d3N<\/span><\/p>\n<p>Unit 10<br \/>\nHartford Business Centre<br \/>\nHartford<br \/>\nNorthwich<br \/>\nCheshire<br \/>\nCW8 2AB<\/p>\n<p>Reino Unido<\/p>\n<p><span style=\"color: #cc4c3a;\">REGISTRADO EN INGLATERRA<\/span><br \/>\nCompany Number: 5899364<br \/>\nVAT Number: GB 168 0064 15<\/p>\n<p><em>Secc es una marca commercial registrada en EE. UU. de Self Energising Coupling Company Limited \u2013 US 5,943,195<\/em><\/p>\n","protected":false},"excerpt":{"rendered":"<p>Si desea obtener m\u00e1s informaci\u00f3n sobre nuestros productos y servicios, comun\u00edquese con nuestro equipo: TEL\u00c9FONO +44 (0)1606 338745 EMAIL sales@secc-oilandgas.com DIRECCI\u00d3N Unit 10 Hartford Business <\/p>\n<a href=\"https:\/\/secc-oilandgas.com\/es\/contacto\/\" class=\"readmore\">Read More<\/a>","protected":false},"author":9,"featured_media":0,"parent":0,"menu_order":5,"comment_status":"closed","ping_status":"closed","template":"templates\/tpl-contact.php","meta":{"_acf_changed":false,"inline_featured_image":false,"_uag_custom_page_level_css":"","footnotes":""},"class_list":["post-3529","page","type-page","status-publish","hentry"],"acf":[],"yoast_head":"<!-- This site is optimized with the Yoast SEO plugin v26.0 - https:\/\/yoast.com\/wordpress\/plugins\/seo\/ -->\n<title>Contacto &#8226; Secc Oil &amp; Gas Ltd<\/title>\n<meta name=\"description\" content=\"Si desea obtener m\u00e1s informaci\u00f3n sobre nuestros productos y servicios, comun\u00edquese con nuestro equipo:\" \/>\n<meta name=\"robots\" content=\"index, follow, max-snippet:-1, max-image-preview:large, max-video-preview:-1\" \/>\n<link rel=\"canonical\" href=\"https:\/\/secc-oilandgas.com\/es\/contacto\/\" \/>\n<meta property=\"og:locale\" content=\"es_ES\" \/>\n<meta property=\"og:type\" content=\"article\" \/>\n<meta property=\"og:title\" content=\"Contacto &#8226; Secc Oil &amp; Gas Ltd\" \/>\n<meta property=\"og:description\" content=\"Si desea obtener m\u00e1s informaci\u00f3n sobre nuestros productos y servicios, comun\u00edquese con nuestro equipo:\" \/>\n<meta property=\"og:url\" content=\"https:\/\/secc-oilandgas.com\/es\/contacto\/\" \/>\n<meta property=\"og:site_name\" content=\"Secc Oil &amp; Gas Ltd\" \/>\n<meta property=\"article:publisher\" content=\"http:\/\/www.facebook.com\/seccoilgas\/\" \/>\n<meta property=\"article:modified_time\" content=\"2025-05-13T09:11:59+00:00\" \/>\n<meta name=\"twitter:card\" content=\"summary_large_image\" \/>\n<meta name=\"twitter:site\" content=\"@seccoilandgas\" \/>\n<meta name=\"twitter:label1\" content=\"Est. reading time\" \/>\n\t<meta name=\"twitter:data1\" content=\"1 minute\" \/>\n<script type=\"application\/ld+json\" class=\"yoast-schema-graph\">{\"@context\":\"https:\/\/schema.org\",\"@graph\":[{\"@type\":\"WebPage\",\"@id\":\"https:\/\/secc-oilandgas.com\/es\/contacto\/\",\"url\":\"https:\/\/secc-oilandgas.com\/es\/contacto\/\",\"name\":\"Contacto &#8226; Secc Oil &amp; Gas Ltd\",\"isPartOf\":{\"@id\":\"https:\/\/secc-oilandgas.com\/es\/#website\"},\"datePublished\":\"2015-07-24T10:22:47+00:00\",\"dateModified\":\"2025-05-13T09:11:59+00:00\",\"description\":\"Si desea obtener m\u00e1s informaci\u00f3n sobre nuestros productos y servicios, comun\u00edquese con nuestro equipo:\",\"breadcrumb\":{\"@id\":\"https:\/\/secc-oilandgas.com\/es\/contacto\/#breadcrumb\"},\"inLanguage\":\"es\",\"potentialAction\":[{\"@type\":\"ReadAction\",\"target\":[\"https:\/\/secc-oilandgas.com\/es\/contacto\/\"]}]},{\"@type\":\"BreadcrumbList\",\"@id\":\"https:\/\/secc-oilandgas.com\/es\/contacto\/#breadcrumb\",\"itemListElement\":[{\"@type\":\"ListItem\",\"position\":1,\"name\":\"Home\",\"item\":\"https:\/\/secc-oilandgas.com\/es\/\"},{\"@type\":\"ListItem\",\"position\":2,\"name\":\"Contacto\"}]},{\"@type\":\"WebSite\",\"@id\":\"https:\/\/secc-oilandgas.com\/es\/#website\",\"url\":\"https:\/\/secc-oilandgas.com\/es\/\",\"name\":\"Secc Oil &amp; Gas Ltd\",\"description\":\"\",\"publisher\":{\"@id\":\"https:\/\/secc-oilandgas.com\/es\/#organization\"},\"potentialAction\":[{\"@type\":\"SearchAction\",\"target\":{\"@type\":\"EntryPoint\",\"urlTemplate\":\"https:\/\/secc-oilandgas.com\/es\/?s={search_term_string}\"},\"query-input\":{\"@type\":\"PropertyValueSpecification\",\"valueRequired\":true,\"valueName\":\"search_term_string\"}}],\"inLanguage\":\"es\"},{\"@type\":\"Organization\",\"@id\":\"https:\/\/secc-oilandgas.com\/es\/#organization\",\"name\":\"Secc Oil & Gas Ltd\",\"url\":\"https:\/\/secc-oilandgas.com\/es\/\",\"logo\":{\"@type\":\"ImageObject\",\"inLanguage\":\"es\",\"@id\":\"https:\/\/secc-oilandgas.com\/es\/#\/schema\/logo\/image\/\",\"url\":\"https:\/\/secc-oilandgas.com\/wp-content\/uploads\/2018\/03\/SECC_logo_CMYK-grey-2018-JPEG-BORDER.jpg\",\"contentUrl\":\"https:\/\/secc-oilandgas.com\/wp-content\/uploads\/2018\/03\/SECC_logo_CMYK-grey-2018-JPEG-BORDER.jpg\",\"width\":1735,\"height\":1108,\"caption\":\"Secc Oil & Gas Ltd\"},\"image\":{\"@id\":\"https:\/\/secc-oilandgas.com\/es\/#\/schema\/logo\/image\/\"},\"sameAs\":[\"http:\/\/www.facebook.com\/seccoilgas\/\",\"https:\/\/x.com\/seccoilandgas\",\"https:\/\/www.linkedin.com\/company\/secc-oilandgas\/\"]}]}<\/script>\n<!-- \/ Yoast SEO plugin. -->","yoast_head_json":{"title":"Contacto &#8226; Secc Oil &amp; Gas Ltd","description":"Si desea obtener m\u00e1s informaci\u00f3n sobre nuestros productos y servicios, comun\u00edquese con nuestro equipo:","robots":{"index":"index","follow":"follow","max-snippet":"max-snippet:-1","max-image-preview":"max-image-preview:large","max-video-preview":"max-video-preview:-1"},"canonical":"https:\/\/secc-oilandgas.com\/es\/contacto\/","og_locale":"es_ES","og_type":"article","og_title":"Contacto &#8226; Secc Oil &amp; Gas Ltd","og_description":"Si desea obtener m\u00e1s informaci\u00f3n sobre nuestros productos y servicios, comun\u00edquese con nuestro equipo:","og_url":"https:\/\/secc-oilandgas.com\/es\/contacto\/","og_site_name":"Secc Oil &amp; Gas Ltd","article_publisher":"http:\/\/www.facebook.com\/seccoilgas\/","article_modified_time":"2025-05-13T09:11:59+00:00","twitter_card":"summary_large_image","twitter_site":"@seccoilandgas","twitter_misc":{"Est. reading time":"1 minute"},"schema":{"@context":"https:\/\/schema.org","@graph":[{"@type":"WebPage","@id":"https:\/\/secc-oilandgas.com\/es\/contacto\/","url":"https:\/\/secc-oilandgas.com\/es\/contacto\/","name":"Contacto &#8226; Secc Oil &amp; Gas Ltd","isPartOf":{"@id":"https:\/\/secc-oilandgas.com\/es\/#website"},"datePublished":"2015-07-24T10:22:47+00:00","dateModified":"2025-05-13T09:11:59+00:00","description":"Si desea obtener m\u00e1s informaci\u00f3n sobre nuestros productos y servicios, comun\u00edquese con nuestro equipo:","breadcrumb":{"@id":"https:\/\/secc-oilandgas.com\/es\/contacto\/#breadcrumb"},"inLanguage":"es","potentialAction":[{"@type":"ReadAction","target":["https:\/\/secc-oilandgas.com\/es\/contacto\/"]}]},{"@type":"BreadcrumbList","@id":"https:\/\/secc-oilandgas.com\/es\/contacto\/#breadcrumb","itemListElement":[{"@type":"ListItem","position":1,"name":"Home","item":"https:\/\/secc-oilandgas.com\/es\/"},{"@type":"ListItem","position":2,"name":"Contacto"}]},{"@type":"WebSite","@id":"https:\/\/secc-oilandgas.com\/es\/#website","url":"https:\/\/secc-oilandgas.com\/es\/","name":"Secc Oil &amp; Gas Ltd","description":"","publisher":{"@id":"https:\/\/secc-oilandgas.com\/es\/#organization"},"potentialAction":[{"@type":"SearchAction","target":{"@type":"EntryPoint","urlTemplate":"https:\/\/secc-oilandgas.com\/es\/?s={search_term_string}"},"query-input":{"@type":"PropertyValueSpecification","valueRequired":true,"valueName":"search_term_string"}}],"inLanguage":"es"},{"@type":"Organization","@id":"https:\/\/secc-oilandgas.com\/es\/#organization","name":"Secc Oil & Gas Ltd","url":"https:\/\/secc-oilandgas.com\/es\/","logo":{"@type":"ImageObject","inLanguage":"es","@id":"https:\/\/secc-oilandgas.com\/es\/#\/schema\/logo\/image\/","url":"https:\/\/secc-oilandgas.com\/wp-content\/uploads\/2018\/03\/SECC_logo_CMYK-grey-2018-JPEG-BORDER.jpg","contentUrl":"https:\/\/secc-oilandgas.com\/wp-content\/uploads\/2018\/03\/SECC_logo_CMYK-grey-2018-JPEG-BORDER.jpg","width":1735,"height":1108,"caption":"Secc Oil & Gas Ltd"},"image":{"@id":"https:\/\/secc-oilandgas.com\/es\/#\/schema\/logo\/image\/"},"sameAs":["http:\/\/www.facebook.com\/seccoilgas\/","https:\/\/x.com\/seccoilandgas","https:\/\/www.linkedin.com\/company\/secc-oilandgas\/"]}]}},"uagb_featured_image_src":{"full":false,"thumbnail":false,"medium":false,"medium_large":false,"large":false,"1536x1536":false,"2048x2048":false,"post-thumbnail":false,"gallery-img":false},"uagb_author_info":{"display_name":"Seb Atkinson","author_link":"https:\/\/secc-oilandgas.com\/es\/author\/sebatkinson\/"},"uagb_comment_info":0,"uagb_excerpt":"Si desea obtener m\u00e1s informaci\u00f3n sobre nuestros productos y servicios, comun\u00edquese con nuestro equipo: TEL\u00c9FONO +44 (0)1606 338745 EMAIL sales@secc-oilandgas.com DIRECCI\u00d3N Unit 10 Hartford Business","_links":{"self":[{"href":"https:\/\/secc-oilandgas.com\/es\/wp-json\/wp\/v2\/pages\/3529","targetHints":{"allow":["GET"]}}],"collection":[{"href":"https:\/\/secc-oilandgas.com\/es\/wp-json\/wp\/v2\/pages"}],"about":[{"href":"https:\/\/secc-oilandgas.com\/es\/wp-json\/wp\/v2\/types\/page"}],"author":[{"embeddable":true,"href":"https:\/\/secc-oilandgas.com\/es\/wp-json\/wp\/v2\/users\/9"}],"replies":[{"embeddable":true,"href":"https:\/\/secc-oilandgas.com\/es\/wp-json\/wp\/v2\/comments?post=3529"}],"version-history":[{"count":3,"href":"https:\/\/secc-oilandgas.com\/es\/wp-json\/wp\/v2\/pages\/3529\/revisions"}],"predecessor-version":[{"id":3565,"href":"https:\/\/secc-oilandgas.com\/es\/wp-json\/wp\/v2\/pages\/3529\/revisions\/3565"}],"wp:attachment":[{"href":"https:\/\/secc-oilandgas.com\/es\/wp-json\/wp\/v2\/media?parent=3529"}],"curies":[{"name":"wp","href":"https:\/\/api.w.org\/{rel}","templated":true}]}}