{"id":3567,"date":"2024-02-29T15:55:54","date_gmt":"2024-02-29T15:55:54","guid":{"rendered":"https:\/\/secc-oilandgas.com\/?page_id=3567"},"modified":"2025-05-13T09:56:55","modified_gmt":"2025-05-13T08:56:55","slug":"sistemas-giratorios-de-torreta-y-cardan","status":"publish","type":"page","link":"https:\/\/secc-oilandgas.com\/es\/productos-servicios\/sistemas-giratorios-de-torreta-y-cardan\/","title":{"rendered":"Sistemas giratorios\u00a0 de torreta y card\u00e1n de Secc"},"content":{"rendered":"\n<p>Los sistemas giratorios de torreta y card\u00e1n de Secc est\u00e1n dise\u00f1ados para proporcionar a los operadores una mayor flexibilidad y rango de movimiento alrededor de conexiones fijas, eliminando la necesidad de juntas flexibles no met\u00e1licas. Este dise\u00f1o avanzado permite un mayor margen de maniobra, lo que facilita a los operadores manipular las mangueras de manera m\u00e1s eficiente sin causar fatiga o da\u00f1os al equipo, todo dentro de los l\u00edmites operativos establecidos.&nbsp;<\/p>\n\n\n\n<p>Los sistemas est\u00e1n cuidadosamente calibrados para ofrecer grados de libertad de movimiento predeterminados, adaptados a los requisitos espec\u00edficos de las mangueras, las cargas asociadas, los puntos de referencia y las condiciones operativas.<\/p>\n\n\n\n<p>Cuando se integran con el acoplamiento de tecnolog\u00eda de Secc tipo Hot Make Hot Break (HMHB) de conexi\u00f3n y desconexi\u00f3n,y  que cuenta con desconexi\u00f3n r\u00e1pida de emergencia (EQD), estos sistemas forman la soluci\u00f3n definitiva de desconexi\u00f3n r\u00e1pida de emergencia. Esta integraci\u00f3n garantiza una desconexi\u00f3n sin problemas, protegiendo el equipo y al personal mientras se minimizan las interrupciones operativas.<\/p>\n\n\n\n<p>Los beneficios combinados de los sistemas de torreta giratoria y card\u00e1n, junto con la tecnolog\u00eda desconexi\u00f3n r\u00e1pida de emergencia, ofrecen ventajas significativas: prevenir da\u00f1os a componentes cr\u00edticos, ampliar el alcance operativo y reducir los riesgos ambientales mediante un control y una fiabilidad mejorados.<\/p>\n\n\n\n<p>A estos sistemas de card\u00e1n y torreta giratoria se les puede integrar interruptores de proximidad y v\u00e1lvulas de control direccional (DCV) para monitorear el estado de los acoplamientos e iniciar lo sistemas de anulaci\u00f3n que hayan sido incorporados.<\/p>\n\n\n\n<p>Con m\u00e1s de 20 a\u00f1os de experencia demostrada, los sistemas de torreta giroatoria y de card\u00e1n de Secc han establecido un est\u00e1ndar de durabilidad y eficiencia en entornos operativos exigentes. Su dise\u00f1o robusto y de fiabilidad comprobada en campo contin\u00faan apoyando una amplia gama de aplicaciones de intervenci\u00f3 submarina, garantizando operaciones seguras y eficientes en todo el mundo.<\/p>\n\n\n\n<p><strong>Caracter\u00edsticas sistemas giratorios&nbsp; de torreta y card\u00e1n<\/strong><\/p>\n\n\n\n<ul class=\"wp-block-list\">\n<li>Movimiento en ejes m\u00faltiples<\/li>\n\n\n\n<li>Paso completoa trav\u00e9s del sistema<\/li>\n\n\n\n<li>Dise\u00f1o personalizado o est\u00e1ndar<\/li>\n\n\n\n<li>Tecnolog\u00eda probada<\/li>\n\n\n\n<li>Protecci\u00f3n en tr\u00e1nsito, operado manualmente o por ROV<\/li>\n\n\n\n<li>Indicador de posici\u00f3n<\/li>\n\n\n\n<li>Sensores e interruptores\u00a0 de proximidad<\/li>\n\n\n\n<li>Servicio y repuestos<\/li>\n<\/ul>\n\n\n\n<p>Consulte las hojas de datos t\u00e9cnicos para obtener informaci\u00f3n detallada sobre nuestros sistemas de torreta giratoria y card\u00e1n.<\/p>\n\n\n\n<p><strong>Aplicaciones de los sistemas giratorios&nbsp; de torreta y card\u00e1n<\/strong><\/p>\n\n\n\n<ul class=\"wp-block-list\">\n<li>Sistemas de carga por proa (BLS)<\/li>\n\n\n\n<li>Carga\/transferencia en muelles<\/li>\n\n\n\n<li>Carga\/transferencia en muelles de atraque<\/li>\n\n\n\n<li>Carga\/transferencia en plataformas<\/li>\n\n\n\n<li>Intervenci\u00f3nes submarinas<\/li>\n\n\n\n<li>Colectores submarinos<\/li>\n\n\n\n<li>Colector de extremo de tuber\u00eda submarina (PLEM)<\/li>\n\n\n\n<li>Terminaci\u00f3n de extremo de tuber\u00eda submarina (PLET)<\/li>\n\n\n\n<li>Herramientas submarinas<\/li>\n\n\n\n<li>Desmantelamientos submarinos<\/li>\n\n\n\n<li>Mantenimiento y estimulaci\u00f3n de pozos submarinos<\/li>\n\n\n\n<li>Precomisionado y comisionado de tuber\u00edas submarinas<\/li>\n<\/ul>\n","protected":false},"excerpt":{"rendered":"<p>Los sistemas giratorios de torreta y card\u00e1n de Secc est\u00e1n dise\u00f1ados para proporcionar a los operadores una mayor flexibilidad y rango de movimiento alrededor de <\/p>\n<a href=\"https:\/\/secc-oilandgas.com\/es\/productos-servicios\/sistemas-giratorios-de-torreta-y-cardan\/\" class=\"readmore\">Read More<\/a>","protected":false},"author":9,"featured_media":2838,"parent":3088,"menu_order":0,"comment_status":"closed","ping_status":"closed","template":"templates\/tpl-products_info.php","meta":{"_acf_changed":false,"inline_featured_image":false,"_uag_custom_page_level_css":"","footnotes":""},"class_list":["post-3567","page","type-page","status-publish","has-post-thumbnail","hentry"],"acf":[],"yoast_head":"<!-- This site is optimized with the Yoast SEO plugin v26.0 - https:\/\/yoast.com\/wordpress\/plugins\/seo\/ -->\n<title>Sistemas giratorios\u00a0 de torreta y card\u00e1n de Secc &#8226; Secc Oil &amp; Gas Ltd<\/title>\n<meta name=\"description\" content=\"Los sistemas giratorios de torreta y card\u00e1n de Secc est\u00e1n dise\u00f1ados para proporcionar a los operadores una mayor flexibilidad y rango de movimiento alrededor de conexiones fijas, eliminando la necesidad de juntas flexibles no met\u00e1licas.\" \/>\n<meta name=\"robots\" content=\"index, follow, max-snippet:-1, max-image-preview:large, max-video-preview:-1\" \/>\n<link rel=\"canonical\" href=\"https:\/\/secc-oilandgas.com\/es\/productos-servicios\/sistemas-giratorios-de-torreta-y-cardan\/\" \/>\n<meta property=\"og:locale\" content=\"es_ES\" \/>\n<meta property=\"og:type\" content=\"article\" \/>\n<meta property=\"og:title\" content=\"Sistemas giratorios\u00a0 de torreta y card\u00e1n de Secc &#8226; Secc Oil &amp; Gas Ltd\" \/>\n<meta property=\"og:description\" content=\"Los sistemas giratorios de torreta y card\u00e1n de Secc est\u00e1n dise\u00f1ados para proporcionar a los operadores una mayor flexibilidad y rango de movimiento alrededor de conexiones fijas, eliminando la necesidad de juntas flexibles no met\u00e1licas.\" \/>\n<meta property=\"og:url\" content=\"https:\/\/secc-oilandgas.com\/es\/productos-servicios\/sistemas-giratorios-de-torreta-y-cardan\/\" \/>\n<meta property=\"og:site_name\" content=\"Secc Oil &amp; Gas Ltd\" \/>\n<meta property=\"article:publisher\" content=\"http:\/\/www.facebook.com\/seccoilgas\/\" \/>\n<meta property=\"article:modified_time\" content=\"2025-05-13T08:56:55+00:00\" \/>\n<meta property=\"og:image\" content=\"https:\/\/secc-oilandgas.com\/wp-content\/uploads\/2024\/11\/Picture3.png\" \/>\n\t<meta property=\"og:image:width\" content=\"3396\" \/>\n\t<meta property=\"og:image:height\" content=\"1229\" \/>\n\t<meta property=\"og:image:type\" content=\"image\/png\" \/>\n<meta name=\"twitter:card\" content=\"summary_large_image\" \/>\n<meta name=\"twitter:site\" content=\"@seccoilandgas\" \/>\n<meta name=\"twitter:label1\" content=\"Est. reading time\" \/>\n\t<meta name=\"twitter:data1\" content=\"3 minutes\" \/>\n<script type=\"application\/ld+json\" class=\"yoast-schema-graph\">{\"@context\":\"https:\/\/schema.org\",\"@graph\":[{\"@type\":\"WebPage\",\"@id\":\"https:\/\/secc-oilandgas.com\/es\/productos-servicios\/sistemas-giratorios-de-torreta-y-cardan\/\",\"url\":\"https:\/\/secc-oilandgas.com\/es\/productos-servicios\/sistemas-giratorios-de-torreta-y-cardan\/\",\"name\":\"Sistemas giratorios\u00a0 de torreta y card\u00e1n de Secc &#8226; Secc Oil &amp; Gas Ltd\",\"isPartOf\":{\"@id\":\"https:\/\/secc-oilandgas.com\/es\/#website\"},\"primaryImageOfPage\":{\"@id\":\"https:\/\/secc-oilandgas.com\/es\/productos-servicios\/sistemas-giratorios-de-torreta-y-cardan\/#primaryimage\"},\"image\":{\"@id\":\"https:\/\/secc-oilandgas.com\/es\/productos-servicios\/sistemas-giratorios-de-torreta-y-cardan\/#primaryimage\"},\"thumbnailUrl\":\"https:\/\/secc-oilandgas.com\/wp-content\/uploads\/2024\/11\/Picture3.png\",\"datePublished\":\"2024-02-29T15:55:54+00:00\",\"dateModified\":\"2025-05-13T08:56:55+00:00\",\"description\":\"Los sistemas giratorios de torreta y card\u00e1n de Secc est\u00e1n dise\u00f1ados para proporcionar a los operadores una mayor flexibilidad y rango de movimiento alrededor de conexiones fijas, eliminando la necesidad de juntas flexibles no met\u00e1licas.\",\"breadcrumb\":{\"@id\":\"https:\/\/secc-oilandgas.com\/es\/productos-servicios\/sistemas-giratorios-de-torreta-y-cardan\/#breadcrumb\"},\"inLanguage\":\"es\",\"potentialAction\":[{\"@type\":\"ReadAction\",\"target\":[\"https:\/\/secc-oilandgas.com\/es\/productos-servicios\/sistemas-giratorios-de-torreta-y-cardan\/\"]}]},{\"@type\":\"ImageObject\",\"inLanguage\":\"es\",\"@id\":\"https:\/\/secc-oilandgas.com\/es\/productos-servicios\/sistemas-giratorios-de-torreta-y-cardan\/#primaryimage\",\"url\":\"https:\/\/secc-oilandgas.com\/wp-content\/uploads\/2024\/11\/Picture3.png\",\"contentUrl\":\"https:\/\/secc-oilandgas.com\/wp-content\/uploads\/2024\/11\/Picture3.png\",\"width\":3396,\"height\":1229},{\"@type\":\"BreadcrumbList\",\"@id\":\"https:\/\/secc-oilandgas.com\/es\/productos-servicios\/sistemas-giratorios-de-torreta-y-cardan\/#breadcrumb\",\"itemListElement\":[{\"@type\":\"ListItem\",\"position\":1,\"name\":\"Home\",\"item\":\"https:\/\/secc-oilandgas.com\/es\/\"},{\"@type\":\"ListItem\",\"position\":2,\"name\":\"Productos y Servicios\",\"item\":\"https:\/\/secc-oilandgas.com\/es\/productos-servicios\/\"},{\"@type\":\"ListItem\",\"position\":3,\"name\":\"Sistemas giratorios\u00a0 de torreta y card\u00e1n de Secc\"}]},{\"@type\":\"WebSite\",\"@id\":\"https:\/\/secc-oilandgas.com\/es\/#website\",\"url\":\"https:\/\/secc-oilandgas.com\/es\/\",\"name\":\"Secc Oil &amp; Gas Ltd\",\"description\":\"\",\"publisher\":{\"@id\":\"https:\/\/secc-oilandgas.com\/es\/#organization\"},\"potentialAction\":[{\"@type\":\"SearchAction\",\"target\":{\"@type\":\"EntryPoint\",\"urlTemplate\":\"https:\/\/secc-oilandgas.com\/es\/?s={search_term_string}\"},\"query-input\":{\"@type\":\"PropertyValueSpecification\",\"valueRequired\":true,\"valueName\":\"search_term_string\"}}],\"inLanguage\":\"es\"},{\"@type\":\"Organization\",\"@id\":\"https:\/\/secc-oilandgas.com\/es\/#organization\",\"name\":\"Secc Oil & Gas Ltd\",\"url\":\"https:\/\/secc-oilandgas.com\/es\/\",\"logo\":{\"@type\":\"ImageObject\",\"inLanguage\":\"es\",\"@id\":\"https:\/\/secc-oilandgas.com\/es\/#\/schema\/logo\/image\/\",\"url\":\"https:\/\/secc-oilandgas.com\/wp-content\/uploads\/2018\/03\/SECC_logo_CMYK-grey-2018-JPEG-BORDER.jpg\",\"contentUrl\":\"https:\/\/secc-oilandgas.com\/wp-content\/uploads\/2018\/03\/SECC_logo_CMYK-grey-2018-JPEG-BORDER.jpg\",\"width\":1735,\"height\":1108,\"caption\":\"Secc Oil & Gas Ltd\"},\"image\":{\"@id\":\"https:\/\/secc-oilandgas.com\/es\/#\/schema\/logo\/image\/\"},\"sameAs\":[\"http:\/\/www.facebook.com\/seccoilgas\/\",\"https:\/\/x.com\/seccoilandgas\",\"https:\/\/www.linkedin.com\/company\/secc-oilandgas\/\"]}]}<\/script>\n<!-- \/ Yoast SEO plugin. -->","yoast_head_json":{"title":"Sistemas giratorios\u00a0 de torreta y card\u00e1n de Secc &#8226; Secc Oil &amp; Gas Ltd","description":"Los sistemas giratorios de torreta y card\u00e1n de Secc est\u00e1n dise\u00f1ados para proporcionar a los operadores una mayor flexibilidad y rango de movimiento alrededor de conexiones fijas, eliminando la necesidad de juntas flexibles no met\u00e1licas.","robots":{"index":"index","follow":"follow","max-snippet":"max-snippet:-1","max-image-preview":"max-image-preview:large","max-video-preview":"max-video-preview:-1"},"canonical":"https:\/\/secc-oilandgas.com\/es\/productos-servicios\/sistemas-giratorios-de-torreta-y-cardan\/","og_locale":"es_ES","og_type":"article","og_title":"Sistemas giratorios\u00a0 de torreta y card\u00e1n de Secc &#8226; Secc Oil &amp; Gas Ltd","og_description":"Los sistemas giratorios de torreta y card\u00e1n de Secc est\u00e1n dise\u00f1ados para proporcionar a los operadores una mayor flexibilidad y rango de movimiento alrededor de conexiones fijas, eliminando la necesidad de juntas flexibles no met\u00e1licas.","og_url":"https:\/\/secc-oilandgas.com\/es\/productos-servicios\/sistemas-giratorios-de-torreta-y-cardan\/","og_site_name":"Secc Oil &amp; Gas Ltd","article_publisher":"http:\/\/www.facebook.com\/seccoilgas\/","article_modified_time":"2025-05-13T08:56:55+00:00","og_image":[{"width":3396,"height":1229,"url":"https:\/\/secc-oilandgas.com\/wp-content\/uploads\/2024\/11\/Picture3.png","type":"image\/png"}],"twitter_card":"summary_large_image","twitter_site":"@seccoilandgas","twitter_misc":{"Est. reading time":"3 minutes"},"schema":{"@context":"https:\/\/schema.org","@graph":[{"@type":"WebPage","@id":"https:\/\/secc-oilandgas.com\/es\/productos-servicios\/sistemas-giratorios-de-torreta-y-cardan\/","url":"https:\/\/secc-oilandgas.com\/es\/productos-servicios\/sistemas-giratorios-de-torreta-y-cardan\/","name":"Sistemas giratorios\u00a0 de torreta y card\u00e1n de Secc &#8226; Secc Oil &amp; Gas Ltd","isPartOf":{"@id":"https:\/\/secc-oilandgas.com\/es\/#website"},"primaryImageOfPage":{"@id":"https:\/\/secc-oilandgas.com\/es\/productos-servicios\/sistemas-giratorios-de-torreta-y-cardan\/#primaryimage"},"image":{"@id":"https:\/\/secc-oilandgas.com\/es\/productos-servicios\/sistemas-giratorios-de-torreta-y-cardan\/#primaryimage"},"thumbnailUrl":"https:\/\/secc-oilandgas.com\/wp-content\/uploads\/2024\/11\/Picture3.png","datePublished":"2024-02-29T15:55:54+00:00","dateModified":"2025-05-13T08:56:55+00:00","description":"Los sistemas giratorios de torreta y card\u00e1n de Secc est\u00e1n dise\u00f1ados para proporcionar a los operadores una mayor flexibilidad y rango de movimiento alrededor de conexiones fijas, eliminando la necesidad de juntas flexibles no met\u00e1licas.","breadcrumb":{"@id":"https:\/\/secc-oilandgas.com\/es\/productos-servicios\/sistemas-giratorios-de-torreta-y-cardan\/#breadcrumb"},"inLanguage":"es","potentialAction":[{"@type":"ReadAction","target":["https:\/\/secc-oilandgas.com\/es\/productos-servicios\/sistemas-giratorios-de-torreta-y-cardan\/"]}]},{"@type":"ImageObject","inLanguage":"es","@id":"https:\/\/secc-oilandgas.com\/es\/productos-servicios\/sistemas-giratorios-de-torreta-y-cardan\/#primaryimage","url":"https:\/\/secc-oilandgas.com\/wp-content\/uploads\/2024\/11\/Picture3.png","contentUrl":"https:\/\/secc-oilandgas.com\/wp-content\/uploads\/2024\/11\/Picture3.png","width":3396,"height":1229},{"@type":"BreadcrumbList","@id":"https:\/\/secc-oilandgas.com\/es\/productos-servicios\/sistemas-giratorios-de-torreta-y-cardan\/#breadcrumb","itemListElement":[{"@type":"ListItem","position":1,"name":"Home","item":"https:\/\/secc-oilandgas.com\/es\/"},{"@type":"ListItem","position":2,"name":"Productos y Servicios","item":"https:\/\/secc-oilandgas.com\/es\/productos-servicios\/"},{"@type":"ListItem","position":3,"name":"Sistemas giratorios\u00a0 de torreta y card\u00e1n de Secc"}]},{"@type":"WebSite","@id":"https:\/\/secc-oilandgas.com\/es\/#website","url":"https:\/\/secc-oilandgas.com\/es\/","name":"Secc Oil &amp; Gas Ltd","description":"","publisher":{"@id":"https:\/\/secc-oilandgas.com\/es\/#organization"},"potentialAction":[{"@type":"SearchAction","target":{"@type":"EntryPoint","urlTemplate":"https:\/\/secc-oilandgas.com\/es\/?s={search_term_string}"},"query-input":{"@type":"PropertyValueSpecification","valueRequired":true,"valueName":"search_term_string"}}],"inLanguage":"es"},{"@type":"Organization","@id":"https:\/\/secc-oilandgas.com\/es\/#organization","name":"Secc Oil & Gas Ltd","url":"https:\/\/secc-oilandgas.com\/es\/","logo":{"@type":"ImageObject","inLanguage":"es","@id":"https:\/\/secc-oilandgas.com\/es\/#\/schema\/logo\/image\/","url":"https:\/\/secc-oilandgas.com\/wp-content\/uploads\/2018\/03\/SECC_logo_CMYK-grey-2018-JPEG-BORDER.jpg","contentUrl":"https:\/\/secc-oilandgas.com\/wp-content\/uploads\/2018\/03\/SECC_logo_CMYK-grey-2018-JPEG-BORDER.jpg","width":1735,"height":1108,"caption":"Secc Oil & Gas Ltd"},"image":{"@id":"https:\/\/secc-oilandgas.com\/es\/#\/schema\/logo\/image\/"},"sameAs":["http:\/\/www.facebook.com\/seccoilgas\/","https:\/\/x.com\/seccoilandgas","https:\/\/www.linkedin.com\/company\/secc-oilandgas\/"]}]}},"uagb_featured_image_src":{"full":["https:\/\/secc-oilandgas.com\/wp-content\/uploads\/2024\/11\/Picture3.png",3396,1229,false],"thumbnail":["https:\/\/secc-oilandgas.com\/wp-content\/uploads\/2024\/11\/Picture3-150x150.png",150,150,true],"medium":["https:\/\/secc-oilandgas.com\/wp-content\/uploads\/2024\/11\/Picture3-300x109.png",300,109,true],"medium_large":["https:\/\/secc-oilandgas.com\/wp-content\/uploads\/2024\/11\/Picture3-768x278.png",670,243,true],"large":["https:\/\/secc-oilandgas.com\/wp-content\/uploads\/2024\/11\/Picture3-1024x371.png",670,243,true],"1536x1536":["https:\/\/secc-oilandgas.com\/wp-content\/uploads\/2024\/11\/Picture3-1536x556.png",1536,556,true],"2048x2048":["https:\/\/secc-oilandgas.com\/wp-content\/uploads\/2024\/11\/Picture3-2048x741.png",2048,741,true],"post-thumbnail":["https:\/\/secc-oilandgas.com\/wp-content\/uploads\/2024\/11\/Picture3-1500x500.png",1500,500,true],"gallery-img":["https:\/\/secc-oilandgas.com\/wp-content\/uploads\/2024\/11\/Picture3-450x300.png",450,300,true]},"uagb_author_info":{"display_name":"Seb Atkinson","author_link":"https:\/\/secc-oilandgas.com\/es\/author\/sebatkinson\/"},"uagb_comment_info":0,"uagb_excerpt":"Los sistemas giratorios de torreta y card\u00e1n de Secc est\u00e1n dise\u00f1ados para proporcionar a los operadores una mayor flexibilidad y rango de movimiento alrededor de","_links":{"self":[{"href":"https:\/\/secc-oilandgas.com\/es\/wp-json\/wp\/v2\/pages\/3567","targetHints":{"allow":["GET"]}}],"collection":[{"href":"https:\/\/secc-oilandgas.com\/es\/wp-json\/wp\/v2\/pages"}],"about":[{"href":"https:\/\/secc-oilandgas.com\/es\/wp-json\/wp\/v2\/types\/page"}],"author":[{"embeddable":true,"href":"https:\/\/secc-oilandgas.com\/es\/wp-json\/wp\/v2\/users\/9"}],"replies":[{"embeddable":true,"href":"https:\/\/secc-oilandgas.com\/es\/wp-json\/wp\/v2\/comments?post=3567"}],"version-history":[{"count":2,"href":"https:\/\/secc-oilandgas.com\/es\/wp-json\/wp\/v2\/pages\/3567\/revisions"}],"predecessor-version":[{"id":3584,"href":"https:\/\/secc-oilandgas.com\/es\/wp-json\/wp\/v2\/pages\/3567\/revisions\/3584"}],"up":[{"embeddable":true,"href":"https:\/\/secc-oilandgas.com\/es\/wp-json\/wp\/v2\/pages\/3088"}],"wp:featuredmedia":[{"embeddable":true,"href":"https:\/\/secc-oilandgas.com\/es\/wp-json\/wp\/v2\/media\/2838"}],"wp:attachment":[{"href":"https:\/\/secc-oilandgas.com\/es\/wp-json\/wp\/v2\/media?parent=3567"}],"curies":[{"name":"wp","href":"https:\/\/api.w.org\/{rel}","templated":true}]}}