{"id":3569,"date":"2024-08-20T12:14:57","date_gmt":"2024-08-20T11:14:57","guid":{"rendered":"https:\/\/secc-oilandgas.com\/?page_id=3569"},"modified":"2025-05-13T09:43:01","modified_gmt":"2025-05-13T08:43:01","slug":"alquiler-de-equipos-submarinos-y-marinos","status":"publish","type":"page","link":"https:\/\/secc-oilandgas.com\/es\/productos-servicios\/alquiler-de-equipos-submarinos-y-marinos\/","title":{"rendered":"Alquiler de equipos submarinos y mar\u00edtimos"},"content":{"rendered":"\n<p>Al planificar operaciones de transferencia de fluidos en alta mar y\/o submarinas, como campa\u00f1as de Intervenci\u00f3n Ligera en Pozos sin tubo ascendente (RLWI \u2013 por siglas en ingl\u00e9s), los acoplamientos de desconexi\u00f3n r\u00e1pida de emergencia (EQD) son cruciales para mantener operaciones seguras y proteger al personal y al medio ambiente.<\/p>\n\n\n\n<p>Secc ha construido una s\u00f3lida reputaci\u00f3n durante los \u00faltimos veinte a\u00f1os por ofrecer productos de acoplamientos de desconexi\u00f3n r\u00e1pida de emergencia (EQD) de calidad a las industrias mar\u00edtimas y submarinas. Secc tambi\u00e9n ha demostrado y sigue demostrando un compromiso inquebrantable con la seguridad, el medio ambiente y los est\u00e1ndares de fabricaci\u00f3n superiores.<\/p>\n\n\n\n<h2 class=\"wp-block-heading\">Proveedores de alquiler de equipos submarinos y mar\u00edtimo de confianza<\/h2>\n\n\n\n<p>Como proveedor l\u00edder en el mercado de acoplamientos de desconexi\u00f3n r\u00e1pida de emergencia EQD, Secc tiene una flota de estos equipos disponibles para su alquiler.<\/p>\n\n\n\n<p>Operaciones como perforaci\u00f3n, intervenci\u00f3n en pozos, abandono de pozos y desmantelamiento, transferencias de fluidos de barco a pozo, de pozo a barco y de barco a barco se benefician de tener el equipo de Secc listo y capaz de ser movilizado de inmediato.<\/p>\n\n\n\n<h2 class=\"wp-block-heading\">Nuestras capacidades de alquiler de equipos submarinos y mar\u00edtimos<\/h2>\n\n\n\n<p>En Secc, adoptamos un enfoque proactivo para trabajar con nuestros socios globales en la resoluci\u00f3n de desaf\u00edos de conexi\u00f3n y acoplamiento y en la mejora de la seguridad y el rendimiento de estos. Los equipos de alquiler de Secc proporcionan a los clientes la confianza y flexibilidad para proceder con sus operaciones seg\u00fan lo programado en poco tiempo, incluso si no tienen sus propios activos MLWL.<\/p>\n\n\n\n<p>La flota de acoplamientos de desconexi\u00f3n r\u00e1pida de emergencia&nbsp; Midline Weak Link (MLWL) de presi\u00f3n media y alta de Secc est\u00e1 completamente mantenida, probada y certificada adecuadamente. Los acoplamientos MLWL, adaptadores de conexi\u00f3n y repuestos est\u00e1n disponibles para alquiler a corto o largo plazo. Todo el equipo puede ser movilizado a nivel mundial en poco tiempo (sujeto a disponibilidad y ubicaci\u00f3n).<\/p>\n\n\n\n<p>El Midline Weak Link (MLWL) de Secc es un acoplamiento de desconexi\u00f3n r\u00e1pida de emergencia de paso completo, presi\u00f3n equilibrada y sin fugas. Disponible para alquiler (hasta 15,000 psi). Dise\u00f1ado para situarse entre dos mangueras flexibles y poder desconectarse en caso de emergencia. El MLWL est\u00e1 configurado para desconectarse a una carga de ruptura especificada por el cliente. Secc tiene en stock una gama de pasadores de tensi\u00f3n y tambi\u00e9n puede fabricar pasadores de tensi\u00f3n personalizados en poco tiempo.<\/p>\n\n\n\n<h2 class=\"wp-block-heading\">Explore los productos submarinos disponibles para su alquiler.<\/h2>\n\n\n\n<div class=\"wp-block-uagb-container uagb-block-87307bcd alignwide uagb-is-root-container\">\n<h3 class=\"wp-block-heading\"><a href=\"https:\/\/secc-oilandgas.com\/es\/productos-servicios\/midline-weak-link\/\">Mid Line Weak Link &#8211; Emergency Quick Disconnect (EQD)<\/a><\/h3>\n\n\n\n<div class=\"wp-block-uagb-image uagb-block-384a2711 wp-block-uagb-image--layout-default wp-block-uagb-image--effect-static wp-block-uagb-image--align-none\"><figure class=\"wp-block-uagb-image__figure\"><img decoding=\"async\" srcset=\"https:\/\/secc-oilandgas.com\/wp-content\/uploads\/2024\/08\/midline-weak-link-1-1024x768.jpg ,https:\/\/secc-oilandgas.com\/wp-content\/uploads\/2024\/08\/midline-weak-link-1.jpg 780w, https:\/\/secc-oilandgas.com\/wp-content\/uploads\/2024\/08\/midline-weak-link-1.jpg 360w\" sizes=\"auto, (max-width: 480px) 150px\" src=\"https:\/\/secc-oilandgas.com\/wp-content\/uploads\/2024\/08\/midline-weak-link-1-1024x768.jpg\" alt=\"Three Midline Weak Link couplings by Secc\" class=\"uag-image-1603\" width=\"650\" height=\"768\" title=\"midline weak link 1\" loading=\"lazy\" role=\"img\"\/><\/figure><\/div>\n<\/div>\n","protected":false},"excerpt":{"rendered":"<p>Al planificar operaciones de transferencia de fluidos en alta mar y\/o submarinas, como campa\u00f1as de Intervenci\u00f3n Ligera en Pozos sin tubo ascendente (RLWI \u2013 por <\/p>\n<a href=\"https:\/\/secc-oilandgas.com\/es\/productos-servicios\/alquiler-de-equipos-submarinos-y-marinos\/\" class=\"readmore\">Read More<\/a>","protected":false},"author":9,"featured_media":2700,"parent":3088,"menu_order":0,"comment_status":"closed","ping_status":"closed","template":"","meta":{"_acf_changed":false,"inline_featured_image":false,"_uag_custom_page_level_css":"","footnotes":""},"class_list":["post-3569","page","type-page","status-publish","has-post-thumbnail","hentry"],"acf":[],"yoast_head":"<!-- This site is optimized with the Yoast SEO plugin v26.0 - https:\/\/yoast.com\/wordpress\/plugins\/seo\/ -->\n<title>Alquiler de equipos submarinos y mar\u00edtimos &#8226; Secc Oil &amp; Gas Ltd<\/title>\n<meta name=\"description\" content=\"Como proveedor l\u00edder en el mercado de acoplamientos de desconexi\u00f3n r\u00e1pida de emergencia EQD, Secc tiene una flota de estos disponibles para alquiler.\" \/>\n<meta name=\"robots\" content=\"index, follow, max-snippet:-1, max-image-preview:large, max-video-preview:-1\" \/>\n<link rel=\"canonical\" href=\"https:\/\/secc-oilandgas.com\/es\/productos-servicios\/alquiler-de-equipos-submarinos-y-marinos\/\" \/>\n<meta property=\"og:locale\" content=\"es_ES\" \/>\n<meta property=\"og:type\" content=\"article\" \/>\n<meta property=\"og:title\" content=\"Alquiler de equipos submarinos y mar\u00edtimos &#8226; Secc Oil &amp; Gas Ltd\" \/>\n<meta property=\"og:description\" content=\"Como proveedor l\u00edder en el mercado de acoplamientos de desconexi\u00f3n r\u00e1pida de emergencia EQD, Secc tiene una flota de estos disponibles para alquiler.\" \/>\n<meta property=\"og:url\" content=\"https:\/\/secc-oilandgas.com\/es\/productos-servicios\/alquiler-de-equipos-submarinos-y-marinos\/\" \/>\n<meta property=\"og:site_name\" content=\"Secc Oil &amp; Gas Ltd\" \/>\n<meta property=\"article:publisher\" content=\"http:\/\/www.facebook.com\/seccoilgas\/\" \/>\n<meta property=\"article:modified_time\" content=\"2025-05-13T08:43:01+00:00\" \/>\n<meta property=\"og:image\" content=\"https:\/\/secc-oilandgas.com\/wp-content\/uploads\/2024\/08\/Midline-weak-link-3.jpg\" \/>\n\t<meta property=\"og:image:width\" content=\"1812\" \/>\n\t<meta property=\"og:image:height\" content=\"664\" \/>\n\t<meta property=\"og:image:type\" content=\"image\/jpeg\" \/>\n<meta name=\"twitter:card\" content=\"summary_large_image\" \/>\n<meta name=\"twitter:site\" content=\"@seccoilandgas\" \/>\n<meta name=\"twitter:label1\" content=\"Est. reading time\" \/>\n\t<meta name=\"twitter:data1\" content=\"3 minutes\" \/>\n<script type=\"application\/ld+json\" class=\"yoast-schema-graph\">{\"@context\":\"https:\/\/schema.org\",\"@graph\":[{\"@type\":\"WebPage\",\"@id\":\"https:\/\/secc-oilandgas.com\/es\/productos-servicios\/alquiler-de-equipos-submarinos-y-marinos\/\",\"url\":\"https:\/\/secc-oilandgas.com\/es\/productos-servicios\/alquiler-de-equipos-submarinos-y-marinos\/\",\"name\":\"Alquiler de equipos submarinos y mar\u00edtimos &#8226; Secc Oil &amp; Gas Ltd\",\"isPartOf\":{\"@id\":\"https:\/\/secc-oilandgas.com\/es\/#website\"},\"primaryImageOfPage\":{\"@id\":\"https:\/\/secc-oilandgas.com\/es\/productos-servicios\/alquiler-de-equipos-submarinos-y-marinos\/#primaryimage\"},\"image\":{\"@id\":\"https:\/\/secc-oilandgas.com\/es\/productos-servicios\/alquiler-de-equipos-submarinos-y-marinos\/#primaryimage\"},\"thumbnailUrl\":\"https:\/\/secc-oilandgas.com\/wp-content\/uploads\/2024\/08\/Midline-weak-link-3.jpg\",\"datePublished\":\"2024-08-20T11:14:57+00:00\",\"dateModified\":\"2025-05-13T08:43:01+00:00\",\"description\":\"Como proveedor l\u00edder en el mercado de acoplamientos de desconexi\u00f3n r\u00e1pida de emergencia EQD, Secc tiene una flota de estos disponibles para alquiler.\",\"breadcrumb\":{\"@id\":\"https:\/\/secc-oilandgas.com\/es\/productos-servicios\/alquiler-de-equipos-submarinos-y-marinos\/#breadcrumb\"},\"inLanguage\":\"es\",\"potentialAction\":[{\"@type\":\"ReadAction\",\"target\":[\"https:\/\/secc-oilandgas.com\/es\/productos-servicios\/alquiler-de-equipos-submarinos-y-marinos\/\"]}]},{\"@type\":\"ImageObject\",\"inLanguage\":\"es\",\"@id\":\"https:\/\/secc-oilandgas.com\/es\/productos-servicios\/alquiler-de-equipos-submarinos-y-marinos\/#primaryimage\",\"url\":\"https:\/\/secc-oilandgas.com\/wp-content\/uploads\/2024\/08\/Midline-weak-link-3.jpg\",\"contentUrl\":\"https:\/\/secc-oilandgas.com\/wp-content\/uploads\/2024\/08\/Midline-weak-link-3.jpg\",\"width\":1812,\"height\":664},{\"@type\":\"BreadcrumbList\",\"@id\":\"https:\/\/secc-oilandgas.com\/es\/productos-servicios\/alquiler-de-equipos-submarinos-y-marinos\/#breadcrumb\",\"itemListElement\":[{\"@type\":\"ListItem\",\"position\":1,\"name\":\"Home\",\"item\":\"https:\/\/secc-oilandgas.com\/es\/\"},{\"@type\":\"ListItem\",\"position\":2,\"name\":\"Productos y Servicios\",\"item\":\"https:\/\/secc-oilandgas.com\/es\/productos-servicios\/\"},{\"@type\":\"ListItem\",\"position\":3,\"name\":\"Alquiler de equipos submarinos y mar\u00edtimos\"}]},{\"@type\":\"WebSite\",\"@id\":\"https:\/\/secc-oilandgas.com\/es\/#website\",\"url\":\"https:\/\/secc-oilandgas.com\/es\/\",\"name\":\"Secc Oil &amp; Gas Ltd\",\"description\":\"\",\"publisher\":{\"@id\":\"https:\/\/secc-oilandgas.com\/es\/#organization\"},\"potentialAction\":[{\"@type\":\"SearchAction\",\"target\":{\"@type\":\"EntryPoint\",\"urlTemplate\":\"https:\/\/secc-oilandgas.com\/es\/?s={search_term_string}\"},\"query-input\":{\"@type\":\"PropertyValueSpecification\",\"valueRequired\":true,\"valueName\":\"search_term_string\"}}],\"inLanguage\":\"es\"},{\"@type\":\"Organization\",\"@id\":\"https:\/\/secc-oilandgas.com\/es\/#organization\",\"name\":\"Secc Oil & Gas Ltd\",\"url\":\"https:\/\/secc-oilandgas.com\/es\/\",\"logo\":{\"@type\":\"ImageObject\",\"inLanguage\":\"es\",\"@id\":\"https:\/\/secc-oilandgas.com\/es\/#\/schema\/logo\/image\/\",\"url\":\"https:\/\/secc-oilandgas.com\/wp-content\/uploads\/2018\/03\/SECC_logo_CMYK-grey-2018-JPEG-BORDER.jpg\",\"contentUrl\":\"https:\/\/secc-oilandgas.com\/wp-content\/uploads\/2018\/03\/SECC_logo_CMYK-grey-2018-JPEG-BORDER.jpg\",\"width\":1735,\"height\":1108,\"caption\":\"Secc Oil & Gas Ltd\"},\"image\":{\"@id\":\"https:\/\/secc-oilandgas.com\/es\/#\/schema\/logo\/image\/\"},\"sameAs\":[\"http:\/\/www.facebook.com\/seccoilgas\/\",\"https:\/\/x.com\/seccoilandgas\",\"https:\/\/www.linkedin.com\/company\/secc-oilandgas\/\"]}]}<\/script>\n<!-- \/ Yoast SEO plugin. -->","yoast_head_json":{"title":"Alquiler de equipos submarinos y mar\u00edtimos &#8226; Secc Oil &amp; Gas Ltd","description":"Como proveedor l\u00edder en el mercado de acoplamientos de desconexi\u00f3n r\u00e1pida de emergencia EQD, Secc tiene una flota de estos disponibles para alquiler.","robots":{"index":"index","follow":"follow","max-snippet":"max-snippet:-1","max-image-preview":"max-image-preview:large","max-video-preview":"max-video-preview:-1"},"canonical":"https:\/\/secc-oilandgas.com\/es\/productos-servicios\/alquiler-de-equipos-submarinos-y-marinos\/","og_locale":"es_ES","og_type":"article","og_title":"Alquiler de equipos submarinos y mar\u00edtimos &#8226; Secc Oil &amp; Gas Ltd","og_description":"Como proveedor l\u00edder en el mercado de acoplamientos de desconexi\u00f3n r\u00e1pida de emergencia EQD, Secc tiene una flota de estos disponibles para alquiler.","og_url":"https:\/\/secc-oilandgas.com\/es\/productos-servicios\/alquiler-de-equipos-submarinos-y-marinos\/","og_site_name":"Secc Oil &amp; Gas Ltd","article_publisher":"http:\/\/www.facebook.com\/seccoilgas\/","article_modified_time":"2025-05-13T08:43:01+00:00","og_image":[{"width":1812,"height":664,"url":"https:\/\/secc-oilandgas.com\/wp-content\/uploads\/2024\/08\/Midline-weak-link-3.jpg","type":"image\/jpeg"}],"twitter_card":"summary_large_image","twitter_site":"@seccoilandgas","twitter_misc":{"Est. reading time":"3 minutes"},"schema":{"@context":"https:\/\/schema.org","@graph":[{"@type":"WebPage","@id":"https:\/\/secc-oilandgas.com\/es\/productos-servicios\/alquiler-de-equipos-submarinos-y-marinos\/","url":"https:\/\/secc-oilandgas.com\/es\/productos-servicios\/alquiler-de-equipos-submarinos-y-marinos\/","name":"Alquiler de equipos submarinos y mar\u00edtimos &#8226; Secc Oil &amp; Gas Ltd","isPartOf":{"@id":"https:\/\/secc-oilandgas.com\/es\/#website"},"primaryImageOfPage":{"@id":"https:\/\/secc-oilandgas.com\/es\/productos-servicios\/alquiler-de-equipos-submarinos-y-marinos\/#primaryimage"},"image":{"@id":"https:\/\/secc-oilandgas.com\/es\/productos-servicios\/alquiler-de-equipos-submarinos-y-marinos\/#primaryimage"},"thumbnailUrl":"https:\/\/secc-oilandgas.com\/wp-content\/uploads\/2024\/08\/Midline-weak-link-3.jpg","datePublished":"2024-08-20T11:14:57+00:00","dateModified":"2025-05-13T08:43:01+00:00","description":"Como proveedor l\u00edder en el mercado de acoplamientos de desconexi\u00f3n r\u00e1pida de emergencia EQD, Secc tiene una flota de estos disponibles para alquiler.","breadcrumb":{"@id":"https:\/\/secc-oilandgas.com\/es\/productos-servicios\/alquiler-de-equipos-submarinos-y-marinos\/#breadcrumb"},"inLanguage":"es","potentialAction":[{"@type":"ReadAction","target":["https:\/\/secc-oilandgas.com\/es\/productos-servicios\/alquiler-de-equipos-submarinos-y-marinos\/"]}]},{"@type":"ImageObject","inLanguage":"es","@id":"https:\/\/secc-oilandgas.com\/es\/productos-servicios\/alquiler-de-equipos-submarinos-y-marinos\/#primaryimage","url":"https:\/\/secc-oilandgas.com\/wp-content\/uploads\/2024\/08\/Midline-weak-link-3.jpg","contentUrl":"https:\/\/secc-oilandgas.com\/wp-content\/uploads\/2024\/08\/Midline-weak-link-3.jpg","width":1812,"height":664},{"@type":"BreadcrumbList","@id":"https:\/\/secc-oilandgas.com\/es\/productos-servicios\/alquiler-de-equipos-submarinos-y-marinos\/#breadcrumb","itemListElement":[{"@type":"ListItem","position":1,"name":"Home","item":"https:\/\/secc-oilandgas.com\/es\/"},{"@type":"ListItem","position":2,"name":"Productos y Servicios","item":"https:\/\/secc-oilandgas.com\/es\/productos-servicios\/"},{"@type":"ListItem","position":3,"name":"Alquiler de equipos submarinos y mar\u00edtimos"}]},{"@type":"WebSite","@id":"https:\/\/secc-oilandgas.com\/es\/#website","url":"https:\/\/secc-oilandgas.com\/es\/","name":"Secc Oil &amp; Gas Ltd","description":"","publisher":{"@id":"https:\/\/secc-oilandgas.com\/es\/#organization"},"potentialAction":[{"@type":"SearchAction","target":{"@type":"EntryPoint","urlTemplate":"https:\/\/secc-oilandgas.com\/es\/?s={search_term_string}"},"query-input":{"@type":"PropertyValueSpecification","valueRequired":true,"valueName":"search_term_string"}}],"inLanguage":"es"},{"@type":"Organization","@id":"https:\/\/secc-oilandgas.com\/es\/#organization","name":"Secc Oil & Gas Ltd","url":"https:\/\/secc-oilandgas.com\/es\/","logo":{"@type":"ImageObject","inLanguage":"es","@id":"https:\/\/secc-oilandgas.com\/es\/#\/schema\/logo\/image\/","url":"https:\/\/secc-oilandgas.com\/wp-content\/uploads\/2018\/03\/SECC_logo_CMYK-grey-2018-JPEG-BORDER.jpg","contentUrl":"https:\/\/secc-oilandgas.com\/wp-content\/uploads\/2018\/03\/SECC_logo_CMYK-grey-2018-JPEG-BORDER.jpg","width":1735,"height":1108,"caption":"Secc Oil & Gas Ltd"},"image":{"@id":"https:\/\/secc-oilandgas.com\/es\/#\/schema\/logo\/image\/"},"sameAs":["http:\/\/www.facebook.com\/seccoilgas\/","https:\/\/x.com\/seccoilandgas","https:\/\/www.linkedin.com\/company\/secc-oilandgas\/"]}]}},"uagb_featured_image_src":{"full":["https:\/\/secc-oilandgas.com\/wp-content\/uploads\/2024\/08\/Midline-weak-link-3.jpg",1812,664,false],"thumbnail":["https:\/\/secc-oilandgas.com\/wp-content\/uploads\/2024\/08\/Midline-weak-link-3-150x150.jpg",150,150,true],"medium":["https:\/\/secc-oilandgas.com\/wp-content\/uploads\/2024\/08\/Midline-weak-link-3-300x110.jpg",300,110,true],"medium_large":["https:\/\/secc-oilandgas.com\/wp-content\/uploads\/2024\/08\/Midline-weak-link-3-768x281.jpg",670,245,true],"large":["https:\/\/secc-oilandgas.com\/wp-content\/uploads\/2024\/08\/Midline-weak-link-3-1024x375.jpg",670,245,true],"1536x1536":["https:\/\/secc-oilandgas.com\/wp-content\/uploads\/2024\/08\/Midline-weak-link-3-1536x563.jpg",1536,563,true],"2048x2048":["https:\/\/secc-oilandgas.com\/wp-content\/uploads\/2024\/08\/Midline-weak-link-3.jpg",1812,664,false],"post-thumbnail":["https:\/\/secc-oilandgas.com\/wp-content\/uploads\/2024\/08\/Midline-weak-link-3-1500x500.jpg",1500,500,true],"gallery-img":["https:\/\/secc-oilandgas.com\/wp-content\/uploads\/2024\/08\/Midline-weak-link-3-450x300.jpg",450,300,true]},"uagb_author_info":{"display_name":"Seb Atkinson","author_link":"https:\/\/secc-oilandgas.com\/es\/author\/sebatkinson\/"},"uagb_comment_info":0,"uagb_excerpt":"Al planificar operaciones de transferencia de fluidos en alta mar y\/o submarinas, como campa\u00f1as de Intervenci\u00f3n Ligera en Pozos sin tubo ascendente (RLWI \u2013 por","_links":{"self":[{"href":"https:\/\/secc-oilandgas.com\/es\/wp-json\/wp\/v2\/pages\/3569","targetHints":{"allow":["GET"]}}],"collection":[{"href":"https:\/\/secc-oilandgas.com\/es\/wp-json\/wp\/v2\/pages"}],"about":[{"href":"https:\/\/secc-oilandgas.com\/es\/wp-json\/wp\/v2\/types\/page"}],"author":[{"embeddable":true,"href":"https:\/\/secc-oilandgas.com\/es\/wp-json\/wp\/v2\/users\/9"}],"replies":[{"embeddable":true,"href":"https:\/\/secc-oilandgas.com\/es\/wp-json\/wp\/v2\/comments?post=3569"}],"version-history":[{"count":2,"href":"https:\/\/secc-oilandgas.com\/es\/wp-json\/wp\/v2\/pages\/3569\/revisions"}],"predecessor-version":[{"id":3579,"href":"https:\/\/secc-oilandgas.com\/es\/wp-json\/wp\/v2\/pages\/3569\/revisions\/3579"}],"up":[{"embeddable":true,"href":"https:\/\/secc-oilandgas.com\/es\/wp-json\/wp\/v2\/pages\/3088"}],"wp:featuredmedia":[{"embeddable":true,"href":"https:\/\/secc-oilandgas.com\/es\/wp-json\/wp\/v2\/media\/2700"}],"wp:attachment":[{"href":"https:\/\/secc-oilandgas.com\/es\/wp-json\/wp\/v2\/media?parent=3569"}],"curies":[{"name":"wp","href":"https:\/\/api.w.org\/{rel}","templated":true}]}}