{"id":3571,"date":"2015-09-08T11:01:47","date_gmt":"2015-09-08T10:01:47","guid":{"rendered":"https:\/\/secc-oilandgas.com\/?page_id=3571"},"modified":"2025-05-13T10:10:56","modified_gmt":"2025-05-13T09:10:56","slug":"servicio-y-repuestos","status":"publish","type":"page","link":"https:\/\/secc-oilandgas.com\/es\/productos-servicios\/servicio-y-repuestos\/","title":{"rendered":"Servicio de Postventa y Repuestos"},"content":{"rendered":"\n<p>Secc ofrece un servicio completo de posventa a clientes de todo el mundo.<\/p>\n\n\n\n<p>Ofrecemos mantenimiento, repuestos y soporte de acuerdo con el Manual de Operaciones y el Libro de Registro de Servicio para los acoplamientos que suministramos.<\/p>\n\n\n\n<p>Secc puede movilizar repuesto y\/o personal t\u00e9cnico como parte de soporte planificado o de urgencia, a nivel mundial, tanto en tierra como en alta mar.<\/p>\n\n\n\n<p>Asegur\u00e1ndose el cumpliemento de las recomendaciones sobre el mantenimiento listadas en Libro de Registro de Servicio por parte de Secc tendr\u00e1 la tranquilidad de que su acoplamiento:\u00a0(1) cumpla con el alto est\u00e1ndar de servicio y mantenimiento que exige para estos equipos cr\u00edticos para la seguridad de su operaci\u00f3n,\u00a0 (2) obtenga la vericaci\u00f3n de que este sigua operando de acuerdo con los par\u00e1metros de dise\u00f1o previstos y (3) registre todos los procedimientos, componentes e ingenieros involucrados en el mantenimiento del acoplamiento y que estos est\u00e9n aprobados por Secc.<\/p>\n\n\n\n<p>Al finalizar el servicio del acoplamiento se recibir\u00e1 un registro del servicio  por parte de Secc, con todos los procesos documentados en un informe detallado.<\/p>\n\n\n\n<h2 class=\"wp-block-heading\">Servicio de Posventa<\/h2>\n\n\n\n<ul class=\"wp-block-list\">\n<li>Almacenamiento y mantenimiento de conectores<\/li>\n\n\n\n<li>Servicio completo a los conectores por ingenieros de servicio calificados por Secc, en Secc o en el pa\u00eds que est\u00e9n disponibles<\/li>\n\n\n\n<li>Reemplazo de sellos, componetes y otras piezas<\/li>\n\n\n\n<li>Reemplazo de piezas principales (si fuera necesario)<\/li>\n\n\n\n<li>Mejora de componentes (si fuera necesario)<\/li>\n\n\n\n<li>Reemplazo o adici\u00f3n de piezas auxiliares (si fuera necesario)<\/li>\n\n\n\n<li>Pruebas no destructivas (NDT) (servicio de 10 a\u00f1os)<\/li>\n\n\n\n<li>Soporte completo para la Prueba de Aceptaci\u00f3n en F\u00e1brica (FAT) y\/o la Prueba de Integridad del Sistema (SIT)<\/li>\n\n\n\n<li>Soporte operativo en alta mar<\/li>\n<\/ul>\n\n\n\n<p><strong>Estos servicios ofrecen claros beneficios, incluyendo los siguientes:<\/strong><\/p>\n\n\n\n<ul class=\"wp-block-list\">\n<li>Confianza operativa<\/li>\n\n\n\n<li>Longevidad del producto<\/li>\n\n\n\n<li>Cumplimiento de las expectativas de la industria<\/li>\n\n\n\n<li>Reducci\u00f3n del tiempo de inactividad operativo<\/li>\n\n\n\n<li>Acceso a personal calificado<\/li>\n\n\n\n<li>Protecci\u00f3n del personal, el medio ambiente y los activos<\/li>\n<\/ul>\n\n\n\n<p>Para m\u00e1s informaci\u00f3n sobre productos y servicios, <a href=\"https:\/\/secc-oilandgas.com\/es\/contacto\/\">contacta a nuestro equipo de ventas<\/a>.<\/p>\n","protected":false},"excerpt":{"rendered":"<p>Secc ofrece un servicio completo de posventa a clientes de todo el mundo. Ofrecemos mantenimiento, repuestos y soporte de acuerdo con el Manual de Operaciones <\/p>\n<a href=\"https:\/\/secc-oilandgas.com\/es\/productos-servicios\/servicio-y-repuestos\/\" class=\"readmore\">Read More<\/a>","protected":false},"author":9,"featured_media":2648,"parent":3088,"menu_order":5,"comment_status":"closed","ping_status":"closed","template":"","meta":{"_acf_changed":false,"inline_featured_image":false,"_uag_custom_page_level_css":"","footnotes":""},"class_list":["post-3571","page","type-page","status-publish","has-post-thumbnail","hentry"],"acf":[],"yoast_head":"<!-- This site is optimized with the Yoast SEO plugin v26.0 - https:\/\/yoast.com\/wordpress\/plugins\/seo\/ -->\n<title>Servicio de Postventa y Repuestos &#8226; Secc Oil &amp; Gas Ltd<\/title>\n<meta name=\"description\" content=\"Secc ofrece un servicio completo de posventa a clientes de todo el mundo.\" \/>\n<meta name=\"robots\" content=\"index, follow, max-snippet:-1, max-image-preview:large, max-video-preview:-1\" \/>\n<link rel=\"canonical\" href=\"https:\/\/secc-oilandgas.com\/es\/productos-servicios\/servicio-y-repuestos\/\" \/>\n<meta property=\"og:locale\" content=\"es_ES\" \/>\n<meta property=\"og:type\" content=\"article\" \/>\n<meta property=\"og:title\" content=\"Servicio de Postventa y Repuestos &#8226; Secc Oil &amp; Gas Ltd\" \/>\n<meta property=\"og:description\" content=\"Secc ofrece un servicio completo de posventa a clientes de todo el mundo.\" \/>\n<meta property=\"og:url\" content=\"https:\/\/secc-oilandgas.com\/es\/productos-servicios\/servicio-y-repuestos\/\" \/>\n<meta property=\"og:site_name\" content=\"Secc Oil &amp; Gas Ltd\" \/>\n<meta property=\"article:publisher\" content=\"http:\/\/www.facebook.com\/seccoilgas\/\" \/>\n<meta property=\"article:modified_time\" content=\"2025-05-13T09:10:56+00:00\" \/>\n<meta property=\"og:image\" content=\"https:\/\/secc-oilandgas.com\/wp-content\/uploads\/2015\/08\/Header-1.jpg\" \/>\n\t<meta property=\"og:image:width\" content=\"2000\" \/>\n\t<meta property=\"og:image:height\" content=\"527\" \/>\n\t<meta property=\"og:image:type\" content=\"image\/jpeg\" \/>\n<meta name=\"twitter:card\" content=\"summary_large_image\" \/>\n<meta name=\"twitter:site\" content=\"@seccoilandgas\" \/>\n<meta name=\"twitter:label1\" content=\"Est. reading time\" \/>\n\t<meta name=\"twitter:data1\" content=\"2 minutes\" \/>\n<script type=\"application\/ld+json\" class=\"yoast-schema-graph\">{\"@context\":\"https:\/\/schema.org\",\"@graph\":[{\"@type\":\"WebPage\",\"@id\":\"https:\/\/secc-oilandgas.com\/es\/productos-servicios\/servicio-y-repuestos\/\",\"url\":\"https:\/\/secc-oilandgas.com\/es\/productos-servicios\/servicio-y-repuestos\/\",\"name\":\"Servicio de Postventa y Repuestos &#8226; Secc Oil &amp; Gas Ltd\",\"isPartOf\":{\"@id\":\"https:\/\/secc-oilandgas.com\/es\/#website\"},\"primaryImageOfPage\":{\"@id\":\"https:\/\/secc-oilandgas.com\/es\/productos-servicios\/servicio-y-repuestos\/#primaryimage\"},\"image\":{\"@id\":\"https:\/\/secc-oilandgas.com\/es\/productos-servicios\/servicio-y-repuestos\/#primaryimage\"},\"thumbnailUrl\":\"https:\/\/secc-oilandgas.com\/wp-content\/uploads\/2024\/05\/Picture15.jpg\",\"datePublished\":\"2015-09-08T10:01:47+00:00\",\"dateModified\":\"2025-05-13T09:10:56+00:00\",\"description\":\"Secc ofrece un servicio completo de posventa a clientes de todo el mundo.\",\"breadcrumb\":{\"@id\":\"https:\/\/secc-oilandgas.com\/es\/productos-servicios\/servicio-y-repuestos\/#breadcrumb\"},\"inLanguage\":\"es\",\"potentialAction\":[{\"@type\":\"ReadAction\",\"target\":[\"https:\/\/secc-oilandgas.com\/es\/productos-servicios\/servicio-y-repuestos\/\"]}]},{\"@type\":\"ImageObject\",\"inLanguage\":\"es\",\"@id\":\"https:\/\/secc-oilandgas.com\/es\/productos-servicios\/servicio-y-repuestos\/#primaryimage\",\"url\":\"https:\/\/secc-oilandgas.com\/wp-content\/uploads\/2024\/05\/Picture15.jpg\",\"contentUrl\":\"https:\/\/secc-oilandgas.com\/wp-content\/uploads\/2024\/05\/Picture15.jpg\",\"width\":1508,\"height\":679},{\"@type\":\"BreadcrumbList\",\"@id\":\"https:\/\/secc-oilandgas.com\/es\/productos-servicios\/servicio-y-repuestos\/#breadcrumb\",\"itemListElement\":[{\"@type\":\"ListItem\",\"position\":1,\"name\":\"Home\",\"item\":\"https:\/\/secc-oilandgas.com\/es\/\"},{\"@type\":\"ListItem\",\"position\":2,\"name\":\"Productos y Servicios\",\"item\":\"https:\/\/secc-oilandgas.com\/es\/productos-servicios\/\"},{\"@type\":\"ListItem\",\"position\":3,\"name\":\"Servicio de Postventa y Repuestos\"}]},{\"@type\":\"WebSite\",\"@id\":\"https:\/\/secc-oilandgas.com\/es\/#website\",\"url\":\"https:\/\/secc-oilandgas.com\/es\/\",\"name\":\"Secc Oil &amp; Gas Ltd\",\"description\":\"\",\"publisher\":{\"@id\":\"https:\/\/secc-oilandgas.com\/es\/#organization\"},\"potentialAction\":[{\"@type\":\"SearchAction\",\"target\":{\"@type\":\"EntryPoint\",\"urlTemplate\":\"https:\/\/secc-oilandgas.com\/es\/?s={search_term_string}\"},\"query-input\":{\"@type\":\"PropertyValueSpecification\",\"valueRequired\":true,\"valueName\":\"search_term_string\"}}],\"inLanguage\":\"es\"},{\"@type\":\"Organization\",\"@id\":\"https:\/\/secc-oilandgas.com\/es\/#organization\",\"name\":\"Secc Oil & Gas Ltd\",\"url\":\"https:\/\/secc-oilandgas.com\/es\/\",\"logo\":{\"@type\":\"ImageObject\",\"inLanguage\":\"es\",\"@id\":\"https:\/\/secc-oilandgas.com\/es\/#\/schema\/logo\/image\/\",\"url\":\"https:\/\/secc-oilandgas.com\/wp-content\/uploads\/2018\/03\/SECC_logo_CMYK-grey-2018-JPEG-BORDER.jpg\",\"contentUrl\":\"https:\/\/secc-oilandgas.com\/wp-content\/uploads\/2018\/03\/SECC_logo_CMYK-grey-2018-JPEG-BORDER.jpg\",\"width\":1735,\"height\":1108,\"caption\":\"Secc Oil & Gas Ltd\"},\"image\":{\"@id\":\"https:\/\/secc-oilandgas.com\/es\/#\/schema\/logo\/image\/\"},\"sameAs\":[\"http:\/\/www.facebook.com\/seccoilgas\/\",\"https:\/\/x.com\/seccoilandgas\",\"https:\/\/www.linkedin.com\/company\/secc-oilandgas\/\"]}]}<\/script>\n<!-- \/ Yoast SEO plugin. -->","yoast_head_json":{"title":"Servicio de Postventa y Repuestos &#8226; Secc Oil &amp; Gas Ltd","description":"Secc ofrece un servicio completo de posventa a clientes de todo el mundo.","robots":{"index":"index","follow":"follow","max-snippet":"max-snippet:-1","max-image-preview":"max-image-preview:large","max-video-preview":"max-video-preview:-1"},"canonical":"https:\/\/secc-oilandgas.com\/es\/productos-servicios\/servicio-y-repuestos\/","og_locale":"es_ES","og_type":"article","og_title":"Servicio de Postventa y Repuestos &#8226; Secc Oil &amp; Gas Ltd","og_description":"Secc ofrece un servicio completo de posventa a clientes de todo el mundo.","og_url":"https:\/\/secc-oilandgas.com\/es\/productos-servicios\/servicio-y-repuestos\/","og_site_name":"Secc Oil &amp; Gas Ltd","article_publisher":"http:\/\/www.facebook.com\/seccoilgas\/","article_modified_time":"2025-05-13T09:10:56+00:00","og_image":[{"width":2000,"height":527,"url":"https:\/\/secc-oilandgas.com\/wp-content\/uploads\/2015\/08\/Header-1.jpg","type":"image\/jpeg"}],"twitter_card":"summary_large_image","twitter_site":"@seccoilandgas","twitter_misc":{"Est. reading time":"2 minutes"},"schema":{"@context":"https:\/\/schema.org","@graph":[{"@type":"WebPage","@id":"https:\/\/secc-oilandgas.com\/es\/productos-servicios\/servicio-y-repuestos\/","url":"https:\/\/secc-oilandgas.com\/es\/productos-servicios\/servicio-y-repuestos\/","name":"Servicio de Postventa y Repuestos &#8226; Secc Oil &amp; Gas Ltd","isPartOf":{"@id":"https:\/\/secc-oilandgas.com\/es\/#website"},"primaryImageOfPage":{"@id":"https:\/\/secc-oilandgas.com\/es\/productos-servicios\/servicio-y-repuestos\/#primaryimage"},"image":{"@id":"https:\/\/secc-oilandgas.com\/es\/productos-servicios\/servicio-y-repuestos\/#primaryimage"},"thumbnailUrl":"https:\/\/secc-oilandgas.com\/wp-content\/uploads\/2024\/05\/Picture15.jpg","datePublished":"2015-09-08T10:01:47+00:00","dateModified":"2025-05-13T09:10:56+00:00","description":"Secc ofrece un servicio completo de posventa a clientes de todo el mundo.","breadcrumb":{"@id":"https:\/\/secc-oilandgas.com\/es\/productos-servicios\/servicio-y-repuestos\/#breadcrumb"},"inLanguage":"es","potentialAction":[{"@type":"ReadAction","target":["https:\/\/secc-oilandgas.com\/es\/productos-servicios\/servicio-y-repuestos\/"]}]},{"@type":"ImageObject","inLanguage":"es","@id":"https:\/\/secc-oilandgas.com\/es\/productos-servicios\/servicio-y-repuestos\/#primaryimage","url":"https:\/\/secc-oilandgas.com\/wp-content\/uploads\/2024\/05\/Picture15.jpg","contentUrl":"https:\/\/secc-oilandgas.com\/wp-content\/uploads\/2024\/05\/Picture15.jpg","width":1508,"height":679},{"@type":"BreadcrumbList","@id":"https:\/\/secc-oilandgas.com\/es\/productos-servicios\/servicio-y-repuestos\/#breadcrumb","itemListElement":[{"@type":"ListItem","position":1,"name":"Home","item":"https:\/\/secc-oilandgas.com\/es\/"},{"@type":"ListItem","position":2,"name":"Productos y Servicios","item":"https:\/\/secc-oilandgas.com\/es\/productos-servicios\/"},{"@type":"ListItem","position":3,"name":"Servicio de Postventa y Repuestos"}]},{"@type":"WebSite","@id":"https:\/\/secc-oilandgas.com\/es\/#website","url":"https:\/\/secc-oilandgas.com\/es\/","name":"Secc Oil &amp; Gas Ltd","description":"","publisher":{"@id":"https:\/\/secc-oilandgas.com\/es\/#organization"},"potentialAction":[{"@type":"SearchAction","target":{"@type":"EntryPoint","urlTemplate":"https:\/\/secc-oilandgas.com\/es\/?s={search_term_string}"},"query-input":{"@type":"PropertyValueSpecification","valueRequired":true,"valueName":"search_term_string"}}],"inLanguage":"es"},{"@type":"Organization","@id":"https:\/\/secc-oilandgas.com\/es\/#organization","name":"Secc Oil & Gas Ltd","url":"https:\/\/secc-oilandgas.com\/es\/","logo":{"@type":"ImageObject","inLanguage":"es","@id":"https:\/\/secc-oilandgas.com\/es\/#\/schema\/logo\/image\/","url":"https:\/\/secc-oilandgas.com\/wp-content\/uploads\/2018\/03\/SECC_logo_CMYK-grey-2018-JPEG-BORDER.jpg","contentUrl":"https:\/\/secc-oilandgas.com\/wp-content\/uploads\/2018\/03\/SECC_logo_CMYK-grey-2018-JPEG-BORDER.jpg","width":1735,"height":1108,"caption":"Secc Oil & Gas Ltd"},"image":{"@id":"https:\/\/secc-oilandgas.com\/es\/#\/schema\/logo\/image\/"},"sameAs":["http:\/\/www.facebook.com\/seccoilgas\/","https:\/\/x.com\/seccoilandgas","https:\/\/www.linkedin.com\/company\/secc-oilandgas\/"]}]}},"uagb_featured_image_src":{"full":["https:\/\/secc-oilandgas.com\/wp-content\/uploads\/2024\/05\/Picture15.jpg",1508,679,false],"thumbnail":["https:\/\/secc-oilandgas.com\/wp-content\/uploads\/2024\/05\/Picture15-150x150.jpg",150,150,true],"medium":["https:\/\/secc-oilandgas.com\/wp-content\/uploads\/2024\/05\/Picture15-300x135.jpg",300,135,true],"medium_large":["https:\/\/secc-oilandgas.com\/wp-content\/uploads\/2024\/05\/Picture15-768x346.jpg",670,302,true],"large":["https:\/\/secc-oilandgas.com\/wp-content\/uploads\/2024\/05\/Picture15-1024x461.jpg",670,302,true],"1536x1536":["https:\/\/secc-oilandgas.com\/wp-content\/uploads\/2024\/05\/Picture15.jpg",1508,679,false],"2048x2048":["https:\/\/secc-oilandgas.com\/wp-content\/uploads\/2024\/05\/Picture15.jpg",1508,679,false],"post-thumbnail":["https:\/\/secc-oilandgas.com\/wp-content\/uploads\/2024\/05\/Picture15-1500x500.jpg",1500,500,true],"gallery-img":["https:\/\/secc-oilandgas.com\/wp-content\/uploads\/2024\/05\/Picture15-450x300.jpg",450,300,true]},"uagb_author_info":{"display_name":"Seb Atkinson","author_link":"https:\/\/secc-oilandgas.com\/es\/author\/sebatkinson\/"},"uagb_comment_info":0,"uagb_excerpt":"Secc ofrece un servicio completo de posventa a clientes de todo el mundo. Ofrecemos mantenimiento, repuestos y soporte de acuerdo con el Manual de Operaciones","_links":{"self":[{"href":"https:\/\/secc-oilandgas.com\/es\/wp-json\/wp\/v2\/pages\/3571","targetHints":{"allow":["GET"]}}],"collection":[{"href":"https:\/\/secc-oilandgas.com\/es\/wp-json\/wp\/v2\/pages"}],"about":[{"href":"https:\/\/secc-oilandgas.com\/es\/wp-json\/wp\/v2\/types\/page"}],"author":[{"embeddable":true,"href":"https:\/\/secc-oilandgas.com\/es\/wp-json\/wp\/v2\/users\/9"}],"replies":[{"embeddable":true,"href":"https:\/\/secc-oilandgas.com\/es\/wp-json\/wp\/v2\/comments?post=3571"}],"version-history":[{"count":2,"href":"https:\/\/secc-oilandgas.com\/es\/wp-json\/wp\/v2\/pages\/3571\/revisions"}],"predecessor-version":[{"id":3590,"href":"https:\/\/secc-oilandgas.com\/es\/wp-json\/wp\/v2\/pages\/3571\/revisions\/3590"}],"up":[{"embeddable":true,"href":"https:\/\/secc-oilandgas.com\/es\/wp-json\/wp\/v2\/pages\/3088"}],"wp:featuredmedia":[{"embeddable":true,"href":"https:\/\/secc-oilandgas.com\/es\/wp-json\/wp\/v2\/media\/2648"}],"wp:attachment":[{"href":"https:\/\/secc-oilandgas.com\/es\/wp-json\/wp\/v2\/media?parent=3571"}],"curies":[{"name":"wp","href":"https:\/\/api.w.org\/{rel}","templated":true}]}}