{"id":3578,"date":"2015-07-27T08:15:22","date_gmt":"2015-07-27T07:15:22","guid":{"rendered":"https:\/\/secc-oilandgas.com\/?page_id=3578"},"modified":"2025-05-21T11:53:36","modified_gmt":"2025-05-21T10:53:36","slug":"terminos-y-condiciones","status":"publish","type":"page","link":"https:\/\/secc-oilandgas.com\/es\/terminos-y-condiciones\/","title":{"rendered":"T\u00e9rminos y condiciones"},"content":{"rendered":"\n<h2 class=\"wp-block-heading\">T\u00e9rminos y condiciones de uso del sitio web<\/h2>\n\n\n\n<p>Bienvenido al sitio web de Secc. Al acceder y utilizar este sitio web, usted acepta cumplir y estar sujeto a los siguientes t\u00e9rminos y condiciones de uso. Estos t\u00e9rminos, junto con nuestra Pol\u00edtica de Privacidad, rigen la relaci\u00f3n de Secc con usted en relaci\u00f3n con este sitio web.<\/p>\n\n\n\n<p>Los t\u00e9rminos &#8220;Secc&#8221;, &#8220;nosotros&#8221; o &#8220;nuestro\/a&#8221; se refieren al propietario del sitio web, cuyo domicilio social se encuentra en Unit 10, Hartford Business Centre, Hartford, Cheshire, CW82AB, Reino Unido. El t\u00e9rmino &#8220;usted&#8221; se refiere al usuario o visitante de nuestro sitio web.<\/p>\n\n\n\n<h2 class=\"wp-block-heading\">Condiciones de uso:<\/h2>\n\n\n\n<ol class=\"wp-block-list\">\n<li><strong>Informaci\u00f3n general<\/strong>\n<ul class=\"wp-block-list\">\n<li>El contenido de este sitio web es solo para informaci\u00f3n y uso general. Est\u00e1 sujeto a cambios sin previo aviso.<\/li>\n<\/ul>\n<\/li>\n\n\n\n<li><strong>Exactitud y Responsabilidad<\/strong>\n<ul class=\"wp-block-list\">\n<li>No ofrecemos ninguna garant\u00eda respecto a la exactitud, puntualidad, rendimiento, integridad o idoneidad de la informaci\u00f3n y los materiales de este sitio web. Usted reconoce que dicha informaci\u00f3n puede contener errores o inexactitudes, y excluimos expresamente cualquier responsabilidad por dichas inexactitudes en la medida m\u00e1xima permitida por la ley.<\/li>\n\n\n\n<li>El uso que usted haga de cualquier informaci\u00f3n o material de este sitio web es bajo su propio riesgo. Es su responsabilidad asegurarse de que los productos, servicios o informaci\u00f3n disponibles a trav\u00e9s de este sitio web satisfagan sus necesidades espec\u00edficas.<\/li>\n<\/ul>\n<\/li>\n\n\n\n<li><strong>Propiedad Intelectual<\/strong>\n<ul class=\"wp-block-list\">\n<li>Este sitio web contiene material de nuestra propiedad o bajo nuestra licencia, incluyendo, entre otros, dise\u00f1o, maquetaci\u00f3n, apariencia y gr\u00e1ficos. Queda prohibida la reproducci\u00f3n no autorizada, salvo lo permitido por el aviso de derechos de autor, que forma parte de estos t\u00e9rminos y condiciones.<\/li>\n\n\n\n<li>Se reconocen todas las marcas registradas reproducidas en este sitio web que no sean propiedad de Secc ni est\u00e9n bajo su licencia.<\/li>\n<\/ul>\n<\/li>\n\n\n\n<li><strong>Uso no autorizado<\/strong>\n<ul class=\"wp-block-list\">\n<li>El uso no autorizado de este sitio web puede dar lugar a una reclamaci\u00f3n por da\u00f1os y perjuicios o constituir un delito penal.<\/li>\n<\/ul>\n<\/li>\n\n\n\n<li><strong>Enlaces de terceros<\/strong>\n<ul class=\"wp-block-list\">\n<li>Este sitio web puede incluir enlaces a otros sitios web para obtener informaci\u00f3n adicional. Estos enlaces no implican nuestra aprobaci\u00f3n de los sitios web enlazados y no nos responsabilizamos de su contenido.<\/li>\n<\/ul>\n<\/li>\n\n\n\n<li><strong>Jurisdicci\u00f3n legal<\/strong>\n<ul class=\"wp-block-list\">\n<li>Su uso de este sitio web y cualquier disputa derivada de dicho uso est\u00e1n sujetos a las leyes de Inglaterra y Gales.<\/li>\n<\/ul>\n<\/li>\n<\/ol>\n","protected":false},"excerpt":{"rendered":"<p>T\u00e9rminos y condiciones de uso del sitio web Bienvenido al sitio web de Secc. Al acceder y utilizar este sitio web, usted acepta cumplir y <\/p>\n<a href=\"https:\/\/secc-oilandgas.com\/es\/terminos-y-condiciones\/\" class=\"readmore\">Read More<\/a>","protected":false},"author":9,"featured_media":0,"parent":0,"menu_order":998,"comment_status":"closed","ping_status":"closed","template":"","meta":{"_acf_changed":false,"inline_featured_image":false,"_uag_custom_page_level_css":"","footnotes":""},"class_list":["post-3578","page","type-page","status-publish","hentry"],"acf":[],"yoast_head":"<!-- This site is optimized with the Yoast SEO plugin v26.0 - https:\/\/yoast.com\/wordpress\/plugins\/seo\/ -->\n<title>T\u00e9rminos y condiciones &#8226; Secc Oil &amp; Gas Ltd<\/title>\n<meta name=\"robots\" content=\"index, follow, max-snippet:-1, max-image-preview:large, max-video-preview:-1\" \/>\n<link rel=\"canonical\" href=\"https:\/\/secc-oilandgas.com\/es\/terminos-y-condiciones\/\" \/>\n<meta property=\"og:locale\" content=\"es_ES\" \/>\n<meta property=\"og:type\" content=\"article\" \/>\n<meta property=\"og:title\" content=\"T\u00e9rminos y condiciones &#8226; Secc Oil &amp; Gas Ltd\" \/>\n<meta property=\"og:description\" content=\"T\u00e9rminos y condiciones de uso del sitio web Bienvenido al sitio web de Secc. Al acceder y utilizar este sitio web, usted acepta cumplir y\" \/>\n<meta property=\"og:url\" content=\"https:\/\/secc-oilandgas.com\/es\/terminos-y-condiciones\/\" \/>\n<meta property=\"og:site_name\" content=\"Secc Oil &amp; Gas Ltd\" \/>\n<meta property=\"article:publisher\" content=\"http:\/\/www.facebook.com\/seccoilgas\/\" \/>\n<meta property=\"article:modified_time\" content=\"2025-05-21T10:53:36+00:00\" \/>\n<meta name=\"twitter:card\" content=\"summary_large_image\" \/>\n<meta name=\"twitter:site\" content=\"@seccoilandgas\" \/>\n<meta name=\"twitter:label1\" content=\"Est. reading time\" \/>\n\t<meta name=\"twitter:data1\" content=\"2 minutes\" \/>\n<script type=\"application\/ld+json\" class=\"yoast-schema-graph\">{\"@context\":\"https:\/\/schema.org\",\"@graph\":[{\"@type\":\"WebPage\",\"@id\":\"https:\/\/secc-oilandgas.com\/es\/terminos-y-condiciones\/\",\"url\":\"https:\/\/secc-oilandgas.com\/es\/terminos-y-condiciones\/\",\"name\":\"T\u00e9rminos y condiciones &#8226; Secc Oil &amp; Gas Ltd\",\"isPartOf\":{\"@id\":\"https:\/\/secc-oilandgas.com\/es\/#website\"},\"datePublished\":\"2015-07-27T07:15:22+00:00\",\"dateModified\":\"2025-05-21T10:53:36+00:00\",\"breadcrumb\":{\"@id\":\"https:\/\/secc-oilandgas.com\/es\/terminos-y-condiciones\/#breadcrumb\"},\"inLanguage\":\"es\",\"potentialAction\":[{\"@type\":\"ReadAction\",\"target\":[\"https:\/\/secc-oilandgas.com\/es\/terminos-y-condiciones\/\"]}]},{\"@type\":\"BreadcrumbList\",\"@id\":\"https:\/\/secc-oilandgas.com\/es\/terminos-y-condiciones\/#breadcrumb\",\"itemListElement\":[{\"@type\":\"ListItem\",\"position\":1,\"name\":\"Home\",\"item\":\"https:\/\/secc-oilandgas.com\/es\/\"},{\"@type\":\"ListItem\",\"position\":2,\"name\":\"T\u00e9rminos y condiciones\"}]},{\"@type\":\"WebSite\",\"@id\":\"https:\/\/secc-oilandgas.com\/es\/#website\",\"url\":\"https:\/\/secc-oilandgas.com\/es\/\",\"name\":\"Secc Oil &amp; Gas Ltd\",\"description\":\"\",\"publisher\":{\"@id\":\"https:\/\/secc-oilandgas.com\/es\/#organization\"},\"potentialAction\":[{\"@type\":\"SearchAction\",\"target\":{\"@type\":\"EntryPoint\",\"urlTemplate\":\"https:\/\/secc-oilandgas.com\/es\/?s={search_term_string}\"},\"query-input\":{\"@type\":\"PropertyValueSpecification\",\"valueRequired\":true,\"valueName\":\"search_term_string\"}}],\"inLanguage\":\"es\"},{\"@type\":\"Organization\",\"@id\":\"https:\/\/secc-oilandgas.com\/es\/#organization\",\"name\":\"Secc Oil & Gas Ltd\",\"url\":\"https:\/\/secc-oilandgas.com\/es\/\",\"logo\":{\"@type\":\"ImageObject\",\"inLanguage\":\"es\",\"@id\":\"https:\/\/secc-oilandgas.com\/es\/#\/schema\/logo\/image\/\",\"url\":\"https:\/\/secc-oilandgas.com\/wp-content\/uploads\/2018\/03\/SECC_logo_CMYK-grey-2018-JPEG-BORDER.jpg\",\"contentUrl\":\"https:\/\/secc-oilandgas.com\/wp-content\/uploads\/2018\/03\/SECC_logo_CMYK-grey-2018-JPEG-BORDER.jpg\",\"width\":1735,\"height\":1108,\"caption\":\"Secc Oil & Gas Ltd\"},\"image\":{\"@id\":\"https:\/\/secc-oilandgas.com\/es\/#\/schema\/logo\/image\/\"},\"sameAs\":[\"http:\/\/www.facebook.com\/seccoilgas\/\",\"https:\/\/x.com\/seccoilandgas\",\"https:\/\/www.linkedin.com\/company\/secc-oilandgas\/\"]}]}<\/script>\n<!-- \/ Yoast SEO plugin. -->","yoast_head_json":{"title":"T\u00e9rminos y condiciones &#8226; Secc Oil &amp; Gas Ltd","robots":{"index":"index","follow":"follow","max-snippet":"max-snippet:-1","max-image-preview":"max-image-preview:large","max-video-preview":"max-video-preview:-1"},"canonical":"https:\/\/secc-oilandgas.com\/es\/terminos-y-condiciones\/","og_locale":"es_ES","og_type":"article","og_title":"T\u00e9rminos y condiciones &#8226; Secc Oil &amp; Gas Ltd","og_description":"T\u00e9rminos y condiciones de uso del sitio web Bienvenido al sitio web de Secc. Al acceder y utilizar este sitio web, usted acepta cumplir y","og_url":"https:\/\/secc-oilandgas.com\/es\/terminos-y-condiciones\/","og_site_name":"Secc Oil &amp; Gas Ltd","article_publisher":"http:\/\/www.facebook.com\/seccoilgas\/","article_modified_time":"2025-05-21T10:53:36+00:00","twitter_card":"summary_large_image","twitter_site":"@seccoilandgas","twitter_misc":{"Est. reading time":"2 minutes"},"schema":{"@context":"https:\/\/schema.org","@graph":[{"@type":"WebPage","@id":"https:\/\/secc-oilandgas.com\/es\/terminos-y-condiciones\/","url":"https:\/\/secc-oilandgas.com\/es\/terminos-y-condiciones\/","name":"T\u00e9rminos y condiciones &#8226; Secc Oil &amp; Gas Ltd","isPartOf":{"@id":"https:\/\/secc-oilandgas.com\/es\/#website"},"datePublished":"2015-07-27T07:15:22+00:00","dateModified":"2025-05-21T10:53:36+00:00","breadcrumb":{"@id":"https:\/\/secc-oilandgas.com\/es\/terminos-y-condiciones\/#breadcrumb"},"inLanguage":"es","potentialAction":[{"@type":"ReadAction","target":["https:\/\/secc-oilandgas.com\/es\/terminos-y-condiciones\/"]}]},{"@type":"BreadcrumbList","@id":"https:\/\/secc-oilandgas.com\/es\/terminos-y-condiciones\/#breadcrumb","itemListElement":[{"@type":"ListItem","position":1,"name":"Home","item":"https:\/\/secc-oilandgas.com\/es\/"},{"@type":"ListItem","position":2,"name":"T\u00e9rminos y condiciones"}]},{"@type":"WebSite","@id":"https:\/\/secc-oilandgas.com\/es\/#website","url":"https:\/\/secc-oilandgas.com\/es\/","name":"Secc Oil &amp; Gas Ltd","description":"","publisher":{"@id":"https:\/\/secc-oilandgas.com\/es\/#organization"},"potentialAction":[{"@type":"SearchAction","target":{"@type":"EntryPoint","urlTemplate":"https:\/\/secc-oilandgas.com\/es\/?s={search_term_string}"},"query-input":{"@type":"PropertyValueSpecification","valueRequired":true,"valueName":"search_term_string"}}],"inLanguage":"es"},{"@type":"Organization","@id":"https:\/\/secc-oilandgas.com\/es\/#organization","name":"Secc Oil & Gas Ltd","url":"https:\/\/secc-oilandgas.com\/es\/","logo":{"@type":"ImageObject","inLanguage":"es","@id":"https:\/\/secc-oilandgas.com\/es\/#\/schema\/logo\/image\/","url":"https:\/\/secc-oilandgas.com\/wp-content\/uploads\/2018\/03\/SECC_logo_CMYK-grey-2018-JPEG-BORDER.jpg","contentUrl":"https:\/\/secc-oilandgas.com\/wp-content\/uploads\/2018\/03\/SECC_logo_CMYK-grey-2018-JPEG-BORDER.jpg","width":1735,"height":1108,"caption":"Secc Oil & Gas Ltd"},"image":{"@id":"https:\/\/secc-oilandgas.com\/es\/#\/schema\/logo\/image\/"},"sameAs":["http:\/\/www.facebook.com\/seccoilgas\/","https:\/\/x.com\/seccoilandgas","https:\/\/www.linkedin.com\/company\/secc-oilandgas\/"]}]}},"uagb_featured_image_src":{"full":false,"thumbnail":false,"medium":false,"medium_large":false,"large":false,"1536x1536":false,"2048x2048":false,"post-thumbnail":false,"gallery-img":false},"uagb_author_info":{"display_name":"Seb Atkinson","author_link":"https:\/\/secc-oilandgas.com\/es\/author\/sebatkinson\/"},"uagb_comment_info":0,"uagb_excerpt":"T\u00e9rminos y condiciones de uso del sitio web Bienvenido al sitio web de Secc. Al acceder y utilizar este sitio web, usted acepta cumplir y","_links":{"self":[{"href":"https:\/\/secc-oilandgas.com\/es\/wp-json\/wp\/v2\/pages\/3578","targetHints":{"allow":["GET"]}}],"collection":[{"href":"https:\/\/secc-oilandgas.com\/es\/wp-json\/wp\/v2\/pages"}],"about":[{"href":"https:\/\/secc-oilandgas.com\/es\/wp-json\/wp\/v2\/types\/page"}],"author":[{"embeddable":true,"href":"https:\/\/secc-oilandgas.com\/es\/wp-json\/wp\/v2\/users\/9"}],"replies":[{"embeddable":true,"href":"https:\/\/secc-oilandgas.com\/es\/wp-json\/wp\/v2\/comments?post=3578"}],"version-history":[{"count":3,"href":"https:\/\/secc-oilandgas.com\/es\/wp-json\/wp\/v2\/pages\/3578\/revisions"}],"predecessor-version":[{"id":3674,"href":"https:\/\/secc-oilandgas.com\/es\/wp-json\/wp\/v2\/pages\/3578\/revisions\/3674"}],"wp:attachment":[{"href":"https:\/\/secc-oilandgas.com\/es\/wp-json\/wp\/v2\/media?parent=3578"}],"curies":[{"name":"wp","href":"https:\/\/api.w.org\/{rel}","templated":true}]}}