{"id":3583,"date":"2015-07-27T08:15:42","date_gmt":"2015-07-27T07:15:42","guid":{"rendered":"https:\/\/secc-oilandgas.com\/?page_id=3583"},"modified":"2025-05-13T10:00:50","modified_gmt":"2025-05-13T09:00:50","slug":"politica-de-privacidad","status":"publish","type":"page","link":"https:\/\/secc-oilandgas.com\/es\/politica-de-privacidad\/","title":{"rendered":"Pol\u00edtica de privacidad"},"content":{"rendered":"\n<p>Esta pol\u00edtica de privacidad establece c\u00f3mo SECC Oil and Gas utiliza y protege la informaci\u00f3n que usted proporciona a BSECC Oil and Gas al utilizar este sitio web.<\/p>\n\n\n\n<p>SECC Oil and Gas se compromete a garantizar la protecci\u00f3n de su privacidad. Si le solicitamos informaci\u00f3n que le permita ser identificado al utilizar este sitio web, le garantizamos que solo se utilizar\u00e1 de acuerdo con esta pol\u00edtica de privacidad.<\/p>\n\n\n\n<p>SECC Oil and Gas puede modificar esta pol\u00edtica peri\u00f3dicamente actualizando esta p\u00e1gina. Le recomendamos consultar esta p\u00e1gina peri\u00f3dicamente para asegurarse de estar de acuerdo con los cambios. Esta pol\u00edtica entra en vigor el 22\/08\/15.<\/p>\n\n\n\n<h2 class=\"wp-block-heading\">Lo que recopilamos<\/h2>\n\n\n\n<p>Podemos recopilar la siguiente informaci\u00f3n:<\/p>\n\n\n\n<ul class=\"wp-block-list\">\n<li>Nombre y puesto de trabajo<\/li>\n\n\n\n<li>Informaci\u00f3n de contacto, incluida la direcci\u00f3n de correo electr\u00f3nico<\/li>\n\n\n\n<li>Informaci\u00f3n demogr\u00e1fica, como c\u00f3digo postal, preferencias e intereses<\/li>\n\n\n\n<li>Otra informaci\u00f3n relevante para encuestas y\/u ofertas de clientes<\/li>\n<\/ul>\n\n\n\n<h2 class=\"wp-block-heading\">Qu\u00e9 hacemos con la informaci\u00f3n que recopilamos<\/h2>\n\n\n\n<p>Necesitamos esta informaci\u00f3n para comprender sus necesidades y brindarle un mejor servicio, en particular por las siguientes razones:<\/p>\n\n\n\n<ul class=\"wp-block-list\">\n<li>Registro interno.<\/li>\n\n\n\n<li>Podemos utilizar la informaci\u00f3n para mejorar nuestros productos y servicios.<\/li>\n\n\n\n<li>Podemos enviarle peri\u00f3dicamente correos electr\u00f3nicos promocionales sobre nuevos productos, ofertas especiales u otra informaci\u00f3n que consideremos de su inter\u00e9s, utilizando la direcci\u00f3n de correo electr\u00f3nico que nos haya proporcionado.<\/li>\n\n\n\n<li>Ocasionalmente, tambi\u00e9n podemos utilizar su informaci\u00f3n para contactarle con fines de investigaci\u00f3n de mercado. Podemos contactarle por correo electr\u00f3nico, tel\u00e9fono, fax o correo postal.<\/li>\n\n\n\n<li>Podemos utilizar la informaci\u00f3n para personalizar el sitio web seg\u00fan sus intereses.<\/li>\n<\/ul>\n\n\n\n<h2 class=\"wp-block-heading\">Seguridad<\/h2>\n\n\n\n<p>Nos comprometemos a garantizar la seguridad de su informaci\u00f3n. Para evitar el acceso o la divulgaci\u00f3n no autorizados, hemos implementado procedimientos f\u00edsicos, electr\u00f3nicos y administrativos adecuados para salvaguardar y proteger la informaci\u00f3n que recopilamos en l\u00ednea.<\/p>\n\n\n\n<h2 class=\"wp-block-heading\">C\u00f3mo usamos las cookies<\/h2>\n\n\n\n<p>Una cookie es un peque\u00f1o archivo que solicita permiso para almacenarse en el disco duro de su ordenador. Una vez que usted acepta, el archivo se a\u00f1ade y la cookie ayuda a analizar el tr\u00e1fico web o le avisa cuando visita un sitio web en particular. Las cookies permiten que las aplicaciones web le respondan individualmente. La aplicaci\u00f3n web puede adaptar sus operaciones a sus necesidades, gustos y preferencias recopilando y recordando informaci\u00f3n sobre sus preferencias.<\/p>\n\n\n\n<p>Utilizamos cookies de registro de tr\u00e1fico para identificar qu\u00e9 p\u00e1ginas se est\u00e1n utilizando. Esto nos ayuda a analizar datos sobre el tr\u00e1fico web y a mejorar nuestro sitio web para adaptarlo a las necesidades de los clientes. Solo utilizamos esta informaci\u00f3n con fines de an\u00e1lisis estad\u00edstico y posteriormente los datos se eliminan del sistema.<\/p>\n\n\n\n<p>En general, las cookies nos ayudan a ofrecerle un mejor sitio web, permiti\u00e9ndonos controlar qu\u00e9 p\u00e1ginas le resultan \u00fatiles y cu\u00e1les no. Una cookie no nos da acceso a su ordenador ni a ninguna informaci\u00f3n sobre usted, salvo los datos que usted decide compartir con nosotros.<\/p>\n\n\n\n<p>Puede aceptar o rechazar las cookies. La mayor\u00eda de los navegadores web aceptan cookies autom\u00e1ticamente, pero normalmente puede modificar la configuraci\u00f3n de su navegador para rechazarlas si lo prefiere. Esto podr\u00eda impedirle aprovechar al m\u00e1ximo el sitio web.<\/p>\n\n\n\n<h2 class=\"wp-block-heading\">Enlaces a otros sitios web<\/h2>\n\n\n\n<p>Nuestro sitio web puede contener enlaces que le permiten visitar f\u00e1cilmente otros sitios web de inter\u00e9s. Sin embargo, una vez que utilice estos enlaces para abandonar nuestro sitio, tenga en cuenta que no tenemos control sobre ese otro sitio web. Por lo tanto, no nos responsabilizamos de la protecci\u00f3n y privacidad de la informaci\u00f3n que proporcione al visitar dichos sitios, que no se rigen por esta pol\u00edtica de privacidad. Le recomendamos tener cuidado y consultar la pol\u00edtica de privacidad aplicable al sitio web en cuesti\u00f3n.<\/p>\n\n\n\n<h2 class=\"wp-block-heading\">Control de su informaci\u00f3n personal<\/h2>\n\n\n\n<p>Puede optar por restringir la recopilaci\u00f3n o el uso de su informaci\u00f3n personal de las siguientes maneras:<\/p>\n\n\n\n<p>Siempre que se le solicite que rellene un formulario en el sitio web, busque la casilla que puede marcar para indicar que no desea que la informaci\u00f3n sea utilizada con fines de marketing directo.<br>Si previamente ha aceptado que utilicemos su informaci\u00f3n personal con fines de marketing directo, puede cambiar de opini\u00f3n en cualquier momento escribi\u00e9ndonos o envi\u00e1ndonos un correo electr\u00f3nico a sales@secc-oilandgas.com.<\/p>\n\n\n\n<p>No venderemos, distribuiremos ni cederemos su informaci\u00f3n personal a terceros a menos que contemos con su permiso o estemos obligados por ley a hacerlo. Podemos utilizar su informaci\u00f3n personal para enviarle informaci\u00f3n promocional sobre terceros que consideremos que pueda ser de su inter\u00e9s si nos lo indica.<\/p>\n\n\n\n<p>Puede solicitar detalles de la informaci\u00f3n personal que conservamos sobre usted en virtud de la Ley de Protecci\u00f3n de Datos de 1998. Se aplicar\u00e1 una peque\u00f1a tarifa. Si desea una copia de la informaci\u00f3n que conservamos sobre usted, escriba a Swan House, Kimpton Drive, Wincham, Northwich, Cheshire. CW9 6GG.<\/p>\n\n\n\n<p>Si considera que alguna informaci\u00f3n suya que tenemos es incorrecta o est\u00e1 incompleta, escr\u00edbanos o env\u00edenos un correo electr\u00f3nico lo antes posible a la direcci\u00f3n indicada anteriormente. Corregiremos de inmediato cualquier informaci\u00f3n incorrecta.<\/p>\n","protected":false},"excerpt":{"rendered":"<p>Esta pol\u00edtica de privacidad establece c\u00f3mo SECC Oil and Gas utiliza y protege la informaci\u00f3n que usted proporciona a BSECC Oil and Gas al utilizar <\/p>\n<a href=\"https:\/\/secc-oilandgas.com\/es\/politica-de-privacidad\/\" class=\"readmore\">Read More<\/a>","protected":false},"author":9,"featured_media":0,"parent":0,"menu_order":999,"comment_status":"closed","ping_status":"closed","template":"","meta":{"_acf_changed":false,"inline_featured_image":false,"_uag_custom_page_level_css":"","footnotes":""},"class_list":["post-3583","page","type-page","status-publish","hentry"],"acf":[],"yoast_head":"<!-- This site is optimized with the Yoast SEO plugin v26.0 - https:\/\/yoast.com\/wordpress\/plugins\/seo\/ -->\n<title>Pol\u00edtica de privacidad &#8226; Secc Oil &amp; Gas Ltd<\/title>\n<meta name=\"robots\" content=\"index, follow, max-snippet:-1, max-image-preview:large, max-video-preview:-1\" \/>\n<link rel=\"canonical\" href=\"https:\/\/secc-oilandgas.com\/es\/politica-de-privacidad\/\" \/>\n<meta property=\"og:locale\" content=\"es_ES\" \/>\n<meta property=\"og:type\" content=\"article\" \/>\n<meta property=\"og:title\" content=\"Pol\u00edtica de privacidad &#8226; Secc Oil &amp; Gas Ltd\" \/>\n<meta property=\"og:description\" content=\"Esta pol\u00edtica de privacidad establece c\u00f3mo SECC Oil and Gas utiliza y protege la informaci\u00f3n que usted proporciona a BSECC Oil and Gas al utilizar\" \/>\n<meta property=\"og:url\" content=\"https:\/\/secc-oilandgas.com\/es\/politica-de-privacidad\/\" \/>\n<meta property=\"og:site_name\" content=\"Secc Oil &amp; Gas Ltd\" \/>\n<meta property=\"article:publisher\" content=\"http:\/\/www.facebook.com\/seccoilgas\/\" \/>\n<meta property=\"article:modified_time\" content=\"2025-05-13T09:00:50+00:00\" \/>\n<meta name=\"twitter:card\" content=\"summary_large_image\" \/>\n<meta name=\"twitter:site\" content=\"@seccoilandgas\" \/>\n<meta name=\"twitter:label1\" content=\"Est. reading time\" \/>\n\t<meta name=\"twitter:data1\" content=\"4 minutes\" \/>\n<script type=\"application\/ld+json\" class=\"yoast-schema-graph\">{\"@context\":\"https:\/\/schema.org\",\"@graph\":[{\"@type\":\"WebPage\",\"@id\":\"https:\/\/secc-oilandgas.com\/es\/politica-de-privacidad\/\",\"url\":\"https:\/\/secc-oilandgas.com\/es\/politica-de-privacidad\/\",\"name\":\"Pol\u00edtica de privacidad &#8226; Secc Oil &amp; Gas Ltd\",\"isPartOf\":{\"@id\":\"https:\/\/secc-oilandgas.com\/es\/#website\"},\"datePublished\":\"2015-07-27T07:15:42+00:00\",\"dateModified\":\"2025-05-13T09:00:50+00:00\",\"breadcrumb\":{\"@id\":\"https:\/\/secc-oilandgas.com\/es\/politica-de-privacidad\/#breadcrumb\"},\"inLanguage\":\"es\",\"potentialAction\":[{\"@type\":\"ReadAction\",\"target\":[\"https:\/\/secc-oilandgas.com\/es\/politica-de-privacidad\/\"]}]},{\"@type\":\"BreadcrumbList\",\"@id\":\"https:\/\/secc-oilandgas.com\/es\/politica-de-privacidad\/#breadcrumb\",\"itemListElement\":[{\"@type\":\"ListItem\",\"position\":1,\"name\":\"Home\",\"item\":\"https:\/\/secc-oilandgas.com\/es\/\"},{\"@type\":\"ListItem\",\"position\":2,\"name\":\"Pol\u00edtica de privacidad\"}]},{\"@type\":\"WebSite\",\"@id\":\"https:\/\/secc-oilandgas.com\/es\/#website\",\"url\":\"https:\/\/secc-oilandgas.com\/es\/\",\"name\":\"Secc Oil &amp; Gas Ltd\",\"description\":\"\",\"publisher\":{\"@id\":\"https:\/\/secc-oilandgas.com\/es\/#organization\"},\"potentialAction\":[{\"@type\":\"SearchAction\",\"target\":{\"@type\":\"EntryPoint\",\"urlTemplate\":\"https:\/\/secc-oilandgas.com\/es\/?s={search_term_string}\"},\"query-input\":{\"@type\":\"PropertyValueSpecification\",\"valueRequired\":true,\"valueName\":\"search_term_string\"}}],\"inLanguage\":\"es\"},{\"@type\":\"Organization\",\"@id\":\"https:\/\/secc-oilandgas.com\/es\/#organization\",\"name\":\"Secc Oil & Gas Ltd\",\"url\":\"https:\/\/secc-oilandgas.com\/es\/\",\"logo\":{\"@type\":\"ImageObject\",\"inLanguage\":\"es\",\"@id\":\"https:\/\/secc-oilandgas.com\/es\/#\/schema\/logo\/image\/\",\"url\":\"https:\/\/secc-oilandgas.com\/wp-content\/uploads\/2018\/03\/SECC_logo_CMYK-grey-2018-JPEG-BORDER.jpg\",\"contentUrl\":\"https:\/\/secc-oilandgas.com\/wp-content\/uploads\/2018\/03\/SECC_logo_CMYK-grey-2018-JPEG-BORDER.jpg\",\"width\":1735,\"height\":1108,\"caption\":\"Secc Oil & Gas Ltd\"},\"image\":{\"@id\":\"https:\/\/secc-oilandgas.com\/es\/#\/schema\/logo\/image\/\"},\"sameAs\":[\"http:\/\/www.facebook.com\/seccoilgas\/\",\"https:\/\/x.com\/seccoilandgas\",\"https:\/\/www.linkedin.com\/company\/secc-oilandgas\/\"]}]}<\/script>\n<!-- \/ Yoast SEO plugin. -->","yoast_head_json":{"title":"Pol\u00edtica de privacidad &#8226; Secc Oil &amp; Gas Ltd","robots":{"index":"index","follow":"follow","max-snippet":"max-snippet:-1","max-image-preview":"max-image-preview:large","max-video-preview":"max-video-preview:-1"},"canonical":"https:\/\/secc-oilandgas.com\/es\/politica-de-privacidad\/","og_locale":"es_ES","og_type":"article","og_title":"Pol\u00edtica de privacidad &#8226; Secc Oil &amp; Gas Ltd","og_description":"Esta pol\u00edtica de privacidad establece c\u00f3mo SECC Oil and Gas utiliza y protege la informaci\u00f3n que usted proporciona a BSECC Oil and Gas al utilizar","og_url":"https:\/\/secc-oilandgas.com\/es\/politica-de-privacidad\/","og_site_name":"Secc Oil &amp; Gas Ltd","article_publisher":"http:\/\/www.facebook.com\/seccoilgas\/","article_modified_time":"2025-05-13T09:00:50+00:00","twitter_card":"summary_large_image","twitter_site":"@seccoilandgas","twitter_misc":{"Est. reading time":"4 minutes"},"schema":{"@context":"https:\/\/schema.org","@graph":[{"@type":"WebPage","@id":"https:\/\/secc-oilandgas.com\/es\/politica-de-privacidad\/","url":"https:\/\/secc-oilandgas.com\/es\/politica-de-privacidad\/","name":"Pol\u00edtica de privacidad &#8226; Secc Oil &amp; Gas Ltd","isPartOf":{"@id":"https:\/\/secc-oilandgas.com\/es\/#website"},"datePublished":"2015-07-27T07:15:42+00:00","dateModified":"2025-05-13T09:00:50+00:00","breadcrumb":{"@id":"https:\/\/secc-oilandgas.com\/es\/politica-de-privacidad\/#breadcrumb"},"inLanguage":"es","potentialAction":[{"@type":"ReadAction","target":["https:\/\/secc-oilandgas.com\/es\/politica-de-privacidad\/"]}]},{"@type":"BreadcrumbList","@id":"https:\/\/secc-oilandgas.com\/es\/politica-de-privacidad\/#breadcrumb","itemListElement":[{"@type":"ListItem","position":1,"name":"Home","item":"https:\/\/secc-oilandgas.com\/es\/"},{"@type":"ListItem","position":2,"name":"Pol\u00edtica de privacidad"}]},{"@type":"WebSite","@id":"https:\/\/secc-oilandgas.com\/es\/#website","url":"https:\/\/secc-oilandgas.com\/es\/","name":"Secc Oil &amp; Gas Ltd","description":"","publisher":{"@id":"https:\/\/secc-oilandgas.com\/es\/#organization"},"potentialAction":[{"@type":"SearchAction","target":{"@type":"EntryPoint","urlTemplate":"https:\/\/secc-oilandgas.com\/es\/?s={search_term_string}"},"query-input":{"@type":"PropertyValueSpecification","valueRequired":true,"valueName":"search_term_string"}}],"inLanguage":"es"},{"@type":"Organization","@id":"https:\/\/secc-oilandgas.com\/es\/#organization","name":"Secc Oil & Gas Ltd","url":"https:\/\/secc-oilandgas.com\/es\/","logo":{"@type":"ImageObject","inLanguage":"es","@id":"https:\/\/secc-oilandgas.com\/es\/#\/schema\/logo\/image\/","url":"https:\/\/secc-oilandgas.com\/wp-content\/uploads\/2018\/03\/SECC_logo_CMYK-grey-2018-JPEG-BORDER.jpg","contentUrl":"https:\/\/secc-oilandgas.com\/wp-content\/uploads\/2018\/03\/SECC_logo_CMYK-grey-2018-JPEG-BORDER.jpg","width":1735,"height":1108,"caption":"Secc Oil & Gas Ltd"},"image":{"@id":"https:\/\/secc-oilandgas.com\/es\/#\/schema\/logo\/image\/"},"sameAs":["http:\/\/www.facebook.com\/seccoilgas\/","https:\/\/x.com\/seccoilandgas","https:\/\/www.linkedin.com\/company\/secc-oilandgas\/"]}]}},"uagb_featured_image_src":{"full":false,"thumbnail":false,"medium":false,"medium_large":false,"large":false,"1536x1536":false,"2048x2048":false,"post-thumbnail":false,"gallery-img":false},"uagb_author_info":{"display_name":"Seb Atkinson","author_link":"https:\/\/secc-oilandgas.com\/es\/author\/sebatkinson\/"},"uagb_comment_info":0,"uagb_excerpt":"Esta pol\u00edtica de privacidad establece c\u00f3mo SECC Oil and Gas utiliza y protege la informaci\u00f3n que usted proporciona a BSECC Oil and Gas al utilizar","_links":{"self":[{"href":"https:\/\/secc-oilandgas.com\/es\/wp-json\/wp\/v2\/pages\/3583","targetHints":{"allow":["GET"]}}],"collection":[{"href":"https:\/\/secc-oilandgas.com\/es\/wp-json\/wp\/v2\/pages"}],"about":[{"href":"https:\/\/secc-oilandgas.com\/es\/wp-json\/wp\/v2\/types\/page"}],"author":[{"embeddable":true,"href":"https:\/\/secc-oilandgas.com\/es\/wp-json\/wp\/v2\/users\/9"}],"replies":[{"embeddable":true,"href":"https:\/\/secc-oilandgas.com\/es\/wp-json\/wp\/v2\/comments?post=3583"}],"version-history":[{"count":2,"href":"https:\/\/secc-oilandgas.com\/es\/wp-json\/wp\/v2\/pages\/3583\/revisions"}],"predecessor-version":[{"id":3671,"href":"https:\/\/secc-oilandgas.com\/es\/wp-json\/wp\/v2\/pages\/3583\/revisions\/3671"}],"wp:attachment":[{"href":"https:\/\/secc-oilandgas.com\/es\/wp-json\/wp\/v2\/media?parent=3583"}],"curies":[{"name":"wp","href":"https:\/\/api.w.org\/{rel}","templated":true}]}}